{"id":641,"date":"2025-09-23T23:15:38","date_gmt":"2025-09-23T23:15:38","guid":{"rendered":"https:\/\/samhainlights.com.ar\/?post_type=product&#038;p=641"},"modified":"2025-09-23T23:28:06","modified_gmt":"2025-09-23T23:28:06","slug":"sesion-de-reiki","status":"publish","type":"product","link":"https:\/\/samhainlights.com.ar\/en\/product\/sesion-de-reiki\/","title":{"rendered":"Sesion de Reiki"},"content":{"rendered":"<p dir=\"ltr\" data-pm-slice=\"1 1 []\"><strong>Disponibilidad:<\/strong> Inmediata<\/p>\n<p dir=\"ltr\"><strong>Formato:<\/strong> Archivo en formato PDF.<\/p>\n<p dir=\"ltr\"><strong>Descripci\u00f3n:<\/strong> A trav\u00e9s de las p\u00e1ginas de &#8220;Mi sesi\u00f3n de Reiki&#8221; emprender\u00e1s un viaje de sanaci\u00f3n y equilibrio energ\u00e9tico.<\/p>\n<p dir=\"ltr\">Si sientes que necesitas armonizar tu cuerpo, mente y esp\u00edritu, y basicamente reducir la ansiedad y el stress, este material es para vos. Encontrar\u00e1s t\u00e9cnicas, meditaciones guiadas y consejos pr\u00e1cticos para realizar tu propia sesi\u00f3n de Reiki en la comodidad de tu hogar. Adem\u00e1s, con un solo click, podr\u00e1s solicitar de forma totalmente gratuita el acompa\u00f1amiento o intervenci\u00f3n de un facilitador de Reiki para personalizar tu experiencia, siempre coordinando la fecha. \u00a1As\u00ed es! <strong>Te guiar\u00e9 en este proceso de sanaci\u00f3n energ\u00e9tica de manera gratuita, coordinando el momento ideal para tu sesi\u00f3n.<\/strong><\/p>\n<p dir=\"ltr\">Una buena sesion de Reiki tiene una duracion de 30 a 45 minutos y siempre depende de cada persona y del tiempo que nos tome desbloquear y alinear cada uno de los 7 chakras, por lo que cada sesi\u00f3n es \u00fanica, y durante la misma, el facilitador Reiki puede recibir algun mensaje de tus guardianes (No siempre, pero puede ocurrir).<\/p>\n<p dir=\"ltr\">Desde la pandemia, y tambien por el encarecimiento de los costos en Argentina, muchos facilitadores hemos optado ante la escases de gabinetes de continuar con las sesiones a distancia. Tambien es una cuestion de cuidado propio y de seguridad, por lo que las sesiones presenciales, en mi caso, estan suspendidas hasta nuevo aviso.<\/p>","protected":false},"excerpt":{"rendered":"<p>From 30 to 45 minutes of connection with yourself and with the energy of the universe. Price is in AR$. You can buy it for 6 usd.<\/p>","protected":false},"featured_media":643,"comment_status":"open","ping_status":"closed","template":"","meta":{"_eb_attr":"","om_disable_all_campaigns":false,"_monsterinsights_skip_tracking":false,"_monsterinsights_sitenote_active":false,"_monsterinsights_sitenote_note":"","_monsterinsights_sitenote_category":0},"product_brand":[],"product_cat":[30],"product_tag":[48,39,43,44,35,47],"class_list":{"0":"post-641","1":"product","2":"type-product","3":"status-publish","4":"has-post-thumbnail","6":"product_cat-rituales","7":"product_tag-belleza","8":"product_tag-magia","9":"product_tag-proteccion","10":"product_tag-purificacion","11":"product_tag-ritual","12":"product_tag-wicca","14":"first","15":"instock","16":"sale","17":"virtual","18":"purchasable","19":"product-type-simple"},"aioseo_notices":[],"jetpack-related-posts":[{"id":10,"url":"https:\/\/samhainlights.com.ar\/en\/product\/ishtar\/","url_meta":{"origin":641,"position":0},"title":"Notes from a session with Ishtar","author":"samhainlights","date":"September 16, 2023","format":false,"excerpt":"From 30 to 45 minutes of connection with yourself and with the energy of the universe. Price is in AR$. You can buy it for 6 usd.","rel":"","context":"Similar post","block_context":{"text":"Similar post","link":""},"img":{"alt_text":"ritual-rituales-bruja-brujeria-magia-ba\u00f1os-poder-hechizos-proteccion-purificacion-abrecaminos-prosperidad-wicca-belleza","src":"https:\/\/i0.wp.com\/samhainlights.com.ar\/wp-content\/uploads\/2021\/03\/Ishtar.png?fit=675%2C1200&ssl=1&resize=350%2C200","width":350,"height":200,"srcset":"https:\/\/i0.wp.com\/samhainlights.com.ar\/wp-content\/uploads\/2021\/03\/Ishtar.png?fit=675%2C1200&ssl=1&resize=350%2C200 1x, https:\/\/i0.wp.com\/samhainlights.com.ar\/wp-content\/uploads\/2021\/03\/Ishtar.png?fit=675%2C1200&ssl=1&resize=525%2C300 1.5x"},"classes":[]},{"id":129,"url":"https:\/\/samhainlights.com.ar\/en\/product\/ritual-de-purificacion-3-en-1\/","url_meta":{"origin":641,"position":1},"title":"Purification Ritual 3 in 1","author":"samhainlights","date":"September 16, 2023","format":false,"excerpt":"If everything goes wrong and there are no logical explanations for so much bad luck, this ritual is for you. Price is in AR$. You can buy it for 10 usd.","rel":"","context":"Similar post","block_context":{"text":"Similar post","link":""},"img":{"alt_text":"ritual-rituales-bruja-brujeria-magia-ba\u00f1os-poder-hechizos-proteccion-purificacion-abrecaminos-prosperidad-wicca-belleza","src":"https:\/\/i0.wp.com\/samhainlights.com.ar\/wp-content\/uploads\/2023\/09\/Purificacion-3-en-1.png?fit=675%2C1200&ssl=1&resize=350%2C200","width":350,"height":200,"srcset":"https:\/\/i0.wp.com\/samhainlights.com.ar\/wp-content\/uploads\/2023\/09\/Purificacion-3-en-1.png?fit=675%2C1200&ssl=1&resize=350%2C200 1x, https:\/\/i0.wp.com\/samhainlights.com.ar\/wp-content\/uploads\/2023\/09\/Purificacion-3-en-1.png?fit=675%2C1200&ssl=1&resize=525%2C300 1.5x"},"classes":[]},{"id":474,"url":"https:\/\/samhainlights.com.ar\/en\/product\/amor-completo\/","url_meta":{"origin":641,"position":2},"title":"Full Love","author":"samhainlights","date":"September 16, 2023","format":false,"excerpt":"Text in PDF format that details the answer to the sentimental query you have made to the tarot. Shipped within 48 hours after purchase. Price is in AR$. You can buy it for 5 usd.","rel":"","context":"Similar post","block_context":{"text":"Similar post","link":""},"img":{"alt_text":"ritual-rituales-bruja-brujeria-magia-ba\u00f1os-poder-hechizos-proteccion-purificacion-abrecaminos-prosperidad-wicca-belleza-lecturas-tarot","src":"https:\/\/i0.wp.com\/samhainlights.com.ar\/wp-content\/uploads\/2021\/03\/Amor-Completo.png?fit=675%2C1200&ssl=1&resize=350%2C200","width":350,"height":200,"srcset":"https:\/\/i0.wp.com\/samhainlights.com.ar\/wp-content\/uploads\/2021\/03\/Amor-Completo.png?fit=675%2C1200&ssl=1&resize=350%2C200 1x, https:\/\/i0.wp.com\/samhainlights.com.ar\/wp-content\/uploads\/2021\/03\/Amor-Completo.png?fit=675%2C1200&ssl=1&resize=525%2C300 1.5x"},"classes":[]},{"id":476,"url":"https:\/\/samhainlights.com.ar\/en\/product\/decisiones-importantes\/","url_meta":{"origin":641,"position":3},"title":"Meaningful Desitions","author":"samhainlights","date":"September 16, 2023","format":false,"excerpt":"Text in PDF format that details the tarot response to an important situation in your life. Shipped within 48 hours after purchase. Price is in AR$. You can buy it for 4 usd.","rel":"","context":"Similar post","block_context":{"text":"Similar post","link":""},"img":{"alt_text":"ritual-rituales-bruja-brujeria-magia-ba\u00f1os-poder-hechizos-proteccion-purificacion-abrecaminos-prosperidad-wicca-belleza-lecturas-tarot","src":"https:\/\/i0.wp.com\/samhainlights.com.ar\/wp-content\/uploads\/2021\/03\/Decisiones-importantes.png?fit=675%2C1200&ssl=1&resize=350%2C200","width":350,"height":200,"srcset":"https:\/\/i0.wp.com\/samhainlights.com.ar\/wp-content\/uploads\/2021\/03\/Decisiones-importantes.png?fit=675%2C1200&ssl=1&resize=350%2C200 1x, https:\/\/i0.wp.com\/samhainlights.com.ar\/wp-content\/uploads\/2021\/03\/Decisiones-importantes.png?fit=675%2C1200&ssl=1&resize=525%2C300 1.5x"},"classes":[]},{"id":470,"url":"https:\/\/samhainlights.com.ar\/en\/product\/tres-preguntas-al-tarot\/","url_meta":{"origin":641,"position":4},"title":"Tarot 3 Questions","author":"samhainlights","date":"September 16, 2023","format":false,"excerpt":"Availability: 48 hours Format: File in PDF format. Detail: \"Three Questions\" is a text whose structure was designed to hug you in every line, on every page. Beyond its content, so you know that everything is going to be okay. It is a detailed report with three questions that may be\u2026","rel":"","context":"Similar post","block_context":{"text":"Similar post","link":""},"img":{"alt_text":"ritual-rituales-bruja-brujeria-magia-ba\u00f1os-poder-hechizos-proteccion-purificacion-abrecaminos-prosperidad-wicca-belleza-lecturas-tarot","src":"https:\/\/i0.wp.com\/samhainlights.com.ar\/wp-content\/uploads\/2021\/03\/3-preguntas.png?fit=675%2C1200&ssl=1&resize=350%2C200","width":350,"height":200,"srcset":"https:\/\/i0.wp.com\/samhainlights.com.ar\/wp-content\/uploads\/2021\/03\/3-preguntas.png?fit=675%2C1200&ssl=1&resize=350%2C200 1x, https:\/\/i0.wp.com\/samhainlights.com.ar\/wp-content\/uploads\/2021\/03\/3-preguntas.png?fit=675%2C1200&ssl=1&resize=525%2C300 1.5x"},"classes":[]}],"jetpack_sharing_enabled":true,"_links":{"self":[{"href":"https:\/\/samhainlights.com.ar\/en\/wp-json\/wp\/v2\/product\/641","targetHints":{"allow":["GET"]}}],"collection":[{"href":"https:\/\/samhainlights.com.ar\/en\/wp-json\/wp\/v2\/product"}],"about":[{"href":"https:\/\/samhainlights.com.ar\/en\/wp-json\/wp\/v2\/types\/product"}],"replies":[{"embeddable":true,"href":"https:\/\/samhainlights.com.ar\/en\/wp-json\/wp\/v2\/comments?post=641"}],"version-history":[{"count":3,"href":"https:\/\/samhainlights.com.ar\/en\/wp-json\/wp\/v2\/product\/641\/revisions"}],"predecessor-version":[{"id":646,"href":"https:\/\/samhainlights.com.ar\/en\/wp-json\/wp\/v2\/product\/641\/revisions\/646"}],"wp:featuredmedia":[{"embeddable":true,"href":"https:\/\/samhainlights.com.ar\/en\/wp-json\/wp\/v2\/media\/643"}],"wp:attachment":[{"href":"https:\/\/samhainlights.com.ar\/en\/wp-json\/wp\/v2\/media?parent=641"}],"wp:term":[{"taxonomy":"product_brand","embeddable":true,"href":"https:\/\/samhainlights.com.ar\/en\/wp-json\/wp\/v2\/product_brand?post=641"},{"taxonomy":"product_cat","embeddable":true,"href":"https:\/\/samhainlights.com.ar\/en\/wp-json\/wp\/v2\/product_cat?post=641"},{"taxonomy":"product_tag","embeddable":true,"href":"https:\/\/samhainlights.com.ar\/en\/wp-json\/wp\/v2\/product_tag?post=641"}],"curies":[{"name":"wp","href":"https:\/\/api.w.org\/{rel}","templated":true}]}}