{"id":470,"date":"2023-09-16T20:07:41","date_gmt":"2023-09-16T20:07:41","guid":{"rendered":"https:\/\/samhainlights.com.ar\/?post_type=product&#038;p=470"},"modified":"2025-09-23T22:35:01","modified_gmt":"2025-09-23T22:35:01","slug":"tres-preguntas-al-tarot","status":"publish","type":"product","link":"https:\/\/samhainlights.com.ar\/en\/product\/tres-preguntas-al-tarot\/","title":{"rendered":"Tarot 3 Questions"},"content":{"rendered":"<p><img data-recalc-dims=\"1\" fetchpriority=\"high\" decoding=\"async\" class=\"wp-image-453 alignleft\" src=\"https:\/\/i0.wp.com\/samhainlights.com.ar\/wp-content\/uploads\/2021\/03\/3-preguntas.png?resize=210373&amp;ssl=1\" alt=\"ritual-rituales-bruja-brujeria-magia-ba\u00f1os-poder-hechizos-proteccion-purificacion-abrecaminos-prosperidad-wicca-belleza-lecturas-tarot\" width=\"210\" height=\"373\" srcset=\"\" sizes=\"(max-width: 210px) 100vw, 210px\" data-srcset=\"\" \/><strong>A<\/strong><strong>vailability<\/strong>: 48 hs<\/p>\n<p><strong>For<\/strong><strong>mat<\/strong>: File in PDF format.<\/p>\n<p><strong>Detail<\/strong>:<\/p>\n<p>\u201cThree Questions\u201d is a text whose structure was designed to embrace you in every line, on every page.<\/p>\n<p>Beyond its content, so you know that everything is going to be okay.<\/p>\n<p>It is a detailed report with three questions that may or may not be related.<\/p>\n<p>Each text is unique and unrepeatable and is written exclusively for you!<\/p>\n<p>The minimum length is 2 to 3 pages, in which you will go through not only the answers, but also the advice of the Evolutive Tarot. Price is in AR$. You can buy it for 4 usd.<\/p>\n<p>&nbsp;<\/p>","protected":false},"excerpt":{"rendered":"<p>Disponibilidad: 48 hs Formato: Archivo en formato PDF. Detalle: &#8220;Tres Preguntas&#8221; es un texto cuya estructura fue pensada para abrazarte en cada linea, en cada p\u00e1gina. M\u00e1s all\u00e1 de su contenido, para que sepas que todo va \u00a0a estar bien. Es un informe detallado a tres preguntas que, pueden estar relacionadas o no. \u00a1Cada texto [&hellip;]<\/p>\n","protected":false},"featured_media":453,"comment_status":"open","ping_status":"closed","template":"","meta":{"_eb_attr":"","om_disable_all_campaigns":false,"_monsterinsights_skip_tracking":false,"_monsterinsights_sitenote_active":false,"_monsterinsights_sitenote_note":"","_monsterinsights_sitenote_category":0},"product_brand":[],"product_cat":[49],"product_tag":[],"class_list":{"0":"post-470","1":"product","2":"type-product","3":"status-publish","4":"has-post-thumbnail","6":"product_cat-tarot","8":"first","9":"instock","10":"virtual","11":"purchasable","12":"product-type-simple"},"aioseo_notices":[],"jetpack-related-posts":[{"id":474,"url":"https:\/\/samhainlights.com.ar\/en\/product\/amor-completo\/","url_meta":{"origin":470,"position":0},"title":"Full Love","author":"samhainlights","date":"September 16, 2023","format":false,"excerpt":"Text in PDF format that details the answer to the sentimental query you have made to the tarot. Shipped within 48 hours after purchase. Price is in AR$. You can buy it for 5 usd.","rel":"","context":"Similar post","block_context":{"text":"Similar post","link":""},"img":{"alt_text":"ritual-rituales-bruja-brujeria-magia-ba\u00f1os-poder-hechizos-proteccion-purificacion-abrecaminos-prosperidad-wicca-belleza-lecturas-tarot","src":"https:\/\/i0.wp.com\/samhainlights.com.ar\/wp-content\/uploads\/2021\/03\/Amor-Completo.png?fit=675%2C1200&ssl=1&resize=350%2C200","width":350,"height":200,"srcset":"https:\/\/i0.wp.com\/samhainlights.com.ar\/wp-content\/uploads\/2021\/03\/Amor-Completo.png?fit=675%2C1200&ssl=1&resize=350%2C200 1x, https:\/\/i0.wp.com\/samhainlights.com.ar\/wp-content\/uploads\/2021\/03\/Amor-Completo.png?fit=675%2C1200&ssl=1&resize=525%2C300 1.5x"},"classes":[]},{"id":476,"url":"https:\/\/samhainlights.com.ar\/en\/product\/decisiones-importantes\/","url_meta":{"origin":470,"position":1},"title":"Meaningful Desitions","author":"samhainlights","date":"September 16, 2023","format":false,"excerpt":"Text in PDF format that details the tarot response to an important situation in your life. Shipped within 48 hours after purchase. Price is in AR$. You can buy it for 4 usd.","rel":"","context":"Similar post","block_context":{"text":"Similar post","link":""},"img":{"alt_text":"ritual-rituales-bruja-brujeria-magia-ba\u00f1os-poder-hechizos-proteccion-purificacion-abrecaminos-prosperidad-wicca-belleza-lecturas-tarot","src":"https:\/\/i0.wp.com\/samhainlights.com.ar\/wp-content\/uploads\/2021\/03\/Decisiones-importantes.png?fit=675%2C1200&ssl=1&resize=350%2C200","width":350,"height":200,"srcset":"https:\/\/i0.wp.com\/samhainlights.com.ar\/wp-content\/uploads\/2021\/03\/Decisiones-importantes.png?fit=675%2C1200&ssl=1&resize=350%2C200 1x, https:\/\/i0.wp.com\/samhainlights.com.ar\/wp-content\/uploads\/2021\/03\/Decisiones-importantes.png?fit=675%2C1200&ssl=1&resize=525%2C300 1.5x"},"classes":[]},{"id":129,"url":"https:\/\/samhainlights.com.ar\/en\/product\/ritual-de-purificacion-3-en-1\/","url_meta":{"origin":470,"position":2},"title":"Purification Ritual 3 in 1","author":"samhainlights","date":"September 16, 2023","format":false,"excerpt":"If everything goes wrong and there are no logical explanations for so much bad luck, this ritual is for you. Price is in AR$. You can buy it for 10 usd.","rel":"","context":"Similar post","block_context":{"text":"Similar post","link":""},"img":{"alt_text":"ritual-rituales-bruja-brujeria-magia-ba\u00f1os-poder-hechizos-proteccion-purificacion-abrecaminos-prosperidad-wicca-belleza","src":"https:\/\/i0.wp.com\/samhainlights.com.ar\/wp-content\/uploads\/2023\/09\/Purificacion-3-en-1.png?fit=675%2C1200&ssl=1&resize=350%2C200","width":350,"height":200,"srcset":"https:\/\/i0.wp.com\/samhainlights.com.ar\/wp-content\/uploads\/2023\/09\/Purificacion-3-en-1.png?fit=675%2C1200&ssl=1&resize=350%2C200 1x, https:\/\/i0.wp.com\/samhainlights.com.ar\/wp-content\/uploads\/2023\/09\/Purificacion-3-en-1.png?fit=675%2C1200&ssl=1&resize=525%2C300 1.5x"},"classes":[]},{"id":641,"url":"https:\/\/samhainlights.com.ar\/en\/product\/sesion-de-reiki\/","url_meta":{"origin":470,"position":3},"title":"Sesion de Reiki","author":"samhainlights","date":"September 23, 2025","format":false,"excerpt":"From 30 to 45 minutes of connection with yourself and with the energy of the universe. Price is in AR$. You can buy it for 6 usd.","rel":"","context":"Similar post","block_context":{"text":"Similar post","link":""},"img":{"alt_text":"","src":"https:\/\/i0.wp.com\/samhainlights.com.ar\/wp-content\/uploads\/2025\/09\/Copia-de-Purificacion-3-en-1-1.jpg?fit=675%2C1200&ssl=1&resize=350%2C200","width":350,"height":200,"srcset":"https:\/\/i0.wp.com\/samhainlights.com.ar\/wp-content\/uploads\/2025\/09\/Copia-de-Purificacion-3-en-1-1.jpg?fit=675%2C1200&ssl=1&resize=350%2C200 1x, https:\/\/i0.wp.com\/samhainlights.com.ar\/wp-content\/uploads\/2025\/09\/Copia-de-Purificacion-3-en-1-1.jpg?fit=675%2C1200&ssl=1&resize=525%2C300 1.5x"},"classes":[]},{"id":10,"url":"https:\/\/samhainlights.com.ar\/en\/product\/ishtar\/","url_meta":{"origin":470,"position":4},"title":"Notes from a session with Ishtar","author":"samhainlights","date":"September 16, 2023","format":false,"excerpt":"From 30 to 45 minutes of connection with yourself and with the energy of the universe. Price is in AR$. You can buy it for 6 usd.","rel":"","context":"Similar post","block_context":{"text":"Similar post","link":""},"img":{"alt_text":"ritual-rituales-bruja-brujeria-magia-ba\u00f1os-poder-hechizos-proteccion-purificacion-abrecaminos-prosperidad-wicca-belleza","src":"https:\/\/i0.wp.com\/samhainlights.com.ar\/wp-content\/uploads\/2021\/03\/Ishtar.png?fit=675%2C1200&ssl=1&resize=350%2C200","width":350,"height":200,"srcset":"https:\/\/i0.wp.com\/samhainlights.com.ar\/wp-content\/uploads\/2021\/03\/Ishtar.png?fit=675%2C1200&ssl=1&resize=350%2C200 1x, https:\/\/i0.wp.com\/samhainlights.com.ar\/wp-content\/uploads\/2021\/03\/Ishtar.png?fit=675%2C1200&ssl=1&resize=525%2C300 1.5x"},"classes":[]}],"jetpack_sharing_enabled":true,"_links":{"self":[{"href":"https:\/\/samhainlights.com.ar\/en\/wp-json\/wp\/v2\/product\/470","targetHints":{"allow":["GET"]}}],"collection":[{"href":"https:\/\/samhainlights.com.ar\/en\/wp-json\/wp\/v2\/product"}],"about":[{"href":"https:\/\/samhainlights.com.ar\/en\/wp-json\/wp\/v2\/types\/product"}],"replies":[{"embeddable":true,"href":"https:\/\/samhainlights.com.ar\/en\/wp-json\/wp\/v2\/comments?post=470"}],"version-history":[{"count":2,"href":"https:\/\/samhainlights.com.ar\/en\/wp-json\/wp\/v2\/product\/470\/revisions"}],"predecessor-version":[{"id":472,"href":"https:\/\/samhainlights.com.ar\/en\/wp-json\/wp\/v2\/product\/470\/revisions\/472"}],"wp:featuredmedia":[{"embeddable":true,"href":"https:\/\/samhainlights.com.ar\/en\/wp-json\/wp\/v2\/media\/453"}],"wp:attachment":[{"href":"https:\/\/samhainlights.com.ar\/en\/wp-json\/wp\/v2\/media?parent=470"}],"wp:term":[{"taxonomy":"product_brand","embeddable":true,"href":"https:\/\/samhainlights.com.ar\/en\/wp-json\/wp\/v2\/product_brand?post=470"},{"taxonomy":"product_cat","embeddable":true,"href":"https:\/\/samhainlights.com.ar\/en\/wp-json\/wp\/v2\/product_cat?post=470"},{"taxonomy":"product_tag","embeddable":true,"href":"https:\/\/samhainlights.com.ar\/en\/wp-json\/wp\/v2\/product_tag?post=470"}],"curies":[{"name":"wp","href":"https:\/\/api.w.org\/{rel}","templated":true}]}}