{"id":10,"date":"2023-09-16T05:23:58","date_gmt":"2023-09-16T05:23:58","guid":{"rendered":"https:\/\/samhainlights.com.ar\/?post_type=product&#038;p=10"},"modified":"2025-09-23T22:42:40","modified_gmt":"2025-09-23T22:42:40","slug":"ishtar","status":"publish","type":"product","link":"https:\/\/samhainlights.com.ar\/en\/product\/ishtar\/","title":{"rendered":"Notes from a session with Ishtar"},"content":{"rendered":"<p><strong>Availability<\/strong>: Immediate<\/p>\n<p><strong>Format<\/strong>: File in PDF format.<\/p>\n<p class=\"translation-block\"><strong>Description<\/strong>: Through the pages of \u201cNotes from a session with Ishtar\u201d you will travel a path of self-exploration and enjoyment of your own body.<\/p>\n<p class=\"body\">Si sentis que tu vida amorosa o sexual necesita un cambio urgente, esto es para vos. Recetas, infusiones y meditaciones estar\u00e1n en la palma de tu mano. Podr\u00e1s realizar tu propio ritual de conexi\u00f3n en la comodidad de tu casa, y a un solo click de distancia, vas a poder solicitar de forma totalmente gratuita el asesoramiento o intervenci\u00f3n de Samhain Lights para tu sesi\u00f3n. Asi es! <strong>De forma gratuita hago el mismo ritual para vos, siempre coordinando la fecha!<\/strong><\/p>","protected":false},"excerpt":{"rendered":"<p>From 30 to 45 minutes of connection with yourself and with the energy of the universe. Price is in AR$. You can buy it for 6 usd.<\/p>","protected":false},"featured_media":450,"comment_status":"open","ping_status":"closed","template":"","meta":{"_eb_attr":"","om_disable_all_campaigns":false,"_monsterinsights_skip_tracking":false,"_monsterinsights_sitenote_active":false,"_monsterinsights_sitenote_note":"","_monsterinsights_sitenote_category":0},"product_brand":[],"product_cat":[30],"product_tag":[45,40,48,37,38,42,39,41,46,43,44,35,36,47],"class_list":{"0":"post-10","1":"product","2":"type-product","3":"status-publish","4":"has-post-thumbnail","6":"product_cat-rituales","7":"product_tag-abrecaminos","8":"product_tag-banos","9":"product_tag-belleza","10":"product_tag-bruja","11":"product_tag-brujeria","12":"product_tag-hechizos","13":"product_tag-magia","14":"product_tag-poder","15":"product_tag-prosperidad","16":"product_tag-proteccion","17":"product_tag-purificacion","18":"product_tag-ritual","19":"product_tag-rituales","20":"product_tag-wicca","22":"first","23":"instock","24":"sale","25":"virtual","26":"purchasable","27":"product-type-simple"},"aioseo_notices":[],"jetpack-related-posts":[{"id":641,"url":"https:\/\/samhainlights.com.ar\/en\/product\/sesion-de-reiki\/","url_meta":{"origin":10,"position":0},"title":"Sesion de Reiki","author":"samhainlights","date":"September 23, 2025","format":false,"excerpt":"From 30 to 45 minutes of connection with yourself and with the energy of the universe. Price is in AR$. You can buy it for 6 usd.","rel":"","context":"Similar post","block_context":{"text":"Similar post","link":""},"img":{"alt_text":"","src":"https:\/\/i0.wp.com\/samhainlights.com.ar\/wp-content\/uploads\/2025\/09\/Copia-de-Purificacion-3-en-1-1.jpg?fit=675%2C1200&ssl=1&resize=350%2C200","width":350,"height":200,"srcset":"https:\/\/i0.wp.com\/samhainlights.com.ar\/wp-content\/uploads\/2025\/09\/Copia-de-Purificacion-3-en-1-1.jpg?fit=675%2C1200&ssl=1&resize=350%2C200 1x, https:\/\/i0.wp.com\/samhainlights.com.ar\/wp-content\/uploads\/2025\/09\/Copia-de-Purificacion-3-en-1-1.jpg?fit=675%2C1200&ssl=1&resize=525%2C300 1.5x"},"classes":[]},{"id":129,"url":"https:\/\/samhainlights.com.ar\/en\/product\/ritual-de-purificacion-3-en-1\/","url_meta":{"origin":10,"position":1},"title":"Purification Ritual 3 in 1","author":"samhainlights","date":"September 16, 2023","format":false,"excerpt":"If everything goes wrong and there are no logical explanations for so much bad luck, this ritual is for you. Price is in AR$. You can buy it for 10 usd.","rel":"","context":"Similar post","block_context":{"text":"Similar post","link":""},"img":{"alt_text":"ritual-rituales-bruja-brujeria-magia-ba\u00f1os-poder-hechizos-proteccion-purificacion-abrecaminos-prosperidad-wicca-belleza","src":"https:\/\/i0.wp.com\/samhainlights.com.ar\/wp-content\/uploads\/2023\/09\/Purificacion-3-en-1.png?fit=675%2C1200&ssl=1&resize=350%2C200","width":350,"height":200,"srcset":"https:\/\/i0.wp.com\/samhainlights.com.ar\/wp-content\/uploads\/2023\/09\/Purificacion-3-en-1.png?fit=675%2C1200&ssl=1&resize=350%2C200 1x, https:\/\/i0.wp.com\/samhainlights.com.ar\/wp-content\/uploads\/2023\/09\/Purificacion-3-en-1.png?fit=675%2C1200&ssl=1&resize=525%2C300 1.5x"},"classes":[]},{"id":470,"url":"https:\/\/samhainlights.com.ar\/en\/product\/tres-preguntas-al-tarot\/","url_meta":{"origin":10,"position":2},"title":"Tarot 3 Questions","author":"samhainlights","date":"September 16, 2023","format":false,"excerpt":"Availability: 48 hours Format: File in PDF format. Detail: \"Three Questions\" is a text whose structure was designed to hug you in every line, on every page. Beyond its content, so you know that everything is going to be okay. It is a detailed report with three questions that may be\u2026","rel":"","context":"Similar post","block_context":{"text":"Similar post","link":""},"img":{"alt_text":"ritual-rituales-bruja-brujeria-magia-ba\u00f1os-poder-hechizos-proteccion-purificacion-abrecaminos-prosperidad-wicca-belleza-lecturas-tarot","src":"https:\/\/i0.wp.com\/samhainlights.com.ar\/wp-content\/uploads\/2021\/03\/3-preguntas.png?fit=675%2C1200&ssl=1&resize=350%2C200","width":350,"height":200,"srcset":"https:\/\/i0.wp.com\/samhainlights.com.ar\/wp-content\/uploads\/2021\/03\/3-preguntas.png?fit=675%2C1200&ssl=1&resize=350%2C200 1x, https:\/\/i0.wp.com\/samhainlights.com.ar\/wp-content\/uploads\/2021\/03\/3-preguntas.png?fit=675%2C1200&ssl=1&resize=525%2C300 1.5x"},"classes":[]},{"id":474,"url":"https:\/\/samhainlights.com.ar\/en\/product\/amor-completo\/","url_meta":{"origin":10,"position":3},"title":"Full Love","author":"samhainlights","date":"September 16, 2023","format":false,"excerpt":"Text in PDF format that details the answer to the sentimental query you have made to the tarot. Shipped within 48 hours after purchase. Price is in AR$. You can buy it for 5 usd.","rel":"","context":"Similar post","block_context":{"text":"Similar post","link":""},"img":{"alt_text":"ritual-rituales-bruja-brujeria-magia-ba\u00f1os-poder-hechizos-proteccion-purificacion-abrecaminos-prosperidad-wicca-belleza-lecturas-tarot","src":"https:\/\/i0.wp.com\/samhainlights.com.ar\/wp-content\/uploads\/2021\/03\/Amor-Completo.png?fit=675%2C1200&ssl=1&resize=350%2C200","width":350,"height":200,"srcset":"https:\/\/i0.wp.com\/samhainlights.com.ar\/wp-content\/uploads\/2021\/03\/Amor-Completo.png?fit=675%2C1200&ssl=1&resize=350%2C200 1x, https:\/\/i0.wp.com\/samhainlights.com.ar\/wp-content\/uploads\/2021\/03\/Amor-Completo.png?fit=675%2C1200&ssl=1&resize=525%2C300 1.5x"},"classes":[]},{"id":476,"url":"https:\/\/samhainlights.com.ar\/en\/product\/decisiones-importantes\/","url_meta":{"origin":10,"position":4},"title":"Meaningful Desitions","author":"samhainlights","date":"September 16, 2023","format":false,"excerpt":"Text in PDF format that details the tarot response to an important situation in your life. Shipped within 48 hours after purchase. Price is in AR$. You can buy it for 4 usd.","rel":"","context":"Similar post","block_context":{"text":"Similar post","link":""},"img":{"alt_text":"ritual-rituales-bruja-brujeria-magia-ba\u00f1os-poder-hechizos-proteccion-purificacion-abrecaminos-prosperidad-wicca-belleza-lecturas-tarot","src":"https:\/\/i0.wp.com\/samhainlights.com.ar\/wp-content\/uploads\/2021\/03\/Decisiones-importantes.png?fit=675%2C1200&ssl=1&resize=350%2C200","width":350,"height":200,"srcset":"https:\/\/i0.wp.com\/samhainlights.com.ar\/wp-content\/uploads\/2021\/03\/Decisiones-importantes.png?fit=675%2C1200&ssl=1&resize=350%2C200 1x, https:\/\/i0.wp.com\/samhainlights.com.ar\/wp-content\/uploads\/2021\/03\/Decisiones-importantes.png?fit=675%2C1200&ssl=1&resize=525%2C300 1.5x"},"classes":[]}],"jetpack_sharing_enabled":true,"_links":{"self":[{"href":"https:\/\/samhainlights.com.ar\/en\/wp-json\/wp\/v2\/product\/10","targetHints":{"allow":["GET"]}}],"collection":[{"href":"https:\/\/samhainlights.com.ar\/en\/wp-json\/wp\/v2\/product"}],"about":[{"href":"https:\/\/samhainlights.com.ar\/en\/wp-json\/wp\/v2\/types\/product"}],"replies":[{"embeddable":true,"href":"https:\/\/samhainlights.com.ar\/en\/wp-json\/wp\/v2\/comments?post=10"}],"version-history":[{"count":5,"href":"https:\/\/samhainlights.com.ar\/en\/wp-json\/wp\/v2\/product\/10\/revisions"}],"predecessor-version":[{"id":640,"href":"https:\/\/samhainlights.com.ar\/en\/wp-json\/wp\/v2\/product\/10\/revisions\/640"}],"wp:featuredmedia":[{"embeddable":true,"href":"https:\/\/samhainlights.com.ar\/en\/wp-json\/wp\/v2\/media\/450"}],"wp:attachment":[{"href":"https:\/\/samhainlights.com.ar\/en\/wp-json\/wp\/v2\/media?parent=10"}],"wp:term":[{"taxonomy":"product_brand","embeddable":true,"href":"https:\/\/samhainlights.com.ar\/en\/wp-json\/wp\/v2\/product_brand?post=10"},{"taxonomy":"product_cat","embeddable":true,"href":"https:\/\/samhainlights.com.ar\/en\/wp-json\/wp\/v2\/product_cat?post=10"},{"taxonomy":"product_tag","embeddable":true,"href":"https:\/\/samhainlights.com.ar\/en\/wp-json\/wp\/v2\/product_tag?post=10"}],"curies":[{"name":"wp","href":"https:\/\/api.w.org\/{rel}","templated":true}]}}