{"id":8,"date":"2021-03-10T18:26:25","date_gmt":"2021-03-10T18:26:25","guid":{"rendered":"https:\/\/samhainlights.com.ar\/mi-cuenta\/"},"modified":"2023-09-10T01:07:49","modified_gmt":"2023-09-10T01:07:49","slug":"mi-cuenta","status":"publish","type":"page","link":"https:\/\/samhainlights.com.ar\/en\/mi-cuenta\/","title":{"rendered":"My account"},"content":{"rendered":"<div class=\"woocommerce\"><\/div>","protected":false},"excerpt":{"rendered":"","protected":false},"author":1,"featured_media":0,"parent":0,"menu_order":0,"comment_status":"closed","ping_status":"closed","template":"","meta":{"_eb_attr":"","om_disable_all_campaigns":false,"_monsterinsights_skip_tracking":false,"_monsterinsights_sitenote_active":false,"_monsterinsights_sitenote_note":"","_monsterinsights_sitenote_category":0,"footnotes":""},"class_list":["post-8","page","type-page","status-publish","hentry"],"aioseo_notices":[],"jetpack-related-posts":[{"id":489,"url":"https:\/\/samhainlights.com.ar\/en\/terminos-y-condiciones\/","url_meta":{"origin":8,"position":0},"title":"Terms and Conditions","author":"samhainlights","date":"September 16, 2023","format":false,"excerpt":"Alcance Los presentes\u00a0T\u00e9rminos y Condiciones son aplicables a los activos digitales y a otros productos y servicios relacionados que se ofrecen y\/o se ofrecer\u00e1n en www.SamhainLighs.com.ar (en adelante \"el sitio\")El registro y uso del sitio\u00a0 por parte de un usuario (en adelante el\/los \u201cUsuario\/s\u201d) indica la aceptaci\u00f3n absoluta de los\u2026","rel":"","context":"Similar post","block_context":{"text":"Similar post","link":""},"img":{"alt_text":"","src":"","width":0,"height":0},"classes":[]},{"id":115,"url":"https:\/\/samhainlights.com.ar\/en\/hechizos\/de-proteccion\/","url_meta":{"origin":8,"position":1},"title":"Protection Spells","author":"samhainlights","date":"March 15, 2021","format":false,"excerpt":"En esta secci\u00f3n vas a encontrar hechizos sencillos para protecci\u00f3n, muchos de ellos van a incluir pociones o mix de hierbas. Este hechizo empez\u00f3 a moverse m\u00e1s con la serie de Sabrina y con ello empez\u00f3 el copy paste por todos lados. Pero aca te cuento lo que ten\u00e9s que\u2026","rel":"","context":"Similar post","block_context":{"text":"Similar post","link":""},"img":{"alt_text":"","src":"https:\/\/i0.wp.com\/samhainlights.com.ar\/wp-content\/uploads\/2021\/03\/photo_2021-03-07_08-37-38.jpg?resize=350%2C200&ssl=1","width":350,"height":200,"srcset":"https:\/\/i0.wp.com\/samhainlights.com.ar\/wp-content\/uploads\/2021\/03\/photo_2021-03-07_08-37-38.jpg?resize=350%2C200&ssl=1 1x, https:\/\/i0.wp.com\/samhainlights.com.ar\/wp-content\/uploads\/2021\/03\/photo_2021-03-07_08-37-38.jpg?resize=525%2C300&ssl=1 1.5x, https:\/\/i0.wp.com\/samhainlights.com.ar\/wp-content\/uploads\/2021\/03\/photo_2021-03-07_08-37-38.jpg?resize=700%2C400&ssl=1 2x, https:\/\/i0.wp.com\/samhainlights.com.ar\/wp-content\/uploads\/2021\/03\/photo_2021-03-07_08-37-38.jpg?resize=1050%2C600&ssl=1 3x"},"classes":[]},{"id":3,"url":"https:\/\/samhainlights.com.ar\/en\/privacy-policy\/","url_meta":{"origin":8,"position":2},"title":"Privacy Policy &amp; Cookies Policy","author":"samhainlights","date":"March 10, 2021","format":false,"excerpt":"Quienes Somos Nuestra direccion web es: https:\/\/samhainlights.com.ar. Comentarios Cuando los visitantes dejan comentarios en nuestra web, si el apartado est\u00e1 habilitado, recolectamos los datos mostrados en el formulario, como tambien, como as\u00ed tambien la direccion de IP del visitante, el navegador para ayudar en la detecci\u00f3n del spam. Media Si\u2026","rel":"","context":"Similar post","block_context":{"text":"Similar post","link":""},"img":{"alt_text":"","src":"","width":0,"height":0},"classes":[]},{"id":631,"url":"https:\/\/samhainlights.com.ar\/en\/wicca\/herramientas-magicas\/herramientas-secundarias\/","url_meta":{"origin":8,"position":3},"title":"Secondary Tools","author":"samhainlights","date":"March 10, 2024","format":false,"excerpt":"Como ya adelant\u00e9 cuando habl\u00e9 sobre las herramientas principales, las herramientas secundarias tienen tambien una importancia central en nuestras practicas m\u00e1gicas.Dentro de esta categorizaci\u00f3n vamos a encontrar las cuerdas, el inciensario, nuestro bowl de agua y de sal, las velas del altar, piedras, hierbas, el bolline (cuchillo de mango blanco),\u2026","rel":"","context":"Similar post","block_context":{"text":"Similar post","link":""},"img":{"alt_text":"","src":"","width":0,"height":0},"classes":[]},{"id":391,"url":"https:\/\/samhainlights.com.ar\/en\/hechizos\/de-proteccion\/hechizo-de-proteccion-en-latin\/","url_meta":{"origin":8,"position":4},"title":"Latin Protection Spell","author":"samhainlights","date":"September 10, 2023","format":false,"excerpt":"Este hechizo empez\u00f3 a moverse mas con la serie de Sabrina y con ello empez\u00f3 el copy paste por todos lados. Pero aca te cuento lo que ten\u00e9s que saber.\ud83d\udccd No es necesario hacerlo a la luz de la luna llena. Es un hechizo de protecci\u00f3n que se usa para\u2026","rel":"","context":"Similar post","block_context":{"text":"Similar post","link":""},"img":{"alt_text":"","src":"https:\/\/i0.wp.com\/samhainlights.com.ar\/wp-content\/uploads\/2021\/03\/photo_2021-03-07_08-37-41-1024x971.jpg?resize=350%2C200&ssl=1","width":350,"height":200,"srcset":"https:\/\/i0.wp.com\/samhainlights.com.ar\/wp-content\/uploads\/2021\/03\/photo_2021-03-07_08-37-41-1024x971.jpg?resize=350%2C200&ssl=1 1x, https:\/\/i0.wp.com\/samhainlights.com.ar\/wp-content\/uploads\/2021\/03\/photo_2021-03-07_08-37-41-1024x971.jpg?resize=525%2C300&ssl=1 1.5x, https:\/\/i0.wp.com\/samhainlights.com.ar\/wp-content\/uploads\/2021\/03\/photo_2021-03-07_08-37-41-1024x971.jpg?resize=700%2C400&ssl=1 2x"},"classes":[]},{"id":350,"url":"https:\/\/samhainlights.com.ar\/en\/hechizos\/para-el-amor\/bolsita-para-el-amor\/","url_meta":{"origin":8,"position":5},"title":"Bag for love","author":"samhainlights","date":"September 10, 2023","format":false,"excerpt":"Todo el mundo quiere amor en su vida, es cierto, aunque algunos preferimos tomarnos un descanso. Ahora, si sos de lxs que quiere amor les voy a pasar una bolsita que pueden hacer y tenerla con uds. \u00bfQu\u00e9 vas a necesitar?Tela de algodon o similar. Lo que tengas. Preferiblemente roja\u2026","rel":"","context":"Similar post","block_context":{"text":"Similar post","link":""},"img":{"alt_text":"","src":"https:\/\/i0.wp.com\/samhainlights.com.ar\/wp-content\/uploads\/2021\/03\/photo_2021-03-07_08-53-59-300x296.jpg?resize=350%2C200&ssl=1","width":350,"height":200},"classes":[]}],"jetpack_sharing_enabled":true,"_links":{"self":[{"href":"https:\/\/samhainlights.com.ar\/en\/wp-json\/wp\/v2\/pages\/8","targetHints":{"allow":["GET"]}}],"collection":[{"href":"https:\/\/samhainlights.com.ar\/en\/wp-json\/wp\/v2\/pages"}],"about":[{"href":"https:\/\/samhainlights.com.ar\/en\/wp-json\/wp\/v2\/types\/page"}],"author":[{"embeddable":true,"href":"https:\/\/samhainlights.com.ar\/en\/wp-json\/wp\/v2\/users\/1"}],"replies":[{"embeddable":true,"href":"https:\/\/samhainlights.com.ar\/en\/wp-json\/wp\/v2\/comments?post=8"}],"version-history":[{"count":1,"href":"https:\/\/samhainlights.com.ar\/en\/wp-json\/wp\/v2\/pages\/8\/revisions"}],"predecessor-version":[{"id":201,"href":"https:\/\/samhainlights.com.ar\/en\/wp-json\/wp\/v2\/pages\/8\/revisions\/201"}],"wp:attachment":[{"href":"https:\/\/samhainlights.com.ar\/en\/wp-json\/wp\/v2\/media?parent=8"}],"curies":[{"name":"wp","href":"https:\/\/api.w.org\/{rel}","templated":true}]}}