{"id":631,"date":"2024-03-10T23:56:19","date_gmt":"2024-03-10T23:56:19","guid":{"rendered":"https:\/\/samhainlights.com.ar\/?page_id=631"},"modified":"2024-03-11T00:02:06","modified_gmt":"2024-03-11T00:02:06","slug":"herramientas-secundarias","status":"publish","type":"page","link":"https:\/\/samhainlights.com.ar\/en\/wicca\/herramientas-magicas\/herramientas-secundarias\/","title":{"rendered":"Secondary Tools"},"content":{"rendered":"<div data-elementor-type=\"wp-post\" data-elementor-id=\"631\" class=\"elementor elementor-631\">\n\t\t\t\t\t\t<section class=\"elementor-section elementor-top-section elementor-element elementor-element-9a3518a elementor-section-boxed elementor-section-height-default elementor-section-height-default\" data-id=\"9a3518a\" data-element_type=\"section\" data-e-type=\"section\">\n\t\t\t\t\t\t<div class=\"elementor-container elementor-column-gap-default\">\n\t\t\t\t\t<div class=\"elementor-column elementor-col-100 elementor-top-column elementor-element elementor-element-75f73ce\" data-id=\"75f73ce\" data-element_type=\"column\" data-e-type=\"column\">\n\t\t\t<div class=\"elementor-widget-wrap elementor-element-populated\">\n\t\t\t\t\t\t<div class=\"elementor-element elementor-element-fea3b45 elementor-widget elementor-widget-text-editor\" data-id=\"fea3b45\" data-element_type=\"widget\" data-e-type=\"widget\" data-widget_type=\"text-editor.default\">\n\t\t\t\t<div class=\"elementor-widget-container\">\n\t\t\t\t\t\t\t\t\t<p>As I already mentioned when I talked about the main tools, the secondary tools also have a central importance in our magical practices.<\/p><p>Within this categorization we will find the ropes, the incense burner, our bowl of water and salt, the altar candles, stones, herbs, the bolline (white handled knife), the images of the god and goddess, etc.<\/p><p>Not all of these secondary tools will participate in all of our rituals. It is true that some of them will be common to all rituals if we are Wiccans, but some others will have a specific use.<\/p><p>The fact that they are secondary tools indicates that they may not be on our altar or in our circle in a given ritual. And taking into account that our altar on which we perform the rituals is something that we generally raise and remove at the end of our magical activity, it is not necessary to remind you that an altar cluttered with tools that you will not use is not practical for any witch.<\/p>\t\t\t\t\t\t\t\t<\/div>\n\t\t\t\t<\/div>\n\t\t\t\t\t<\/div>\n\t\t<\/div>\n\t\t\t\t\t<\/div>\n\t\t<\/section>\n\t\t\t\t<\/div>","protected":false},"excerpt":{"rendered":"<p>Como ya adelant\u00e9 cuando habl\u00e9 sobre las herramientas principales, las herramientas secundarias tienen tambien una importancia central en nuestras practicas m\u00e1gicas. Dentro de esta categorizaci\u00f3n vamos a encontrar las cuerdas, el inciensario, nuestro bowl de agua y de sal, las velas del altar, piedras, hierbas, el bolline (cuchillo de mango blanco), las im\u00e1genes del dios [&hellip;]<\/p>\n","protected":false},"author":1,"featured_media":0,"parent":61,"menu_order":2,"comment_status":"closed","ping_status":"closed","template":"","meta":{"_eb_attr":"","om_disable_all_campaigns":false,"_monsterinsights_skip_tracking":false,"_monsterinsights_sitenote_active":false,"_monsterinsights_sitenote_note":"","_monsterinsights_sitenote_category":0,"footnotes":""},"class_list":["post-631","page","type-page","status-publish","hentry"],"aioseo_notices":[],"jetpack-related-posts":[{"id":625,"url":"https:\/\/samhainlights.com.ar\/en\/wicca\/herramientas-magicas\/herramientas-principales\/","url_meta":{"origin":631,"position":0},"title":"Primary Tools","author":"samhainlights","date":"March 10, 2024","format":false,"excerpt":"En las tradiciones Wiccanas existen herramientas principales y herramientas secundarias. La categorizaci\u00f3n depender\u00e1 casi exclusivamente a la tradici\u00f3n a la que pertenezca cada rama.Entonces \u00bfCu\u00e1l es el criterio que utilizar\u00e9 yo para clasificarlas? Utilizar\u00e9 un criterio muy simple: Ser\u00e1n principales aquellas que son estrictamente necesarias desde el trazado del circulo\u2026","rel":"","context":"Similar post","block_context":{"text":"Similar post","link":""},"img":{"alt_text":"","src":"","width":0,"height":0},"classes":[]},{"id":619,"url":"https:\/\/samhainlights.com.ar\/en\/wicca\/herramientas-magicas\/herramientas-principales\/el-athame-2\/","url_meta":{"origin":631,"position":1},"title":"The Athame","author":"samhainlights","date":"March 10, 2024","format":false,"excerpt":"El Athame https:\/\/samhainlights.com.ar\/wp-content\/uploads\/2024\/03\/El-Athame.mp4Es la herramienta principal de toda bruja, no importa su tradici\u00f3n, con ella cortar\u00e1, crear\u00e1 y se proteger\u00e1. Esta herramienta es una daga ritual de doble filo generalmente utilizada para consagrar durante los rituales, y para el cierre y apertura del c\u00edrculo de protecci\u00f3n.Con ella podemos consagrar el\u2026","rel":"","context":"Similar post","block_context":{"text":"Similar post","link":""},"img":{"alt_text":"","src":"","width":0,"height":0},"classes":[]},{"id":537,"url":"https:\/\/samhainlights.com.ar\/en\/wicca\/herramientas-magicas\/herramientas-principales\/la-varita-magica\/","url_meta":{"origin":631,"position":2},"title":"The magic wand","author":"samhainlights","date":"September 17, 2023","format":false,"excerpt":"Un poco de contexto Pocas herramientas m\u00e1gicas tienen tanta discusi\u00f3n como las varitas o varas m\u00e1gicas. El uso de la varita, algo que casi todos coinciden, proviene de la Magia Ceremonial, la cual viene utiliz\u00e1ndola hace cientos de a\u00f1os, por ende, no es exclusivo de la brujeria en sus m\u00faltiples\u2026","rel":"","context":"Similar post","block_context":{"text":"Similar post","link":""},"img":{"alt_text":"varita-herramientas-magicas-ritual-rituales-bruja-brujeria-magia-ba\u00f1os-poder-hechizos-proteccion-purificacion-abrecaminos-prosperidad-wicca-belleza","src":"https:\/\/i0.wp.com\/samhainlights.com.ar\/wp-content\/uploads\/2023\/09\/pexels-rdne-stock-project-7978837-768x512.jpg?resize=350%2C200&ssl=1","width":350,"height":200,"srcset":"https:\/\/i0.wp.com\/samhainlights.com.ar\/wp-content\/uploads\/2023\/09\/pexels-rdne-stock-project-7978837-768x512.jpg?resize=350%2C200&ssl=1 1x, https:\/\/i0.wp.com\/samhainlights.com.ar\/wp-content\/uploads\/2023\/09\/pexels-rdne-stock-project-7978837-768x512.jpg?resize=525%2C300&ssl=1 1.5x, https:\/\/i0.wp.com\/samhainlights.com.ar\/wp-content\/uploads\/2023\/09\/pexels-rdne-stock-project-7978837-768x512.jpg?resize=700%2C400&ssl=1 2x"},"classes":[]},{"id":17,"url":"https:\/\/samhainlights.com.ar\/en\/rituales\/","url_meta":{"origin":631,"position":3},"title":"Rituals","author":"samhainlights","date":"March 13, 2021","format":false,"excerpt":"","rel":"","context":"Similar post","block_context":{"text":"Similar post","link":""},"img":{"alt_text":"","src":"","width":0,"height":0},"classes":[]},{"id":609,"url":"https:\/\/samhainlights.com.ar\/en\/wicca\/herramientas-magicas\/herramientas-principales\/el-pentaculo\/","url_meta":{"origin":631,"position":4},"title":"The Pentacle","author":"samhainlights","date":"March 9, 2024","format":false,"excerpt":"El Pent\u00e1culo https:\/\/samhainlights.com.ar\/wp-content\/uploads\/2024\/03\/El-Pentaculo.mp4Ante todo, debemos comprender que el pent\u00e1culo es, en s\u00ed mismo, un s\u00edmbolo compuesto, integrado por un pentagrama cuyas 4 puntas que representan a los cuatro elementos (aire, tierra, fuego, agua) y la quinta punta superior representa el \u00e9ter (esp\u00edritu) dentro de un c\u00edrculo que evoca la perfecci\u00f3n,\u2026","rel":"","context":"Similar post","block_context":{"text":"Similar post","link":""},"img":{"alt_text":"","src":"","width":0,"height":0},"classes":[]},{"id":339,"url":"https:\/\/samhainlights.com.ar\/en\/rituales\/basicos\/ritual-de-asentado\/","url_meta":{"origin":631,"position":5},"title":"Settling Ritual","author":"samhainlights","date":"September 10, 2023","format":false,"excerpt":"Ritual de asentado El ritual de asentado es una actividad post trabajos m\u00e1gicos en los cuales hemos levantado mucha energ\u00eda. Lo hacemos para liberar la energ\u00eda \"de sobra\" de manera segura y que la misma no afecte otras actividades diarias, y no nos afecte a nosotros mismos inclusive.El ejercicio es\u2026","rel":"","context":"Similar post","block_context":{"text":"Similar post","link":""},"img":{"alt_text":"","src":"https:\/\/i0.wp.com\/samhainlights.com.ar\/wp-content\/uploads\/2023\/09\/Asentado.png?resize=350%2C200&ssl=1","width":350,"height":200,"srcset":"https:\/\/i0.wp.com\/samhainlights.com.ar\/wp-content\/uploads\/2023\/09\/Asentado.png?resize=350%2C200&ssl=1 1x, https:\/\/i0.wp.com\/samhainlights.com.ar\/wp-content\/uploads\/2023\/09\/Asentado.png?resize=525%2C300&ssl=1 1.5x"},"classes":[]}],"jetpack_sharing_enabled":true,"_links":{"self":[{"href":"https:\/\/samhainlights.com.ar\/en\/wp-json\/wp\/v2\/pages\/631","targetHints":{"allow":["GET"]}}],"collection":[{"href":"https:\/\/samhainlights.com.ar\/en\/wp-json\/wp\/v2\/pages"}],"about":[{"href":"https:\/\/samhainlights.com.ar\/en\/wp-json\/wp\/v2\/types\/page"}],"author":[{"embeddable":true,"href":"https:\/\/samhainlights.com.ar\/en\/wp-json\/wp\/v2\/users\/1"}],"replies":[{"embeddable":true,"href":"https:\/\/samhainlights.com.ar\/en\/wp-json\/wp\/v2\/comments?post=631"}],"version-history":[{"count":4,"href":"https:\/\/samhainlights.com.ar\/en\/wp-json\/wp\/v2\/pages\/631\/revisions"}],"predecessor-version":[{"id":635,"href":"https:\/\/samhainlights.com.ar\/en\/wp-json\/wp\/v2\/pages\/631\/revisions\/635"}],"up":[{"embeddable":true,"href":"https:\/\/samhainlights.com.ar\/en\/wp-json\/wp\/v2\/pages\/61"}],"wp:attachment":[{"href":"https:\/\/samhainlights.com.ar\/en\/wp-json\/wp\/v2\/media?parent=631"}],"curies":[{"name":"wp","href":"https:\/\/api.w.org\/{rel}","templated":true}]}}