{"id":625,"date":"2024-03-10T23:34:03","date_gmt":"2024-03-10T23:34:03","guid":{"rendered":"https:\/\/samhainlights.com.ar\/?page_id=625"},"modified":"2024-03-10T23:37:18","modified_gmt":"2024-03-10T23:37:18","slug":"herramientas-principales","status":"publish","type":"page","link":"https:\/\/samhainlights.com.ar\/en\/wicca\/herramientas-magicas\/herramientas-principales\/","title":{"rendered":"Primary Tools"},"content":{"rendered":"<div data-elementor-type=\"wp-page\" data-elementor-id=\"625\" class=\"elementor elementor-625\">\n\t\t\t\t\t\t<section class=\"elementor-section elementor-top-section elementor-element elementor-element-301dddf elementor-section-boxed elementor-section-height-default elementor-section-height-default\" data-id=\"301dddf\" data-element_type=\"section\" data-e-type=\"section\">\n\t\t\t\t\t\t<div class=\"elementor-container elementor-column-gap-default\">\n\t\t\t\t\t<div class=\"elementor-column elementor-col-100 elementor-top-column elementor-element elementor-element-ffece01\" data-id=\"ffece01\" data-element_type=\"column\" data-e-type=\"column\">\n\t\t\t<div class=\"elementor-widget-wrap elementor-element-populated\">\n\t\t\t\t\t\t<div class=\"elementor-element elementor-element-c4c844f elementor-widget elementor-widget-text-editor\" data-id=\"c4c844f\" data-element_type=\"widget\" data-e-type=\"widget\" data-widget_type=\"text-editor.default\">\n\t\t\t\t<div class=\"elementor-widget-container\">\n\t\t\t\t\t\t\t\t\t<p>In Wiccan traditions there are primary tools and secondary tools. The categorization will depend almost exclusively on the tradition to which each branch belongs.<\/p><p>So what is the standard that I will use to classify them? I will use a very simple standard: Those that are strictly necessary from the drawing of the circle to its opening and are connected to the energy of the witch will be the primary ones. All the others will be secondary, although no less important.<\/p><p>And why do we classify them? For the simple reason of knowing which of them will require more attention from the witch for their preparation, consecration or use. Since it is not the same attention that a watchtower candle will require as opposed to an Athame or a cauldron.<\/p><p>And if I'm not Wiccan, can I still use them? Of course yes, you don't have to follow a specific tradition to use them, here we come to describe the tools. Wiccans will use most of them because there is a ritual format more or less common to all, but any other witch from any other tradition of witchcraft also uses them.<\/p>\t\t\t\t\t\t\t\t<\/div>\n\t\t\t\t<\/div>\n\t\t\t\t\t<\/div>\n\t\t<\/div>\n\t\t\t\t\t<\/div>\n\t\t<\/section>\n\t\t\t\t<\/div>","protected":false},"excerpt":{"rendered":"<p>En las tradiciones Wiccanas existen herramientas principales y herramientas secundarias. La categorizaci\u00f3n depender\u00e1 casi exclusivamente a la tradici\u00f3n a la que pertenezca cada rama. Entonces \u00bfCu\u00e1l es el criterio que utilizar\u00e9 yo para clasificarlas? Utilizar\u00e9 un criterio muy simple: Ser\u00e1n principales aquellas que son estrictamente necesarias desde el trazado del circulo hasta su apertura y [&hellip;]<\/p>\n","protected":false},"author":1,"featured_media":0,"parent":61,"menu_order":1,"comment_status":"closed","ping_status":"closed","template":"","meta":{"_eb_attr":"","om_disable_all_campaigns":false,"_monsterinsights_skip_tracking":false,"_monsterinsights_sitenote_active":false,"_monsterinsights_sitenote_note":"","_monsterinsights_sitenote_category":0,"footnotes":""},"class_list":["post-625","page","type-page","status-publish","hentry"],"aioseo_notices":[],"jetpack-related-posts":[{"id":619,"url":"https:\/\/samhainlights.com.ar\/en\/wicca\/herramientas-magicas\/herramientas-principales\/el-athame-2\/","url_meta":{"origin":625,"position":0},"title":"The Athame","author":"samhainlights","date":"March 10, 2024","format":false,"excerpt":"El Athame https:\/\/samhainlights.com.ar\/wp-content\/uploads\/2024\/03\/El-Athame.mp4Es la herramienta principal de toda bruja, no importa su tradici\u00f3n, con ella cortar\u00e1, crear\u00e1 y se proteger\u00e1. Esta herramienta es una daga ritual de doble filo generalmente utilizada para consagrar durante los rituales, y para el cierre y apertura del c\u00edrculo de protecci\u00f3n.Con ella podemos consagrar el\u2026","rel":"","context":"Similar post","block_context":{"text":"Similar post","link":""},"img":{"alt_text":"","src":"","width":0,"height":0},"classes":[]},{"id":631,"url":"https:\/\/samhainlights.com.ar\/en\/wicca\/herramientas-magicas\/herramientas-secundarias\/","url_meta":{"origin":625,"position":1},"title":"Secondary Tools","author":"samhainlights","date":"March 10, 2024","format":false,"excerpt":"Como ya adelant\u00e9 cuando habl\u00e9 sobre las herramientas principales, las herramientas secundarias tienen tambien una importancia central en nuestras practicas m\u00e1gicas.Dentro de esta categorizaci\u00f3n vamos a encontrar las cuerdas, el inciensario, nuestro bowl de agua y de sal, las velas del altar, piedras, hierbas, el bolline (cuchillo de mango blanco),\u2026","rel":"","context":"Similar post","block_context":{"text":"Similar post","link":""},"img":{"alt_text":"","src":"","width":0,"height":0},"classes":[]},{"id":537,"url":"https:\/\/samhainlights.com.ar\/en\/wicca\/herramientas-magicas\/herramientas-principales\/la-varita-magica\/","url_meta":{"origin":625,"position":2},"title":"The magic wand","author":"samhainlights","date":"September 17, 2023","format":false,"excerpt":"Un poco de contexto Pocas herramientas m\u00e1gicas tienen tanta discusi\u00f3n como las varitas o varas m\u00e1gicas. El uso de la varita, algo que casi todos coinciden, proviene de la Magia Ceremonial, la cual viene utiliz\u00e1ndola hace cientos de a\u00f1os, por ende, no es exclusivo de la brujeria en sus m\u00faltiples\u2026","rel":"","context":"Similar post","block_context":{"text":"Similar post","link":""},"img":{"alt_text":"varita-herramientas-magicas-ritual-rituales-bruja-brujeria-magia-ba\u00f1os-poder-hechizos-proteccion-purificacion-abrecaminos-prosperidad-wicca-belleza","src":"https:\/\/i0.wp.com\/samhainlights.com.ar\/wp-content\/uploads\/2023\/09\/pexels-rdne-stock-project-7978837-768x512.jpg?resize=350%2C200&ssl=1","width":350,"height":200,"srcset":"https:\/\/i0.wp.com\/samhainlights.com.ar\/wp-content\/uploads\/2023\/09\/pexels-rdne-stock-project-7978837-768x512.jpg?resize=350%2C200&ssl=1 1x, https:\/\/i0.wp.com\/samhainlights.com.ar\/wp-content\/uploads\/2023\/09\/pexels-rdne-stock-project-7978837-768x512.jpg?resize=525%2C300&ssl=1 1.5x, https:\/\/i0.wp.com\/samhainlights.com.ar\/wp-content\/uploads\/2023\/09\/pexels-rdne-stock-project-7978837-768x512.jpg?resize=700%2C400&ssl=1 2x"},"classes":[]},{"id":59,"url":"https:\/\/samhainlights.com.ar\/en\/wicca\/herramientas-magicas\/herramientas-principales\/el-caldero\/","url_meta":{"origin":625,"position":3},"title":"The Cauldron","author":"samhainlights","date":"March 13, 2021","format":false,"excerpt":"El caldero es\u00a0un recipiente de fondo c\u00f3ncavo y preferentemente met\u00e1lico, que utilizan las brujas y brujos para la transmutaci\u00f3n de los materiales que arrojan dentro de \u00e9l. Su funci\u00f3n de contenci\u00f3n est\u00e1 asociado al vientre materno, especificamente, es una herramienta asociada a las deidades femeninas en su aspecto de madre.\u2026","rel":"","context":"Similar post","block_context":{"text":"Similar post","link":""},"img":{"alt_text":"","src":"https:\/\/i0.wp.com\/samhainlights.com.ar\/wp-content\/uploads\/2021\/03\/photo_2021-03-09_07-13-37.jpg?resize=350%2C200&ssl=1","width":350,"height":200,"srcset":"https:\/\/i0.wp.com\/samhainlights.com.ar\/wp-content\/uploads\/2021\/03\/photo_2021-03-09_07-13-37.jpg?resize=350%2C200&ssl=1 1x, https:\/\/i0.wp.com\/samhainlights.com.ar\/wp-content\/uploads\/2021\/03\/photo_2021-03-09_07-13-37.jpg?resize=525%2C300&ssl=1 1.5x, https:\/\/i0.wp.com\/samhainlights.com.ar\/wp-content\/uploads\/2021\/03\/photo_2021-03-09_07-13-37.jpg?resize=700%2C400&ssl=1 2x"},"classes":[]},{"id":22,"url":"https:\/\/samhainlights.com.ar\/en\/sobre-mi\/","url_meta":{"origin":625,"position":4},"title":"About me","author":"samhainlights","date":"March 13, 2021","format":false,"excerpt":"Nac\u00ed en la ciudad de Corrientes, Argentina, all\u00e1 por 1983 cuando todav\u00eda no exist\u00eda el internet. Crec\u00ed dentro de una familia cristiana pero no cat\u00f3lica practicante. Toda mi infancia fui a una escuela cat\u00f3lica de monjas y cuando tuve 17 a\u00f1os decid\u00ed que mi camino espiritual era otro, empec\u00e9 a\u2026","rel":"","context":"Similar post","block_context":{"text":"Similar post","link":""},"img":{"alt_text":"","src":"https:\/\/i0.wp.com\/samhainlights.com.ar\/wp-content\/uploads\/2021\/03\/photo_2021-03-07_07-16-41.jpg?resize=350%2C200&ssl=1","width":350,"height":200,"srcset":"https:\/\/i0.wp.com\/samhainlights.com.ar\/wp-content\/uploads\/2021\/03\/photo_2021-03-07_07-16-41.jpg?resize=350%2C200&ssl=1 1x, https:\/\/i0.wp.com\/samhainlights.com.ar\/wp-content\/uploads\/2021\/03\/photo_2021-03-07_07-16-41.jpg?resize=525%2C300&ssl=1 1.5x, https:\/\/i0.wp.com\/samhainlights.com.ar\/wp-content\/uploads\/2021\/03\/photo_2021-03-07_07-16-41.jpg?resize=700%2C400&ssl=1 2x, https:\/\/i0.wp.com\/samhainlights.com.ar\/wp-content\/uploads\/2021\/03\/photo_2021-03-07_07-16-41.jpg?resize=1050%2C600&ssl=1 3x"},"classes":[]},{"id":371,"url":"https:\/\/samhainlights.com.ar\/en\/hechizos\/de-proteccion\/botella-de-bruja\/","url_meta":{"origin":625,"position":5},"title":"Witch bottle","author":"samhainlights","date":"September 10, 2023","format":false,"excerpt":"Una botella de bruja cumple la doble funci\u00f3n de recibir todo el da\u00f1o que sea enviado al brujo o bruja y al mismo tiempo act\u00faa como un artefacto que se encargar\u00e1 de devolver el mal autom\u00e1ticamente a la persona que nos lo envi\u00f3 Ingredientes * Una botella de vidrio\/cristal. La\u2026","rel":"","context":"Similar post","block_context":{"text":"Similar post","link":""},"img":{"alt_text":"","src":"https:\/\/i0.wp.com\/samhainlights.com.ar\/wp-content\/uploads\/2021\/03\/photo_2021-03-24_18-37-08-300x300.jpg?resize=350%2C200&ssl=1","width":350,"height":200},"classes":[]}],"jetpack_sharing_enabled":true,"_links":{"self":[{"href":"https:\/\/samhainlights.com.ar\/en\/wp-json\/wp\/v2\/pages\/625","targetHints":{"allow":["GET"]}}],"collection":[{"href":"https:\/\/samhainlights.com.ar\/en\/wp-json\/wp\/v2\/pages"}],"about":[{"href":"https:\/\/samhainlights.com.ar\/en\/wp-json\/wp\/v2\/types\/page"}],"author":[{"embeddable":true,"href":"https:\/\/samhainlights.com.ar\/en\/wp-json\/wp\/v2\/users\/1"}],"replies":[{"embeddable":true,"href":"https:\/\/samhainlights.com.ar\/en\/wp-json\/wp\/v2\/comments?post=625"}],"version-history":[{"count":4,"href":"https:\/\/samhainlights.com.ar\/en\/wp-json\/wp\/v2\/pages\/625\/revisions"}],"predecessor-version":[{"id":629,"href":"https:\/\/samhainlights.com.ar\/en\/wp-json\/wp\/v2\/pages\/625\/revisions\/629"}],"up":[{"embeddable":true,"href":"https:\/\/samhainlights.com.ar\/en\/wp-json\/wp\/v2\/pages\/61"}],"wp:attachment":[{"href":"https:\/\/samhainlights.com.ar\/en\/wp-json\/wp\/v2\/media?parent=625"}],"curies":[{"name":"wp","href":"https:\/\/api.w.org\/{rel}","templated":true}]}}