{"id":619,"date":"2024-03-10T22:56:13","date_gmt":"2024-03-10T22:56:13","guid":{"rendered":"https:\/\/samhainlights.com.ar\/?page_id=619"},"modified":"2024-03-10T23:38:37","modified_gmt":"2024-03-10T23:38:37","slug":"el-athame-2","status":"publish","type":"page","link":"https:\/\/samhainlights.com.ar\/en\/wicca\/herramientas-magicas\/herramientas-principales\/el-athame-2\/","title":{"rendered":"The Athame"},"content":{"rendered":"<div data-elementor-type=\"wp-page\" data-elementor-id=\"619\" class=\"elementor elementor-619\">\n\t\t\t\t\t\t<section class=\"elementor-section elementor-top-section elementor-element elementor-element-282d623a elementor-section-boxed elementor-section-height-default elementor-section-height-default\" data-id=\"282d623a\" data-element_type=\"section\" data-e-type=\"section\">\n\t\t\t\t\t\t<div class=\"elementor-container elementor-column-gap-default\">\n\t\t\t\t\t<div class=\"elementor-column elementor-col-100 elementor-top-column elementor-element elementor-element-732cde47\" data-id=\"732cde47\" data-element_type=\"column\" data-e-type=\"column\">\n\t\t\t<div class=\"elementor-widget-wrap elementor-element-populated\">\n\t\t\t\t\t\t<div class=\"elementor-element elementor-element-6f774fe6 elementor-widget elementor-widget-heading\" data-id=\"6f774fe6\" data-element_type=\"widget\" data-e-type=\"widget\" data-widget_type=\"heading.default\">\n\t\t\t\t<div class=\"elementor-widget-container\">\n\t\t\t\t\t<h2 class=\"elementor-heading-title elementor-size-default\">The Athame<\/h2>\t\t\t\t<\/div>\n\t\t\t\t<\/div>\n\t\t\t\t\t<\/div>\n\t\t<\/div>\n\t\t\t\t\t<\/div>\n\t\t<\/section>\n\t\t\t\t<section class=\"elementor-section elementor-top-section elementor-element elementor-element-2570c29a elementor-section-boxed elementor-section-height-default elementor-section-height-default\" data-id=\"2570c29a\" data-element_type=\"section\" data-e-type=\"section\">\n\t\t\t\t\t\t<div class=\"elementor-container elementor-column-gap-default\">\n\t\t\t\t\t<div class=\"elementor-column elementor-col-100 elementor-top-column elementor-element elementor-element-47647e5e\" data-id=\"47647e5e\" data-element_type=\"column\" data-e-type=\"column\">\n\t\t\t<div class=\"elementor-widget-wrap elementor-element-populated\">\n\t\t\t\t\t\t<div class=\"elementor-element elementor-element-4f4fbfa4 elementor-widget__width-initial elementor-widget elementor-widget-video\" data-id=\"4f4fbfa4\" data-element_type=\"widget\" data-e-type=\"widget\" data-settings=\"{&quot;video_type&quot;:&quot;hosted&quot;,&quot;autoplay&quot;:&quot;yes&quot;,&quot;play_on_mobile&quot;:&quot;yes&quot;,&quot;loop&quot;:&quot;yes&quot;,&quot;controls&quot;:&quot;yes&quot;}\" data-widget_type=\"video.default\">\n\t\t\t\t<div class=\"elementor-widget-container\">\n\t\t\t\t\t\t\t<div class=\"e-hosted-video elementor-wrapper elementor-open-inline\">\n\t\t\t\t\t<video class=\"elementor-video\" src=\"https:\/\/samhainlights.com.ar\/wp-content\/uploads\/2024\/03\/El-Athame.mp4\" autoplay=\"\" loop=\"\" controls=\"\" playsinline=\"\" controlslist=\"nodownload\"><\/video>\n\t\t\t\t<\/div>\n\t\t\t\t\t\t<\/div>\n\t\t\t\t<\/div>\n\t\t\t\t\t<\/div>\n\t\t<\/div>\n\t\t\t\t\t<\/div>\n\t\t<\/section>\n\t\t\t\t<section class=\"elementor-section elementor-top-section elementor-element elementor-element-5ac16f07 elementor-section-boxed elementor-section-height-default elementor-section-height-default\" data-id=\"5ac16f07\" data-element_type=\"section\" data-e-type=\"section\">\n\t\t\t\t\t\t<div class=\"elementor-container elementor-column-gap-default\">\n\t\t\t\t\t<div class=\"elementor-column elementor-col-100 elementor-top-column elementor-element elementor-element-7526210e\" data-id=\"7526210e\" data-element_type=\"column\" data-e-type=\"column\">\n\t\t\t<div class=\"elementor-widget-wrap elementor-element-populated\">\n\t\t\t\t\t\t<div class=\"elementor-element elementor-element-64188622 elementor-widget elementor-widget-text-editor\" data-id=\"64188622\" data-element_type=\"widget\" data-e-type=\"widget\" data-widget_type=\"text-editor.default\">\n\t\t\t\t<div class=\"elementor-widget-container\">\n\t\t\t\t\t\t\t\t\t<p>It is the main tool of every witch, no matter her tradition, with it she will cut, create and protect herself. <br \/><br \/>This tool is a double-edged ritual dagger generally used for consecration during rituals, and for the closing and opening of the circle of protection.<\/p><p>With it we can consecrate the water and salt that we will use during the drawing of the circle, as well as the other elements; we can consecrate whatever we have put on our pentacle, potions, sachets of love or protection, etc.; and no less important, it is one more tool that will help us direct energy towards a certain point.<\/p><p>Depending on the author we read, they will give us certain indications of what our Athame should be like. Below I will provide you with some examples and then I will give you my point of view and experience, which is not intended to invalidate other witches in any way, but rather to contribute my personal experience and my critical reasoning.<\/p><p>Migene Gonz\u00e1lez-Wippler, in \u201cThe Book of Shadows\u201d, a fairly descriptive book that guides the reader with content based on the functioning of a coven, offers a detailed description of the symbols that must be drawn on the handle, 9 in total : The 8 paths, The arrow of magic and Perfect Pair on the top of the handle. And at the bottom of the handle: Symbol of the God, Initial of the God, Symbol of the whip, Symbol of the kiss, Symbol of the Goddess and Initial of the Goddess. In reference to the material of the Athame and the handle of it she expresses no preference. But yes, it is made clear that it is the most important tool of the witch.<\/p><p>Arin Murphy-Hiscock, the author of \u201cThe Green Witch\u201d, offers us another vision, more practical, without so much ceremony. This is why she does not categorize the Athame as an essential piece. Yes, the author is an ordained Wiccan priestess of the third degree. Even so, for her a version of the Bolline (or white-handled knife) is more essential, although we will leave it for now until we talk about that tool.<\/p><p>For Scott Cunningham, in \u201cWicca, a guide for the solitary practitioner\u201d, the athame should have a black or dark handle, since the black color absorbs power. He also mentions that some Wiccans like to add symbols of \u201cThe key of Solomon\u201d, although it is not strictly necessary, but if one wishes, and feels comfortable, one can add words, symbols or runes to both the blade and the handle of the Athame.<\/p><p>In another order of things, Raymond Buckland, in \u201cWicca. Practices and principles of witchcraft\" offers us a step by step to forge our Athame, something wonderful, but far from the possibilities of space, time and money that we currently have to have to make a forge for those of us who live in the midst of big cities. Regarding the material, he indicates that the blade should be made of iron or steel. The handle should be made of wood. And regarding the carving of symbols, he tells us that they could be those proposed by tradition that we follow. And if we don't follow any, at least carve our magical name on it.<\/p><p>In my experience, if you can personalize it and if you are a sollitary witch, much better. In case you can't, it's the same. Can you change athames throughout your life? Yes, like with any other tool. So the athame that serves as a tool and has two sides (double edge) that you can get is more than enough.<\/p><p>In my case, mine is made of bronze, I saw it and immediately fell in love with it. I haven't made any engravings on it yet, maybe in the future it will have my magical name engraved on it and nothing more than that. I use it mainly for ritual activities, not so much for other purposes; and although it is true that Gardnerian traditions restrict it exclusively for that use, it is necessary to emphasize that there are Scottish traditions that use it for everything.<\/p><p>Like any tool, the more we use it, the more power it will acquire and the more connected it will be with the witch.<\/p>\t\t\t\t\t\t\t\t<\/div>\n\t\t\t\t<\/div>\n\t\t\t\t\t<\/div>\n\t\t<\/div>\n\t\t\t\t\t<\/div>\n\t\t<\/section>\n\t\t\t\t<\/div>","protected":false},"excerpt":{"rendered":"<p>El Athame https:\/\/samhainlights.com.ar\/wp-content\/uploads\/2024\/03\/El-Athame.mp4 Es la herramienta principal de toda bruja, no importa su tradici\u00f3n, con ella cortar\u00e1, crear\u00e1 y se proteger\u00e1. Esta herramienta es una daga ritual de doble filo generalmente utilizada para consagrar durante los rituales, y para el cierre y apertura del c\u00edrculo de protecci\u00f3n. Con ella podemos consagrar el agua y la [&hellip;]<\/p>\n","protected":false},"author":1,"featured_media":0,"parent":625,"menu_order":4,"comment_status":"closed","ping_status":"closed","template":"","meta":{"_eb_attr":"","om_disable_all_campaigns":false,"_monsterinsights_skip_tracking":false,"_monsterinsights_sitenote_active":false,"_monsterinsights_sitenote_note":"","_monsterinsights_sitenote_category":0,"footnotes":""},"class_list":["post-619","page","type-page","status-publish","hentry"],"aioseo_notices":[],"jetpack-related-posts":[{"id":334,"url":"https:\/\/samhainlights.com.ar\/en\/rituales\/basicos\/","url_meta":{"origin":619,"position":0},"title":"Basic","author":"samhainlights","date":"September 10, 2023","format":false,"excerpt":"Rituales B\u00e1sicos C\u00edrculo de protecci\u00f3n Ritual de Asentado","rel":"","context":"Similar post","block_context":{"text":"Similar post","link":""},"img":{"alt_text":"","src":"","width":0,"height":0},"classes":[]},{"id":339,"url":"https:\/\/samhainlights.com.ar\/en\/rituales\/basicos\/ritual-de-asentado\/","url_meta":{"origin":619,"position":1},"title":"Settling Ritual","author":"samhainlights","date":"September 10, 2023","format":false,"excerpt":"Ritual de asentado El ritual de asentado es una actividad post trabajos m\u00e1gicos en los cuales hemos levantado mucha energ\u00eda. Lo hacemos para liberar la energ\u00eda \"de sobra\" de manera segura y que la misma no afecte otras actividades diarias, y no nos afecte a nosotros mismos inclusive.El ejercicio es\u2026","rel":"","context":"Similar post","block_context":{"text":"Similar post","link":""},"img":{"alt_text":"","src":"https:\/\/i0.wp.com\/samhainlights.com.ar\/wp-content\/uploads\/2023\/09\/Asentado.png?resize=350%2C200&ssl=1","width":350,"height":200,"srcset":"https:\/\/i0.wp.com\/samhainlights.com.ar\/wp-content\/uploads\/2023\/09\/Asentado.png?resize=350%2C200&ssl=1 1x, https:\/\/i0.wp.com\/samhainlights.com.ar\/wp-content\/uploads\/2023\/09\/Asentado.png?resize=525%2C300&ssl=1 1.5x"},"classes":[]},{"id":327,"url":"https:\/\/samhainlights.com.ar\/en\/sabbats\/lughnasahd\/","url_meta":{"origin":619,"position":2},"title":"Lughnasahd","author":"samhainlights","date":"September 10, 2023","format":false,"excerpt":"Lughnasadh Arrancamos con la primera de las fiestas de la cosecha, con Lughnasadh. Aqu\u00ed en el hemisferio sur lo celebramos por calendario el 1 de febrero (1 de agosto en el HN), y quienes estamos mas orientados al calendario lunar, en la 2da luna llena posterior al solsticio de verano\u2026","rel":"","context":"Similar post","block_context":{"text":"Similar post","link":""},"img":{"alt_text":"","src":"https:\/\/i0.wp.com\/samhainlights.com.ar\/wp-content\/uploads\/2023\/09\/Lughnasadh-300x300.png?resize=350%2C200&ssl=1","width":350,"height":200},"classes":[]},{"id":371,"url":"https:\/\/samhainlights.com.ar\/en\/hechizos\/de-proteccion\/botella-de-bruja\/","url_meta":{"origin":619,"position":3},"title":"Witch bottle","author":"samhainlights","date":"September 10, 2023","format":false,"excerpt":"Una botella de bruja cumple la doble funci\u00f3n de recibir todo el da\u00f1o que sea enviado al brujo o bruja y al mismo tiempo act\u00faa como un artefacto que se encargar\u00e1 de devolver el mal autom\u00e1ticamente a la persona que nos lo envi\u00f3 Ingredientes * Una botella de vidrio\/cristal. La\u2026","rel":"","context":"Similar post","block_context":{"text":"Similar post","link":""},"img":{"alt_text":"","src":"https:\/\/i0.wp.com\/samhainlights.com.ar\/wp-content\/uploads\/2021\/03\/photo_2021-03-24_18-37-08-300x300.jpg?resize=350%2C200&ssl=1","width":350,"height":200},"classes":[]},{"id":609,"url":"https:\/\/samhainlights.com.ar\/en\/wicca\/herramientas-magicas\/herramientas-principales\/el-pentaculo\/","url_meta":{"origin":619,"position":4},"title":"The Pentacle","author":"samhainlights","date":"March 9, 2024","format":false,"excerpt":"El Pent\u00e1culo https:\/\/samhainlights.com.ar\/wp-content\/uploads\/2024\/03\/El-Pentaculo.mp4Ante todo, debemos comprender que el pent\u00e1culo es, en s\u00ed mismo, un s\u00edmbolo compuesto, integrado por un pentagrama cuyas 4 puntas que representan a los cuatro elementos (aire, tierra, fuego, agua) y la quinta punta superior representa el \u00e9ter (esp\u00edritu) dentro de un c\u00edrculo que evoca la perfecci\u00f3n,\u2026","rel":"","context":"Similar post","block_context":{"text":"Similar post","link":""},"img":{"alt_text":"","src":"","width":0,"height":0},"classes":[]},{"id":377,"url":"https:\/\/samhainlights.com.ar\/en\/rituales\/basicos\/circulo-de-proteccion\/","url_meta":{"origin":619,"position":5},"title":"Circle of protection","author":"samhainlights","date":"September 10, 2023","format":false,"excerpt":"El c\u00edrculo de protecci\u00f3n es parte del ABC de la brujeria que conserva algunas reminiscencias de las pr\u00e1cticas de Alta Magia. En la wicca, para muchas celebraciones o actividades m\u00e1gicas se traza el circulo para protegernos de entidades o energ\u00edas que puedan llegar a interferir en nuestro prop\u00f3sito. No es\u2026","rel":"","context":"Similar post","block_context":{"text":"Similar post","link":""},"img":{"alt_text":"","src":"","width":0,"height":0},"classes":[]}],"jetpack_sharing_enabled":true,"_links":{"self":[{"href":"https:\/\/samhainlights.com.ar\/en\/wp-json\/wp\/v2\/pages\/619","targetHints":{"allow":["GET"]}}],"collection":[{"href":"https:\/\/samhainlights.com.ar\/en\/wp-json\/wp\/v2\/pages"}],"about":[{"href":"https:\/\/samhainlights.com.ar\/en\/wp-json\/wp\/v2\/types\/page"}],"author":[{"embeddable":true,"href":"https:\/\/samhainlights.com.ar\/en\/wp-json\/wp\/v2\/users\/1"}],"replies":[{"embeddable":true,"href":"https:\/\/samhainlights.com.ar\/en\/wp-json\/wp\/v2\/comments?post=619"}],"version-history":[{"count":4,"href":"https:\/\/samhainlights.com.ar\/en\/wp-json\/wp\/v2\/pages\/619\/revisions"}],"predecessor-version":[{"id":623,"href":"https:\/\/samhainlights.com.ar\/en\/wp-json\/wp\/v2\/pages\/619\/revisions\/623"}],"up":[{"embeddable":true,"href":"https:\/\/samhainlights.com.ar\/en\/wp-json\/wp\/v2\/pages\/625"}],"wp:attachment":[{"href":"https:\/\/samhainlights.com.ar\/en\/wp-json\/wp\/v2\/media?parent=619"}],"curies":[{"name":"wp","href":"https:\/\/api.w.org\/{rel}","templated":true}]}}