{"id":61,"date":"2021-03-13T18:39:59","date_gmt":"2021-03-13T18:39:59","guid":{"rendered":"https:\/\/samhainlights.com.ar\/?page_id=61"},"modified":"2023-09-10T01:07:50","modified_gmt":"2023-09-10T01:07:50","slug":"herramientas-magicas","status":"publish","type":"page","link":"https:\/\/samhainlights.com.ar\/en\/wicca\/herramientas-magicas\/","title":{"rendered":"Magic tools"},"content":{"rendered":"","protected":false},"excerpt":{"rendered":"","protected":false},"author":1,"featured_media":0,"parent":15,"menu_order":1,"comment_status":"closed","ping_status":"closed","template":"","meta":{"_eb_attr":"","om_disable_all_campaigns":false,"_monsterinsights_skip_tracking":false,"_monsterinsights_sitenote_active":false,"_monsterinsights_sitenote_note":"","_monsterinsights_sitenote_category":0,"footnotes":""},"class_list":["post-61","page","type-page","status-publish","hentry"],"aioseo_notices":[],"jetpack-related-posts":[{"id":631,"url":"https:\/\/samhainlights.com.ar\/en\/wicca\/herramientas-magicas\/herramientas-secundarias\/","url_meta":{"origin":61,"position":0},"title":"Secondary Tools","author":"samhainlights","date":"March 10, 2024","format":false,"excerpt":"Como ya adelant\u00e9 cuando habl\u00e9 sobre las herramientas principales, las herramientas secundarias tienen tambien una importancia central en nuestras practicas m\u00e1gicas.Dentro de esta categorizaci\u00f3n vamos a encontrar las cuerdas, el inciensario, nuestro bowl de agua y de sal, las velas del altar, piedras, hierbas, el bolline (cuchillo de mango blanco),\u2026","rel":"","context":"Similar post","block_context":{"text":"Similar post","link":""},"img":{"alt_text":"","src":"","width":0,"height":0},"classes":[]},{"id":625,"url":"https:\/\/samhainlights.com.ar\/en\/wicca\/herramientas-magicas\/herramientas-principales\/","url_meta":{"origin":61,"position":1},"title":"Primary Tools","author":"samhainlights","date":"March 10, 2024","format":false,"excerpt":"En las tradiciones Wiccanas existen herramientas principales y herramientas secundarias. La categorizaci\u00f3n depender\u00e1 casi exclusivamente a la tradici\u00f3n a la que pertenezca cada rama.Entonces \u00bfCu\u00e1l es el criterio que utilizar\u00e9 yo para clasificarlas? Utilizar\u00e9 un criterio muy simple: Ser\u00e1n principales aquellas que son estrictamente necesarias desde el trazado del circulo\u2026","rel":"","context":"Similar post","block_context":{"text":"Similar post","link":""},"img":{"alt_text":"","src":"","width":0,"height":0},"classes":[]},{"id":537,"url":"https:\/\/samhainlights.com.ar\/en\/wicca\/herramientas-magicas\/herramientas-principales\/la-varita-magica\/","url_meta":{"origin":61,"position":2},"title":"The magic wand","author":"samhainlights","date":"September 17, 2023","format":false,"excerpt":"Un poco de contexto Pocas herramientas m\u00e1gicas tienen tanta discusi\u00f3n como las varitas o varas m\u00e1gicas. El uso de la varita, algo que casi todos coinciden, proviene de la Magia Ceremonial, la cual viene utiliz\u00e1ndola hace cientos de a\u00f1os, por ende, no es exclusivo de la brujeria en sus m\u00faltiples\u2026","rel":"","context":"Similar post","block_context":{"text":"Similar post","link":""},"img":{"alt_text":"varita-herramientas-magicas-ritual-rituales-bruja-brujeria-magia-ba\u00f1os-poder-hechizos-proteccion-purificacion-abrecaminos-prosperidad-wicca-belleza","src":"https:\/\/i0.wp.com\/samhainlights.com.ar\/wp-content\/uploads\/2023\/09\/pexels-rdne-stock-project-7978837-768x512.jpg?resize=350%2C200&ssl=1","width":350,"height":200,"srcset":"https:\/\/i0.wp.com\/samhainlights.com.ar\/wp-content\/uploads\/2023\/09\/pexels-rdne-stock-project-7978837-768x512.jpg?resize=350%2C200&ssl=1 1x, https:\/\/i0.wp.com\/samhainlights.com.ar\/wp-content\/uploads\/2023\/09\/pexels-rdne-stock-project-7978837-768x512.jpg?resize=525%2C300&ssl=1 1.5x, https:\/\/i0.wp.com\/samhainlights.com.ar\/wp-content\/uploads\/2023\/09\/pexels-rdne-stock-project-7978837-768x512.jpg?resize=700%2C400&ssl=1 2x"},"classes":[]},{"id":619,"url":"https:\/\/samhainlights.com.ar\/en\/wicca\/herramientas-magicas\/herramientas-principales\/el-athame-2\/","url_meta":{"origin":61,"position":3},"title":"The Athame","author":"samhainlights","date":"March 10, 2024","format":false,"excerpt":"El Athame https:\/\/samhainlights.com.ar\/wp-content\/uploads\/2024\/03\/El-Athame.mp4Es la herramienta principal de toda bruja, no importa su tradici\u00f3n, con ella cortar\u00e1, crear\u00e1 y se proteger\u00e1. Esta herramienta es una daga ritual de doble filo generalmente utilizada para consagrar durante los rituales, y para el cierre y apertura del c\u00edrculo de protecci\u00f3n.Con ella podemos consagrar el\u2026","rel":"","context":"Similar post","block_context":{"text":"Similar post","link":""},"img":{"alt_text":"","src":"","width":0,"height":0},"classes":[]},{"id":609,"url":"https:\/\/samhainlights.com.ar\/en\/wicca\/herramientas-magicas\/herramientas-principales\/el-pentaculo\/","url_meta":{"origin":61,"position":4},"title":"The Pentacle","author":"samhainlights","date":"March 9, 2024","format":false,"excerpt":"El Pent\u00e1culo https:\/\/samhainlights.com.ar\/wp-content\/uploads\/2024\/03\/El-Pentaculo.mp4Ante todo, debemos comprender que el pent\u00e1culo es, en s\u00ed mismo, un s\u00edmbolo compuesto, integrado por un pentagrama cuyas 4 puntas que representan a los cuatro elementos (aire, tierra, fuego, agua) y la quinta punta superior representa el \u00e9ter (esp\u00edritu) dentro de un c\u00edrculo que evoca la perfecci\u00f3n,\u2026","rel":"","context":"Similar post","block_context":{"text":"Similar post","link":""},"img":{"alt_text":"","src":"","width":0,"height":0},"classes":[]},{"id":59,"url":"https:\/\/samhainlights.com.ar\/en\/wicca\/herramientas-magicas\/herramientas-principales\/el-caldero\/","url_meta":{"origin":61,"position":5},"title":"The Cauldron","author":"samhainlights","date":"March 13, 2021","format":false,"excerpt":"El caldero es\u00a0un recipiente de fondo c\u00f3ncavo y preferentemente met\u00e1lico, que utilizan las brujas y brujos para la transmutaci\u00f3n de los materiales que arrojan dentro de \u00e9l. Su funci\u00f3n de contenci\u00f3n est\u00e1 asociado al vientre materno, especificamente, es una herramienta asociada a las deidades femeninas en su aspecto de madre.\u2026","rel":"","context":"Similar post","block_context":{"text":"Similar post","link":""},"img":{"alt_text":"","src":"https:\/\/i0.wp.com\/samhainlights.com.ar\/wp-content\/uploads\/2021\/03\/photo_2021-03-09_07-13-37.jpg?resize=350%2C200&ssl=1","width":350,"height":200,"srcset":"https:\/\/i0.wp.com\/samhainlights.com.ar\/wp-content\/uploads\/2021\/03\/photo_2021-03-09_07-13-37.jpg?resize=350%2C200&ssl=1 1x, https:\/\/i0.wp.com\/samhainlights.com.ar\/wp-content\/uploads\/2021\/03\/photo_2021-03-09_07-13-37.jpg?resize=525%2C300&ssl=1 1.5x, https:\/\/i0.wp.com\/samhainlights.com.ar\/wp-content\/uploads\/2021\/03\/photo_2021-03-09_07-13-37.jpg?resize=700%2C400&ssl=1 2x"},"classes":[]}],"jetpack_sharing_enabled":true,"_links":{"self":[{"href":"https:\/\/samhainlights.com.ar\/en\/wp-json\/wp\/v2\/pages\/61","targetHints":{"allow":["GET"]}}],"collection":[{"href":"https:\/\/samhainlights.com.ar\/en\/wp-json\/wp\/v2\/pages"}],"about":[{"href":"https:\/\/samhainlights.com.ar\/en\/wp-json\/wp\/v2\/types\/page"}],"author":[{"embeddable":true,"href":"https:\/\/samhainlights.com.ar\/en\/wp-json\/wp\/v2\/users\/1"}],"replies":[{"embeddable":true,"href":"https:\/\/samhainlights.com.ar\/en\/wp-json\/wp\/v2\/comments?post=61"}],"version-history":[{"count":2,"href":"https:\/\/samhainlights.com.ar\/en\/wp-json\/wp\/v2\/pages\/61\/revisions"}],"predecessor-version":[{"id":63,"href":"https:\/\/samhainlights.com.ar\/en\/wp-json\/wp\/v2\/pages\/61\/revisions\/63"}],"up":[{"embeddable":true,"href":"https:\/\/samhainlights.com.ar\/en\/wp-json\/wp\/v2\/pages\/15"}],"wp:attachment":[{"href":"https:\/\/samhainlights.com.ar\/en\/wp-json\/wp\/v2\/media?parent=61"}],"curies":[{"name":"wp","href":"https:\/\/api.w.org\/{rel}","templated":true}]}}