{"id":597,"date":"2024-02-25T21:43:38","date_gmt":"2024-02-25T21:43:38","guid":{"rendered":"https:\/\/samhainlights.com.ar\/?page_id=597"},"modified":"2024-02-25T21:46:59","modified_gmt":"2024-02-25T21:46:59","slug":"pseudociencias-y-espiritualidad","status":"publish","type":"page","link":"https:\/\/samhainlights.com.ar\/en\/sobre-mi\/pseudociencias-y-espiritualidad\/","title":{"rendered":"Pseudosciences and Spirituality"},"content":{"rendered":"<div data-elementor-type=\"wp-post\" data-elementor-id=\"597\" class=\"elementor elementor-597\">\n\t\t\t\t\t\t<section class=\"elementor-section elementor-top-section elementor-element elementor-element-ded92ce elementor-section-boxed elementor-section-height-default elementor-section-height-default\" data-id=\"ded92ce\" data-element_type=\"section\" data-e-type=\"section\">\n\t\t\t\t\t\t<div class=\"elementor-container elementor-column-gap-default\">\n\t\t\t\t\t<div class=\"elementor-column elementor-col-100 elementor-top-column elementor-element elementor-element-47b4627\" data-id=\"47b4627\" data-element_type=\"column\" data-e-type=\"column\">\n\t\t\t<div class=\"elementor-widget-wrap elementor-element-populated\">\n\t\t\t\t\t\t<div class=\"elementor-element elementor-element-a49361c elementor-widget elementor-widget-heading\" data-id=\"a49361c\" data-element_type=\"widget\" data-e-type=\"widget\" data-widget_type=\"heading.default\">\n\t\t\t\t<div class=\"elementor-widget-container\">\n\t\t\t\t\t<h2 class=\"elementor-heading-title elementor-size-default\"><b>Lo que aprendemos no es Pseudociencia<\/b><\/h2>\t\t\t\t<\/div>\n\t\t\t\t<\/div>\n\t\t\t\t\t<\/div>\n\t\t<\/div>\n\t\t\t\t\t<\/div>\n\t\t<\/section>\n\t\t\t\t<section class=\"elementor-section elementor-top-section elementor-element elementor-element-b5a52c2 elementor-section-boxed elementor-section-height-default elementor-section-height-default\" data-id=\"b5a52c2\" data-element_type=\"section\" data-e-type=\"section\">\n\t\t\t\t\t\t<div class=\"elementor-container elementor-column-gap-default\">\n\t\t\t\t\t<div class=\"elementor-column elementor-col-33 elementor-top-column elementor-element elementor-element-c6df0ba\" data-id=\"c6df0ba\" data-element_type=\"column\" data-e-type=\"column\">\n\t\t\t<div class=\"elementor-widget-wrap elementor-element-populated\">\n\t\t\t\t\t\t<div class=\"elementor-element elementor-element-d127319 elementor-drop-cap-yes elementor-drop-cap-view-default elementor-widget elementor-widget-text-editor\" data-id=\"d127319\" data-element_type=\"widget\" data-e-type=\"widget\" data-settings=\"{&quot;drop_cap&quot;:&quot;yes&quot;}\" data-widget_type=\"text-editor.default\">\n\t\t\t\t<div class=\"elementor-widget-container\">\n\t\t\t\t\t\t\t\t\t<p style=\"text-align: left;\">De vez en cuando, casi como si fuera una batalla interminable, alguien sale en redes sociales a manifestar un pensamiento radical e invalidante sobre cualquier \u201cpseudociencia\u201d, y a veces un poco m\u00e1s all\u00e1 de ellas, en un ataque puntual sobre una determinada persona.<\/p><p style=\"text-align: left;\">Casi siempre la lectura de esas \u201creflexiones\u201d, que contienen m\u00e1s ignorancia que puntos v\u00e1lidos a ser tenidos en cuenta, me toman en la calle o ya cansado como para sentarme frente a la pantalla a redactar lo que hoy estoy compartiendo.<\/p><p style=\"text-align: left;\">Comencemos con definiciones b\u00e1sicas y puntuales para saber de qu\u00e9 estamos hablando.<\/p><p style=\"text-align: left;\">La pseudociencia es un conjunto de declaraciones, m\u00e9todos, creencias o pr\u00e1cticas que se presentan como cient\u00edficas o basadas en evidencia, pero que no siguen un m\u00e9todo cient\u00edfico reconocido y validado.<\/p><p style=\"text-align: left;\">Ahora bien, por definici\u00f3n, extraemos que para ser considerada pseudociencia una pr\u00e1ctica o creencia debe tener dos caracter\u00edsticas:<\/p><ul style=\"text-align: left;\"><li>Presentarse como cient\u00edfica o basada en la evidencia<\/li><li>Seguir un m\u00e9todo cient\u00edfico reconocido y avalado.<\/li><\/ul><p style=\"text-align: left;\">Es decir, deberia presentarse como un conocimiento cient\u00edfico. Y recordamos que la ciencia es un conjunto de conocimientos sistem\u00e1ticos comprobables que estudian, explican y predicen los fen\u00f3menos sociales, artificiales y naturales que nos rodean.<\/p><p style=\"text-align: left;\">La relaci\u00f3n que existe entonces entre ciencia y pseudociencia, tiene que ver tanto por la posibilidad de explicar el mundo f\u00edsico que nos rodea en t\u00e9rminos f\u00edsico-qu\u00edmicos, siguiendo un m\u00e9todo cient\u00edfico (que consiste en la observaci\u00f3n sistem\u00e1tica, medici\u00f3n, experimentaci\u00f3n y la formulaci\u00f3n, an\u00e1lisis y modificaci\u00f3n de hip\u00f3tesis; y cuya caracter\u00edstica principal es la falsabilidad y la reproducibilidad y repetibilidad de los resultados, corroborada por la revisi\u00f3n realizada por pares.) obteniendo finalmente los resultados que dar\u00e1n lugar a la evidencia.<\/p><p style=\"text-align: left;\">Ahora bien \u00bfEn d\u00f3nde caen las religiones, el chamanismo, la astrolog\u00eda, el tarot, el reiki, etc., etc., etc. para ser vapuleados con el peyorativo de \u201cpseudociencia\u201d? En ning\u00fan lado.<\/p><p style=\"text-align: left;\">Si las ciencias duras quieren debatir filos\u00f3ficamente o negar la factibilidad de las ciencias sociales ad eternum, quienes somos legos en esas materias, poco tenemos para aportar a una discusi\u00f3n que no nos pertenece.<\/p><p style=\"text-align: left;\">Nuestro \u00e1mbito de incumbencia son saberes no cient\u00edficos. Y aunque el m\u00e9todo a trav\u00e9s de los cuales obtenemos esos saberes es a trav\u00e9s de la experimentaci\u00f3n emp\u00edrica (Porque es inherente al ser humano aprender a base de prueba y error desde que somos infantes) es impensable que un saber no cient\u00edfico intente presentarse como tal.<\/p><p style=\"text-align: left;\">El error parte de pararse en una posici\u00f3n de analizar (sobre analizar) la existencia de los dem\u00e1s como si todos quisieran ser yo y quisieran hacer lo mismo que hago yo. Pues no, los saberes no cient\u00edficos no pretenden sustituir a las matem\u00e1ticas, ni a la f\u00edsica, ni a la qu\u00edmica, ni a la medicina, ni a la psicolog\u00eda. \u00c9sta \u00faltima considerada pseudociencia por las anteriores. No podr\u00edan hacerlo.<\/p><p style=\"text-align: left;\">Los saberes no cient\u00edficos, se ocupan de un \u00e1rea que la ciencia no puede explicar a\u00fan, y quiz\u00e1s aun no sea prioridad para ella, el componente espiritual de ese ser humano compuesto por mol\u00e9culas y procesos qu\u00edmicos que aun estando en perfecta salud f\u00edsica y mental mira las estrellas despues de un d\u00eda totalmente normal de trabajo contribuyendo al desarrollo de la sociedad en la que vive y se pregunta qu\u00e9 m\u00e1s podr\u00eda haber all\u00ed afuera, qu\u00e9 ocurrir\u00e1 despues de que la \u00faltima corriente el\u00e9ctrica apague todo su sistema f\u00edsico. \u00bfExiste algo que no ve, que no se haya podido explicar por las leyes de una ciencia exacta, natural o social y que haya afectado una decisi\u00f3n o un pensamiento a lo largo de su d\u00eda? Esa es la incumbencia de los saberes no cient\u00edficos, otra \u00e1rea, que no pretende explicar en la modernidad discusiones sobre el mundo f\u00edsico que ya han sido zanjadas por otras ciencias. Discusiones que pueden reavivarse en el futuro entre pares en post de nuevas formulaciones que lleven a un avance cient\u00edfico de la sociedad toda, que ser\u00e1n celebradas mas no debatidas por \u00e9stas otras \u00e1reas.<\/p><p style=\"text-align: left;\">Cuando alguna ciencia exacta o biol\u00f3gica pueda explicar en base a sus m\u00e9todos cient\u00edficos los fen\u00f3menos del mundo espiritual que los saberes no cient\u00edficos vienen cubriendo hace cientos y cientos de a\u00f1os, se podr\u00e1 abrir el debate, porque ser\u00e1 ese el momento exacto en el que la astrolog\u00eda, el chamanismo, el tarot, el reiki y otros tantos saberes no cient\u00edficos, requerir\u00e1n entrar en una discusi\u00f3n epistemol\u00f3gica que permita dar nuevas explicaciones de ese \u201cotro mundo\u201d del que se ha renegado y relegado tanto. Ni el oscurantismo ni el fanatismo f\u00e1ctico salvaran al mundo, s\u00f3lo la comprensi\u00f3n de la inmensidad de conocimiento que nos queda por descubrir para seguir evolucionando como especie.<\/p>\t\t\t\t\t\t\t\t<\/div>\n\t\t\t\t<\/div>\n\t\t\t\t\t<\/div>\n\t\t<\/div>\n\t\t\t\t<div class=\"elementor-column elementor-col-66 elementor-top-column elementor-element elementor-element-7a4bd6e\" data-id=\"7a4bd6e\" data-element_type=\"column\" data-e-type=\"column\">\n\t\t\t<div class=\"elementor-widget-wrap elementor-element-populated\">\n\t\t\t\t\t\t<div class=\"elementor-element elementor-element-8a09d2d elementor-widget elementor-widget-image\" data-id=\"8a09d2d\" data-element_type=\"widget\" data-e-type=\"widget\" data-widget_type=\"image.default\">\n\t\t\t\t<div class=\"elementor-widget-container\">\n\t\t\t\t\t\t\t\t\t\t\t\t\t\t\t<img fetchpriority=\"high\" decoding=\"async\" width=\"1707\" height=\"2560\" src=\"https:\/\/i0.wp.com\/samhainlights.com.ar\/wp-content\/uploads\/2024\/02\/pexels-mikhail-nilov-6932085-scaled.jpg?fit=1707%2C2560&amp;ssl=1\" class=\"attachment-full size-full wp-image-599\" alt=\"\" srcset=\"https:\/\/i0.wp.com\/samhainlights.com.ar\/wp-content\/uploads\/2024\/02\/pexels-mikhail-nilov-6932085-scaled.jpg?w=1707&amp;ssl=1 1707w, https:\/\/i0.wp.com\/samhainlights.com.ar\/wp-content\/uploads\/2024\/02\/pexels-mikhail-nilov-6932085-scaled.jpg?resize=200%2C300&amp;ssl=1 200w, https:\/\/i0.wp.com\/samhainlights.com.ar\/wp-content\/uploads\/2024\/02\/pexels-mikhail-nilov-6932085-scaled.jpg?resize=683%2C1024&amp;ssl=1 683w, https:\/\/i0.wp.com\/samhainlights.com.ar\/wp-content\/uploads\/2024\/02\/pexels-mikhail-nilov-6932085-scaled.jpg?resize=768%2C1152&amp;ssl=1 768w, https:\/\/i0.wp.com\/samhainlights.com.ar\/wp-content\/uploads\/2024\/02\/pexels-mikhail-nilov-6932085-scaled.jpg?resize=1024%2C1536&amp;ssl=1 1024w, https:\/\/i0.wp.com\/samhainlights.com.ar\/wp-content\/uploads\/2024\/02\/pexels-mikhail-nilov-6932085-scaled.jpg?resize=1365%2C2048&amp;ssl=1 1365w, https:\/\/i0.wp.com\/samhainlights.com.ar\/wp-content\/uploads\/2024\/02\/pexels-mikhail-nilov-6932085-scaled.jpg?resize=8%2C12&amp;ssl=1 8w, https:\/\/i0.wp.com\/samhainlights.com.ar\/wp-content\/uploads\/2024\/02\/pexels-mikhail-nilov-6932085-scaled.jpg?resize=324%2C486&amp;ssl=1 324w, https:\/\/i0.wp.com\/samhainlights.com.ar\/wp-content\/uploads\/2024\/02\/pexels-mikhail-nilov-6932085-scaled.jpg?resize=416%2C624&amp;ssl=1 416w\" sizes=\"(max-width: 980px) 100vw, 980px\" \/>\t\t\t\t\t\t\t\t\t\t\t\t\t\t\t<\/div>\n\t\t\t\t<\/div>\n\t\t\t\t\t<\/div>\n\t\t<\/div>\n\t\t\t\t\t<\/div>\n\t\t<\/section>\n\t\t\t\t<\/div>","protected":false},"excerpt":{"rendered":"<p>Lo que aprendemos no es Pseudociencia De vez en cuando, casi como si fuera una batalla interminable, alguien sale en redes sociales a manifestar un pensamiento radical e invalidante sobre cualquier \u201cpseudociencia\u201d, y a veces un poco m\u00e1s all\u00e1 de ellas, en un ataque puntual sobre una determinada persona. Casi siempre la lectura de esas [&hellip;]<\/p>\n","protected":false},"author":1,"featured_media":0,"parent":22,"menu_order":1,"comment_status":"closed","ping_status":"closed","template":"","meta":{"_eb_attr":"","om_disable_all_campaigns":false,"_monsterinsights_skip_tracking":false,"_monsterinsights_sitenote_active":false,"_monsterinsights_sitenote_note":"","_monsterinsights_sitenote_category":0,"footnotes":""},"class_list":["post-597","page","type-page","status-publish","hentry"],"aioseo_notices":[],"jetpack-related-posts":[{"id":334,"url":"https:\/\/samhainlights.com.ar\/en\/rituales\/basicos\/","url_meta":{"origin":597,"position":0},"title":"Basic","author":"samhainlights","date":"September 10, 2023","format":false,"excerpt":"Rituales B\u00e1sicos C\u00edrculo de protecci\u00f3n Ritual de Asentado","rel":"","context":"Similar post","block_context":{"text":"Similar post","link":""},"img":{"alt_text":"","src":"","width":0,"height":0},"classes":[]},{"id":339,"url":"https:\/\/samhainlights.com.ar\/en\/rituales\/basicos\/ritual-de-asentado\/","url_meta":{"origin":597,"position":1},"title":"Settling Ritual","author":"samhainlights","date":"September 10, 2023","format":false,"excerpt":"Ritual de asentado El ritual de asentado es una actividad post trabajos m\u00e1gicos en los cuales hemos levantado mucha energ\u00eda. Lo hacemos para liberar la energ\u00eda \"de sobra\" de manera segura y que la misma no afecte otras actividades diarias, y no nos afecte a nosotros mismos inclusive.El ejercicio es\u2026","rel":"","context":"Similar post","block_context":{"text":"Similar post","link":""},"img":{"alt_text":"","src":"https:\/\/i0.wp.com\/samhainlights.com.ar\/wp-content\/uploads\/2023\/09\/Asentado.png?resize=350%2C200&ssl=1","width":350,"height":200,"srcset":"https:\/\/i0.wp.com\/samhainlights.com.ar\/wp-content\/uploads\/2023\/09\/Asentado.png?resize=350%2C200&ssl=1 1x, https:\/\/i0.wp.com\/samhainlights.com.ar\/wp-content\/uploads\/2023\/09\/Asentado.png?resize=525%2C300&ssl=1 1.5x"},"classes":[]},{"id":327,"url":"https:\/\/samhainlights.com.ar\/en\/sabbats\/lughnasahd\/","url_meta":{"origin":597,"position":2},"title":"Lughnasahd","author":"samhainlights","date":"September 10, 2023","format":false,"excerpt":"Lughnasadh Arrancamos con la primera de las fiestas de la cosecha, con Lughnasadh. Aqu\u00ed en el hemisferio sur lo celebramos por calendario el 1 de febrero (1 de agosto en el HN), y quienes estamos mas orientados al calendario lunar, en la 2da luna llena posterior al solsticio de verano\u2026","rel":"","context":"Similar post","block_context":{"text":"Similar post","link":""},"img":{"alt_text":"","src":"https:\/\/i0.wp.com\/samhainlights.com.ar\/wp-content\/uploads\/2023\/09\/Lughnasadh-300x300.png?resize=350%2C200&ssl=1","width":350,"height":200},"classes":[]},{"id":371,"url":"https:\/\/samhainlights.com.ar\/en\/hechizos\/de-proteccion\/botella-de-bruja\/","url_meta":{"origin":597,"position":3},"title":"Witch bottle","author":"samhainlights","date":"September 10, 2023","format":false,"excerpt":"Una botella de bruja cumple la doble funci\u00f3n de recibir todo el da\u00f1o que sea enviado al brujo o bruja y al mismo tiempo act\u00faa como un artefacto que se encargar\u00e1 de devolver el mal autom\u00e1ticamente a la persona que nos lo envi\u00f3 Ingredientes * Una botella de vidrio\/cristal. La\u2026","rel":"","context":"Similar post","block_context":{"text":"Similar post","link":""},"img":{"alt_text":"","src":"https:\/\/i0.wp.com\/samhainlights.com.ar\/wp-content\/uploads\/2021\/03\/photo_2021-03-24_18-37-08-300x300.jpg?resize=350%2C200&ssl=1","width":350,"height":200},"classes":[]},{"id":609,"url":"https:\/\/samhainlights.com.ar\/en\/wicca\/herramientas-magicas\/herramientas-principales\/el-pentaculo\/","url_meta":{"origin":597,"position":4},"title":"The Pentacle","author":"samhainlights","date":"March 9, 2024","format":false,"excerpt":"El Pent\u00e1culo https:\/\/samhainlights.com.ar\/wp-content\/uploads\/2024\/03\/El-Pentaculo.mp4Ante todo, debemos comprender que el pent\u00e1culo es, en s\u00ed mismo, un s\u00edmbolo compuesto, integrado por un pentagrama cuyas 4 puntas que representan a los cuatro elementos (aire, tierra, fuego, agua) y la quinta punta superior representa el \u00e9ter (esp\u00edritu) dentro de un c\u00edrculo que evoca la perfecci\u00f3n,\u2026","rel":"","context":"Similar post","block_context":{"text":"Similar post","link":""},"img":{"alt_text":"","src":"","width":0,"height":0},"classes":[]},{"id":232,"url":"https:\/\/samhainlights.com.ar\/en\/sabbats\/imbolc\/","url_meta":{"origin":597,"position":5},"title":"Imbolc","author":"samhainlights","date":"September 10, 2023","format":false,"excerpt":"IMBOLC \u00bfEs imbolc una festividad moderna?Si y no.\u00a0El nombre de la festividad fue popularizado por la Wicca pero las raices celtas se remontan hasta hace mas de 5.300 a\u00f1os. En Irlanda, en las afueras de Kells, condado de Meath, precisamente en un tumulo conocido como el Tumulo L se han\u2026","rel":"","context":"Similar post","block_context":{"text":"Similar post","link":""},"img":{"alt_text":"","src":"https:\/\/i0.wp.com\/samhainlights.com.ar\/wp-content\/uploads\/2023\/09\/Imbolc-1-300x300.jpg?resize=350%2C200&ssl=1","width":350,"height":200},"classes":[]}],"jetpack_sharing_enabled":true,"_links":{"self":[{"href":"https:\/\/samhainlights.com.ar\/en\/wp-json\/wp\/v2\/pages\/597","targetHints":{"allow":["GET"]}}],"collection":[{"href":"https:\/\/samhainlights.com.ar\/en\/wp-json\/wp\/v2\/pages"}],"about":[{"href":"https:\/\/samhainlights.com.ar\/en\/wp-json\/wp\/v2\/types\/page"}],"author":[{"embeddable":true,"href":"https:\/\/samhainlights.com.ar\/en\/wp-json\/wp\/v2\/users\/1"}],"replies":[{"embeddable":true,"href":"https:\/\/samhainlights.com.ar\/en\/wp-json\/wp\/v2\/comments?post=597"}],"version-history":[{"count":5,"href":"https:\/\/samhainlights.com.ar\/en\/wp-json\/wp\/v2\/pages\/597\/revisions"}],"predecessor-version":[{"id":603,"href":"https:\/\/samhainlights.com.ar\/en\/wp-json\/wp\/v2\/pages\/597\/revisions\/603"}],"up":[{"embeddable":true,"href":"https:\/\/samhainlights.com.ar\/en\/wp-json\/wp\/v2\/pages\/22"}],"wp:attachment":[{"href":"https:\/\/samhainlights.com.ar\/en\/wp-json\/wp\/v2\/media?parent=597"}],"curies":[{"name":"wp","href":"https:\/\/api.w.org\/{rel}","templated":true}]}}