{"id":557,"date":"2023-09-23T20:31:27","date_gmt":"2023-09-23T20:31:27","guid":{"rendered":"https:\/\/samhainlights.com.ar\/?page_id=557"},"modified":"2023-09-23T21:01:39","modified_gmt":"2023-09-23T21:01:39","slug":"hierbas-magicas","status":"publish","type":"page","link":"https:\/\/samhainlights.com.ar\/en\/wicca\/hierbas-magicas\/","title":{"rendered":"Magic Herbs"},"content":{"rendered":"<div data-elementor-type=\"wp-page\" data-elementor-id=\"557\" class=\"elementor elementor-557\">\n\t\t\t\t\t\t<section class=\"elementor-section elementor-top-section elementor-element elementor-element-f41a298 elementor-section-boxed elementor-section-height-default elementor-section-height-default\" data-id=\"f41a298\" data-element_type=\"section\" data-e-type=\"section\">\n\t\t\t\t\t\t<div class=\"elementor-container elementor-column-gap-default\">\n\t\t\t\t\t<div class=\"elementor-column elementor-col-100 elementor-top-column elementor-element elementor-element-d3b9a58\" data-id=\"d3b9a58\" data-element_type=\"column\" data-e-type=\"column\">\n\t\t\t<div class=\"elementor-widget-wrap elementor-element-populated\">\n\t\t\t\t\t\t<div class=\"elementor-element elementor-element-f92ff66 elementor-widget elementor-widget-heading\" data-id=\"f92ff66\" data-element_type=\"widget\" data-e-type=\"widget\" data-widget_type=\"heading.default\">\n\t\t\t\t<div class=\"elementor-widget-container\">\n\t\t\t\t\t<h2 class=\"elementor-heading-title elementor-size-default\">List of herbs and esoteric uses<\/h2>\t\t\t\t<\/div>\n\t\t\t\t<\/div>\n\t\t\t\t\t<\/div>\n\t\t<\/div>\n\t\t\t\t\t<\/div>\n\t\t<\/section>\n\t\t\t\t<section class=\"elementor-section elementor-top-section elementor-element elementor-element-4cc1fff elementor-section-boxed elementor-section-height-default elementor-section-height-default\" data-id=\"4cc1fff\" data-element_type=\"section\" data-e-type=\"section\">\n\t\t\t\t\t\t<div class=\"elementor-container elementor-column-gap-default\">\n\t\t\t\t\t<div class=\"elementor-column elementor-col-100 elementor-top-column elementor-element elementor-element-6960997\" data-id=\"6960997\" data-element_type=\"column\" data-e-type=\"column\">\n\t\t\t<div class=\"elementor-widget-wrap\">\n\t\t\t\t\t\t\t<\/div>\n\t\t<\/div>\n\t\t\t\t\t<\/div>\n\t\t<\/section>\n\t\t\t\t<section class=\"elementor-section elementor-top-section elementor-element elementor-element-b11fff4 elementor-section-boxed elementor-section-height-default elementor-section-height-default\" data-id=\"b11fff4\" data-element_type=\"section\" data-e-type=\"section\">\n\t\t\t\t\t\t<div class=\"elementor-container elementor-column-gap-default\">\n\t\t\t\t\t<div class=\"elementor-column elementor-col-20 elementor-top-column elementor-element elementor-element-0fddc07\" data-id=\"0fddc07\" data-element_type=\"column\" data-e-type=\"column\">\n\t\t\t<div class=\"elementor-widget-wrap elementor-element-populated\">\n\t\t\t\t\t\t<div class=\"elementor-element elementor-element-575bb42 elementor-widget elementor-widget-text-editor\" data-id=\"575bb42\" data-element_type=\"widget\" data-e-type=\"widget\" data-widget_type=\"text-editor.default\">\n\t\t\t\t<div class=\"elementor-widget-container\">\n\t\t\t\t\t\t\t\t\t<p style=\"text-align: center;\"><strong>Herb<\/strong><\/p>\t\t\t\t\t\t\t\t<\/div>\n\t\t\t\t<\/div>\n\t\t\t\t\t<\/div>\n\t\t<\/div>\n\t\t\t\t<div class=\"elementor-column elementor-col-20 elementor-top-column elementor-element elementor-element-009c616\" data-id=\"009c616\" data-element_type=\"column\" data-e-type=\"column\">\n\t\t\t<div class=\"elementor-widget-wrap elementor-element-populated\">\n\t\t\t\t\t\t<div class=\"elementor-element elementor-element-abebb3a elementor-widget elementor-widget-text-editor\" data-id=\"abebb3a\" data-element_type=\"widget\" data-e-type=\"widget\" data-widget_type=\"text-editor.default\">\n\t\t\t\t<div class=\"elementor-widget-container\">\n\t\t\t\t\t\t\t\t\t<p style=\"text-align: center;\"><strong>Gender<\/strong><\/p>\t\t\t\t\t\t\t\t<\/div>\n\t\t\t\t<\/div>\n\t\t\t\t\t<\/div>\n\t\t<\/div>\n\t\t\t\t<div class=\"elementor-column elementor-col-20 elementor-top-column elementor-element elementor-element-fe4f5f0\" data-id=\"fe4f5f0\" data-element_type=\"column\" data-e-type=\"column\">\n\t\t\t<div class=\"elementor-widget-wrap elementor-element-populated\">\n\t\t\t\t\t\t<div class=\"elementor-element elementor-element-d0d3104 elementor-widget elementor-widget-text-editor\" data-id=\"d0d3104\" data-element_type=\"widget\" data-e-type=\"widget\" data-widget_type=\"text-editor.default\">\n\t\t\t\t<div class=\"elementor-widget-container\">\n\t\t\t\t\t\t\t\t\t<p style=\"text-align: center;\"><strong>Planet<\/strong><\/p>\t\t\t\t\t\t\t\t<\/div>\n\t\t\t\t<\/div>\n\t\t\t\t\t<\/div>\n\t\t<\/div>\n\t\t\t\t<div class=\"elementor-column elementor-col-20 elementor-top-column elementor-element elementor-element-f027e8e\" data-id=\"f027e8e\" data-element_type=\"column\" data-e-type=\"column\">\n\t\t\t<div class=\"elementor-widget-wrap elementor-element-populated\">\n\t\t\t\t\t\t<div class=\"elementor-element elementor-element-9a96882 elementor-widget elementor-widget-text-editor\" data-id=\"9a96882\" data-element_type=\"widget\" data-e-type=\"widget\" data-widget_type=\"text-editor.default\">\n\t\t\t\t<div class=\"elementor-widget-container\">\n\t\t\t\t\t\t\t\t\t<p style=\"text-align: center;\"><strong>Element<\/strong><\/p>\t\t\t\t\t\t\t\t<\/div>\n\t\t\t\t<\/div>\n\t\t\t\t\t<\/div>\n\t\t<\/div>\n\t\t\t\t<div class=\"elementor-column elementor-col-20 elementor-top-column elementor-element elementor-element-9a80c9b\" data-id=\"9a80c9b\" data-element_type=\"column\" data-e-type=\"column\">\n\t\t\t<div class=\"elementor-widget-wrap elementor-element-populated\">\n\t\t\t\t\t\t<div class=\"elementor-element elementor-element-964a30d elementor-widget elementor-widget-text-editor\" data-id=\"964a30d\" data-element_type=\"widget\" data-e-type=\"widget\" data-widget_type=\"text-editor.default\">\n\t\t\t\t<div class=\"elementor-widget-container\">\n\t\t\t\t\t\t\t\t\t<p><strong>Esoteric uses<\/strong><\/p>\t\t\t\t\t\t\t\t<\/div>\n\t\t\t\t<\/div>\n\t\t\t\t\t<\/div>\n\t\t<\/div>\n\t\t\t\t\t<\/div>\n\t\t<\/section>\n\t\t\t\t<section class=\"elementor-section elementor-top-section elementor-element elementor-element-5135eac elementor-section-boxed elementor-section-height-default elementor-section-height-default\" data-id=\"5135eac\" data-element_type=\"section\" data-e-type=\"section\">\n\t\t\t\t\t\t<div class=\"elementor-container elementor-column-gap-default\">\n\t\t\t\t\t<div class=\"elementor-column elementor-col-100 elementor-top-column elementor-element elementor-element-e408bca\" data-id=\"e408bca\" data-element_type=\"column\" data-e-type=\"column\">\n\t\t\t<div class=\"elementor-widget-wrap elementor-element-populated\">\n\t\t\t\t\t\t<div class=\"elementor-element elementor-element-9aa13aa elementor-widget elementor-widget-text-editor\" data-id=\"9aa13aa\" data-element_type=\"widget\" data-e-type=\"widget\" data-widget_type=\"text-editor.default\">\n\t\t\t\t<div class=\"elementor-widget-container\">\n\t\t\t\t\t\t\t\t\t<table width=\"955\"><tbody><tr><td width=\"98\">Birch<\/td><td width=\"70\">Feminine<\/td><td width=\"63\">Venus<\/td><td width=\"67\">Water<\/td><td width=\"657\">Protection, purification and exorcism.<\/td><\/tr><tr><td>Avocado<\/td><td>Feminine<\/td><td>Venus<\/td><td>Water<\/td><td>Love, desire and beauty.<\/td><\/tr><tr><td>Wormwood<\/td><td>Masculine<\/td><td>Mars<\/td><td>Fire<\/td><td>Protection, love, invocation of spirits and psychic powers.<\/td><\/tr><tr><td>Garlic<\/td><td>Masculine<\/td><td>\u00a0<\/td><td>Fire<\/td><td>Protection, exorcism, wish, healing and anti-theft.<\/td><\/tr><tr><td>Basil<\/td><td>Masculine<\/td><td>Mars<\/td><td>Fire<\/td><td>Protection, exorcism, love and wealth.<\/td><\/tr><tr><td>Camphor<\/td><td>Feminine<\/td><td>Moon<\/td><td>Water<\/td><td>Healing, chastity and divination.<\/td><\/tr><tr><td>Alfalfa<\/td><td>Feminine<\/td><td>Venus<\/td><td>Earth<\/td><td>Wealth<\/td><\/tr><tr><td>Cotton<\/td><td>Feminine<\/td><td>Moon<\/td><td>Earth<\/td><td>Protection, healing, luck and rain.<\/td><\/tr><tr><td>Almond<\/td><td>Masculine<\/td><td>Mercury<\/td><td>Air<\/td><td>Money and wisdom.<\/td><\/tr><tr><td>Aloe<\/td><td>Feminine<\/td><td>Moon<\/td><td>Water<\/td><td>Protection and luck.<\/td><\/tr><tr><td>Poppy<\/td><td>Feminine<\/td><td>Moon<\/td><td>Water<\/td><td>Wish, money, fertility, dreams and invisibility.<\/td><\/tr><tr><td>Anise<\/td><td>Masculine<\/td><td>Jupiter<\/td><td>Air<\/td><td>Protection, purification and beauty.<\/td><\/tr><tr><td>Celery<\/td><td>Masculine<\/td><td>Mercury<\/td><td>Fire<\/td><td>Wish and psychic powers.<\/td><\/tr><tr><td>Rice<\/td><td>Masculine<\/td><td>Sun<\/td><td>Air<\/td><td>Protection, money, rain and fertility.<\/td><\/tr><tr><td>Oat<\/td><td>Feminine<\/td><td>Venus<\/td><td>Earth<\/td><td>Money<\/td><\/tr><tr><td>Bamboo<\/td><td>Masculine<\/td><td>No data<\/td><td>No data<\/td><td>Protection, wish, luck and undoing spells.<\/td><\/tr><tr><td>Banana<\/td><td>Feminine<\/td><td>Venus<\/td><td>Water<\/td><td>Money and fertility.<\/td><\/tr><tr><td>Benzoin<\/td><td>Masculine<\/td><td>Sun<\/td><td>Air<\/td><td>Protection and money.<\/td><\/tr><tr><td>Cactus<\/td><td>No data<\/td><td>No data<\/td><td>No data<\/td><td>Protection and chastity.<\/td><\/tr><tr><td>Pumpkin<\/td><td>Feminine<\/td><td>Moon<\/td><td>Water<\/td><td>Protection<\/td><\/tr><tr><td>Cinnamon<\/td><td>Masculine<\/td><td>Sun<\/td><td>Fire<\/td><td>Protection, love, sexual desire, psychic powers, healing, wealth, success and power.<\/td><\/tr><tr><td>Sugar cane<\/td><td>Feminine<\/td><td>Venus<\/td><td>Water<\/td><td>Love and sexual desire.<\/td><\/tr><tr><td>Cardamom<\/td><td>Feminine<\/td><td>Venus<\/td><td>Water<\/td><td>Love and sexual desire.<\/td><\/tr><tr><td>Onion<\/td><td>Masculine<\/td><td>Mars<\/td><td>Fire<\/td><td>Protection, exorcism, sexual desire, healing, wealth and dreams.<\/td><\/tr><tr><td>Cedar<\/td><td>Masculine<\/td><td>Sun<\/td><td>Fire<\/td><td>Protection, purification, healing and money.<\/td><\/tr><tr><td>Cereals<\/td><td>No data<\/td><td>No data<\/td><td>No data<\/td><td>Protection<\/td><\/tr><tr><td>Cherry<\/td><td>Feminine<\/td><td>Venus<\/td><td>Water<\/td><td>Wishes and divination.<\/td><\/tr><tr><td>Carnation<\/td><td>Masculine<\/td><td>Sun<\/td><td>Fire<\/td><td>Protection and healing.<\/td><\/tr><tr><td>Clove<\/td><td>Masculine<\/td><td>Jupiter<\/td><td>Fire<\/td><td>Protection, exorcism, love and money.<\/td><\/tr><tr><td>Coconut<\/td><td>Feminine<\/td><td>Moon<\/td><td>Water<\/td><td>Protection, purification and chastity.<\/td><\/tr><tr><td>Cumin<\/td><td>Masculine<\/td><td>Mars<\/td><td>Fire<\/td><td>Protection, exorcism, anti-theft and fertility.<\/td><\/tr><tr><td>Copal<\/td><td>Masculine<\/td><td>Sun<\/td><td>Fire<\/td><td>Purification and love.<\/td><\/tr><tr><td>Juniper<\/td><td>Masculine<\/td><td>Sun<\/td><td>Fire<\/td><td>Protection, exorcism, love, healing and anti-theft.<\/td><\/tr><tr><td>Eucalyptus<\/td><td>Feminine<\/td><td>Moon<\/td><td>Water<\/td><td>Protection and healing.<\/td><\/tr><tr><td>Raspberry<\/td><td>Feminine<\/td><td>Venus<\/td><td>Water<\/td><td>Protection and love.<\/td><\/tr><tr><td>Strawberry<\/td><td>Feminine<\/td><td>Venus<\/td><td>Water<\/td><td>Love and luck.<\/td><\/tr><tr><td>Gardenia<\/td><td>Feminine<\/td><td>Moon<\/td><td>Water<\/td><td>Love, health, peace and spirituality.<\/td><\/tr><tr><td>Geranium<\/td><td>Feminine<\/td><td>Venus<\/td><td>Water<\/td><td>Protection, love, health and money.<\/td><\/tr><tr><td>Ginseng<\/td><td>Masculine<\/td><td>Sun<\/td><td>Fire<\/td><td>Protection, love, sexual desire and beauty.<\/td><\/tr><tr><td>Sunflower<\/td><td>Masculine<\/td><td>Sun<\/td><td>Fire<\/td><td>Wishes, health, wisdom and fertility.<\/td><\/tr><tr><td>Pomegranate<\/td><td>Masculine<\/td><td>Mercury<\/td><td>Fire<\/td><td>Wishes, money, luck, fertility and divination.<\/td><\/tr><tr><td>Fern<\/td><td>Masculine<\/td><td>Mercury<\/td><td>Air<\/td><td>Protection, exorcism, beauty, money, luck and rain.<\/td><\/tr><tr><td>Peppermint<\/td><td>Masculine<\/td><td>Mercury<\/td><td>Air<\/td><td>Protection, exorcism, sexual desire, health, wealth and travel.<\/td><\/tr><tr><td>Jasmine<\/td><td>Feminine<\/td><td>Moon<\/td><td>Water<\/td><td>Love, money and dreams.<\/td><\/tr><tr><td>Laurel<\/td><td>Masculine<\/td><td>Sun<\/td><td>Fire<\/td><td>Protection, purification, psychic powers and health.<\/td><\/tr><tr><td>Lilac<\/td><td>Feminine<\/td><td>Venus<\/td><td>Water<\/td><td>Protection and exorcism.<\/td><\/tr><tr><td>Lime<\/td><td>Masculine<\/td><td>Sun<\/td><td>Fire<\/td><td>Protection, love and health.<\/td><\/tr><tr><td>Lemon<\/td><td>Feminine<\/td><td>Moon<\/td><td>Water<\/td><td>Purification, love and beauty.<\/td><\/tr><tr><td>Lily<\/td><td>Feminine<\/td><td>Moon<\/td><td>Water<\/td><td>Protection and undoing spells.<\/td><\/tr><tr><td>Lotus<\/td><td>Feminine<\/td><td>Moon<\/td><td>Water<\/td><td>Protection and opening of locks.<\/td><\/tr><tr><td>Woodbine<\/td><td>Masculine<\/td><td>Jupiter<\/td><td>Earth<\/td><td>Protection, psychic powers and money.<\/td><\/tr><tr><td>Corn<\/td><td>Feminine<\/td><td>Venus<\/td><td>Earth<\/td><td>Protection, divination and luck.<\/td><\/tr><tr><td>Mandrake<\/td><td>Masculine<\/td><td>Mercury<\/td><td>Fire<\/td><td>Protection, love, health, money and fertility.<\/td><\/tr><tr><td>Apple<\/td><td>Feminine<\/td><td>Venus<\/td><td>Water<\/td><td>Love and health.<\/td><\/tr><tr><td>Marjoram<\/td><td>Masculine<\/td><td>Mercury<\/td><td>Air<\/td><td>Protection, love and money.<\/td><\/tr><tr><td>Mint<\/td><td>Masculine<\/td><td>Mercury<\/td><td>Fire<\/td><td>Purification, love, psychic powers, health and dreams.<\/td><\/tr><tr><td>Yarrow<\/td><td>Feminine<\/td><td>Venus<\/td><td>Water<\/td><td>Exorcism, love, psychic powers and courage.<\/td><\/tr><tr><td>Myrrh<\/td><td>Feminine<\/td><td>Moon<\/td><td>Water<\/td><td>Protection, exorcism, health and spirituality.<\/td><\/tr><tr><td>Mistletoe<\/td><td>Masculine<\/td><td>Sun<\/td><td>Air<\/td><td>Protection, exorcism, love, health and fertility.<\/td><\/tr><tr><td>Orange<\/td><td>Masculine<\/td><td>Sun<\/td><td>Fire<\/td><td>Love, money, luck and fortune telling.<\/td><\/tr><tr><td>Orchid<\/td><td>Feminine<\/td><td>Venus<\/td><td>Water<\/td><td>Love<\/td><\/tr><tr><td>Patchouli<\/td><td>Feminine<\/td><td>Saturn<\/td><td>Earth<\/td><td>Sexual desire, money and fertility.<\/td><\/tr><tr><td>Straw<\/td><td>No data<\/td><td>No data<\/td><td>No data<\/td><td>Luck<\/td><\/tr><tr><td>Pine tree<\/td><td>Masculine<\/td><td>Mars<\/td><td>Air<\/td><td>Protection, exorcism, health, money and fertility.<\/td><\/tr><tr><td>Oak<\/td><td>Masculine<\/td><td>Sun<\/td><td>Fire<\/td><td>Protection, health, money, luck and fertility.<\/td><\/tr><tr><td>Rosemary<\/td><td>Masculine<\/td><td>Sun<\/td><td>Fire<\/td><td>Protection, purification, exorcism, love, sexual desire, beauty, psychic powers, healing and dreams.<\/td><\/tr><tr><td>Rose<\/td><td>Feminine<\/td><td>Venus<\/td><td>Water<\/td><td>Protection, love, psychic powers, health and luck.<\/td><\/tr><tr><td>Rue<\/td><td>Masculine<\/td><td>Mars<\/td><td>Fire<\/td><td>Exorcism, love, psychic powers and health.<\/td><\/tr><tr><td>Sage<\/td><td>Masculine<\/td><td>Jupiter<\/td><td>Air<\/td><td>Protection, wishes and wisdom.<\/td><\/tr><tr><td>Sandalwood<\/td><td>Feminine<\/td><td>Moon<\/td><td>Water<\/td><td>Protection, exorcism, wishes, health and spirituality.<\/td><\/tr><tr><td>Willow<\/td><td>Feminine<\/td><td>Moon<\/td><td>Water<\/td><td>Protection, love, health and divination.<\/td><\/tr><tr><td>Elder<\/td><td>Feminine<\/td><td>Venus<\/td><td>Water<\/td><td>Protection, exorcism, health, money and dreams<\/td><\/tr><tr><td>Clover<\/td><td>Masculine<\/td><td>Mercury<\/td><td>Air<\/td><td>Protection, exorcism, love, wealth and success.<\/td><\/tr><tr><td>Vanilla<\/td><td>Feminine<\/td><td>Venus<\/td><td>Water<\/td><td>Love, sexual desire and psychic powers.<\/td><\/tr><tr><td>Verbena<\/td><td>Feminine<\/td><td>Venus<\/td><td>Earth<\/td><td>Protection, purification, love, wishes, health, money, dreams and peace.<\/td><\/tr><\/tbody><\/table>\t\t\t\t\t\t\t\t<\/div>\n\t\t\t\t<\/div>\n\t\t\t\t\t<\/div>\n\t\t<\/div>\n\t\t\t\t\t<\/div>\n\t\t<\/section>\n\t\t\t\t<\/div>","protected":false},"excerpt":{"rendered":"<p>Listado de hierbas y usos esot\u00e9ricos Hierba G\u00e9nero Planeta Elemento Usos esot\u00e9ricos Abedul Femenino Venus Agua Protecci\u00f3n, purificaci\u00f3n y exorcismo. Aguacate Femenino Venus Agua Amor, deseo y belleza. Ajenjo Masculino Marte Fuego Protecci\u00f3n, amor, invocaci\u00f3n de esp\u00edritus y poderes ps\u00edquicos. Ajo Masculino \u00a0 Fuego Protecci\u00f3n, exorcismo, deseo, curaci\u00f3n y antirrobo. Albahaca Masculino Marte Fuego Protecci\u00f3n, [&hellip;]<\/p>\n","protected":false},"author":1,"featured_media":0,"parent":15,"menu_order":0,"comment_status":"closed","ping_status":"closed","template":"","meta":{"_eb_attr":"","om_disable_all_campaigns":false,"_monsterinsights_skip_tracking":false,"_monsterinsights_sitenote_active":false,"_monsterinsights_sitenote_note":"","_monsterinsights_sitenote_category":0,"footnotes":""},"class_list":["post-557","page","type-page","status-publish","hentry"],"aioseo_notices":[],"jetpack-related-posts":[{"id":334,"url":"https:\/\/samhainlights.com.ar\/en\/rituales\/basicos\/","url_meta":{"origin":557,"position":0},"title":"Basic","author":"samhainlights","date":"September 10, 2023","format":false,"excerpt":"Rituales B\u00e1sicos C\u00edrculo de protecci\u00f3n Ritual de Asentado","rel":"","context":"Similar post","block_context":{"text":"Similar post","link":""},"img":{"alt_text":"","src":"","width":0,"height":0},"classes":[]},{"id":339,"url":"https:\/\/samhainlights.com.ar\/en\/rituales\/basicos\/ritual-de-asentado\/","url_meta":{"origin":557,"position":1},"title":"Settling Ritual","author":"samhainlights","date":"September 10, 2023","format":false,"excerpt":"Ritual de asentado El ritual de asentado es una actividad post trabajos m\u00e1gicos en los cuales hemos levantado mucha energ\u00eda. Lo hacemos para liberar la energ\u00eda \"de sobra\" de manera segura y que la misma no afecte otras actividades diarias, y no nos afecte a nosotros mismos inclusive.El ejercicio es\u2026","rel":"","context":"Similar post","block_context":{"text":"Similar post","link":""},"img":{"alt_text":"","src":"https:\/\/i0.wp.com\/samhainlights.com.ar\/wp-content\/uploads\/2023\/09\/Asentado.png?resize=350%2C200&ssl=1","width":350,"height":200,"srcset":"https:\/\/i0.wp.com\/samhainlights.com.ar\/wp-content\/uploads\/2023\/09\/Asentado.png?resize=350%2C200&ssl=1 1x, https:\/\/i0.wp.com\/samhainlights.com.ar\/wp-content\/uploads\/2023\/09\/Asentado.png?resize=525%2C300&ssl=1 1.5x"},"classes":[]},{"id":327,"url":"https:\/\/samhainlights.com.ar\/en\/sabbats\/lughnasahd\/","url_meta":{"origin":557,"position":2},"title":"Lughnasahd","author":"samhainlights","date":"September 10, 2023","format":false,"excerpt":"Lughnasadh Arrancamos con la primera de las fiestas de la cosecha, con Lughnasadh. Aqu\u00ed en el hemisferio sur lo celebramos por calendario el 1 de febrero (1 de agosto en el HN), y quienes estamos mas orientados al calendario lunar, en la 2da luna llena posterior al solsticio de verano\u2026","rel":"","context":"Similar post","block_context":{"text":"Similar post","link":""},"img":{"alt_text":"","src":"https:\/\/i0.wp.com\/samhainlights.com.ar\/wp-content\/uploads\/2023\/09\/Lughnasadh-300x300.png?resize=350%2C200&ssl=1","width":350,"height":200},"classes":[]},{"id":371,"url":"https:\/\/samhainlights.com.ar\/en\/hechizos\/de-proteccion\/botella-de-bruja\/","url_meta":{"origin":557,"position":3},"title":"Witch bottle","author":"samhainlights","date":"September 10, 2023","format":false,"excerpt":"Una botella de bruja cumple la doble funci\u00f3n de recibir todo el da\u00f1o que sea enviado al brujo o bruja y al mismo tiempo act\u00faa como un artefacto que se encargar\u00e1 de devolver el mal autom\u00e1ticamente a la persona que nos lo envi\u00f3 Ingredientes * Una botella de vidrio\/cristal. La\u2026","rel":"","context":"Similar post","block_context":{"text":"Similar post","link":""},"img":{"alt_text":"","src":"https:\/\/i0.wp.com\/samhainlights.com.ar\/wp-content\/uploads\/2021\/03\/photo_2021-03-24_18-37-08-300x300.jpg?resize=350%2C200&ssl=1","width":350,"height":200},"classes":[]},{"id":609,"url":"https:\/\/samhainlights.com.ar\/en\/wicca\/herramientas-magicas\/herramientas-principales\/el-pentaculo\/","url_meta":{"origin":557,"position":4},"title":"The Pentacle","author":"samhainlights","date":"March 9, 2024","format":false,"excerpt":"El Pent\u00e1culo https:\/\/samhainlights.com.ar\/wp-content\/uploads\/2024\/03\/El-Pentaculo.mp4Ante todo, debemos comprender que el pent\u00e1culo es, en s\u00ed mismo, un s\u00edmbolo compuesto, integrado por un pentagrama cuyas 4 puntas que representan a los cuatro elementos (aire, tierra, fuego, agua) y la quinta punta superior representa el \u00e9ter (esp\u00edritu) dentro de un c\u00edrculo que evoca la perfecci\u00f3n,\u2026","rel":"","context":"Similar post","block_context":{"text":"Similar post","link":""},"img":{"alt_text":"","src":"","width":0,"height":0},"classes":[]},{"id":232,"url":"https:\/\/samhainlights.com.ar\/en\/sabbats\/imbolc\/","url_meta":{"origin":557,"position":5},"title":"Imbolc","author":"samhainlights","date":"September 10, 2023","format":false,"excerpt":"IMBOLC \u00bfEs imbolc una festividad moderna?Si y no.\u00a0El nombre de la festividad fue popularizado por la Wicca pero las raices celtas se remontan hasta hace mas de 5.300 a\u00f1os. En Irlanda, en las afueras de Kells, condado de Meath, precisamente en un tumulo conocido como el Tumulo L se han\u2026","rel":"","context":"Similar post","block_context":{"text":"Similar post","link":""},"img":{"alt_text":"","src":"https:\/\/i0.wp.com\/samhainlights.com.ar\/wp-content\/uploads\/2023\/09\/Imbolc-1-300x300.jpg?resize=350%2C200&ssl=1","width":350,"height":200},"classes":[]}],"jetpack_sharing_enabled":true,"_links":{"self":[{"href":"https:\/\/samhainlights.com.ar\/en\/wp-json\/wp\/v2\/pages\/557","targetHints":{"allow":["GET"]}}],"collection":[{"href":"https:\/\/samhainlights.com.ar\/en\/wp-json\/wp\/v2\/pages"}],"about":[{"href":"https:\/\/samhainlights.com.ar\/en\/wp-json\/wp\/v2\/types\/page"}],"author":[{"embeddable":true,"href":"https:\/\/samhainlights.com.ar\/en\/wp-json\/wp\/v2\/users\/1"}],"replies":[{"embeddable":true,"href":"https:\/\/samhainlights.com.ar\/en\/wp-json\/wp\/v2\/comments?post=557"}],"version-history":[{"count":11,"href":"https:\/\/samhainlights.com.ar\/en\/wp-json\/wp\/v2\/pages\/557\/revisions"}],"predecessor-version":[{"id":570,"href":"https:\/\/samhainlights.com.ar\/en\/wp-json\/wp\/v2\/pages\/557\/revisions\/570"}],"up":[{"embeddable":true,"href":"https:\/\/samhainlights.com.ar\/en\/wp-json\/wp\/v2\/pages\/15"}],"wp:attachment":[{"href":"https:\/\/samhainlights.com.ar\/en\/wp-json\/wp\/v2\/media?parent=557"}],"curies":[{"name":"wp","href":"https:\/\/api.w.org\/{rel}","templated":true}]}}