{"id":494,"date":"2023-09-16T23:09:14","date_gmt":"2023-09-16T23:09:14","guid":{"rendered":"https:\/\/samhainlights.com.ar\/preguntas-frecuentes\/"},"modified":"2023-09-17T03:35:55","modified_gmt":"2023-09-17T03:35:55","slug":"preguntas-frecuentes","status":"publish","type":"page","link":"https:\/\/samhainlights.com.ar\/en\/preguntas-frecuentes\/","title":{"rendered":"FAQ"},"content":{"rendered":"<div data-elementor-type=\"wp-page\" data-elementor-id=\"494\" class=\"elementor elementor-494\">\n\t\t\t\t\t\t<section class=\"elementor-section elementor-top-section elementor-element elementor-element-b37a901 elementor-section-boxed elementor-section-height-default elementor-section-height-default\" data-id=\"b37a901\" data-element_type=\"section\" data-e-type=\"section\">\n\t\t\t\t\t\t<div class=\"elementor-container elementor-column-gap-default\">\n\t\t\t\t\t<div class=\"elementor-column elementor-col-100 elementor-top-column elementor-element elementor-element-4b73c7b\" data-id=\"4b73c7b\" data-element_type=\"column\" data-e-type=\"column\">\n\t\t\t<div class=\"elementor-widget-wrap elementor-element-populated\">\n\t\t\t\t\t\t<div class=\"elementor-element elementor-element-c1bc480 elementor-widget elementor-widget-text-editor\" data-id=\"c1bc480\" data-element_type=\"widget\" data-e-type=\"widget\" data-widget_type=\"text-editor.default\">\n\t\t\t\t<div class=\"elementor-widget-container\">\n\t\t\t\t\t\t\t\t\t<p><\/p>\t\t\t\t\t\t\t\t<\/div>\n\t\t\t\t<\/div>\n\t\t\t\t\t<\/div>\n\t\t<\/div>\n\t\t\t\t\t<\/div>\n\t\t<\/section>\n\t\t\t\t<\/div>","protected":false},"excerpt":{"rendered":"","protected":false},"author":1,"featured_media":0,"parent":0,"menu_order":0,"comment_status":"closed","ping_status":"closed","template":"","meta":{"_eb_attr":"","om_disable_all_campaigns":false,"_monsterinsights_skip_tracking":false,"_monsterinsights_sitenote_active":false,"_monsterinsights_sitenote_note":"","_monsterinsights_sitenote_category":0,"footnotes":""},"class_list":["post-494","page","type-page","status-publish","hentry"],"aioseo_notices":[],"jetpack-related-posts":[{"id":310,"url":"https:\/\/samhainlights.com.ar\/en\/sabbats\/beltane\/","url_meta":{"origin":494,"position":0},"title":"Beltane","author":"samhainlights","date":"September 10, 2023","format":false,"excerpt":"Beltane Beltane se celebra en el Hemisferio sur el 1 de noviembre, y en el hemisferio norte es el 1 de mayo. Se la conoce con varios nombres: Beltaine en ga\u00e9lico irland\u00e9s, Bealltainn en ga\u00e9lico escoces, Biakdyn en la isla de Man, Calan Mai en Gales, Kala Mae en Breton\u2026","rel":"","context":"Similar post","block_context":{"text":"Similar post","link":""},"img":{"alt_text":"","src":"https:\/\/i0.wp.com\/samhainlights.com.ar\/wp-content\/uploads\/2023\/09\/Beltane-1-300x288.jpg?resize=350%2C200&ssl=1","width":350,"height":200},"classes":[]},{"id":537,"url":"https:\/\/samhainlights.com.ar\/en\/wicca\/herramientas-magicas\/herramientas-principales\/la-varita-magica\/","url_meta":{"origin":494,"position":1},"title":"The magic wand","author":"samhainlights","date":"September 17, 2023","format":false,"excerpt":"Un poco de contexto Pocas herramientas m\u00e1gicas tienen tanta discusi\u00f3n como las varitas o varas m\u00e1gicas. El uso de la varita, algo que casi todos coinciden, proviene de la Magia Ceremonial, la cual viene utiliz\u00e1ndola hace cientos de a\u00f1os, por ende, no es exclusivo de la brujeria en sus m\u00faltiples\u2026","rel":"","context":"Similar post","block_context":{"text":"Similar post","link":""},"img":{"alt_text":"varita-herramientas-magicas-ritual-rituales-bruja-brujeria-magia-ba\u00f1os-poder-hechizos-proteccion-purificacion-abrecaminos-prosperidad-wicca-belleza","src":"https:\/\/i0.wp.com\/samhainlights.com.ar\/wp-content\/uploads\/2023\/09\/pexels-rdne-stock-project-7978837-768x512.jpg?resize=350%2C200&ssl=1","width":350,"height":200,"srcset":"https:\/\/i0.wp.com\/samhainlights.com.ar\/wp-content\/uploads\/2023\/09\/pexels-rdne-stock-project-7978837-768x512.jpg?resize=350%2C200&ssl=1 1x, https:\/\/i0.wp.com\/samhainlights.com.ar\/wp-content\/uploads\/2023\/09\/pexels-rdne-stock-project-7978837-768x512.jpg?resize=525%2C300&ssl=1 1.5x, https:\/\/i0.wp.com\/samhainlights.com.ar\/wp-content\/uploads\/2023\/09\/pexels-rdne-stock-project-7978837-768x512.jpg?resize=700%2C400&ssl=1 2x"},"classes":[]},{"id":269,"url":"https:\/\/samhainlights.com.ar\/en\/sabbats\/mabon\/","url_meta":{"origin":494,"position":2},"title":"Mabon","author":"samhainlights","date":"September 10, 2023","format":false,"excerpt":"Mab\u00f3n El significado de la celebraci\u00f3n Ya hemos hablado de todo lo que la cosecha representa para los pueblos antiguos pero \u00bfC\u00f3mo eso se ve reflejado en un mundo industrializado y cosmopolita? Si viv\u00eds en una gran ciudad es entendible que la \u00fanica conexi\u00f3n con los ciclos estacionales sea a\u2026","rel":"","context":"Similar post","block_context":{"text":"Similar post","link":""},"img":{"alt_text":"","src":"https:\/\/i0.wp.com\/samhainlights.com.ar\/wp-content\/uploads\/2021\/03\/mabon-225x300.jpg?resize=350%2C200&ssl=1","width":350,"height":200},"classes":[]},{"id":232,"url":"https:\/\/samhainlights.com.ar\/en\/sabbats\/imbolc\/","url_meta":{"origin":494,"position":3},"title":"Imbolc","author":"samhainlights","date":"September 10, 2023","format":false,"excerpt":"IMBOLC \u00bfEs imbolc una festividad moderna?Si y no.\u00a0El nombre de la festividad fue popularizado por la Wicca pero las raices celtas se remontan hasta hace mas de 5.300 a\u00f1os. En Irlanda, en las afueras de Kells, condado de Meath, precisamente en un tumulo conocido como el Tumulo L se han\u2026","rel":"","context":"Similar post","block_context":{"text":"Similar post","link":""},"img":{"alt_text":"","src":"https:\/\/i0.wp.com\/samhainlights.com.ar\/wp-content\/uploads\/2023\/09\/Imbolc-1-300x300.jpg?resize=350%2C200&ssl=1","width":350,"height":200},"classes":[]},{"id":318,"url":"https:\/\/samhainlights.com.ar\/en\/sabbats\/litha\/","url_meta":{"origin":494,"position":4},"title":"Litha","author":"samhainlights","date":"September 10, 2023","format":false,"excerpt":"Litha Litha es una celebraci\u00f3n neopagana que reconstruye, con ra\u00edces celtas, la celebraci\u00f3n del solsticio de verano. En el Hemisferio Norte esta fecha se marca en el calendario gregoriano el 21 de junio, y en el Hemisferio Sur, el 21 de diciembre. Es preciso recordar siempre que estas fechas son\u2026","rel":"","context":"Similar post","block_context":{"text":"Similar post","link":""},"img":{"alt_text":"","src":"https:\/\/i0.wp.com\/samhainlights.com.ar\/wp-content\/uploads\/2023\/09\/Litha-300x300.jpg?resize=350%2C200&ssl=1","width":350,"height":200},"classes":[]},{"id":597,"url":"https:\/\/samhainlights.com.ar\/en\/sobre-mi\/pseudociencias-y-espiritualidad\/","url_meta":{"origin":494,"position":5},"title":"Pseudosciences and Spirituality","author":"samhainlights","date":"February 25, 2024","format":false,"excerpt":"Lo que aprendemos no es Pseudociencia De vez en cuando, casi como si fuera una batalla interminable, alguien sale en redes sociales a manifestar un pensamiento radical e invalidante sobre cualquier \u201cpseudociencia\u201d, y a veces un poco m\u00e1s all\u00e1 de ellas, en un ataque puntual sobre una determinada persona.Casi siempre\u2026","rel":"","context":"Similar post","block_context":{"text":"Similar post","link":""},"img":{"alt_text":"","src":"https:\/\/i0.wp.com\/samhainlights.com.ar\/wp-content\/uploads\/2024\/02\/pexels-mikhail-nilov-6932085-scaled.jpg?resize=350%2C200&ssl=1","width":350,"height":200,"srcset":"https:\/\/i0.wp.com\/samhainlights.com.ar\/wp-content\/uploads\/2024\/02\/pexels-mikhail-nilov-6932085-scaled.jpg?resize=350%2C200&ssl=1 1x, https:\/\/i0.wp.com\/samhainlights.com.ar\/wp-content\/uploads\/2024\/02\/pexels-mikhail-nilov-6932085-scaled.jpg?resize=525%2C300&ssl=1 1.5x, https:\/\/i0.wp.com\/samhainlights.com.ar\/wp-content\/uploads\/2024\/02\/pexels-mikhail-nilov-6932085-scaled.jpg?resize=700%2C400&ssl=1 2x, https:\/\/i0.wp.com\/samhainlights.com.ar\/wp-content\/uploads\/2024\/02\/pexels-mikhail-nilov-6932085-scaled.jpg?resize=1050%2C600&ssl=1 3x, https:\/\/i0.wp.com\/samhainlights.com.ar\/wp-content\/uploads\/2024\/02\/pexels-mikhail-nilov-6932085-scaled.jpg?resize=1400%2C800&ssl=1 4x"},"classes":[]}],"jetpack_sharing_enabled":true,"_links":{"self":[{"href":"https:\/\/samhainlights.com.ar\/en\/wp-json\/wp\/v2\/pages\/494","targetHints":{"allow":["GET"]}}],"collection":[{"href":"https:\/\/samhainlights.com.ar\/en\/wp-json\/wp\/v2\/pages"}],"about":[{"href":"https:\/\/samhainlights.com.ar\/en\/wp-json\/wp\/v2\/types\/page"}],"author":[{"embeddable":true,"href":"https:\/\/samhainlights.com.ar\/en\/wp-json\/wp\/v2\/users\/1"}],"replies":[{"embeddable":true,"href":"https:\/\/samhainlights.com.ar\/en\/wp-json\/wp\/v2\/comments?post=494"}],"version-history":[{"count":3,"href":"https:\/\/samhainlights.com.ar\/en\/wp-json\/wp\/v2\/pages\/494\/revisions"}],"predecessor-version":[{"id":511,"href":"https:\/\/samhainlights.com.ar\/en\/wp-json\/wp\/v2\/pages\/494\/revisions\/511"}],"wp:attachment":[{"href":"https:\/\/samhainlights.com.ar\/en\/wp-json\/wp\/v2\/media?parent=494"}],"curies":[{"name":"wp","href":"https:\/\/api.w.org\/{rel}","templated":true}]}}