{"id":377,"date":"2023-09-10T19:00:38","date_gmt":"2023-09-10T19:00:38","guid":{"rendered":"https:\/\/samhainlights.com.ar\/?page_id=377"},"modified":"2023-09-17T03:53:13","modified_gmt":"2023-09-17T03:53:13","slug":"circulo-de-proteccion","status":"publish","type":"page","link":"https:\/\/samhainlights.com.ar\/en\/rituales\/basicos\/circulo-de-proteccion\/","title":{"rendered":"Circle of protection"},"content":{"rendered":"<div data-elementor-type=\"wp-page\" data-elementor-id=\"377\" class=\"elementor elementor-377\">\n\t\t\t\t\t\t<section class=\"elementor-section elementor-top-section elementor-element elementor-element-9899cc3 elementor-section-boxed elementor-section-height-default elementor-section-height-default\" data-id=\"9899cc3\" data-element_type=\"section\" data-e-type=\"section\">\n\t\t\t\t\t\t<div class=\"elementor-container elementor-column-gap-default\">\n\t\t\t\t\t<div class=\"elementor-column elementor-col-100 elementor-top-column elementor-element elementor-element-9cd9e6b\" data-id=\"9cd9e6b\" data-element_type=\"column\" data-e-type=\"column\">\n\t\t\t<div class=\"elementor-widget-wrap elementor-element-populated\">\n\t\t\t\t\t\t<div class=\"elementor-element elementor-element-570b5d8 elementor-widget elementor-widget-image\" data-id=\"570b5d8\" data-element_type=\"widget\" data-e-type=\"widget\" data-widget_type=\"image.default\">\n\t\t\t\t<div class=\"elementor-widget-container\">\n\t\t\t\t\t\t\t\t\t\t\t\t\t\t\t<img decoding=\"async\" src=\"https:\/\/i0.wp.com\/samhainlights.com.ar\/wp-content\/uploads\/2023\/09\/pexels-monstera-production-5634818-scaled.jpg?fit=700%2C600&#038;ssl=1\" title=\"pexels-monstera-production-5634818\" alt=\"pexels-monstera-production-5634818\" loading=\"lazy\" \/>\t\t\t\t\t\t\t\t\t\t\t\t\t\t\t<\/div>\n\t\t\t\t<\/div>\n\t\t\t\t\t<\/div>\n\t\t<\/div>\n\t\t\t\t\t<\/div>\n\t\t<\/section>\n\t\t\t\t<section class=\"elementor-section elementor-top-section elementor-element elementor-element-0f938d1 elementor-section-boxed elementor-section-height-default elementor-section-height-default\" data-id=\"0f938d1\" data-element_type=\"section\" data-e-type=\"section\">\n\t\t\t\t\t\t<div class=\"elementor-container elementor-column-gap-default\">\n\t\t\t\t\t<div class=\"elementor-column elementor-col-100 elementor-top-column elementor-element elementor-element-29d8d2d\" data-id=\"29d8d2d\" data-element_type=\"column\" data-e-type=\"column\">\n\t\t\t<div class=\"elementor-widget-wrap elementor-element-populated\">\n\t\t\t\t\t\t<div class=\"elementor-element elementor-element-3cac733 elementor-widget elementor-widget-text-editor\" data-id=\"3cac733\" data-element_type=\"widget\" data-e-type=\"widget\" data-widget_type=\"text-editor.default\">\n\t\t\t\t<div class=\"elementor-widget-container\">\n\t\t\t\t\t\t\t\t\t<p>The circle of protection is part of the ABC of witchcraft that retains some reminiscences of High Magic practices. In Wicca, for many celebrations or magical activities, the circle is drawn to protect us from entities or energies that may interfere with our purpose. It is not obligatory per se for many witchcraft traditions or a family traditions; nor is it a practice that has been carried out for millennia<\/p><p>El trazado del c\u00edrculo es dentro de todo &#8220;moderno&#8221; ya que llevar\u00e1 cosa de 100 a 150 a\u00f1os, a\u00f1os m\u00e1s, a\u00f1os menos.\u00a0 A\u00fan as\u00ed, es una herramienta m\u00e1s de protecci\u00f3n, de conseguirnos un espacio seguro y tranquilo, libre de interferencias en el otro plano. Y esto es as\u00ed ya que, aunque es trazado en este plano f\u00edsico, su extensi\u00f3n llega al otro plano: &#8220;Como es arriba, es abajo&#8221;.<\/p>\t\t\t\t\t\t\t\t<\/div>\n\t\t\t\t<\/div>\n\t\t\t\t\t<\/div>\n\t\t<\/div>\n\t\t\t\t\t<\/div>\n\t\t<\/section>\n\t\t\t\t<section class=\"elementor-section elementor-top-section elementor-element elementor-element-d27185f elementor-section-boxed elementor-section-height-default elementor-section-height-default\" data-id=\"d27185f\" data-element_type=\"section\" data-e-type=\"section\">\n\t\t\t\t\t\t<div class=\"elementor-container elementor-column-gap-default\">\n\t\t\t\t\t<div class=\"elementor-column elementor-col-100 elementor-top-column elementor-element elementor-element-9afb7cc\" data-id=\"9afb7cc\" data-element_type=\"column\" data-e-type=\"column\">\n\t\t\t<div class=\"elementor-widget-wrap elementor-element-populated\">\n\t\t\t\t\t\t<div class=\"elementor-element elementor-element-302de22 elementor-widget elementor-widget-heading\" data-id=\"302de22\" data-element_type=\"widget\" data-e-type=\"widget\" data-widget_type=\"heading.default\">\n\t\t\t\t<div class=\"elementor-widget-container\">\n\t\t\t\t\t<h2 class=\"elementor-heading-title elementor-size-default\">Trazado del c\u00edrculo<\/h2>\t\t\t\t<\/div>\n\t\t\t\t<\/div>\n\t\t\t\t\t<\/div>\n\t\t<\/div>\n\t\t\t\t\t<\/div>\n\t\t<\/section>\n\t\t\t\t<section class=\"elementor-section elementor-top-section elementor-element elementor-element-ac1e97b elementor-section-boxed elementor-section-height-default elementor-section-height-default\" data-id=\"ac1e97b\" data-element_type=\"section\" data-e-type=\"section\">\n\t\t\t\t\t\t<div class=\"elementor-container elementor-column-gap-default\">\n\t\t\t\t\t<div class=\"elementor-column elementor-col-100 elementor-top-column elementor-element elementor-element-223eed9\" data-id=\"223eed9\" data-element_type=\"column\" data-e-type=\"column\">\n\t\t\t<div class=\"elementor-widget-wrap elementor-element-populated\">\n\t\t\t\t\t\t<div class=\"elementor-element elementor-element-a35fec2 elementor-widget elementor-widget-text-editor\" data-id=\"a35fec2\" data-element_type=\"widget\" data-e-type=\"widget\" data-widget_type=\"text-editor.default\">\n\t\t\t\t<div class=\"elementor-widget-container\">\n\t\t\t\t\t\t\t\t\t<p><\/p><p><\/p><p>Debemos trazar un c\u00edrculo donde haremos nuestro ritual, lo recorreremos 3 veces en sentido antihorario. La primera vez asperjando agua con sal, la segunda con incienso y la \u00faltima con un Athame. Mientras lo hacemos imaginamos como ese c\u00edrculo que marcamos con nuestro camino es de una energ\u00eda azul. Y en cada vuelta vamos repitiendo:<\/p><p> <\/p><p>&#8220;<strong><em>Consagro este c\u00edrculo de protecci\u00f3n en nombre de los antiguos Dioses, para guardarme de todo da\u00f1o y proteger mi actividad m\u00e1gica<\/em><\/strong>&#8220;<\/p><p><\/p>\t\t\t\t\t\t\t\t<\/div>\n\t\t\t\t<\/div>\n\t\t\t\t\t<\/div>\n\t\t<\/div>\n\t\t\t\t\t<\/div>\n\t\t<\/section>\n\t\t\t\t<section class=\"elementor-section elementor-top-section elementor-element elementor-element-99fd7c8 elementor-section-boxed elementor-section-height-default elementor-section-height-default\" data-id=\"99fd7c8\" data-element_type=\"section\" data-e-type=\"section\">\n\t\t\t\t\t\t<div class=\"elementor-container elementor-column-gap-default\">\n\t\t\t\t\t<div class=\"elementor-column elementor-col-100 elementor-top-column elementor-element elementor-element-b20321f\" data-id=\"b20321f\" data-element_type=\"column\" data-e-type=\"column\">\n\t\t\t<div class=\"elementor-widget-wrap elementor-element-populated\">\n\t\t\t\t\t\t<div class=\"elementor-element elementor-element-9c96acf elementor-widget elementor-widget-heading\" data-id=\"9c96acf\" data-element_type=\"widget\" data-e-type=\"widget\" data-widget_type=\"heading.default\">\n\t\t\t\t<div class=\"elementor-widget-container\">\n\t\t\t\t\t<h2 class=\"elementor-heading-title elementor-size-default\">Evocaci\u00f3n de los Guardianes<\/h2>\t\t\t\t<\/div>\n\t\t\t\t<\/div>\n\t\t\t\t\t<\/div>\n\t\t<\/div>\n\t\t\t\t\t<\/div>\n\t\t<\/section>\n\t\t\t\t<section class=\"elementor-section elementor-top-section elementor-element elementor-element-7e0157a elementor-section-boxed elementor-section-height-default elementor-section-height-default\" data-id=\"7e0157a\" data-element_type=\"section\" data-e-type=\"section\">\n\t\t\t\t\t\t<div class=\"elementor-container elementor-column-gap-default\">\n\t\t\t\t\t<div class=\"elementor-column elementor-col-100 elementor-top-column elementor-element elementor-element-1c9504a\" data-id=\"1c9504a\" data-element_type=\"column\" data-e-type=\"column\">\n\t\t\t<div class=\"elementor-widget-wrap elementor-element-populated\">\n\t\t\t\t\t\t<div class=\"elementor-element elementor-element-98eb835 elementor-widget elementor-widget-text-editor\" data-id=\"98eb835\" data-element_type=\"widget\" data-e-type=\"widget\" data-widget_type=\"text-editor.default\">\n\t\t\t\t<div class=\"elementor-widget-container\">\n\t\t\t\t\t\t\t\t\t<p><\/p><p>Luego debemos colocar una vela en cada punto cardinal y hacemos la Invocaci\u00f3n a los guardianes:<\/p><p> <\/p><p>ESTE:<\/p><p> <\/p><p><strong><em>Con esta luz yo te invoco elemento del agua, t\u00fa que formas parte de nuestras emociones, t\u00fa que interpretas nuestros deseos y pasiones m\u00e1s ocultas, t\u00fa que formas parte del inconsciente, la serenidad y la sensualidad, a este c\u00edrculo te invoco.<\/em><\/strong><\/p><p> <\/p><p>(despu\u00e9s de recitar la oraci\u00f3n encender la vela en la zona este del c\u00edrculo)<\/p><p> <\/p><p>SUR:<\/p><p> <\/p><p><strong><em>Con esta luz yo te invoco elemento del fuego, t\u00fa que eres deseo, t\u00fa que con tus llamas nos haces renacer como ave f\u00e9nix, t\u00fa que eres parte del progreso, en este c\u00edrculo yo te invoco.<\/em><\/strong><\/p><p> <\/p><p>(despu\u00e9s de recitar la oraci\u00f3n encender la vela en la zona sur del c\u00edrculo)<\/p><p> <\/p><p>OESTE:<\/p><p> <\/p><p><strong><em>Con esta luz yo te invoco elemento del aire, t\u00fa que eres pensamiento, t\u00fa que siempre viajas a todas partes. T\u00fa que representas las artes antiguas, la poes\u00eda, la m\u00fasica y la danza de nuestros rituales ancestrales, en este c\u00edrculo yo te invoco.<\/em><\/strong><\/p><p> <\/p><p>(despu\u00e9s de recitar la oraci\u00f3n encender la vela en la zona Oeste del c\u00edrculo)<\/p><p> <\/p><p>NORTE:<\/p><p> <\/p><p><strong><em>Con esta luz yo te invoco elemento de la tierra, t\u00fa que puedes ser devastaci\u00f3n y al mismo tiempo recomponer y amar. T\u00fa que eres madre de la flora, la fauna y la estabilidad de la vida, en este c\u00edrculo yo te invoco.<\/em><\/strong><\/p><p> <\/p><p>(despu\u00e9s de recitar la oraci\u00f3n encender la vela en la zona Norte del c\u00edrculo)<\/p><p> <\/p><p>Nos paramos en el centro del circulo con el Athame en las manos y decimos:<\/p><p> <\/p><p><strong><em>&#8220;En el d\u00eda de hoy con la gracia y el respeto que mis hermanas y hermanos ancestrales me han otorgado, vengo a pedir que se re\u00fanan en mi presencia. Con protecci\u00f3n a mano, con la bendici\u00f3n de los Dioses Antiguos, ante el umbral de los mundos estoy&#8221;<\/em><\/strong><\/p><p> <\/p><p>Luego de esto debemos encender una vela blanca invocando al Dios con el que trabajamos.<\/p><p><\/p>\t\t\t\t\t\t\t\t<\/div>\n\t\t\t\t<\/div>\n\t\t\t\t\t<\/div>\n\t\t<\/div>\n\t\t\t\t\t<\/div>\n\t\t<\/section>\n\t\t\t\t<section class=\"elementor-section elementor-top-section elementor-element elementor-element-a6fcebf elementor-section-boxed elementor-section-height-default elementor-section-height-default\" data-id=\"a6fcebf\" data-element_type=\"section\" data-e-type=\"section\">\n\t\t\t\t\t\t<div class=\"elementor-container elementor-column-gap-default\">\n\t\t\t\t\t<div class=\"elementor-column elementor-col-100 elementor-top-column elementor-element elementor-element-84d2dbc\" data-id=\"84d2dbc\" data-element_type=\"column\" data-e-type=\"column\">\n\t\t\t<div class=\"elementor-widget-wrap elementor-element-populated\">\n\t\t\t\t\t\t<div class=\"elementor-element elementor-element-0a7966e elementor-widget elementor-widget-heading\" data-id=\"0a7966e\" data-element_type=\"widget\" data-e-type=\"widget\" data-widget_type=\"heading.default\">\n\t\t\t\t<div class=\"elementor-widget-container\">\n\t\t\t\t\t<h2 class=\"elementor-heading-title elementor-size-default\">Evocaci\u00f3n de la Bruja<\/h2>\t\t\t\t<\/div>\n\t\t\t\t<\/div>\n\t\t\t\t\t<\/div>\n\t\t<\/div>\n\t\t\t\t\t<\/div>\n\t\t<\/section>\n\t\t\t\t<section class=\"elementor-section elementor-top-section elementor-element elementor-element-28ae92a elementor-section-boxed elementor-section-height-default elementor-section-height-default\" data-id=\"28ae92a\" data-element_type=\"section\" data-e-type=\"section\">\n\t\t\t\t\t\t<div class=\"elementor-container elementor-column-gap-default\">\n\t\t\t\t\t<div class=\"elementor-column elementor-col-100 elementor-top-column elementor-element elementor-element-7c65784\" data-id=\"7c65784\" data-element_type=\"column\" data-e-type=\"column\">\n\t\t\t<div class=\"elementor-widget-wrap elementor-element-populated\">\n\t\t\t\t\t\t<div class=\"elementor-element elementor-element-335191c elementor-widget elementor-widget-text-editor\" data-id=\"335191c\" data-element_type=\"widget\" data-e-type=\"widget\" data-widget_type=\"text-editor.default\">\n\t\t\t\t<div class=\"elementor-widget-container\">\n\t\t\t\t\t\t\t\t\t<p>Yo soy uno con el universo<\/p><p>Yo soy nada y lo soy todo<\/p><p>Yo soy las estrellas y la luna, los mares y las tormentas, el aliento de la vida y el cambio alqu\u00edmico, el viviente y el muerto. Yo soy.<\/p><p>Yo soy el poder y la alegr\u00eda,<\/p><p>Yo soy el esp\u00edritu que baila,<\/p><p>Yo soy la magia y el sacerdote, la magia y el hechicero, los esp\u00edritus y los elementos.<\/p><p>Omnipotente, omnipresente, Yo soy.<\/p><p>Yo soy el pasado, el presente y el futuro, Yo soy el vac\u00edo y la manifestaci\u00f3n de mi deseo.<\/p><p>                 <\/p><p>Yo soy.<\/p>\t\t\t\t\t\t\t\t<\/div>\n\t\t\t\t<\/div>\n\t\t\t\t\t<\/div>\n\t\t<\/div>\n\t\t\t\t\t<\/div>\n\t\t<\/section>\n\t\t\t\t<section class=\"elementor-section elementor-top-section elementor-element elementor-element-c4d326c elementor-section-boxed elementor-section-height-default elementor-section-height-default\" data-id=\"c4d326c\" data-element_type=\"section\" data-e-type=\"section\">\n\t\t\t\t\t\t<div class=\"elementor-container elementor-column-gap-default\">\n\t\t\t\t\t<div class=\"elementor-column elementor-col-100 elementor-top-column elementor-element elementor-element-aa5693f\" data-id=\"aa5693f\" data-element_type=\"column\" data-e-type=\"column\">\n\t\t\t<div class=\"elementor-widget-wrap elementor-element-populated\">\n\t\t\t\t\t\t<div class=\"elementor-element elementor-element-b574c1b elementor-widget elementor-widget-heading\" data-id=\"b574c1b\" data-element_type=\"widget\" data-e-type=\"widget\" data-widget_type=\"heading.default\">\n\t\t\t\t<div class=\"elementor-widget-container\">\n\t\t\t\t\t<h2 class=\"elementor-heading-title elementor-size-default\">Apertura del C\u00edrculo<\/h2>\t\t\t\t<\/div>\n\t\t\t\t<\/div>\n\t\t\t\t\t<\/div>\n\t\t<\/div>\n\t\t\t\t\t<\/div>\n\t\t<\/section>\n\t\t\t\t<section class=\"elementor-section elementor-top-section elementor-element elementor-element-793f887 elementor-section-boxed elementor-section-height-default elementor-section-height-default\" data-id=\"793f887\" data-element_type=\"section\" data-e-type=\"section\">\n\t\t\t\t\t\t<div class=\"elementor-container elementor-column-gap-default\">\n\t\t\t\t\t<div class=\"elementor-column elementor-col-100 elementor-top-column elementor-element elementor-element-5a6497a\" data-id=\"5a6497a\" data-element_type=\"column\" data-e-type=\"column\">\n\t\t\t<div class=\"elementor-widget-wrap elementor-element-populated\">\n\t\t\t\t\t\t<div class=\"elementor-element elementor-element-62837bf elementor-widget elementor-widget-text-editor\" data-id=\"62837bf\" data-element_type=\"widget\" data-e-type=\"widget\" data-widget_type=\"text-editor.default\">\n\t\t\t\t<div class=\"elementor-widget-container\">\n\t\t\t\t\t\t\t\t\t<p>Cuando finalizamos nuestra actividad m\u00e1gica. Vamos a volver sobre nuestros pasos.<\/p><ul><li>Despedimos a los dioses y apagamos sus velas con algun artefacto.<\/li><li>Despedimos a los guardianes y apagamos sus velas con algun artefacto.<\/li><\/ul><p>Volvemos a algun punto del circulo, y en el suelo, hacemos el adem\u00e1n de estar cortandolo mientras repetimos:<br \/><br \/><strong><em>&#8220;El c\u00edrculo se encuentra ahora abierto, m\u00e1s no roto. Y su protecci\u00f3n perdura por la fuerza de mis ancestros, en este plano y en todos los planos&#8221;<\/em><\/strong><\/p>\t\t\t\t\t\t\t\t<\/div>\n\t\t\t\t<\/div>\n\t\t\t\t\t<\/div>\n\t\t<\/div>\n\t\t\t\t\t<\/div>\n\t\t<\/section>\n\t\t\t\t<\/div>","protected":false},"excerpt":{"rendered":"<p>El c\u00edrculo de protecci\u00f3n es parte del ABC de la brujeria que conserva algunas reminiscencias de las pr\u00e1cticas de Alta Magia. En la wicca, para muchas celebraciones o actividades m\u00e1gicas se traza el circulo para protegernos de entidades o energ\u00edas que puedan llegar a interferir en nuestro prop\u00f3sito. No es obligatorio per s\u00e9 para muchas [&hellip;]<\/p>\n","protected":false},"author":1,"featured_media":0,"parent":334,"menu_order":0,"comment_status":"closed","ping_status":"closed","template":"","meta":{"_eb_attr":"","om_disable_all_campaigns":false,"_monsterinsights_skip_tracking":false,"_monsterinsights_sitenote_active":false,"_monsterinsights_sitenote_note":"","_monsterinsights_sitenote_category":0,"footnotes":""},"class_list":["post-377","page","type-page","status-publish","hentry"],"aioseo_notices":[],"jetpack-related-posts":[{"id":537,"url":"https:\/\/samhainlights.com.ar\/en\/wicca\/herramientas-magicas\/herramientas-principales\/la-varita-magica\/","url_meta":{"origin":377,"position":0},"title":"The magic wand","author":"samhainlights","date":"September 17, 2023","format":false,"excerpt":"Un poco de contexto Pocas herramientas m\u00e1gicas tienen tanta discusi\u00f3n como las varitas o varas m\u00e1gicas. El uso de la varita, algo que casi todos coinciden, proviene de la Magia Ceremonial, la cual viene utiliz\u00e1ndola hace cientos de a\u00f1os, por ende, no es exclusivo de la brujeria en sus m\u00faltiples\u2026","rel":"","context":"Similar post","block_context":{"text":"Similar post","link":""},"img":{"alt_text":"varita-herramientas-magicas-ritual-rituales-bruja-brujeria-magia-ba\u00f1os-poder-hechizos-proteccion-purificacion-abrecaminos-prosperidad-wicca-belleza","src":"https:\/\/i0.wp.com\/samhainlights.com.ar\/wp-content\/uploads\/2023\/09\/pexels-rdne-stock-project-7978837-768x512.jpg?resize=350%2C200&ssl=1","width":350,"height":200,"srcset":"https:\/\/i0.wp.com\/samhainlights.com.ar\/wp-content\/uploads\/2023\/09\/pexels-rdne-stock-project-7978837-768x512.jpg?resize=350%2C200&ssl=1 1x, https:\/\/i0.wp.com\/samhainlights.com.ar\/wp-content\/uploads\/2023\/09\/pexels-rdne-stock-project-7978837-768x512.jpg?resize=525%2C300&ssl=1 1.5x, https:\/\/i0.wp.com\/samhainlights.com.ar\/wp-content\/uploads\/2023\/09\/pexels-rdne-stock-project-7978837-768x512.jpg?resize=700%2C400&ssl=1 2x"},"classes":[]},{"id":371,"url":"https:\/\/samhainlights.com.ar\/en\/hechizos\/de-proteccion\/botella-de-bruja\/","url_meta":{"origin":377,"position":1},"title":"Witch bottle","author":"samhainlights","date":"September 10, 2023","format":false,"excerpt":"Una botella de bruja cumple la doble funci\u00f3n de recibir todo el da\u00f1o que sea enviado al brujo o bruja y al mismo tiempo act\u00faa como un artefacto que se encargar\u00e1 de devolver el mal autom\u00e1ticamente a la persona que nos lo envi\u00f3 Ingredientes * Una botella de vidrio\/cristal. La\u2026","rel":"","context":"Similar post","block_context":{"text":"Similar post","link":""},"img":{"alt_text":"","src":"https:\/\/i0.wp.com\/samhainlights.com.ar\/wp-content\/uploads\/2021\/03\/photo_2021-03-24_18-37-08-300x300.jpg?resize=350%2C200&ssl=1","width":350,"height":200},"classes":[]},{"id":339,"url":"https:\/\/samhainlights.com.ar\/en\/rituales\/basicos\/ritual-de-asentado\/","url_meta":{"origin":377,"position":2},"title":"Settling Ritual","author":"samhainlights","date":"September 10, 2023","format":false,"excerpt":"Ritual de asentado El ritual de asentado es una actividad post trabajos m\u00e1gicos en los cuales hemos levantado mucha energ\u00eda. Lo hacemos para liberar la energ\u00eda \"de sobra\" de manera segura y que la misma no afecte otras actividades diarias, y no nos afecte a nosotros mismos inclusive.El ejercicio es\u2026","rel":"","context":"Similar post","block_context":{"text":"Similar post","link":""},"img":{"alt_text":"","src":"https:\/\/i0.wp.com\/samhainlights.com.ar\/wp-content\/uploads\/2023\/09\/Asentado.png?resize=350%2C200&ssl=1","width":350,"height":200,"srcset":"https:\/\/i0.wp.com\/samhainlights.com.ar\/wp-content\/uploads\/2023\/09\/Asentado.png?resize=350%2C200&ssl=1 1x, https:\/\/i0.wp.com\/samhainlights.com.ar\/wp-content\/uploads\/2023\/09\/Asentado.png?resize=525%2C300&ssl=1 1.5x"},"classes":[]},{"id":391,"url":"https:\/\/samhainlights.com.ar\/en\/hechizos\/de-proteccion\/hechizo-de-proteccion-en-latin\/","url_meta":{"origin":377,"position":3},"title":"Latin Protection Spell","author":"samhainlights","date":"September 10, 2023","format":false,"excerpt":"Este hechizo empez\u00f3 a moverse mas con la serie de Sabrina y con ello empez\u00f3 el copy paste por todos lados. Pero aca te cuento lo que ten\u00e9s que saber.\ud83d\udccd No es necesario hacerlo a la luz de la luna llena. Es un hechizo de protecci\u00f3n que se usa para\u2026","rel":"","context":"Similar post","block_context":{"text":"Similar post","link":""},"img":{"alt_text":"","src":"https:\/\/i0.wp.com\/samhainlights.com.ar\/wp-content\/uploads\/2021\/03\/photo_2021-03-07_08-37-41-1024x971.jpg?resize=350%2C200&ssl=1","width":350,"height":200,"srcset":"https:\/\/i0.wp.com\/samhainlights.com.ar\/wp-content\/uploads\/2021\/03\/photo_2021-03-07_08-37-41-1024x971.jpg?resize=350%2C200&ssl=1 1x, https:\/\/i0.wp.com\/samhainlights.com.ar\/wp-content\/uploads\/2021\/03\/photo_2021-03-07_08-37-41-1024x971.jpg?resize=525%2C300&ssl=1 1.5x, https:\/\/i0.wp.com\/samhainlights.com.ar\/wp-content\/uploads\/2021\/03\/photo_2021-03-07_08-37-41-1024x971.jpg?resize=700%2C400&ssl=1 2x"},"classes":[]},{"id":97,"url":"https:\/\/samhainlights.com.ar\/en\/hechizos\/para-el-amor\/","url_meta":{"origin":377,"position":4},"title":"Love Spells","author":"samhainlights","date":"March 15, 2021","format":false,"excerpt":"En esta secci\u00f3n vas a encontrar hechizos simples para el amor propio y el de tu pareja. Aclaro que NO VAS ENCONTRAR HECHIZOS DE ATADURAS. En otro apartado hablo bien sobre el tema. Entonces, lo que vas a encontrar son hechizos que no requieren de un ritual ni realizarlos durante\u2026","rel":"","context":"Similar post","block_context":{"text":"Similar post","link":""},"img":{"alt_text":"","src":"https:\/\/i0.wp.com\/samhainlights.com.ar\/wp-content\/uploads\/2021\/03\/photo_2021-03-07_08-53-59-1024x1010.jpg?resize=350%2C200&ssl=1","width":350,"height":200,"srcset":"https:\/\/i0.wp.com\/samhainlights.com.ar\/wp-content\/uploads\/2021\/03\/photo_2021-03-07_08-53-59-1024x1010.jpg?resize=350%2C200&ssl=1 1x, https:\/\/i0.wp.com\/samhainlights.com.ar\/wp-content\/uploads\/2021\/03\/photo_2021-03-07_08-53-59-1024x1010.jpg?resize=525%2C300&ssl=1 1.5x, https:\/\/i0.wp.com\/samhainlights.com.ar\/wp-content\/uploads\/2021\/03\/photo_2021-03-07_08-53-59-1024x1010.jpg?resize=700%2C400&ssl=1 2x"},"classes":[]},{"id":297,"url":"https:\/\/samhainlights.com.ar\/en\/sabbats\/yule\/","url_meta":{"origin":377,"position":5},"title":"Yule","author":"samhainlights","date":"September 10, 2023","format":false,"excerpt":"Yule Cuando los primeros cristianos llegaron al norte de Europa, descubrieron que sus habitantes celebraban el nacimiento de Frey, dios del Sol y la fertilidad, adornando un \u00e1rbol perenne, en la fecha pr\u00f3xima a la Navidad cristiana. Este \u00e1rbol simbolizaba al \u00e1rbol del Universo, llamado Yggdrasil, en cuya copa se\u2026","rel":"","context":"Similar post","block_context":{"text":"Similar post","link":""},"img":{"alt_text":"","src":"https:\/\/i0.wp.com\/samhainlights.com.ar\/wp-content\/uploads\/2023\/09\/Yule-1-300x300.jpg?resize=350%2C200&ssl=1","width":350,"height":200},"classes":[]}],"jetpack_sharing_enabled":true,"_links":{"self":[{"href":"https:\/\/samhainlights.com.ar\/en\/wp-json\/wp\/v2\/pages\/377","targetHints":{"allow":["GET"]}}],"collection":[{"href":"https:\/\/samhainlights.com.ar\/en\/wp-json\/wp\/v2\/pages"}],"about":[{"href":"https:\/\/samhainlights.com.ar\/en\/wp-json\/wp\/v2\/types\/page"}],"author":[{"embeddable":true,"href":"https:\/\/samhainlights.com.ar\/en\/wp-json\/wp\/v2\/users\/1"}],"replies":[{"embeddable":true,"href":"https:\/\/samhainlights.com.ar\/en\/wp-json\/wp\/v2\/comments?post=377"}],"version-history":[{"count":10,"href":"https:\/\/samhainlights.com.ar\/en\/wp-json\/wp\/v2\/pages\/377\/revisions"}],"predecessor-version":[{"id":532,"href":"https:\/\/samhainlights.com.ar\/en\/wp-json\/wp\/v2\/pages\/377\/revisions\/532"}],"up":[{"embeddable":true,"href":"https:\/\/samhainlights.com.ar\/en\/wp-json\/wp\/v2\/pages\/334"}],"wp:attachment":[{"href":"https:\/\/samhainlights.com.ar\/en\/wp-json\/wp\/v2\/media?parent=377"}],"curies":[{"name":"wp","href":"https:\/\/api.w.org\/{rel}","templated":true}]}}