{"id":367,"date":"2023-09-10T18:30:58","date_gmt":"2023-09-10T18:30:58","guid":{"rendered":"https:\/\/samhainlights.com.ar\/?page_id=367"},"modified":"2023-09-10T21:42:55","modified_gmt":"2023-09-10T21:42:55","slug":"de-curacion","status":"publish","type":"page","link":"https:\/\/samhainlights.com.ar\/en\/hechizos\/de-curacion\/","title":{"rendered":"Healing Spells"},"content":{"rendered":"","protected":false},"excerpt":{"rendered":"","protected":false},"author":1,"featured_media":0,"parent":18,"menu_order":0,"comment_status":"closed","ping_status":"closed","template":"","meta":{"_eb_attr":"","om_disable_all_campaigns":false,"_monsterinsights_skip_tracking":false,"_monsterinsights_sitenote_active":false,"_monsterinsights_sitenote_note":"","_monsterinsights_sitenote_category":0,"footnotes":""},"class_list":["post-367","page","type-page","status-publish","hentry"],"aioseo_notices":[],"jetpack-related-posts":[{"id":362,"url":"https:\/\/samhainlights.com.ar\/en\/hechizos\/de-curacion\/hechizo-de-curacion-en-latin\/","url_meta":{"origin":367,"position":0},"title":"Latin Healing Spell","author":"samhainlights","date":"September 10, 2023","format":false,"excerpt":"\u00bfQuer\u00e9s ayudar a su recuperaci\u00f3n? \u00a1Pod\u00e9s hacerlo! Como lo hab\u00eda adelantado en un post de Instagram, este hechizo est\u00e1 destinado a coadyuvar la curaci\u00f3n de los enfermos. En ning\u00fan momento, y bajo ninguna circunstancia, recomiendo, sugiero ni aconsejo cortar los tratamientos m\u00e9dicos avalados por los profesionales de la salud. Para\u2026","rel":"","context":"Similar post","block_context":{"text":"Similar post","link":""},"img":{"alt_text":"","src":"https:\/\/i0.wp.com\/samhainlights.com.ar\/wp-content\/uploads\/2021\/04\/Hechizo-de-curacion-simple.jpg?resize=350%2C200&ssl=1","width":350,"height":200},"classes":[]},{"id":557,"url":"https:\/\/samhainlights.com.ar\/en\/wicca\/hierbas-magicas\/","url_meta":{"origin":367,"position":1},"title":"Magic Herbs","author":"samhainlights","date":"September 23, 2023","format":false,"excerpt":"Listado de hierbas y usos esot\u00e9ricos HierbaG\u00e9neroPlanetaElementoUsos esot\u00e9ricosAbedulFemeninoVenusAguaProtecci\u00f3n, purificaci\u00f3n y exorcismo.AguacateFemeninoVenusAguaAmor, deseo y belleza.AjenjoMasculinoMarteFuegoProtecci\u00f3n, amor, invocaci\u00f3n de esp\u00edritus y poderes ps\u00edquicos.AjoMasculino\u00a0FuegoProtecci\u00f3n, exorcismo, deseo, curaci\u00f3n y antirrobo.AlbahacaMasculinoMarteFuegoProtecci\u00f3n, exorcismo, amor y riqueza.AlcanforFemeninoLunaAguaCuraci\u00f3n, castidad y adivinaci\u00f3n.AlfalfaFemeninoVenusTierraRiquezaAlgod\u00f3nFemeninoLunaTierraProtecci\u00f3n, curaci\u00f3n, suerte y lluvia.AlmedraMasculinoMercurioAireDinero y sabidur\u00eda.AloeFemeninoLunaAguaProtecci\u00f3n y suerte.AmapolaFemeninoLunaAguaDeseo, dinero, fertilidad, sue\u00f1os e invisibilidad.An\u00edsMasculinoJupiterAireProtecci\u00f3n, purificaci\u00f3n y belleza.ApioMasculinoMercurioFuegoDeseos y\u2026","rel":"","context":"Similar post","block_context":{"text":"Similar post","link":""},"img":{"alt_text":"","src":"","width":0,"height":0},"classes":[]},{"id":537,"url":"https:\/\/samhainlights.com.ar\/en\/wicca\/herramientas-magicas\/herramientas-principales\/la-varita-magica\/","url_meta":{"origin":367,"position":2},"title":"The magic wand","author":"samhainlights","date":"September 17, 2023","format":false,"excerpt":"Un poco de contexto Pocas herramientas m\u00e1gicas tienen tanta discusi\u00f3n como las varitas o varas m\u00e1gicas. El uso de la varita, algo que casi todos coinciden, proviene de la Magia Ceremonial, la cual viene utiliz\u00e1ndola hace cientos de a\u00f1os, por ende, no es exclusivo de la brujeria en sus m\u00faltiples\u2026","rel":"","context":"Similar post","block_context":{"text":"Similar post","link":""},"img":{"alt_text":"varita-herramientas-magicas-ritual-rituales-bruja-brujeria-magia-ba\u00f1os-poder-hechizos-proteccion-purificacion-abrecaminos-prosperidad-wicca-belleza","src":"https:\/\/i0.wp.com\/samhainlights.com.ar\/wp-content\/uploads\/2023\/09\/pexels-rdne-stock-project-7978837-768x512.jpg?resize=350%2C200&ssl=1","width":350,"height":200,"srcset":"https:\/\/i0.wp.com\/samhainlights.com.ar\/wp-content\/uploads\/2023\/09\/pexels-rdne-stock-project-7978837-768x512.jpg?resize=350%2C200&ssl=1 1x, https:\/\/i0.wp.com\/samhainlights.com.ar\/wp-content\/uploads\/2023\/09\/pexels-rdne-stock-project-7978837-768x512.jpg?resize=525%2C300&ssl=1 1.5x, https:\/\/i0.wp.com\/samhainlights.com.ar\/wp-content\/uploads\/2023\/09\/pexels-rdne-stock-project-7978837-768x512.jpg?resize=700%2C400&ssl=1 2x"},"classes":[]}],"jetpack_sharing_enabled":true,"_links":{"self":[{"href":"https:\/\/samhainlights.com.ar\/en\/wp-json\/wp\/v2\/pages\/367","targetHints":{"allow":["GET"]}}],"collection":[{"href":"https:\/\/samhainlights.com.ar\/en\/wp-json\/wp\/v2\/pages"}],"about":[{"href":"https:\/\/samhainlights.com.ar\/en\/wp-json\/wp\/v2\/types\/page"}],"author":[{"embeddable":true,"href":"https:\/\/samhainlights.com.ar\/en\/wp-json\/wp\/v2\/users\/1"}],"replies":[{"embeddable":true,"href":"https:\/\/samhainlights.com.ar\/en\/wp-json\/wp\/v2\/comments?post=367"}],"version-history":[{"count":1,"href":"https:\/\/samhainlights.com.ar\/en\/wp-json\/wp\/v2\/pages\/367\/revisions"}],"predecessor-version":[{"id":368,"href":"https:\/\/samhainlights.com.ar\/en\/wp-json\/wp\/v2\/pages\/367\/revisions\/368"}],"up":[{"embeddable":true,"href":"https:\/\/samhainlights.com.ar\/en\/wp-json\/wp\/v2\/pages\/18"}],"wp:attachment":[{"href":"https:\/\/samhainlights.com.ar\/en\/wp-json\/wp\/v2\/media?parent=367"}],"curies":[{"name":"wp","href":"https:\/\/api.w.org\/{rel}","templated":true}]}}