{"id":362,"date":"2023-09-10T21:33:09","date_gmt":"2023-09-10T21:33:09","guid":{"rendered":"https:\/\/samhainlights.com.ar\/?page_id=362"},"modified":"2023-09-10T22:37:55","modified_gmt":"2023-09-10T22:37:55","slug":"hechizo-de-curacion-en-latin","status":"publish","type":"page","link":"https:\/\/samhainlights.com.ar\/en\/hechizos\/de-curacion\/hechizo-de-curacion-en-latin\/","title":{"rendered":"Latin Healing Spell"},"content":{"rendered":"<div data-elementor-type=\"wp-page\" data-elementor-id=\"362\" class=\"elementor elementor-362\">\n\t\t\t\t\t\t<section class=\"elementor-section elementor-top-section elementor-element elementor-element-2f7ce0f elementor-section-boxed elementor-section-height-default elementor-section-height-default\" data-id=\"2f7ce0f\" data-element_type=\"section\" data-e-type=\"section\">\n\t\t\t\t\t\t<div class=\"elementor-container elementor-column-gap-default\">\n\t\t\t\t\t<div class=\"elementor-column elementor-col-100 elementor-top-column elementor-element elementor-element-af6e141\" data-id=\"af6e141\" data-element_type=\"column\" data-e-type=\"column\">\n\t\t\t<div class=\"elementor-widget-wrap elementor-element-populated\">\n\t\t\t\t\t\t<div class=\"elementor-element elementor-element-05f69bd elementor-widget elementor-widget-text-editor\" data-id=\"05f69bd\" data-element_type=\"widget\" data-e-type=\"widget\" data-widget_type=\"text-editor.default\">\n\t\t\t\t<div class=\"elementor-widget-container\">\n\t\t\t\t\t\t\t\t\t<p><\/p><p style=\"text-align: left;\">\u00bfQuer\u00e9s ayudar a su recuperaci\u00f3n? \u00a1Pod\u00e9s hacerlo! Como lo hab\u00eda adelantado en un post de <a href=\"https:\/\/www.instagram.com\/samhainlights\" target=\"_blank\" rel=\"noopener\">Instagram<\/a>, este hechizo est\u00e1 destinado a coadyuvar la curaci\u00f3n de los enfermos. En ning\u00fan momento, y bajo ninguna circunstancia, recomiendo, sugiero ni aconsejo cortar los tratamientos m\u00e9dicos avalados por los profesionales de la salud.<\/p><p> <\/p><p>Para este hechizo, no es necesario tener conocimientos avanzados de magia o espiritualidad, aunque si los tenemos, es un excelente plus para darle un empujoncito a que se reponga el padeciente.<\/p><p> <\/p><p>El hechizo es muy corto y muy sencillo, si tienen buena memoria (no como yo) podr\u00e1n recitarlo sin tenerlo apuntado. Y una vez m\u00e1s, vamos a hacer la aclaraci\u00f3n: La pronunciaci\u00f3n es muy muy importante.<\/p><p> <\/p><figure class=\"wp-block-image aligncenter size-large is-resized\"><img fetchpriority=\"high\" decoding=\"async\" data-recalc-dims=\"1\" class=\"alignright wp-image-153\" src=\"https:\/\/i0.wp.com\/samhainlights.com.ar\/wp-content\/uploads\/2021\/04\/Hechizo-de-curacion-simple.jpg?resize=334%2C333&#038;ssl=1\" alt=\"\" width=\"334\" height=\"333\" \/>\u00a0 \u00a0 \u00a0 \u00a0 \u00a0 \u00a0 \u00a0 \u00a0 \u00a0 \u00a0 \u00a0 \u00a0 \u00a0 \u00a0 \u00a0 \u00a0 \u00a0 \u00a0 \u00a0 \u00a0 \u00a0 \u00a0 \u00a0 \u00a0 \u00a0 \u00a0 \u00a0 \u00a0 \u00a0 \u00a0 \u00a0 \u00a0<\/figure><p> <\/p><p><strong>El Hechizo: <\/strong><\/p><p> <\/p><p class=\"has-text-align-center has-white-color has-text-color has-medium-font-size\">&#8220;Tui gratia lovis gratia sit cura&#8221;<\/p><p> <\/p><p><strong>La pronunciacion en Latin Clasico:<\/strong><\/p><p> <\/p><p class=\"has-text-align-left has-white-color has-text-color\">Tui gratia lliovis gratia sit cura<\/p><p> <\/p><p>El Significado:<\/p><p> <\/p><p class=\"has-text-align-left has-white-color has-text-color\">&#8220;El cuidado de tu gracia, es una gracia de J\u00fapiter&#8221;<\/p><p> <\/p><p>En cuanto a la pronunciaci\u00f3n, recordemos que hay varios tipos, el ejemplo es del Latin Cl\u00e1sico, aunque si est\u00e1n m\u00e1s familiarizados con el Latin Italiano, puede agregarle ese toque. Por suerte, este hechizo no es complicado, es corto, y casi que podr\u00edamos decir que se pronuncia en un 99% igual en espa\u00f1ol moderno. Para la pronunciacion en Latin Cl\u00e1sico recuerden que deben remarcar con fuerza las consonantes.<\/p><p> <\/p><p> <\/p><p class=\"has-text-align-center has-medium-font-size\"><strong>C\u00f3mo utilizarlo:<\/strong><\/p><p> <\/p><p>Vamos a colocar nuestras manos sobre la zona a tratar por unos instantes mientras recitamos el hechizo. Podemos activar previamente nuestras manos frotandolas entre s\u00ed (Si te hace acordar a Miyagi en &#8220;Karate Kid&#8221;, esa es la idea). Si hacemos Reiki, ya tenemos las manos activadas, as\u00ed que si cerramos los ojos y visualizamos una luz blanca brotando de ellas, ya las tenemos listas.<\/p><p> <\/p><p>Si la dolencia es interior o la zona a realizar la imposici\u00f3n es inaccesible o no ser\u00eda correcto tocar a esa persona en un determinado lugar, podemos realizar la imposici\u00f3n sobre su cabeza visualizando como recibe la luz que enviamos.<\/p><p> <\/p><p>Otra forma es realizando la imposici\u00f3n sobre alg\u00fan brebaje o infusi\u00f3n que vaya a consumir el padeciente.<\/p><p>De cualquiera de las formas anteriores, recuerden que deben repetirlo 3 veces y podemos agregar <strong>&#8220;id est&#8221;<\/strong> (Se pronuncia como suena) al final, que significa &#8220;as\u00ed es&#8221;, como una reafirmaci\u00f3n o decreto.<\/p><p> <\/p><p class=\"has-text-align-center has-medium-font-size\">En qu\u00e9 casos usarlo<\/p><p> <\/p><p>En casos de enfermedades leves, descomposturas, esguinces, dolores de cabeza, dolores de garganta, febr\u00edcula o fiebre no asociada a infecciones graves, una lastimadura, un corte superficial, etc.<\/p><p><\/p>\t\t\t\t\t\t\t\t<\/div>\n\t\t\t\t<\/div>\n\t\t\t\t\t<\/div>\n\t\t<\/div>\n\t\t\t\t\t<\/div>\n\t\t<\/section>\n\t\t\t\t<\/div>","protected":false},"excerpt":{"rendered":"<p>\u00bfQuer\u00e9s ayudar a su recuperaci\u00f3n? \u00a1Pod\u00e9s hacerlo! Como lo hab\u00eda adelantado en un post de Instagram, este hechizo est\u00e1 destinado a coadyuvar la curaci\u00f3n de los enfermos. En ning\u00fan momento, y bajo ninguna circunstancia, recomiendo, sugiero ni aconsejo cortar los tratamientos m\u00e9dicos avalados por los profesionales de la salud. Para este hechizo, no es necesario [&hellip;]<\/p>\n","protected":false},"author":1,"featured_media":0,"parent":367,"menu_order":0,"comment_status":"closed","ping_status":"closed","template":"","meta":{"_eb_attr":"","om_disable_all_campaigns":false,"_monsterinsights_skip_tracking":false,"_monsterinsights_sitenote_active":false,"_monsterinsights_sitenote_note":"","_monsterinsights_sitenote_category":0,"footnotes":""},"class_list":["post-362","page","type-page","status-publish","hentry"],"aioseo_notices":[],"jetpack-related-posts":[{"id":367,"url":"https:\/\/samhainlights.com.ar\/en\/hechizos\/de-curacion\/","url_meta":{"origin":362,"position":0},"title":"Healing Spells","author":"samhainlights","date":"September 10, 2023","format":false,"excerpt":"","rel":"","context":"Similar post","block_context":{"text":"Similar post","link":""},"img":{"alt_text":"","src":"","width":0,"height":0},"classes":[]},{"id":115,"url":"https:\/\/samhainlights.com.ar\/en\/hechizos\/de-proteccion\/","url_meta":{"origin":362,"position":1},"title":"Protection Spells","author":"samhainlights","date":"March 15, 2021","format":false,"excerpt":"En esta secci\u00f3n vas a encontrar hechizos sencillos para protecci\u00f3n, muchos de ellos van a incluir pociones o mix de hierbas. Este hechizo empez\u00f3 a moverse m\u00e1s con la serie de Sabrina y con ello empez\u00f3 el copy paste por todos lados. Pero aca te cuento lo que ten\u00e9s que\u2026","rel":"","context":"Similar post","block_context":{"text":"Similar post","link":""},"img":{"alt_text":"","src":"https:\/\/i0.wp.com\/samhainlights.com.ar\/wp-content\/uploads\/2021\/03\/photo_2021-03-07_08-37-38.jpg?resize=350%2C200&ssl=1","width":350,"height":200,"srcset":"https:\/\/i0.wp.com\/samhainlights.com.ar\/wp-content\/uploads\/2021\/03\/photo_2021-03-07_08-37-38.jpg?resize=350%2C200&ssl=1 1x, https:\/\/i0.wp.com\/samhainlights.com.ar\/wp-content\/uploads\/2021\/03\/photo_2021-03-07_08-37-38.jpg?resize=525%2C300&ssl=1 1.5x, https:\/\/i0.wp.com\/samhainlights.com.ar\/wp-content\/uploads\/2021\/03\/photo_2021-03-07_08-37-38.jpg?resize=700%2C400&ssl=1 2x, https:\/\/i0.wp.com\/samhainlights.com.ar\/wp-content\/uploads\/2021\/03\/photo_2021-03-07_08-37-38.jpg?resize=1050%2C600&ssl=1 3x"},"classes":[]},{"id":391,"url":"https:\/\/samhainlights.com.ar\/en\/hechizos\/de-proteccion\/hechizo-de-proteccion-en-latin\/","url_meta":{"origin":362,"position":2},"title":"Latin Protection Spell","author":"samhainlights","date":"September 10, 2023","format":false,"excerpt":"Este hechizo empez\u00f3 a moverse mas con la serie de Sabrina y con ello empez\u00f3 el copy paste por todos lados. Pero aca te cuento lo que ten\u00e9s que saber.\ud83d\udccd No es necesario hacerlo a la luz de la luna llena. Es un hechizo de protecci\u00f3n que se usa para\u2026","rel":"","context":"Similar post","block_context":{"text":"Similar post","link":""},"img":{"alt_text":"","src":"https:\/\/i0.wp.com\/samhainlights.com.ar\/wp-content\/uploads\/2021\/03\/photo_2021-03-07_08-37-41-1024x971.jpg?resize=350%2C200&ssl=1","width":350,"height":200,"srcset":"https:\/\/i0.wp.com\/samhainlights.com.ar\/wp-content\/uploads\/2021\/03\/photo_2021-03-07_08-37-41-1024x971.jpg?resize=350%2C200&ssl=1 1x, https:\/\/i0.wp.com\/samhainlights.com.ar\/wp-content\/uploads\/2021\/03\/photo_2021-03-07_08-37-41-1024x971.jpg?resize=525%2C300&ssl=1 1.5x, https:\/\/i0.wp.com\/samhainlights.com.ar\/wp-content\/uploads\/2021\/03\/photo_2021-03-07_08-37-41-1024x971.jpg?resize=700%2C400&ssl=1 2x"},"classes":[]},{"id":18,"url":"https:\/\/samhainlights.com.ar\/en\/hechizos\/","url_meta":{"origin":362,"position":3},"title":"Spells","author":"samhainlights","date":"March 13, 2021","format":false,"excerpt":"","rel":"","context":"Similar post","block_context":{"text":"Similar post","link":""},"img":{"alt_text":"","src":"","width":0,"height":0},"classes":[]},{"id":97,"url":"https:\/\/samhainlights.com.ar\/en\/hechizos\/para-el-amor\/","url_meta":{"origin":362,"position":4},"title":"Love Spells","author":"samhainlights","date":"March 15, 2021","format":false,"excerpt":"En esta secci\u00f3n vas a encontrar hechizos simples para el amor propio y el de tu pareja. Aclaro que NO VAS ENCONTRAR HECHIZOS DE ATADURAS. En otro apartado hablo bien sobre el tema. Entonces, lo que vas a encontrar son hechizos que no requieren de un ritual ni realizarlos durante\u2026","rel":"","context":"Similar post","block_context":{"text":"Similar post","link":""},"img":{"alt_text":"","src":"https:\/\/i0.wp.com\/samhainlights.com.ar\/wp-content\/uploads\/2021\/03\/photo_2021-03-07_08-53-59-1024x1010.jpg?resize=350%2C200&ssl=1","width":350,"height":200,"srcset":"https:\/\/i0.wp.com\/samhainlights.com.ar\/wp-content\/uploads\/2021\/03\/photo_2021-03-07_08-53-59-1024x1010.jpg?resize=350%2C200&ssl=1 1x, https:\/\/i0.wp.com\/samhainlights.com.ar\/wp-content\/uploads\/2021\/03\/photo_2021-03-07_08-53-59-1024x1010.jpg?resize=525%2C300&ssl=1 1.5x, https:\/\/i0.wp.com\/samhainlights.com.ar\/wp-content\/uploads\/2021\/03\/photo_2021-03-07_08-53-59-1024x1010.jpg?resize=700%2C400&ssl=1 2x"},"classes":[]},{"id":350,"url":"https:\/\/samhainlights.com.ar\/en\/hechizos\/para-el-amor\/bolsita-para-el-amor\/","url_meta":{"origin":362,"position":5},"title":"Bag for love","author":"samhainlights","date":"September 10, 2023","format":false,"excerpt":"Todo el mundo quiere amor en su vida, es cierto, aunque algunos preferimos tomarnos un descanso. Ahora, si sos de lxs que quiere amor les voy a pasar una bolsita que pueden hacer y tenerla con uds. \u00bfQu\u00e9 vas a necesitar?Tela de algodon o similar. Lo que tengas. Preferiblemente roja\u2026","rel":"","context":"Similar post","block_context":{"text":"Similar post","link":""},"img":{"alt_text":"","src":"https:\/\/i0.wp.com\/samhainlights.com.ar\/wp-content\/uploads\/2021\/03\/photo_2021-03-07_08-53-59-300x296.jpg?resize=350%2C200&ssl=1","width":350,"height":200},"classes":[]}],"jetpack_sharing_enabled":true,"_links":{"self":[{"href":"https:\/\/samhainlights.com.ar\/en\/wp-json\/wp\/v2\/pages\/362","targetHints":{"allow":["GET"]}}],"collection":[{"href":"https:\/\/samhainlights.com.ar\/en\/wp-json\/wp\/v2\/pages"}],"about":[{"href":"https:\/\/samhainlights.com.ar\/en\/wp-json\/wp\/v2\/types\/page"}],"author":[{"embeddable":true,"href":"https:\/\/samhainlights.com.ar\/en\/wp-json\/wp\/v2\/users\/1"}],"replies":[{"embeddable":true,"href":"https:\/\/samhainlights.com.ar\/en\/wp-json\/wp\/v2\/comments?post=362"}],"version-history":[{"count":4,"href":"https:\/\/samhainlights.com.ar\/en\/wp-json\/wp\/v2\/pages\/362\/revisions"}],"predecessor-version":[{"id":366,"href":"https:\/\/samhainlights.com.ar\/en\/wp-json\/wp\/v2\/pages\/362\/revisions\/366"}],"up":[{"embeddable":true,"href":"https:\/\/samhainlights.com.ar\/en\/wp-json\/wp\/v2\/pages\/367"}],"wp:attachment":[{"href":"https:\/\/samhainlights.com.ar\/en\/wp-json\/wp\/v2\/media?parent=362"}],"curies":[{"name":"wp","href":"https:\/\/api.w.org\/{rel}","templated":true}]}}