{"id":350,"date":"2023-09-10T18:00:37","date_gmt":"2023-09-10T18:00:37","guid":{"rendered":"https:\/\/samhainlights.com.ar\/?page_id=350"},"modified":"2023-09-10T21:12:35","modified_gmt":"2023-09-10T21:12:35","slug":"bolsita-para-el-amor","status":"publish","type":"page","link":"https:\/\/samhainlights.com.ar\/en\/hechizos\/para-el-amor\/bolsita-para-el-amor\/","title":{"rendered":"Bag for love"},"content":{"rendered":"<div data-elementor-type=\"wp-page\" data-elementor-id=\"350\" class=\"elementor elementor-350\">\n\t\t\t\t\t\t<section class=\"elementor-section elementor-top-section elementor-element elementor-element-4c2e2a1 elementor-section-boxed elementor-section-height-default elementor-section-height-default\" data-id=\"4c2e2a1\" data-element_type=\"section\" data-e-type=\"section\">\n\t\t\t\t\t\t<div class=\"elementor-container elementor-column-gap-default\">\n\t\t\t\t\t<div class=\"elementor-column elementor-col-100 elementor-top-column elementor-element elementor-element-5cf47dd\" data-id=\"5cf47dd\" data-element_type=\"column\" data-e-type=\"column\">\n\t\t\t<div class=\"elementor-widget-wrap elementor-element-populated\">\n\t\t\t\t\t\t<div class=\"elementor-element elementor-element-38b6f50 elementor-widget elementor-widget-image\" data-id=\"38b6f50\" data-element_type=\"widget\" data-e-type=\"widget\" data-widget_type=\"image.default\">\n\t\t\t\t<div class=\"elementor-widget-container\">\n\t\t\t\t\t\t\t\t\t\t\t\t\t\t\t<img fetchpriority=\"high\" decoding=\"async\" width=\"300\" height=\"296\" src=\"https:\/\/i0.wp.com\/samhainlights.com.ar\/wp-content\/uploads\/2021\/03\/photo_2021-03-07_08-53-59.jpg?fit=300%2C296&amp;ssl=1\" class=\"attachment-medium size-medium wp-image-95\" alt=\"\" srcset=\"https:\/\/i0.wp.com\/samhainlights.com.ar\/wp-content\/uploads\/2021\/03\/photo_2021-03-07_08-53-59.jpg?w=1280&amp;ssl=1 1280w, https:\/\/i0.wp.com\/samhainlights.com.ar\/wp-content\/uploads\/2021\/03\/photo_2021-03-07_08-53-59.jpg?resize=300%2C296&amp;ssl=1 300w, https:\/\/i0.wp.com\/samhainlights.com.ar\/wp-content\/uploads\/2021\/03\/photo_2021-03-07_08-53-59.jpg?resize=1024%2C1010&amp;ssl=1 1024w, https:\/\/i0.wp.com\/samhainlights.com.ar\/wp-content\/uploads\/2021\/03\/photo_2021-03-07_08-53-59.jpg?resize=768%2C758&amp;ssl=1 768w, https:\/\/i0.wp.com\/samhainlights.com.ar\/wp-content\/uploads\/2021\/03\/photo_2021-03-07_08-53-59.jpg?resize=416%2C410&amp;ssl=1 416w, https:\/\/i0.wp.com\/samhainlights.com.ar\/wp-content\/uploads\/2021\/03\/photo_2021-03-07_08-53-59.jpg?resize=100%2C100&amp;ssl=1 100w\" sizes=\"(max-width: 300px) 100vw, 300px\" \/>\t\t\t\t\t\t\t\t\t\t\t\t\t\t\t<\/div>\n\t\t\t\t<\/div>\n\t\t\t\t\t<\/div>\n\t\t<\/div>\n\t\t\t\t\t<\/div>\n\t\t<\/section>\n\t\t\t\t<section class=\"elementor-section elementor-top-section elementor-element elementor-element-9dc518a elementor-section-boxed elementor-section-height-default elementor-section-height-default\" data-id=\"9dc518a\" data-element_type=\"section\" data-e-type=\"section\">\n\t\t\t\t\t\t<div class=\"elementor-container elementor-column-gap-default\">\n\t\t\t\t\t<div class=\"elementor-column elementor-col-100 elementor-top-column elementor-element elementor-element-b4631d2\" data-id=\"b4631d2\" data-element_type=\"column\" data-e-type=\"column\">\n\t\t\t<div class=\"elementor-widget-wrap elementor-element-populated\">\n\t\t\t\t\t\t<div class=\"elementor-element elementor-element-04ce757 elementor-widget elementor-widget-text-editor\" data-id=\"04ce757\" data-element_type=\"widget\" data-e-type=\"widget\" data-widget_type=\"text-editor.default\">\n\t\t\t\t<div class=\"elementor-widget-container\">\n\t\t\t\t\t\t\t\t\t<p>Everyone wants love in their life, it's true, although some of us prefer to take a break. Now, if you are one of those who wants love, I am going to teach you how to make an herbal bag that you can keep near to you. What are you going to need?<\/p><p><img decoding=\"async\" class=\"emoji\" role=\"img\" draggable=\"false\" src=\"https:\/\/s.w.org\/images\/core\/emoji\/14.0.0\/svg\/1f4cd.svg\" alt=\"\ud83d\udccd\" \/>Cotton fabric or similar. What you have. Preferably red but white will work. You can use some tights\/socks (I feel like a polyglot looking for the name for each country) that you no longer use.<br \/><img decoding=\"async\" class=\"emoji\" role=\"img\" draggable=\"false\" src=\"https:\/\/s.w.org\/images\/core\/emoji\/14.0.0\/svg\/1f4cd.svg\" alt=\"\ud83d\udccd\" \/>A rose quartz.<br \/><img decoding=\"async\" class=\"emoji\" role=\"img\" draggable=\"false\" src=\"https:\/\/s.w.org\/images\/core\/emoji\/14.0.0\/svg\/1f4cd.svg\" alt=\"\ud83d\udccd\" \/>Basil Leaves.<br \/><img decoding=\"async\" class=\"emoji\" role=\"img\" draggable=\"false\" src=\"https:\/\/s.w.org\/images\/core\/emoji\/14.0.0\/svg\/1f4cd.svg\" alt=\"\ud83d\udccd\" \/>Rose petals.<br \/><img decoding=\"async\" class=\"emoji\" role=\"img\" draggable=\"false\" src=\"https:\/\/s.w.org\/images\/core\/emoji\/14.0.0\/svg\/1f4cd.svg\" alt=\"\ud83d\udccd\" \/>Rosemary<\/p><p>You are going to put everything in the bag and  close it preferably with cotton thread. How many knots? 3 or 7. They are magic numbers for witches. And while you're knotting, you must be thinking about your intention to have a healthy and happy relationship. Notice that it says think about your intention and not about a person.<br \/><br \/><\/p><p>How does it work? First thing  to do is having your bag around with you,  hold it and let your heart decide what to say. If what you say also includes your desire of how you want the relationship to be, much better. The bag will first act on you. How is that? Well, of course, my dear, if you don't have love for yourself, if you aren't clear about what you want, if your self-esteem is low, you are clearly exposed to unhealthy relationships. The bag will first help you align yourself, to have the love from YOU for YOU that you deserve. Once that is healed, that energy begins to spread around you... and there my sweet child, you will attract the right people. If your toxic subject doesn't respond to the call of the bag, you should already know the answer.<\/p><p>I hope it helps you and then tell me how it goes. I didn't do it this year because the truth is, I already have enough to worry about my job and being here for you.<\/p>\t\t\t\t\t\t\t\t<\/div>\n\t\t\t\t<\/div>\n\t\t\t\t\t<\/div>\n\t\t<\/div>\n\t\t\t\t\t<\/div>\n\t\t<\/section>\n\t\t\t\t<\/div>","protected":false},"excerpt":{"rendered":"<p>Todo el mundo quiere amor en su vida, es cierto, aunque algunos preferimos tomarnos un descanso. Ahora, si sos de lxs que quiere amor les voy a pasar una bolsita que pueden hacer y tenerla con uds. \u00bfQu\u00e9 vas a necesitar? Tela de algodon o similar. Lo que tengas. Preferiblemente roja pero sirve de color [&hellip;]<\/p>\n","protected":false},"author":1,"featured_media":0,"parent":97,"menu_order":0,"comment_status":"closed","ping_status":"closed","template":"","meta":{"_eb_attr":"","om_disable_all_campaigns":false,"_monsterinsights_skip_tracking":false,"_monsterinsights_sitenote_active":false,"_monsterinsights_sitenote_note":"","_monsterinsights_sitenote_category":0,"footnotes":""},"class_list":["post-350","page","type-page","status-publish","hentry"],"aioseo_notices":[],"jetpack-related-posts":[{"id":97,"url":"https:\/\/samhainlights.com.ar\/en\/hechizos\/para-el-amor\/","url_meta":{"origin":350,"position":0},"title":"Love Spells","author":"samhainlights","date":"March 15, 2021","format":false,"excerpt":"En esta secci\u00f3n vas a encontrar hechizos simples para el amor propio y el de tu pareja. Aclaro que NO VAS ENCONTRAR HECHIZOS DE ATADURAS. En otro apartado hablo bien sobre el tema. Entonces, lo que vas a encontrar son hechizos que no requieren de un ritual ni realizarlos durante\u2026","rel":"","context":"Similar post","block_context":{"text":"Similar post","link":""},"img":{"alt_text":"","src":"https:\/\/i0.wp.com\/samhainlights.com.ar\/wp-content\/uploads\/2021\/03\/photo_2021-03-07_08-53-59-1024x1010.jpg?resize=350%2C200&ssl=1","width":350,"height":200,"srcset":"https:\/\/i0.wp.com\/samhainlights.com.ar\/wp-content\/uploads\/2021\/03\/photo_2021-03-07_08-53-59-1024x1010.jpg?resize=350%2C200&ssl=1 1x, https:\/\/i0.wp.com\/samhainlights.com.ar\/wp-content\/uploads\/2021\/03\/photo_2021-03-07_08-53-59-1024x1010.jpg?resize=525%2C300&ssl=1 1.5x, https:\/\/i0.wp.com\/samhainlights.com.ar\/wp-content\/uploads\/2021\/03\/photo_2021-03-07_08-53-59-1024x1010.jpg?resize=700%2C400&ssl=1 2x"},"classes":[]},{"id":339,"url":"https:\/\/samhainlights.com.ar\/en\/rituales\/basicos\/ritual-de-asentado\/","url_meta":{"origin":350,"position":1},"title":"Settling Ritual","author":"samhainlights","date":"September 10, 2023","format":false,"excerpt":"Ritual de asentado El ritual de asentado es una actividad post trabajos m\u00e1gicos en los cuales hemos levantado mucha energ\u00eda. Lo hacemos para liberar la energ\u00eda \"de sobra\" de manera segura y que la misma no afecte otras actividades diarias, y no nos afecte a nosotros mismos inclusive.El ejercicio es\u2026","rel":"","context":"Similar post","block_context":{"text":"Similar post","link":""},"img":{"alt_text":"","src":"https:\/\/i0.wp.com\/samhainlights.com.ar\/wp-content\/uploads\/2023\/09\/Asentado.png?resize=350%2C200&ssl=1","width":350,"height":200,"srcset":"https:\/\/i0.wp.com\/samhainlights.com.ar\/wp-content\/uploads\/2023\/09\/Asentado.png?resize=350%2C200&ssl=1 1x, https:\/\/i0.wp.com\/samhainlights.com.ar\/wp-content\/uploads\/2023\/09\/Asentado.png?resize=525%2C300&ssl=1 1.5x"},"classes":[]},{"id":327,"url":"https:\/\/samhainlights.com.ar\/en\/sabbats\/lughnasahd\/","url_meta":{"origin":350,"position":2},"title":"Lughnasahd","author":"samhainlights","date":"September 10, 2023","format":false,"excerpt":"Lughnasadh Arrancamos con la primera de las fiestas de la cosecha, con Lughnasadh. Aqu\u00ed en el hemisferio sur lo celebramos por calendario el 1 de febrero (1 de agosto en el HN), y quienes estamos mas orientados al calendario lunar, en la 2da luna llena posterior al solsticio de verano\u2026","rel":"","context":"Similar post","block_context":{"text":"Similar post","link":""},"img":{"alt_text":"","src":"https:\/\/i0.wp.com\/samhainlights.com.ar\/wp-content\/uploads\/2023\/09\/Lughnasadh-300x300.png?resize=350%2C200&ssl=1","width":350,"height":200},"classes":[]},{"id":391,"url":"https:\/\/samhainlights.com.ar\/en\/hechizos\/de-proteccion\/hechizo-de-proteccion-en-latin\/","url_meta":{"origin":350,"position":3},"title":"Latin Protection Spell","author":"samhainlights","date":"September 10, 2023","format":false,"excerpt":"Este hechizo empez\u00f3 a moverse mas con la serie de Sabrina y con ello empez\u00f3 el copy paste por todos lados. Pero aca te cuento lo que ten\u00e9s que saber.\ud83d\udccd No es necesario hacerlo a la luz de la luna llena. Es un hechizo de protecci\u00f3n que se usa para\u2026","rel":"","context":"Similar post","block_context":{"text":"Similar post","link":""},"img":{"alt_text":"","src":"https:\/\/i0.wp.com\/samhainlights.com.ar\/wp-content\/uploads\/2021\/03\/photo_2021-03-07_08-37-41-1024x971.jpg?resize=350%2C200&ssl=1","width":350,"height":200,"srcset":"https:\/\/i0.wp.com\/samhainlights.com.ar\/wp-content\/uploads\/2021\/03\/photo_2021-03-07_08-37-41-1024x971.jpg?resize=350%2C200&ssl=1 1x, https:\/\/i0.wp.com\/samhainlights.com.ar\/wp-content\/uploads\/2021\/03\/photo_2021-03-07_08-37-41-1024x971.jpg?resize=525%2C300&ssl=1 1.5x, https:\/\/i0.wp.com\/samhainlights.com.ar\/wp-content\/uploads\/2021\/03\/photo_2021-03-07_08-37-41-1024x971.jpg?resize=700%2C400&ssl=1 2x"},"classes":[]},{"id":371,"url":"https:\/\/samhainlights.com.ar\/en\/hechizos\/de-proteccion\/botella-de-bruja\/","url_meta":{"origin":350,"position":4},"title":"Witch bottle","author":"samhainlights","date":"September 10, 2023","format":false,"excerpt":"Una botella de bruja cumple la doble funci\u00f3n de recibir todo el da\u00f1o que sea enviado al brujo o bruja y al mismo tiempo act\u00faa como un artefacto que se encargar\u00e1 de devolver el mal autom\u00e1ticamente a la persona que nos lo envi\u00f3 Ingredientes * Una botella de vidrio\/cristal. La\u2026","rel":"","context":"Similar post","block_context":{"text":"Similar post","link":""},"img":{"alt_text":"","src":"https:\/\/i0.wp.com\/samhainlights.com.ar\/wp-content\/uploads\/2021\/03\/photo_2021-03-24_18-37-08-300x300.jpg?resize=350%2C200&ssl=1","width":350,"height":200},"classes":[]},{"id":232,"url":"https:\/\/samhainlights.com.ar\/en\/sabbats\/imbolc\/","url_meta":{"origin":350,"position":5},"title":"Imbolc","author":"samhainlights","date":"September 10, 2023","format":false,"excerpt":"IMBOLC \u00bfEs imbolc una festividad moderna?Si y no.\u00a0El nombre de la festividad fue popularizado por la Wicca pero las raices celtas se remontan hasta hace mas de 5.300 a\u00f1os. En Irlanda, en las afueras de Kells, condado de Meath, precisamente en un tumulo conocido como el Tumulo L se han\u2026","rel":"","context":"Similar post","block_context":{"text":"Similar post","link":""},"img":{"alt_text":"","src":"https:\/\/i0.wp.com\/samhainlights.com.ar\/wp-content\/uploads\/2023\/09\/Imbolc-1-300x300.jpg?resize=350%2C200&ssl=1","width":350,"height":200},"classes":[]}],"jetpack_sharing_enabled":true,"_links":{"self":[{"href":"https:\/\/samhainlights.com.ar\/en\/wp-json\/wp\/v2\/pages\/350","targetHints":{"allow":["GET"]}}],"collection":[{"href":"https:\/\/samhainlights.com.ar\/en\/wp-json\/wp\/v2\/pages"}],"about":[{"href":"https:\/\/samhainlights.com.ar\/en\/wp-json\/wp\/v2\/types\/page"}],"author":[{"embeddable":true,"href":"https:\/\/samhainlights.com.ar\/en\/wp-json\/wp\/v2\/users\/1"}],"replies":[{"embeddable":true,"href":"https:\/\/samhainlights.com.ar\/en\/wp-json\/wp\/v2\/comments?post=350"}],"version-history":[{"count":4,"href":"https:\/\/samhainlights.com.ar\/en\/wp-json\/wp\/v2\/pages\/350\/revisions"}],"predecessor-version":[{"id":354,"href":"https:\/\/samhainlights.com.ar\/en\/wp-json\/wp\/v2\/pages\/350\/revisions\/354"}],"up":[{"embeddable":true,"href":"https:\/\/samhainlights.com.ar\/en\/wp-json\/wp\/v2\/pages\/97"}],"wp:attachment":[{"href":"https:\/\/samhainlights.com.ar\/en\/wp-json\/wp\/v2\/media?parent=350"}],"curies":[{"name":"wp","href":"https:\/\/api.w.org\/{rel}","templated":true}]}}