{"id":339,"date":"2023-09-10T07:45:28","date_gmt":"2023-09-10T07:45:28","guid":{"rendered":"https:\/\/samhainlights.com.ar\/?page_id=339"},"modified":"2023-09-17T03:54:12","modified_gmt":"2023-09-17T03:54:12","slug":"ritual-de-asentado","status":"publish","type":"page","link":"https:\/\/samhainlights.com.ar\/en\/rituales\/basicos\/ritual-de-asentado\/","title":{"rendered":"Settling Ritual"},"content":{"rendered":"<div data-elementor-type=\"wp-page\" data-elementor-id=\"339\" class=\"elementor elementor-339\">\n\t\t\t\t\t\t<section class=\"elementor-section elementor-top-section elementor-element elementor-element-0680b46 elementor-section-boxed elementor-section-height-default elementor-section-height-default\" data-id=\"0680b46\" data-element_type=\"section\" data-e-type=\"section\">\n\t\t\t\t\t\t<div class=\"elementor-container elementor-column-gap-default\">\n\t\t\t\t\t<div class=\"elementor-column elementor-col-100 elementor-top-column elementor-element elementor-element-2a2adfa\" data-id=\"2a2adfa\" data-element_type=\"column\" data-e-type=\"column\">\n\t\t\t<div class=\"elementor-widget-wrap elementor-element-populated\">\n\t\t\t\t\t\t<div class=\"elementor-element elementor-element-0147715 elementor-widget elementor-widget-heading\" data-id=\"0147715\" data-element_type=\"widget\" data-e-type=\"widget\" data-widget_type=\"heading.default\">\n\t\t\t\t<div class=\"elementor-widget-container\">\n\t\t\t\t\t<h2 class=\"elementor-heading-title elementor-size-default\">Ritual de asentado<\/h2>\t\t\t\t<\/div>\n\t\t\t\t<\/div>\n\t\t\t\t\t<\/div>\n\t\t<\/div>\n\t\t\t\t\t<\/div>\n\t\t<\/section>\n\t\t\t\t<section class=\"elementor-section elementor-top-section elementor-element elementor-element-c983d4d elementor-section-boxed elementor-section-height-default elementor-section-height-default\" data-id=\"c983d4d\" data-element_type=\"section\" data-e-type=\"section\">\n\t\t\t\t\t\t<div class=\"elementor-container elementor-column-gap-default\">\n\t\t\t\t\t<div class=\"elementor-column elementor-col-100 elementor-top-column elementor-element elementor-element-894209c\" data-id=\"894209c\" data-element_type=\"column\" data-e-type=\"column\">\n\t\t\t<div class=\"elementor-widget-wrap elementor-element-populated\">\n\t\t\t\t\t\t<div class=\"elementor-element elementor-element-2621bbf elementor-widget elementor-widget-image\" data-id=\"2621bbf\" data-element_type=\"widget\" data-e-type=\"widget\" data-widget_type=\"image.default\">\n\t\t\t\t<div class=\"elementor-widget-container\">\n\t\t\t\t\t\t\t\t\t\t\t\t\t\t\t<img fetchpriority=\"high\" decoding=\"async\" width=\"300\" height=\"265\" src=\"https:\/\/i0.wp.com\/samhainlights.com.ar\/wp-content\/uploads\/2023\/09\/pexels-daniel-torobekov-5694121-scaled-e1694342664557.jpg?fit=300%2C265&amp;ssl=1\" class=\"attachment-medium size-medium wp-image-341\" alt=\"\" srcset=\"https:\/\/i0.wp.com\/samhainlights.com.ar\/wp-content\/uploads\/2023\/09\/pexels-daniel-torobekov-5694121-scaled-e1694342664557.jpg?w=1731&amp;ssl=1 1731w, https:\/\/i0.wp.com\/samhainlights.com.ar\/wp-content\/uploads\/2023\/09\/pexels-daniel-torobekov-5694121-scaled-e1694342664557.jpg?resize=300%2C265&amp;ssl=1 300w, https:\/\/i0.wp.com\/samhainlights.com.ar\/wp-content\/uploads\/2023\/09\/pexels-daniel-torobekov-5694121-scaled-e1694342664557.jpg?resize=1024%2C903&amp;ssl=1 1024w, https:\/\/i0.wp.com\/samhainlights.com.ar\/wp-content\/uploads\/2023\/09\/pexels-daniel-torobekov-5694121-scaled-e1694342664557.jpg?resize=768%2C677&amp;ssl=1 768w, https:\/\/i0.wp.com\/samhainlights.com.ar\/wp-content\/uploads\/2023\/09\/pexels-daniel-torobekov-5694121-scaled-e1694342664557.jpg?resize=1536%2C1355&amp;ssl=1 1536w, https:\/\/i0.wp.com\/samhainlights.com.ar\/wp-content\/uploads\/2023\/09\/pexels-daniel-torobekov-5694121-scaled-e1694342664557.jpg?resize=416%2C367&amp;ssl=1 416w\" sizes=\"(max-width: 300px) 100vw, 300px\" \/>\t\t\t\t\t\t\t\t\t\t\t\t\t\t\t<\/div>\n\t\t\t\t<\/div>\n\t\t\t\t\t<\/div>\n\t\t<\/div>\n\t\t\t\t\t<\/div>\n\t\t<\/section>\n\t\t\t\t<section class=\"elementor-section elementor-top-section elementor-element elementor-element-da5b20b elementor-section-boxed elementor-section-height-default elementor-section-height-default\" data-id=\"da5b20b\" data-element_type=\"section\" data-e-type=\"section\">\n\t\t\t\t\t\t<div class=\"elementor-container elementor-column-gap-default\">\n\t\t\t\t\t<div class=\"elementor-column elementor-col-100 elementor-top-column elementor-element elementor-element-7f5651d\" data-id=\"7f5651d\" data-element_type=\"column\" data-e-type=\"column\">\n\t\t\t<div class=\"elementor-widget-wrap elementor-element-populated\">\n\t\t\t\t\t\t<div class=\"elementor-element elementor-element-5a380ff elementor-widget elementor-widget-text-editor\" data-id=\"5a380ff\" data-element_type=\"widget\" data-e-type=\"widget\" data-widget_type=\"text-editor.default\">\n\t\t\t\t<div class=\"elementor-widget-container\">\n\t\t\t\t\t\t\t\t\t<p>El ritual de asentado es una actividad post trabajos m\u00e1gicos en los cuales hemos levantado mucha energ\u00eda. Lo hacemos para liberar la energ\u00eda &#8220;de sobra&#8221; de manera segura y que la misma no afecte otras actividades diarias, y no nos afecte a nosotros mismos inclusive.<br \/><br \/>El ejercicio es muy sencillo, debemos sentarnos con los pies y las palmas sobre la tierra. Cerramos los ojos y visualizamos como salen ra\u00edces de nuestros pies y palmas y van hacia la tierra, devolviendo toda esa energ\u00eda de m\u00e1s (Yo suelo visualizarlo muchas de veces de color rojo, pero es mi experiencia). Una vez que sentimos que ya est\u00e1, visualizamos como regresa por esas ra\u00edces energia m\u00e1s pura, m\u00e1s calma, que nos llena y nos tranquiliza (Aca suelo visualizar a veces blanco, a veces azul)<br \/><br \/>El hechizo que les comparto se puede utilizar durante este ejercicio de asentado y no solamente post ritualaes, tambien se puede utilizar cuando venimos &#8220;muy cargados&#8221; de la calle, o de otras actividades que nos mantuvieron muy activos.<\/p>\t\t\t\t\t\t\t\t<\/div>\n\t\t\t\t<\/div>\n\t\t\t\t\t<\/div>\n\t\t<\/div>\n\t\t\t\t\t<\/div>\n\t\t<\/section>\n\t\t\t\t<section class=\"elementor-section elementor-top-section elementor-element elementor-element-43ef5d5 elementor-section-boxed elementor-section-height-default elementor-section-height-default\" data-id=\"43ef5d5\" data-element_type=\"section\" data-e-type=\"section\">\n\t\t\t\t\t\t<div class=\"elementor-container elementor-column-gap-default\">\n\t\t\t\t\t<div class=\"elementor-column elementor-col-100 elementor-top-column elementor-element elementor-element-24fabba\" data-id=\"24fabba\" data-element_type=\"column\" data-e-type=\"column\">\n\t\t\t<div class=\"elementor-widget-wrap elementor-element-populated\">\n\t\t\t\t\t\t<div class=\"elementor-element elementor-element-bdda30e elementor-widget elementor-widget-image\" data-id=\"bdda30e\" data-element_type=\"widget\" data-e-type=\"widget\" data-widget_type=\"image.default\">\n\t\t\t\t<div class=\"elementor-widget-container\">\n\t\t\t\t\t\t\t\t\t\t\t\t\t\t\t<img decoding=\"async\" width=\"568\" height=\"565\" src=\"https:\/\/i0.wp.com\/samhainlights.com.ar\/wp-content\/uploads\/2023\/09\/Asentado.png?fit=568%2C565&amp;ssl=1\" class=\"attachment-large size-large wp-image-342\" alt=\"\" srcset=\"https:\/\/i0.wp.com\/samhainlights.com.ar\/wp-content\/uploads\/2023\/09\/Asentado.png?w=568&amp;ssl=1 568w, https:\/\/i0.wp.com\/samhainlights.com.ar\/wp-content\/uploads\/2023\/09\/Asentado.png?resize=300%2C298&amp;ssl=1 300w, https:\/\/i0.wp.com\/samhainlights.com.ar\/wp-content\/uploads\/2023\/09\/Asentado.png?resize=150%2C150&amp;ssl=1 150w, https:\/\/i0.wp.com\/samhainlights.com.ar\/wp-content\/uploads\/2023\/09\/Asentado.png?resize=416%2C414&amp;ssl=1 416w, https:\/\/i0.wp.com\/samhainlights.com.ar\/wp-content\/uploads\/2023\/09\/Asentado.png?resize=100%2C100&amp;ssl=1 100w\" sizes=\"(max-width: 568px) 100vw, 568px\" \/>\t\t\t\t\t\t\t\t\t\t\t\t\t\t\t<\/div>\n\t\t\t\t<\/div>\n\t\t\t\t\t<\/div>\n\t\t<\/div>\n\t\t\t\t\t<\/div>\n\t\t<\/section>\n\t\t\t\t<section class=\"elementor-section elementor-top-section elementor-element elementor-element-9012cb3 elementor-section-boxed elementor-section-height-default elementor-section-height-default\" data-id=\"9012cb3\" data-element_type=\"section\" data-e-type=\"section\">\n\t\t\t\t\t\t<div class=\"elementor-container elementor-column-gap-default\">\n\t\t\t\t\t<div class=\"elementor-column elementor-col-100 elementor-top-column elementor-element elementor-element-5689045\" data-id=\"5689045\" data-element_type=\"column\" data-e-type=\"column\">\n\t\t\t<div class=\"elementor-widget-wrap elementor-element-populated\">\n\t\t\t\t\t\t<div class=\"elementor-element elementor-element-e52911f elementor-align-center elementor-widget elementor-widget-button\" data-id=\"e52911f\" data-element_type=\"widget\" data-e-type=\"widget\" data-widget_type=\"button.default\">\n\t\t\t\t<div class=\"elementor-widget-container\">\n\t\t\t\t\t\t\t\t\t<div class=\"elementor-button-wrapper\">\n\t\t\t\t\t<a class=\"elementor-button elementor-button-link elementor-size-sm\" href=\"https:\/\/samhainlights.com.ar\/en\/rituales\/basicos\/\">\n\t\t\t\t\t\t<span class=\"elementor-button-content-wrapper\">\n\t\t\t\t\t\t\t\t\t<span class=\"elementor-button-text\">Volver<\/span>\n\t\t\t\t\t<\/span>\n\t\t\t\t\t<\/a>\n\t\t\t\t<\/div>\n\t\t\t\t\t\t\t\t<\/div>\n\t\t\t\t<\/div>\n\t\t\t\t\t<\/div>\n\t\t<\/div>\n\t\t\t\t\t<\/div>\n\t\t<\/section>\n\t\t\t\t<\/div>","protected":false},"excerpt":{"rendered":"<p>Ritual de asentado El ritual de asentado es una actividad post trabajos m\u00e1gicos en los cuales hemos levantado mucha energ\u00eda. Lo hacemos para liberar la energ\u00eda &#8220;de sobra&#8221; de manera segura y que la misma no afecte otras actividades diarias, y no nos afecte a nosotros mismos inclusive. El ejercicio es muy sencillo, debemos sentarnos [&hellip;]<\/p>\n","protected":false},"author":1,"featured_media":0,"parent":334,"menu_order":1,"comment_status":"closed","ping_status":"closed","template":"","meta":{"_eb_attr":"","om_disable_all_campaigns":false,"_monsterinsights_skip_tracking":false,"_monsterinsights_sitenote_active":false,"_monsterinsights_sitenote_note":"","_monsterinsights_sitenote_category":0,"footnotes":""},"class_list":["post-339","page","type-page","status-publish","hentry"],"aioseo_notices":[],"jetpack-related-posts":[{"id":334,"url":"https:\/\/samhainlights.com.ar\/en\/rituales\/basicos\/","url_meta":{"origin":339,"position":0},"title":"Basic","author":"samhainlights","date":"September 10, 2023","format":false,"excerpt":"Rituales B\u00e1sicos C\u00edrculo de protecci\u00f3n Ritual de Asentado","rel":"","context":"Similar post","block_context":{"text":"Similar post","link":""},"img":{"alt_text":"","src":"","width":0,"height":0},"classes":[]},{"id":327,"url":"https:\/\/samhainlights.com.ar\/en\/sabbats\/lughnasahd\/","url_meta":{"origin":339,"position":1},"title":"Lughnasahd","author":"samhainlights","date":"September 10, 2023","format":false,"excerpt":"Lughnasadh Arrancamos con la primera de las fiestas de la cosecha, con Lughnasadh. Aqu\u00ed en el hemisferio sur lo celebramos por calendario el 1 de febrero (1 de agosto en el HN), y quienes estamos mas orientados al calendario lunar, en la 2da luna llena posterior al solsticio de verano\u2026","rel":"","context":"Similar post","block_context":{"text":"Similar post","link":""},"img":{"alt_text":"","src":"https:\/\/i0.wp.com\/samhainlights.com.ar\/wp-content\/uploads\/2023\/09\/Lughnasadh-300x300.png?resize=350%2C200&ssl=1","width":350,"height":200},"classes":[]},{"id":371,"url":"https:\/\/samhainlights.com.ar\/en\/hechizos\/de-proteccion\/botella-de-bruja\/","url_meta":{"origin":339,"position":2},"title":"Witch bottle","author":"samhainlights","date":"September 10, 2023","format":false,"excerpt":"Una botella de bruja cumple la doble funci\u00f3n de recibir todo el da\u00f1o que sea enviado al brujo o bruja y al mismo tiempo act\u00faa como un artefacto que se encargar\u00e1 de devolver el mal autom\u00e1ticamente a la persona que nos lo envi\u00f3 Ingredientes * Una botella de vidrio\/cristal. La\u2026","rel":"","context":"Similar post","block_context":{"text":"Similar post","link":""},"img":{"alt_text":"","src":"https:\/\/i0.wp.com\/samhainlights.com.ar\/wp-content\/uploads\/2021\/03\/photo_2021-03-24_18-37-08-300x300.jpg?resize=350%2C200&ssl=1","width":350,"height":200},"classes":[]},{"id":377,"url":"https:\/\/samhainlights.com.ar\/en\/rituales\/basicos\/circulo-de-proteccion\/","url_meta":{"origin":339,"position":3},"title":"Circle of protection","author":"samhainlights","date":"September 10, 2023","format":false,"excerpt":"El c\u00edrculo de protecci\u00f3n es parte del ABC de la brujeria que conserva algunas reminiscencias de las pr\u00e1cticas de Alta Magia. En la wicca, para muchas celebraciones o actividades m\u00e1gicas se traza el circulo para protegernos de entidades o energ\u00edas que puedan llegar a interferir en nuestro prop\u00f3sito. No es\u2026","rel":"","context":"Similar post","block_context":{"text":"Similar post","link":""},"img":{"alt_text":"","src":"","width":0,"height":0},"classes":[]},{"id":232,"url":"https:\/\/samhainlights.com.ar\/en\/sabbats\/imbolc\/","url_meta":{"origin":339,"position":4},"title":"Imbolc","author":"samhainlights","date":"September 10, 2023","format":false,"excerpt":"IMBOLC \u00bfEs imbolc una festividad moderna?Si y no.\u00a0El nombre de la festividad fue popularizado por la Wicca pero las raices celtas se remontan hasta hace mas de 5.300 a\u00f1os. En Irlanda, en las afueras de Kells, condado de Meath, precisamente en un tumulo conocido como el Tumulo L se han\u2026","rel":"","context":"Similar post","block_context":{"text":"Similar post","link":""},"img":{"alt_text":"","src":"https:\/\/i0.wp.com\/samhainlights.com.ar\/wp-content\/uploads\/2023\/09\/Imbolc-1-300x300.jpg?resize=350%2C200&ssl=1","width":350,"height":200},"classes":[]},{"id":297,"url":"https:\/\/samhainlights.com.ar\/en\/sabbats\/yule\/","url_meta":{"origin":339,"position":5},"title":"Yule","author":"samhainlights","date":"September 10, 2023","format":false,"excerpt":"Yule Cuando los primeros cristianos llegaron al norte de Europa, descubrieron que sus habitantes celebraban el nacimiento de Frey, dios del Sol y la fertilidad, adornando un \u00e1rbol perenne, en la fecha pr\u00f3xima a la Navidad cristiana. Este \u00e1rbol simbolizaba al \u00e1rbol del Universo, llamado Yggdrasil, en cuya copa se\u2026","rel":"","context":"Similar post","block_context":{"text":"Similar post","link":""},"img":{"alt_text":"","src":"https:\/\/i0.wp.com\/samhainlights.com.ar\/wp-content\/uploads\/2023\/09\/Yule-1-300x300.jpg?resize=350%2C200&ssl=1","width":350,"height":200},"classes":[]}],"jetpack_sharing_enabled":true,"_links":{"self":[{"href":"https:\/\/samhainlights.com.ar\/en\/wp-json\/wp\/v2\/pages\/339","targetHints":{"allow":["GET"]}}],"collection":[{"href":"https:\/\/samhainlights.com.ar\/en\/wp-json\/wp\/v2\/pages"}],"about":[{"href":"https:\/\/samhainlights.com.ar\/en\/wp-json\/wp\/v2\/types\/page"}],"author":[{"embeddable":true,"href":"https:\/\/samhainlights.com.ar\/en\/wp-json\/wp\/v2\/users\/1"}],"replies":[{"embeddable":true,"href":"https:\/\/samhainlights.com.ar\/en\/wp-json\/wp\/v2\/comments?post=339"}],"version-history":[{"count":7,"href":"https:\/\/samhainlights.com.ar\/en\/wp-json\/wp\/v2\/pages\/339\/revisions"}],"predecessor-version":[{"id":535,"href":"https:\/\/samhainlights.com.ar\/en\/wp-json\/wp\/v2\/pages\/339\/revisions\/535"}],"up":[{"embeddable":true,"href":"https:\/\/samhainlights.com.ar\/en\/wp-json\/wp\/v2\/pages\/334"}],"wp:attachment":[{"href":"https:\/\/samhainlights.com.ar\/en\/wp-json\/wp\/v2\/media?parent=339"}],"curies":[{"name":"wp","href":"https:\/\/api.w.org\/{rel}","templated":true}]}}