{"id":310,"date":"2023-09-10T07:00:38","date_gmt":"2023-09-10T07:00:38","guid":{"rendered":"https:\/\/samhainlights.com.ar\/?page_id=310"},"modified":"2023-09-10T10:04:53","modified_gmt":"2023-09-10T10:04:53","slug":"beltane","status":"publish","type":"page","link":"https:\/\/samhainlights.com.ar\/en\/sabbats\/beltane\/","title":{"rendered":"Beltane"},"content":{"rendered":"<div data-elementor-type=\"wp-page\" data-elementor-id=\"310\" class=\"elementor elementor-310\">\n\t\t\t\t\t\t<section class=\"elementor-section elementor-top-section elementor-element elementor-element-f264045 elementor-section-boxed elementor-section-height-default elementor-section-height-default\" data-id=\"f264045\" data-element_type=\"section\" data-e-type=\"section\">\n\t\t\t\t\t\t<div class=\"elementor-container elementor-column-gap-default\">\n\t\t\t\t\t<div class=\"elementor-column elementor-col-100 elementor-top-column elementor-element elementor-element-2367365\" data-id=\"2367365\" data-element_type=\"column\" data-e-type=\"column\">\n\t\t\t<div class=\"elementor-widget-wrap elementor-element-populated\">\n\t\t\t\t\t\t<div class=\"elementor-element elementor-element-127139a elementor-widget elementor-widget-heading\" data-id=\"127139a\" data-element_type=\"widget\" data-e-type=\"widget\" data-widget_type=\"heading.default\">\n\t\t\t\t<div class=\"elementor-widget-container\">\n\t\t\t\t\t<h2 class=\"elementor-heading-title elementor-size-default\">Beltane<\/h2>\t\t\t\t<\/div>\n\t\t\t\t<\/div>\n\t\t\t\t\t<\/div>\n\t\t<\/div>\n\t\t\t\t\t<\/div>\n\t\t<\/section>\n\t\t\t\t<section class=\"elementor-section elementor-top-section elementor-element elementor-element-82b61ce elementor-section-boxed elementor-section-height-default elementor-section-height-default\" data-id=\"82b61ce\" data-element_type=\"section\" data-e-type=\"section\">\n\t\t\t\t\t\t<div class=\"elementor-container elementor-column-gap-default\">\n\t\t\t\t\t<div class=\"elementor-column elementor-col-100 elementor-top-column elementor-element elementor-element-cc705cb\" data-id=\"cc705cb\" data-element_type=\"column\" data-e-type=\"column\">\n\t\t\t<div class=\"elementor-widget-wrap elementor-element-populated\">\n\t\t\t\t\t\t<div class=\"elementor-element elementor-element-843cc10 elementor-widget elementor-widget-image\" data-id=\"843cc10\" data-element_type=\"widget\" data-e-type=\"widget\" data-widget_type=\"image.default\">\n\t\t\t\t<div class=\"elementor-widget-container\">\n\t\t\t\t\t\t\t\t\t\t\t\t\t\t\t<img fetchpriority=\"high\" decoding=\"async\" width=\"300\" height=\"288\" src=\"https:\/\/i0.wp.com\/samhainlights.com.ar\/wp-content\/uploads\/2023\/09\/Beltane-1-scaled.jpg?fit=300%2C288&amp;ssl=1\" class=\"attachment-medium size-medium wp-image-312\" alt=\"\" srcset=\"https:\/\/i0.wp.com\/samhainlights.com.ar\/wp-content\/uploads\/2023\/09\/Beltane-1-scaled.jpg?w=2560&amp;ssl=1 2560w, https:\/\/i0.wp.com\/samhainlights.com.ar\/wp-content\/uploads\/2023\/09\/Beltane-1-scaled.jpg?resize=300%2C288&amp;ssl=1 300w, https:\/\/i0.wp.com\/samhainlights.com.ar\/wp-content\/uploads\/2023\/09\/Beltane-1-scaled.jpg?resize=1024%2C984&amp;ssl=1 1024w, https:\/\/i0.wp.com\/samhainlights.com.ar\/wp-content\/uploads\/2023\/09\/Beltane-1-scaled.jpg?resize=768%2C738&amp;ssl=1 768w, https:\/\/i0.wp.com\/samhainlights.com.ar\/wp-content\/uploads\/2023\/09\/Beltane-1-scaled.jpg?resize=1536%2C1477&amp;ssl=1 1536w, https:\/\/i0.wp.com\/samhainlights.com.ar\/wp-content\/uploads\/2023\/09\/Beltane-1-scaled.jpg?resize=2048%2C1969&amp;ssl=1 2048w, https:\/\/i0.wp.com\/samhainlights.com.ar\/wp-content\/uploads\/2023\/09\/Beltane-1-scaled.jpg?resize=416%2C400&amp;ssl=1 416w, https:\/\/i0.wp.com\/samhainlights.com.ar\/wp-content\/uploads\/2023\/09\/Beltane-1-scaled.jpg?w=1960&amp;ssl=1 1960w\" sizes=\"(max-width: 300px) 100vw, 300px\" \/>\t\t\t\t\t\t\t\t\t\t\t\t\t\t\t<\/div>\n\t\t\t\t<\/div>\n\t\t\t\t\t<\/div>\n\t\t<\/div>\n\t\t\t\t\t<\/div>\n\t\t<\/section>\n\t\t\t\t<section class=\"elementor-section elementor-top-section elementor-element elementor-element-d4e123a elementor-section-boxed elementor-section-height-default elementor-section-height-default\" data-id=\"d4e123a\" data-element_type=\"section\" data-e-type=\"section\">\n\t\t\t\t\t\t<div class=\"elementor-container elementor-column-gap-default\">\n\t\t\t\t\t<div class=\"elementor-column elementor-col-100 elementor-top-column elementor-element elementor-element-112fbd5\" data-id=\"112fbd5\" data-element_type=\"column\" data-e-type=\"column\">\n\t\t\t<div class=\"elementor-widget-wrap elementor-element-populated\">\n\t\t\t\t\t\t<div class=\"elementor-element elementor-element-490799d elementor-widget elementor-widget-text-editor\" data-id=\"490799d\" data-element_type=\"widget\" data-e-type=\"widget\" data-widget_type=\"text-editor.default\">\n\t\t\t\t<div class=\"elementor-widget-container\">\n\t\t\t\t\t\t\t\t\t<p>Beltane se celebra en el Hemisferio sur el 1 de noviembre, y en el hemisferio norte es el 1 de mayo. Se la conoce con varios nombres: Beltaine en ga\u00e9lico irland\u00e9s, Bealltainn en ga\u00e9lico escoces, Biakdyn en la isla de Man, Calan Mai en Gales, Kala Mae en Breton y Kalann- me en Cornualles. Similar a lo que ocurre en Samhain, esta noche, el velo entre mundos tambi\u00e9n se desvanece.<br \/><br \/>\u00bfY que se celebra? Pues bien, es una festividad del amor y la pasi\u00f3n, de la sensualidad. El sol vuelve a calentar la tierra, se produce la uni\u00f3n de los dioses nuevamente para crear vida una vez m\u00e1s, haciendo que el ciclo vuelva a empezar.<br \/><br \/>Los celtas honraban la fertilidad de los dioses con regalos y ofrendas, que a veces inclu\u00edan sacrificios de animales o humanos. El ganado era conducido a trav\u00e9s del humo de las hogueras y bendecido con salud y fertilidad para el a\u00f1o siguiente. En Irlanda, se apagaban todos los fuegos de las casas y los fuegos de Tara eran los primeros en encenderse cada a\u00f1o en Beltane, luego se tomaba una llama de Tara y se llevaba a los hogares para encender los fuegos nuevamente.<br \/><br \/>Los romanos, siempre conocidos por celebrar las fiestas a lo grande, pasaron el primer d\u00eda de mayo rindiendo homenaje a sus Lares, los dioses del hogar. Tambi\u00e9n celebraron la Floralia, o fiesta de las flores, que consisti\u00f3 en tres d\u00edas de actividad sexual desenfrenada. Los participantes llevaban flores en el pelo (al igual que los celebrantes del Primero de Mayo m\u00e1s adelante), y hab\u00eda obras de teatro, canciones y bailes. Al final de las festividades, se liberaba a los animales dentro del Circus Maximus y se esparcian frijoles para asegurar la fertilidad.<br \/><br \/>El 2 de mayo tambi\u00e9n se celebr\u00f3 la fiesta del fuego de Bona Dea. Esta celebraci\u00f3n, celebrada en el templo de Bona Dea en el monte Aventino, era un festival de mujeres, en su mayor\u00eda plebeyas, que se desempe\u00f1aban como sacerdotisas y sacrificaban una cerda en honor a la diosa de la fertilidad.<br \/><br \/>Estas son las ra\u00edces de la fiesta.\u00a0<\/p>\t\t\t\t\t\t\t\t<\/div>\n\t\t\t\t<\/div>\n\t\t\t\t\t<\/div>\n\t\t<\/div>\n\t\t\t\t\t<\/div>\n\t\t<\/section>\n\t\t\t\t<section class=\"elementor-section elementor-top-section elementor-element elementor-element-dc226b4 elementor-section-boxed elementor-section-height-default elementor-section-height-default\" data-id=\"dc226b4\" data-element_type=\"section\" data-e-type=\"section\">\n\t\t\t\t\t\t<div class=\"elementor-container elementor-column-gap-default\">\n\t\t\t\t\t<div class=\"elementor-column elementor-col-100 elementor-top-column elementor-element elementor-element-629f1f0\" data-id=\"629f1f0\" data-element_type=\"column\" data-e-type=\"column\">\n\t\t\t<div class=\"elementor-widget-wrap elementor-element-populated\">\n\t\t\t\t\t\t<div class=\"elementor-element elementor-element-82c430c elementor-widget elementor-widget-image\" data-id=\"82c430c\" data-element_type=\"widget\" data-e-type=\"widget\" data-widget_type=\"image.default\">\n\t\t\t\t<div class=\"elementor-widget-container\">\n\t\t\t\t\t\t\t\t\t\t\t\t\t\t\t<img decoding=\"async\" width=\"300\" height=\"288\" src=\"https:\/\/i0.wp.com\/samhainlights.com.ar\/wp-content\/uploads\/2023\/09\/Beltane-2-scaled.jpg?fit=300%2C288&amp;ssl=1\" class=\"attachment-medium size-medium wp-image-313\" alt=\"\" srcset=\"https:\/\/i0.wp.com\/samhainlights.com.ar\/wp-content\/uploads\/2023\/09\/Beltane-2-scaled.jpg?w=2560&amp;ssl=1 2560w, https:\/\/i0.wp.com\/samhainlights.com.ar\/wp-content\/uploads\/2023\/09\/Beltane-2-scaled.jpg?resize=300%2C288&amp;ssl=1 300w, https:\/\/i0.wp.com\/samhainlights.com.ar\/wp-content\/uploads\/2023\/09\/Beltane-2-scaled.jpg?resize=1024%2C984&amp;ssl=1 1024w, https:\/\/i0.wp.com\/samhainlights.com.ar\/wp-content\/uploads\/2023\/09\/Beltane-2-scaled.jpg?resize=768%2C738&amp;ssl=1 768w, https:\/\/i0.wp.com\/samhainlights.com.ar\/wp-content\/uploads\/2023\/09\/Beltane-2-scaled.jpg?resize=1536%2C1477&amp;ssl=1 1536w, https:\/\/i0.wp.com\/samhainlights.com.ar\/wp-content\/uploads\/2023\/09\/Beltane-2-scaled.jpg?resize=2048%2C1969&amp;ssl=1 2048w, https:\/\/i0.wp.com\/samhainlights.com.ar\/wp-content\/uploads\/2023\/09\/Beltane-2-scaled.jpg?resize=416%2C400&amp;ssl=1 416w, https:\/\/i0.wp.com\/samhainlights.com.ar\/wp-content\/uploads\/2023\/09\/Beltane-2-scaled.jpg?w=1960&amp;ssl=1 1960w\" sizes=\"(max-width: 300px) 100vw, 300px\" \/>\t\t\t\t\t\t\t\t\t\t\t\t\t\t\t<\/div>\n\t\t\t\t<\/div>\n\t\t\t\t\t<\/div>\n\t\t<\/div>\n\t\t\t\t\t<\/div>\n\t\t<\/section>\n\t\t\t\t<section class=\"elementor-section elementor-top-section elementor-element elementor-element-e71c08b elementor-section-boxed elementor-section-height-default elementor-section-height-default\" data-id=\"e71c08b\" data-element_type=\"section\" data-e-type=\"section\">\n\t\t\t\t\t\t<div class=\"elementor-container elementor-column-gap-default\">\n\t\t\t\t\t<div class=\"elementor-column elementor-col-100 elementor-top-column elementor-element elementor-element-e79bb1e\" data-id=\"e79bb1e\" data-element_type=\"column\" data-e-type=\"column\">\n\t\t\t<div class=\"elementor-widget-wrap elementor-element-populated\">\n\t\t\t\t\t\t<div class=\"elementor-element elementor-element-b6369db elementor-widget elementor-widget-text-editor\" data-id=\"b6369db\" data-element_type=\"widget\" data-e-type=\"widget\" data-widget_type=\"text-editor.default\">\n\t\t\t\t<div class=\"elementor-widget-container\">\n\t\t\t\t\t\t\t\t\t<p>\u00bfC\u00f3mo celebramos lxs brujxs de ciudad?<br \/><br \/>Un tema frecuente es el c\u00f3mo celebro.\u00bfLo estoy haciendo bien? \u00bfVale que lo celebre indoor? \u00bfY si no tengo todo? Bienvenidos a la modernidad!<br \/><br \/>Si ten\u00e9s flores de estaci\u00f3n, usalas para decorar tu altar y tu casa, si ten\u00e9s poquitas, un florero alcanza. Si pensabas en mover cosas de lugar, es el momento, cambialas. Ese d\u00eda si pod\u00e9s toma mucho zumo de frutas de estaci\u00f3n, incluso podr\u00edas ofrendar una de esas frutas en tu altar y usar las cascaras para preparar inciensos. Es una fiesta que involucra fuego, as\u00ed que si ten\u00e9s caldero o similar, pone una velita dentro, sahumos y ped\u00ed que la prosperidad y fertilidad llegue a tu vida, el humo de nuestra mini &#8220;hoguera&#8221; de Beltane se puede usar para purificar nuestras joyas y elementos del altar tambi\u00e9n. Son d\u00edas geniales para hacer hechizos de prosperidad y fertilidad, pero no nos olvidemos que es una celebraci\u00f3n, y las celebraciones se viven como tal, sin andar ejecutando s\u00ed o s\u00ed actividades m\u00e1gicas. Mir\u00e1 por la ventana si es posible y sent\u00ed el cambio en el aire, en la tibieza del sol, en el reverdecer. Si no pod\u00e9s, y saliste a la calle, extremando cuidados, quedate 5 minutos m\u00e1s y trata de experimentar esa conexi\u00f3n.<br \/><br \/>Los dioses con los que conectamos y celebramos suelen ser Cernunnos, la Diosa Madre, dioses solares y diosas del amor y la fertilidad.<br \/><br \/>Lo elaborado es para quien puede permit\u00edrselo, lo simple es para todxs.<br \/><br \/>Blessed Be \ud83c\udf3b<\/p>\t\t\t\t\t\t\t\t<\/div>\n\t\t\t\t<\/div>\n\t\t\t\t\t<\/div>\n\t\t<\/div>\n\t\t\t\t\t<\/div>\n\t\t<\/section>\n\t\t\t\t<\/div>","protected":false},"excerpt":{"rendered":"<p>Beltane Beltane se celebra en el Hemisferio sur el 1 de noviembre, y en el hemisferio norte es el 1 de mayo. Se la conoce con varios nombres: Beltaine en ga\u00e9lico irland\u00e9s, Bealltainn en ga\u00e9lico escoces, Biakdyn en la isla de Man, Calan Mai en Gales, Kala Mae en Breton y Kalann- me en Cornualles. [&hellip;]<\/p>\n","protected":false},"author":1,"featured_media":0,"parent":19,"menu_order":5,"comment_status":"closed","ping_status":"closed","template":"","meta":{"_eb_attr":"","om_disable_all_campaigns":false,"_monsterinsights_skip_tracking":false,"_monsterinsights_sitenote_active":false,"_monsterinsights_sitenote_note":"","_monsterinsights_sitenote_category":0,"footnotes":""},"class_list":["post-310","page","type-page","status-publish","hentry"],"aioseo_notices":[],"jetpack-related-posts":[{"id":334,"url":"https:\/\/samhainlights.com.ar\/en\/rituales\/basicos\/","url_meta":{"origin":310,"position":0},"title":"Basic","author":"samhainlights","date":"September 10, 2023","format":false,"excerpt":"Rituales B\u00e1sicos C\u00edrculo de protecci\u00f3n Ritual de Asentado","rel":"","context":"Similar post","block_context":{"text":"Similar post","link":""},"img":{"alt_text":"","src":"","width":0,"height":0},"classes":[]},{"id":327,"url":"https:\/\/samhainlights.com.ar\/en\/sabbats\/lughnasahd\/","url_meta":{"origin":310,"position":1},"title":"Lughnasahd","author":"samhainlights","date":"September 10, 2023","format":false,"excerpt":"Lughnasadh Arrancamos con la primera de las fiestas de la cosecha, con Lughnasadh. Aqu\u00ed en el hemisferio sur lo celebramos por calendario el 1 de febrero (1 de agosto en el HN), y quienes estamos mas orientados al calendario lunar, en la 2da luna llena posterior al solsticio de verano\u2026","rel":"","context":"Similar post","block_context":{"text":"Similar post","link":""},"img":{"alt_text":"","src":"https:\/\/i0.wp.com\/samhainlights.com.ar\/wp-content\/uploads\/2023\/09\/Lughnasadh-300x300.png?resize=350%2C200&ssl=1","width":350,"height":200},"classes":[]},{"id":339,"url":"https:\/\/samhainlights.com.ar\/en\/rituales\/basicos\/ritual-de-asentado\/","url_meta":{"origin":310,"position":2},"title":"Settling Ritual","author":"samhainlights","date":"September 10, 2023","format":false,"excerpt":"Ritual de asentado El ritual de asentado es una actividad post trabajos m\u00e1gicos en los cuales hemos levantado mucha energ\u00eda. Lo hacemos para liberar la energ\u00eda \"de sobra\" de manera segura y que la misma no afecte otras actividades diarias, y no nos afecte a nosotros mismos inclusive.El ejercicio es\u2026","rel":"","context":"Similar post","block_context":{"text":"Similar post","link":""},"img":{"alt_text":"","src":"https:\/\/i0.wp.com\/samhainlights.com.ar\/wp-content\/uploads\/2023\/09\/Asentado.png?resize=350%2C200&ssl=1","width":350,"height":200,"srcset":"https:\/\/i0.wp.com\/samhainlights.com.ar\/wp-content\/uploads\/2023\/09\/Asentado.png?resize=350%2C200&ssl=1 1x, https:\/\/i0.wp.com\/samhainlights.com.ar\/wp-content\/uploads\/2023\/09\/Asentado.png?resize=525%2C300&ssl=1 1.5x"},"classes":[]},{"id":371,"url":"https:\/\/samhainlights.com.ar\/en\/hechizos\/de-proteccion\/botella-de-bruja\/","url_meta":{"origin":310,"position":3},"title":"Witch bottle","author":"samhainlights","date":"September 10, 2023","format":false,"excerpt":"Una botella de bruja cumple la doble funci\u00f3n de recibir todo el da\u00f1o que sea enviado al brujo o bruja y al mismo tiempo act\u00faa como un artefacto que se encargar\u00e1 de devolver el mal autom\u00e1ticamente a la persona que nos lo envi\u00f3 Ingredientes * Una botella de vidrio\/cristal. La\u2026","rel":"","context":"Similar post","block_context":{"text":"Similar post","link":""},"img":{"alt_text":"","src":"https:\/\/i0.wp.com\/samhainlights.com.ar\/wp-content\/uploads\/2021\/03\/photo_2021-03-24_18-37-08-300x300.jpg?resize=350%2C200&ssl=1","width":350,"height":200},"classes":[]},{"id":232,"url":"https:\/\/samhainlights.com.ar\/en\/sabbats\/imbolc\/","url_meta":{"origin":310,"position":4},"title":"Imbolc","author":"samhainlights","date":"September 10, 2023","format":false,"excerpt":"IMBOLC \u00bfEs imbolc una festividad moderna?Si y no.\u00a0El nombre de la festividad fue popularizado por la Wicca pero las raices celtas se remontan hasta hace mas de 5.300 a\u00f1os. En Irlanda, en las afueras de Kells, condado de Meath, precisamente en un tumulo conocido como el Tumulo L se han\u2026","rel":"","context":"Similar post","block_context":{"text":"Similar post","link":""},"img":{"alt_text":"","src":"https:\/\/i0.wp.com\/samhainlights.com.ar\/wp-content\/uploads\/2023\/09\/Imbolc-1-300x300.jpg?resize=350%2C200&ssl=1","width":350,"height":200},"classes":[]},{"id":297,"url":"https:\/\/samhainlights.com.ar\/en\/sabbats\/yule\/","url_meta":{"origin":310,"position":5},"title":"Yule","author":"samhainlights","date":"September 10, 2023","format":false,"excerpt":"Yule Cuando los primeros cristianos llegaron al norte de Europa, descubrieron que sus habitantes celebraban el nacimiento de Frey, dios del Sol y la fertilidad, adornando un \u00e1rbol perenne, en la fecha pr\u00f3xima a la Navidad cristiana. Este \u00e1rbol simbolizaba al \u00e1rbol del Universo, llamado Yggdrasil, en cuya copa se\u2026","rel":"","context":"Similar post","block_context":{"text":"Similar post","link":""},"img":{"alt_text":"","src":"https:\/\/i0.wp.com\/samhainlights.com.ar\/wp-content\/uploads\/2023\/09\/Yule-1-300x300.jpg?resize=350%2C200&ssl=1","width":350,"height":200},"classes":[]}],"jetpack_sharing_enabled":true,"_links":{"self":[{"href":"https:\/\/samhainlights.com.ar\/en\/wp-json\/wp\/v2\/pages\/310","targetHints":{"allow":["GET"]}}],"collection":[{"href":"https:\/\/samhainlights.com.ar\/en\/wp-json\/wp\/v2\/pages"}],"about":[{"href":"https:\/\/samhainlights.com.ar\/en\/wp-json\/wp\/v2\/types\/page"}],"author":[{"embeddable":true,"href":"https:\/\/samhainlights.com.ar\/en\/wp-json\/wp\/v2\/users\/1"}],"replies":[{"embeddable":true,"href":"https:\/\/samhainlights.com.ar\/en\/wp-json\/wp\/v2\/comments?post=310"}],"version-history":[{"count":4,"href":"https:\/\/samhainlights.com.ar\/en\/wp-json\/wp\/v2\/pages\/310\/revisions"}],"predecessor-version":[{"id":316,"href":"https:\/\/samhainlights.com.ar\/en\/wp-json\/wp\/v2\/pages\/310\/revisions\/316"}],"up":[{"embeddable":true,"href":"https:\/\/samhainlights.com.ar\/en\/wp-json\/wp\/v2\/pages\/19"}],"wp:attachment":[{"href":"https:\/\/samhainlights.com.ar\/en\/wp-json\/wp\/v2\/media?parent=310"}],"curies":[{"name":"wp","href":"https:\/\/api.w.org\/{rel}","templated":true}]}}