{"id":3,"date":"2021-03-10T18:26:18","date_gmt":"2021-03-10T18:26:18","guid":{"rendered":"https:\/\/samhainlights.com.ar\/?page_id=3"},"modified":"2023-09-17T03:48:21","modified_gmt":"2023-09-17T03:48:21","slug":"privacy-policy","status":"publish","type":"page","link":"https:\/\/samhainlights.com.ar\/en\/privacy-policy\/","title":{"rendered":"Privacy Policy &amp; Cookies Policy"},"content":{"rendered":"<div data-elementor-type=\"wp-page\" data-elementor-id=\"3\" class=\"elementor elementor-3\">\n\t\t\t\t\t\t<section class=\"elementor-section elementor-top-section elementor-element elementor-element-316dad21 elementor-section-boxed elementor-section-height-default elementor-section-height-default\" data-id=\"316dad21\" data-element_type=\"section\" data-e-type=\"section\">\n\t\t\t\t\t\t<div class=\"elementor-container elementor-column-gap-default\">\n\t\t\t\t\t<div class=\"elementor-column elementor-col-100 elementor-top-column elementor-element elementor-element-3de1e77c\" data-id=\"3de1e77c\" data-element_type=\"column\" data-e-type=\"column\">\n\t\t\t<div class=\"elementor-widget-wrap elementor-element-populated\">\n\t\t\t\t\t\t<div class=\"elementor-element elementor-element-7ae9e76e elementor-widget elementor-widget-text-editor\" data-id=\"7ae9e76e\" data-element_type=\"widget\" data-e-type=\"widget\" data-widget_type=\"text-editor.default\">\n\t\t\t\t<div class=\"elementor-widget-container\">\n\t\t\t\t\t\t\t\t\t<p><\/p>\n<h2 class=\"wp-block-heading\"><span style=\"color: #333333;\">Quienes Somos<\/span><\/h2>\n<p><\/p>\n<p><\/p>\n<p>Nuestra direccion web es: https:\/\/samhainlights.com.ar.<\/p>\n<p><\/p>\n<p><\/p>\n<h2 class=\"wp-block-heading\"><span style=\"color: #333333;\">Comentarios<\/span><\/h2>\n<p><\/p>\n<p><\/p>\n<p>Cuando los visitantes dejan comentarios en nuestra web, si el apartado est\u00e1 habilitado, recolectamos los datos mostrados en el formulario, como tambien, como as\u00ed tambien la direccion de IP del visitante, el navegador para ayudar en la detecci\u00f3n del spam.<\/p>\n<p><\/p>\n<p><\/p>\n<p><\/p>\n<p><\/p>\n<h2 class=\"wp-block-heading\"><span style=\"color: #333333;\">Media<\/span><\/h2>\n<p><\/p>\n<p><\/p>\n<p><br \/>Si subes im\u00e1genes al sitio web, debes evitar subir im\u00e1genes con datos de ubicaci\u00f3n incrustados (GPS EXIF) incluidos. Los visitantes del sitio web pueden descargar y extraer cualquier dato de ubicaci\u00f3n de las im\u00e1genes del sitio web.<\/p>\n<p><\/p>\n<p><\/p>\n<h2 class=\"wp-block-heading\"><span style=\"color: #333333;\">Cookies<\/span><\/h2>\n<p><\/p>\n<p><\/p>\n<p><br \/>Si deja un comentario en nuestro sitio, puede optar por guardar su nombre, direcci\u00f3n de correo electr\u00f3nico y sitio web en cookies. Esto es para tu comodidad para que no tengas que volver a completar tus datos cuando dejes otro comentario. Estas cookies tendr\u00e1n una duraci\u00f3n de un a\u00f1o.<\/p>\n<p><\/p>\n<p><\/p>\n<p>Si visita nuestra p\u00e1gina de inicio de sesi\u00f3n, configuraremos una cookie temporal para determinar si su navegador acepta cookies. Esta cookie no contiene datos personales y se descarta al cerrar el navegador.<\/p>\n<p><\/p>\n<p><\/p>\n<p>Cuando inicie sesi\u00f3n, tambi\u00e9n configuraremos varias cookies para guardar su informaci\u00f3n de inicio de sesi\u00f3n y sus opciones de visualizaci\u00f3n de pantalla. Las cookies de inicio de sesi\u00f3n duran dos d\u00edas y las cookies de opciones de pantalla duran un a\u00f1o. Si selecciona &#8220;Recordarme&#8221;, su inicio de sesi\u00f3n persistir\u00e1 durante dos semanas. Si cierra sesi\u00f3n en su cuenta, las cookies de inicio de sesi\u00f3n se eliminar\u00e1n.<\/p>\n<p><\/p>\n<p><\/p>\n<p>Si edita o publica un art\u00edculo, se guardar\u00e1 una cookie adicional en su navegador. Esta cookie no incluye datos personales y simplemente indica el ID de la publicaci\u00f3n del art\u00edculo que acaba de editar. Caduca despu\u00e9s de 1 d\u00eda.<\/p>\n<p><\/p>\n<p><\/p>\n<h2 class=\"wp-block-heading\"><span style=\"color: #333333;\">Contenido incrustado de otros sitios web<\/span><\/h2>\n<p><\/p>\n<p><\/p>\n<p>Los art\u00edculos de este sitio pueden incluir contenido incrustado (por ejemplo, v\u00eddeos, im\u00e1genes, art\u00edculos, etc.). El contenido incrustado de otros sitios web se comporta exactamente de la misma manera que si el visitante hubiera visitado el otro sitio web.<\/p>\n<p><\/p>\n<p><\/p>\n<p>Estos sitios web pueden recopilar datos sobre usted, utilizar cookies, incorporar seguimiento adicional de terceros y monitorear su interacci\u00f3n con ese contenido incrustado, incluido el seguimiento de su interacci\u00f3n con el contenido incrustado si tiene una cuenta y ha iniciado sesi\u00f3n en ese sitio web.<\/p>\n<p><\/p>\n<p><\/p>\n<h2 class=\"wp-block-heading\"><span style=\"color: #333333;\">Con qui\u00e9n compartimos tus datos<\/span><\/h2>\n<p><\/p>\n<p><\/p>\n<p>Si solicita un restablecimiento de contrase\u00f1a, su direcci\u00f3n IP se incluir\u00e1 en el correo electr\u00f3nico de restablecimiento.<\/p>\n<p><\/p>\n<p><\/p>\n<h2 class=\"wp-block-heading\"><span style=\"color: #333333;\">Cu\u00e1nto tiempo conservamos tus datos<\/span><\/h2>\n<p><\/p>\n<p><\/p>\n<p>Si deja un comentario, el comentario y sus metadatos se conservan indefinidamente. Esto es para que podamos reconocer y aprobar cualquier comentario de seguimiento autom\u00e1ticamente en lugar de mantenerlos en una cola de moderaci\u00f3n.<\/p>\n<p><\/p>\n<p><\/p>\n<p>Para los usuarios que se registran en nuestro sitio web (si los hay), tambi\u00e9n almacenamos la informaci\u00f3n personal que proporcionan en su perfil de usuario. Todos los usuarios pueden ver, editar o eliminar su informaci\u00f3n personal en cualquier momento (excepto que no pueden cambiar su nombre de usuario). Los administradores del sitio web tambi\u00e9n pueden ver y editar esa informaci\u00f3n.<\/p>\n<p><\/p>\n<p><\/p>\n<h2 class=\"wp-block-heading\"><span style=\"color: #333333;\">Qu\u00e9 derechos tienes sobre tus datos<\/span><\/h2>\n<p><\/p>\n<p><\/p>\n<p>Si tiene una cuenta en este sitio o ha dejado comentarios, puede solicitar recibir un archivo exportado de los datos personales que tenemos sobre usted, incluidos los datos que nos haya proporcionado. Tambi\u00e9n puede solicitar que borremos cualquier dato personal que tengamos sobre usted. Esto no incluye ning\u00fan dato que estemos obligados a conservar con fines administrativos, legales o de seguridad.<\/p>\n<p><\/p>\n<p><\/p>\n<h2 class=\"wp-block-heading\"><span style=\"color: #333333;\">D\u00f3nde enviamos tus datos<\/span><\/h2>\n<p><\/p>\n<p><\/p>\n<p>Los comentarios de los visitantes pueden revisarse a trav\u00e9s de un servicio automatizado de detecci\u00f3n de spam.<\/p>\n<p><\/p>\t\t\t\t\t\t\t\t<\/div>\n\t\t\t\t<\/div>\n\t\t\t\t\t<\/div>\n\t\t<\/div>\n\t\t\t\t\t<\/div>\n\t\t<\/section>\n\t\t\t\t<\/div>","protected":false},"excerpt":{"rendered":"<p>Quienes Somos Nuestra direccion web es: https:\/\/samhainlights.com.ar. Comentarios Cuando los visitantes dejan comentarios en nuestra web, si el apartado est\u00e1 habilitado, recolectamos los datos mostrados en el formulario, como tambien, como as\u00ed tambien la direccion de IP del visitante, el navegador para ayudar en la detecci\u00f3n del spam. Media Si subes im\u00e1genes al sitio web, [&hellip;]<\/p>\n","protected":false},"author":1,"featured_media":0,"parent":0,"menu_order":0,"comment_status":"closed","ping_status":"open","template":"","meta":{"_eb_attr":"","om_disable_all_campaigns":false,"_monsterinsights_skip_tracking":false,"_monsterinsights_sitenote_active":false,"_monsterinsights_sitenote_note":"","_monsterinsights_sitenote_category":0,"footnotes":""},"class_list":["post-3","page","type-page","status-publish","hentry"],"aioseo_notices":[],"jetpack-related-posts":[{"id":489,"url":"https:\/\/samhainlights.com.ar\/en\/terminos-y-condiciones\/","url_meta":{"origin":3,"position":0},"title":"Terms and Conditions","author":"samhainlights","date":"September 16, 2023","format":false,"excerpt":"Alcance Los presentes\u00a0T\u00e9rminos y Condiciones son aplicables a los activos digitales y a otros productos y servicios relacionados que se ofrecen y\/o se ofrecer\u00e1n en www.SamhainLighs.com.ar (en adelante \"el sitio\")El registro y uso del sitio\u00a0 por parte de un usuario (en adelante el\/los \u201cUsuario\/s\u201d) indica la aceptaci\u00f3n absoluta de los\u2026","rel":"","context":"Similar post","block_context":{"text":"Similar post","link":""},"img":{"alt_text":"","src":"","width":0,"height":0},"classes":[]},{"id":631,"url":"https:\/\/samhainlights.com.ar\/en\/wicca\/herramientas-magicas\/herramientas-secundarias\/","url_meta":{"origin":3,"position":1},"title":"Secondary Tools","author":"samhainlights","date":"March 10, 2024","format":false,"excerpt":"Como ya adelant\u00e9 cuando habl\u00e9 sobre las herramientas principales, las herramientas secundarias tienen tambien una importancia central en nuestras practicas m\u00e1gicas.Dentro de esta categorizaci\u00f3n vamos a encontrar las cuerdas, el inciensario, nuestro bowl de agua y de sal, las velas del altar, piedras, hierbas, el bolline (cuchillo de mango blanco),\u2026","rel":"","context":"Similar post","block_context":{"text":"Similar post","link":""},"img":{"alt_text":"","src":"","width":0,"height":0},"classes":[]},{"id":609,"url":"https:\/\/samhainlights.com.ar\/en\/wicca\/herramientas-magicas\/herramientas-principales\/el-pentaculo\/","url_meta":{"origin":3,"position":2},"title":"The Pentacle","author":"samhainlights","date":"March 9, 2024","format":false,"excerpt":"El Pent\u00e1culo https:\/\/samhainlights.com.ar\/wp-content\/uploads\/2024\/03\/El-Pentaculo.mp4Ante todo, debemos comprender que el pent\u00e1culo es, en s\u00ed mismo, un s\u00edmbolo compuesto, integrado por un pentagrama cuyas 4 puntas que representan a los cuatro elementos (aire, tierra, fuego, agua) y la quinta punta superior representa el \u00e9ter (esp\u00edritu) dentro de un c\u00edrculo que evoca la perfecci\u00f3n,\u2026","rel":"","context":"Similar post","block_context":{"text":"Similar post","link":""},"img":{"alt_text":"","src":"","width":0,"height":0},"classes":[]},{"id":557,"url":"https:\/\/samhainlights.com.ar\/en\/wicca\/hierbas-magicas\/","url_meta":{"origin":3,"position":3},"title":"Magic Herbs","author":"samhainlights","date":"September 23, 2023","format":false,"excerpt":"Listado de hierbas y usos esot\u00e9ricos HierbaG\u00e9neroPlanetaElementoUsos esot\u00e9ricosAbedulFemeninoVenusAguaProtecci\u00f3n, purificaci\u00f3n y exorcismo.AguacateFemeninoVenusAguaAmor, deseo y belleza.AjenjoMasculinoMarteFuegoProtecci\u00f3n, amor, invocaci\u00f3n de esp\u00edritus y poderes ps\u00edquicos.AjoMasculino\u00a0FuegoProtecci\u00f3n, exorcismo, deseo, curaci\u00f3n y antirrobo.AlbahacaMasculinoMarteFuegoProtecci\u00f3n, exorcismo, amor y riqueza.AlcanforFemeninoLunaAguaCuraci\u00f3n, castidad y adivinaci\u00f3n.AlfalfaFemeninoVenusTierraRiquezaAlgod\u00f3nFemeninoLunaTierraProtecci\u00f3n, curaci\u00f3n, suerte y lluvia.AlmedraMasculinoMercurioAireDinero y sabidur\u00eda.AloeFemeninoLunaAguaProtecci\u00f3n y suerte.AmapolaFemeninoLunaAguaDeseo, dinero, fertilidad, sue\u00f1os e invisibilidad.An\u00edsMasculinoJupiterAireProtecci\u00f3n, purificaci\u00f3n y belleza.ApioMasculinoMercurioFuegoDeseos y\u2026","rel":"","context":"Similar post","block_context":{"text":"Similar post","link":""},"img":{"alt_text":"","src":"","width":0,"height":0},"classes":[]},{"id":391,"url":"https:\/\/samhainlights.com.ar\/en\/hechizos\/de-proteccion\/hechizo-de-proteccion-en-latin\/","url_meta":{"origin":3,"position":4},"title":"Latin Protection Spell","author":"samhainlights","date":"September 10, 2023","format":false,"excerpt":"Este hechizo empez\u00f3 a moverse mas con la serie de Sabrina y con ello empez\u00f3 el copy paste por todos lados. Pero aca te cuento lo que ten\u00e9s que saber.\ud83d\udccd No es necesario hacerlo a la luz de la luna llena. Es un hechizo de protecci\u00f3n que se usa para\u2026","rel":"","context":"Similar post","block_context":{"text":"Similar post","link":""},"img":{"alt_text":"","src":"https:\/\/i0.wp.com\/samhainlights.com.ar\/wp-content\/uploads\/2021\/03\/photo_2021-03-07_08-37-41-1024x971.jpg?resize=350%2C200&ssl=1","width":350,"height":200,"srcset":"https:\/\/i0.wp.com\/samhainlights.com.ar\/wp-content\/uploads\/2021\/03\/photo_2021-03-07_08-37-41-1024x971.jpg?resize=350%2C200&ssl=1 1x, https:\/\/i0.wp.com\/samhainlights.com.ar\/wp-content\/uploads\/2021\/03\/photo_2021-03-07_08-37-41-1024x971.jpg?resize=525%2C300&ssl=1 1.5x, https:\/\/i0.wp.com\/samhainlights.com.ar\/wp-content\/uploads\/2021\/03\/photo_2021-03-07_08-37-41-1024x971.jpg?resize=700%2C400&ssl=1 2x"},"classes":[]},{"id":297,"url":"https:\/\/samhainlights.com.ar\/en\/sabbats\/yule\/","url_meta":{"origin":3,"position":5},"title":"Yule","author":"samhainlights","date":"September 10, 2023","format":false,"excerpt":"Yule Cuando los primeros cristianos llegaron al norte de Europa, descubrieron que sus habitantes celebraban el nacimiento de Frey, dios del Sol y la fertilidad, adornando un \u00e1rbol perenne, en la fecha pr\u00f3xima a la Navidad cristiana. Este \u00e1rbol simbolizaba al \u00e1rbol del Universo, llamado Yggdrasil, en cuya copa se\u2026","rel":"","context":"Similar post","block_context":{"text":"Similar post","link":""},"img":{"alt_text":"","src":"https:\/\/i0.wp.com\/samhainlights.com.ar\/wp-content\/uploads\/2023\/09\/Yule-1-300x300.jpg?resize=350%2C200&ssl=1","width":350,"height":200},"classes":[]}],"jetpack_sharing_enabled":true,"_links":{"self":[{"href":"https:\/\/samhainlights.com.ar\/en\/wp-json\/wp\/v2\/pages\/3","targetHints":{"allow":["GET"]}}],"collection":[{"href":"https:\/\/samhainlights.com.ar\/en\/wp-json\/wp\/v2\/pages"}],"about":[{"href":"https:\/\/samhainlights.com.ar\/en\/wp-json\/wp\/v2\/types\/page"}],"author":[{"embeddable":true,"href":"https:\/\/samhainlights.com.ar\/en\/wp-json\/wp\/v2\/users\/1"}],"replies":[{"embeddable":true,"href":"https:\/\/samhainlights.com.ar\/en\/wp-json\/wp\/v2\/comments?post=3"}],"version-history":[{"count":14,"href":"https:\/\/samhainlights.com.ar\/en\/wp-json\/wp\/v2\/pages\/3\/revisions"}],"predecessor-version":[{"id":523,"href":"https:\/\/samhainlights.com.ar\/en\/wp-json\/wp\/v2\/pages\/3\/revisions\/523"}],"wp:attachment":[{"href":"https:\/\/samhainlights.com.ar\/en\/wp-json\/wp\/v2\/media?parent=3"}],"curies":[{"name":"wp","href":"https:\/\/api.w.org\/{rel}","templated":true}]}}