{"id":297,"date":"2023-09-10T06:43:37","date_gmt":"2023-09-10T06:43:37","guid":{"rendered":"https:\/\/samhainlights.com.ar\/?page_id=297"},"modified":"2023-09-10T09:52:47","modified_gmt":"2023-09-10T09:52:47","slug":"yule","status":"publish","type":"page","link":"https:\/\/samhainlights.com.ar\/en\/sabbats\/yule\/","title":{"rendered":"Yule"},"content":{"rendered":"<div data-elementor-type=\"wp-page\" data-elementor-id=\"297\" class=\"elementor elementor-297\">\n\t\t\t\t\t\t<section class=\"elementor-section elementor-top-section elementor-element elementor-element-0d3ae99 elementor-section-boxed elementor-section-height-default elementor-section-height-default\" data-id=\"0d3ae99\" data-element_type=\"section\" data-e-type=\"section\">\n\t\t\t\t\t\t<div class=\"elementor-container elementor-column-gap-default\">\n\t\t\t\t\t<div class=\"elementor-column elementor-col-100 elementor-top-column elementor-element elementor-element-c8c2182\" data-id=\"c8c2182\" data-element_type=\"column\" data-e-type=\"column\">\n\t\t\t<div class=\"elementor-widget-wrap elementor-element-populated\">\n\t\t\t\t\t\t<div class=\"elementor-element elementor-element-ccf7052 elementor-widget elementor-widget-heading\" data-id=\"ccf7052\" data-element_type=\"widget\" data-e-type=\"widget\" data-widget_type=\"heading.default\">\n\t\t\t\t<div class=\"elementor-widget-container\">\n\t\t\t\t\t<h2 class=\"elementor-heading-title elementor-size-default\">Yule<\/h2>\t\t\t\t<\/div>\n\t\t\t\t<\/div>\n\t\t\t\t\t<\/div>\n\t\t<\/div>\n\t\t\t\t\t<\/div>\n\t\t<\/section>\n\t\t\t\t<section class=\"elementor-section elementor-top-section elementor-element elementor-element-7310ab9 elementor-section-boxed elementor-section-height-default elementor-section-height-default\" data-id=\"7310ab9\" data-element_type=\"section\" data-e-type=\"section\">\n\t\t\t\t\t\t<div class=\"elementor-container elementor-column-gap-default\">\n\t\t\t\t\t<div class=\"elementor-column elementor-col-100 elementor-top-column elementor-element elementor-element-8944771\" data-id=\"8944771\" data-element_type=\"column\" data-e-type=\"column\">\n\t\t\t<div class=\"elementor-widget-wrap elementor-element-populated\">\n\t\t\t\t\t\t<div class=\"elementor-element elementor-element-8830798 elementor-widget elementor-widget-image\" data-id=\"8830798\" data-element_type=\"widget\" data-e-type=\"widget\" data-widget_type=\"image.default\">\n\t\t\t\t<div class=\"elementor-widget-container\">\n\t\t\t\t\t\t\t\t\t\t\t\t\t\t\t<img fetchpriority=\"high\" decoding=\"async\" width=\"300\" height=\"300\" src=\"https:\/\/i0.wp.com\/samhainlights.com.ar\/wp-content\/uploads\/2023\/09\/Yule-1.jpg?fit=300%2C300&amp;ssl=1\" class=\"attachment-medium size-medium wp-image-300\" alt=\"\" srcset=\"https:\/\/i0.wp.com\/samhainlights.com.ar\/wp-content\/uploads\/2023\/09\/Yule-1.jpg?w=1280&amp;ssl=1 1280w, https:\/\/i0.wp.com\/samhainlights.com.ar\/wp-content\/uploads\/2023\/09\/Yule-1.jpg?resize=300%2C300&amp;ssl=1 300w, https:\/\/i0.wp.com\/samhainlights.com.ar\/wp-content\/uploads\/2023\/09\/Yule-1.jpg?resize=1024%2C1024&amp;ssl=1 1024w, https:\/\/i0.wp.com\/samhainlights.com.ar\/wp-content\/uploads\/2023\/09\/Yule-1.jpg?resize=150%2C150&amp;ssl=1 150w, https:\/\/i0.wp.com\/samhainlights.com.ar\/wp-content\/uploads\/2023\/09\/Yule-1.jpg?resize=768%2C768&amp;ssl=1 768w, https:\/\/i0.wp.com\/samhainlights.com.ar\/wp-content\/uploads\/2023\/09\/Yule-1.jpg?resize=324%2C324&amp;ssl=1 324w, https:\/\/i0.wp.com\/samhainlights.com.ar\/wp-content\/uploads\/2023\/09\/Yule-1.jpg?resize=416%2C416&amp;ssl=1 416w, https:\/\/i0.wp.com\/samhainlights.com.ar\/wp-content\/uploads\/2023\/09\/Yule-1.jpg?resize=100%2C100&amp;ssl=1 100w\" sizes=\"(max-width: 300px) 100vw, 300px\" \/>\t\t\t\t\t\t\t\t\t\t\t\t\t\t\t<\/div>\n\t\t\t\t<\/div>\n\t\t\t\t\t<\/div>\n\t\t<\/div>\n\t\t\t\t\t<\/div>\n\t\t<\/section>\n\t\t\t\t<section class=\"elementor-section elementor-top-section elementor-element elementor-element-232531d elementor-section-boxed elementor-section-height-default elementor-section-height-default\" data-id=\"232531d\" data-element_type=\"section\" data-e-type=\"section\">\n\t\t\t\t\t\t<div class=\"elementor-container elementor-column-gap-default\">\n\t\t\t\t\t<div class=\"elementor-column elementor-col-100 elementor-top-column elementor-element elementor-element-b60c01c\" data-id=\"b60c01c\" data-element_type=\"column\" data-e-type=\"column\">\n\t\t\t<div class=\"elementor-widget-wrap elementor-element-populated\">\n\t\t\t\t\t\t<div class=\"elementor-element elementor-element-dc8fd76 elementor-widget elementor-widget-text-editor\" data-id=\"dc8fd76\" data-element_type=\"widget\" data-e-type=\"widget\" data-widget_type=\"text-editor.default\">\n\t\t\t\t<div class=\"elementor-widget-container\">\n\t\t\t\t\t\t\t\t\t<p>Cuando los primeros cristianos llegaron al norte de Europa, descubrieron que sus habitantes celebraban el nacimiento de Frey, dios del Sol y la fertilidad, adornando un \u00e1rbol perenne, en la fecha pr\u00f3xima a la Navidad cristiana. Este \u00e1rbol simbolizaba al \u00e1rbol del Universo, llamado Yggdrasil, en cuya copa se hallaba Asgard (la morada de los dioses) y el Valhalla (el palacio de Od\u00edn); y en las ra\u00edces m\u00e1s profundas estaba Helheim (el reino de los muertos).<br \/><br \/>Esta tradici\u00f3n, adem\u00e1s, se un\u00eda a Yule, la celebraci\u00f3n del solsticio de invierno, que duraba alrededor de doce d\u00edas y estaba dedicada a la familia, a los parientes y amigos ausentes, como as\u00ed tambi\u00e9n a la fertilidad. Con este motivo, los antiguos n\u00f3rdicos ten\u00edan ciertas pr\u00e1cticas muy similares a las de la actual Navidad: La primera y m\u00e1s obvia, como menciona el p\u00e1rrafo anterior, el juntarse en familia o con los amigos y disfrutar de un buen banquete. Se encend\u00eda el le\u00f1o de Yule, un le\u00f1o del a\u00f1o anterior, para hacerlo arder por 12 horas. Luego se esparc\u00edan las cenizas por los campos para hacerlos f\u00e9rtiles y traer buena suerte para las cosechas del a\u00f1o que viene.<br \/><br \/>Es preciso tener presente que nos encontramos en la mitad oscura del a\u00f1o, por lo que el le\u00f1o de Yule tambi\u00e9n tiene un simbolismo protector, alejando a los esp\u00edritus errantes y protegiendo el hogar y a sus ocupantes de visitas indeseadas.<br \/><br \/>La celebraci\u00f3n de Yule es una de las 4 festividades principales en el neopaganismo, especialmente en Wicca, ya que es el solsticio de invierno. A estas festividades se las conoce con el nombre de Sabbats Mayores. Recordemos adem\u00e1s que venimos del equinoccio de oto\u00f1o, para lo cual te invito a ver las publicaciones sobre Samhain para ir comprendiendo el trasfondo de esta mitad oscura y el tono de sus celebraciones.<\/p>\t\t\t\t\t\t\t\t<\/div>\n\t\t\t\t<\/div>\n\t\t\t\t\t<\/div>\n\t\t<\/div>\n\t\t\t\t\t<\/div>\n\t\t<\/section>\n\t\t\t\t<section class=\"elementor-section elementor-top-section elementor-element elementor-element-0c2f60e elementor-section-boxed elementor-section-height-default elementor-section-height-default\" data-id=\"0c2f60e\" data-element_type=\"section\" data-e-type=\"section\">\n\t\t\t\t\t\t<div class=\"elementor-container elementor-column-gap-default\">\n\t\t\t\t\t<div class=\"elementor-column elementor-col-100 elementor-top-column elementor-element elementor-element-53e7c9f\" data-id=\"53e7c9f\" data-element_type=\"column\" data-e-type=\"column\">\n\t\t\t<div class=\"elementor-widget-wrap elementor-element-populated\">\n\t\t\t\t\t\t<div class=\"elementor-element elementor-element-b32ba5d elementor-widget elementor-widget-image\" data-id=\"b32ba5d\" data-element_type=\"widget\" data-e-type=\"widget\" data-widget_type=\"image.default\">\n\t\t\t\t<div class=\"elementor-widget-container\">\n\t\t\t\t\t\t\t\t\t\t\t\t\t\t\t<img decoding=\"async\" width=\"300\" height=\"300\" src=\"https:\/\/i0.wp.com\/samhainlights.com.ar\/wp-content\/uploads\/2023\/09\/Yule-2.jpg?fit=300%2C300&amp;ssl=1\" class=\"attachment-medium size-medium wp-image-299\" alt=\"\" srcset=\"https:\/\/i0.wp.com\/samhainlights.com.ar\/wp-content\/uploads\/2023\/09\/Yule-2.jpg?w=1280&amp;ssl=1 1280w, https:\/\/i0.wp.com\/samhainlights.com.ar\/wp-content\/uploads\/2023\/09\/Yule-2.jpg?resize=300%2C300&amp;ssl=1 300w, https:\/\/i0.wp.com\/samhainlights.com.ar\/wp-content\/uploads\/2023\/09\/Yule-2.jpg?resize=1024%2C1024&amp;ssl=1 1024w, https:\/\/i0.wp.com\/samhainlights.com.ar\/wp-content\/uploads\/2023\/09\/Yule-2.jpg?resize=150%2C150&amp;ssl=1 150w, https:\/\/i0.wp.com\/samhainlights.com.ar\/wp-content\/uploads\/2023\/09\/Yule-2.jpg?resize=768%2C768&amp;ssl=1 768w, https:\/\/i0.wp.com\/samhainlights.com.ar\/wp-content\/uploads\/2023\/09\/Yule-2.jpg?resize=324%2C324&amp;ssl=1 324w, https:\/\/i0.wp.com\/samhainlights.com.ar\/wp-content\/uploads\/2023\/09\/Yule-2.jpg?resize=416%2C416&amp;ssl=1 416w, https:\/\/i0.wp.com\/samhainlights.com.ar\/wp-content\/uploads\/2023\/09\/Yule-2.jpg?resize=100%2C100&amp;ssl=1 100w\" sizes=\"(max-width: 300px) 100vw, 300px\" \/>\t\t\t\t\t\t\t\t\t\t\t\t\t\t\t<\/div>\n\t\t\t\t<\/div>\n\t\t\t\t\t<\/div>\n\t\t<\/div>\n\t\t\t\t\t<\/div>\n\t\t<\/section>\n\t\t\t\t<section class=\"elementor-section elementor-top-section elementor-element elementor-element-7512a64 elementor-section-boxed elementor-section-height-default elementor-section-height-default\" data-id=\"7512a64\" data-element_type=\"section\" data-e-type=\"section\">\n\t\t\t\t\t\t<div class=\"elementor-container elementor-column-gap-default\">\n\t\t\t\t\t<div class=\"elementor-column elementor-col-100 elementor-top-column elementor-element elementor-element-2d50b32\" data-id=\"2d50b32\" data-element_type=\"column\" data-e-type=\"column\">\n\t\t\t<div class=\"elementor-widget-wrap elementor-element-populated\">\n\t\t\t\t\t\t<div class=\"elementor-element elementor-element-abdf376 elementor-widget elementor-widget-text-editor\" data-id=\"abdf376\" data-element_type=\"widget\" data-e-type=\"widget\" data-widget_type=\"text-editor.default\">\n\t\t\t\t<div class=\"elementor-widget-container\">\n\t\t\t\t\t\t\t\t\t<p>Se decoraban las viviendas con mu\u00e9rdago, por ser el que crece en el roble. En Navidad, sobre todo en las latitudes del norte, el mu\u00e9rdago a\u00fan sigue siendo un elemento decorativo para las fiestas, y la tradici\u00f3n de que dos personas deben besarse si pasan debajo de una rama de mu\u00e9rdago al mismo tiempo, justamente proviene de un viejo mito escandinavo de Baldur. .<br \/><br \/>Frigg es la diosa del amor y sab\u00eda leer los sue\u00f1os, esta vio que su hijo iba a morir, as\u00ed que reuni\u00f3 a los dioses para realizar una lista de las cosas que podr\u00edan matarlo. Tras realizar el listado, Frigg viaj\u00f3 a los nueves mundos para hacer jurar a todas las plantas, animales y objetos inanimados que no le hagan da\u00f1o a su hijo. En esa lista no incluy\u00f3 al mu\u00e9rdago, ya que la diosa no lo ve\u00eda como algo amenazante.<br \/><br \/>Sin embargo, Loki, el enemigo de Baldur, busc\u00f3 la forma de asesinarlo. Tras enterarse que el mu\u00e9rdago era la \u00fanica cosa que pod\u00eda matarlo hizo una flecha con dicha planta. Pero debido que \u00e9l no pod\u00eda hacerle da\u00f1o, enga\u00f1\u00f3 al hermano ciego de Baldur, H\u00f6\u00f0r, para que dispare la flecha que apagar\u00eda la vida de su pariente.<br \/><br \/>Tras la muerte de Baldur, su madre declar\u00f3 al mu\u00e9rdago como una planta sagrada, y que jam\u00e1s se convertir\u00eda en un arma. A partir de ese entonces, las personas que pasen debajo de ella tendr\u00edan que besarse como significado del amor y la paz.<\/p>\t\t\t\t\t\t\t\t<\/div>\n\t\t\t\t<\/div>\n\t\t\t\t\t<\/div>\n\t\t<\/div>\n\t\t\t\t\t<\/div>\n\t\t<\/section>\n\t\t\t\t<\/div>","protected":false},"excerpt":{"rendered":"<p>Yule Cuando los primeros cristianos llegaron al norte de Europa, descubrieron que sus habitantes celebraban el nacimiento de Frey, dios del Sol y la fertilidad, adornando un \u00e1rbol perenne, en la fecha pr\u00f3xima a la Navidad cristiana. Este \u00e1rbol simbolizaba al \u00e1rbol del Universo, llamado Yggdrasil, en cuya copa se hallaba Asgard (la morada de [&hellip;]<\/p>\n","protected":false},"author":1,"featured_media":0,"parent":19,"menu_order":2,"comment_status":"closed","ping_status":"closed","template":"","meta":{"_eb_attr":"","om_disable_all_campaigns":false,"_monsterinsights_skip_tracking":false,"_monsterinsights_sitenote_active":false,"_monsterinsights_sitenote_note":"","_monsterinsights_sitenote_category":0,"footnotes":""},"class_list":["post-297","page","type-page","status-publish","hentry"],"aioseo_notices":[],"jetpack-related-posts":[{"id":334,"url":"https:\/\/samhainlights.com.ar\/en\/rituales\/basicos\/","url_meta":{"origin":297,"position":0},"title":"Basic","author":"samhainlights","date":"September 10, 2023","format":false,"excerpt":"Rituales B\u00e1sicos C\u00edrculo de protecci\u00f3n Ritual de Asentado","rel":"","context":"Similar post","block_context":{"text":"Similar post","link":""},"img":{"alt_text":"","src":"","width":0,"height":0},"classes":[]},{"id":327,"url":"https:\/\/samhainlights.com.ar\/en\/sabbats\/lughnasahd\/","url_meta":{"origin":297,"position":1},"title":"Lughnasahd","author":"samhainlights","date":"September 10, 2023","format":false,"excerpt":"Lughnasadh Arrancamos con la primera de las fiestas de la cosecha, con Lughnasadh. Aqu\u00ed en el hemisferio sur lo celebramos por calendario el 1 de febrero (1 de agosto en el HN), y quienes estamos mas orientados al calendario lunar, en la 2da luna llena posterior al solsticio de verano\u2026","rel":"","context":"Similar post","block_context":{"text":"Similar post","link":""},"img":{"alt_text":"","src":"https:\/\/i0.wp.com\/samhainlights.com.ar\/wp-content\/uploads\/2023\/09\/Lughnasadh-300x300.png?resize=350%2C200&ssl=1","width":350,"height":200},"classes":[]},{"id":339,"url":"https:\/\/samhainlights.com.ar\/en\/rituales\/basicos\/ritual-de-asentado\/","url_meta":{"origin":297,"position":2},"title":"Settling Ritual","author":"samhainlights","date":"September 10, 2023","format":false,"excerpt":"Ritual de asentado El ritual de asentado es una actividad post trabajos m\u00e1gicos en los cuales hemos levantado mucha energ\u00eda. Lo hacemos para liberar la energ\u00eda \"de sobra\" de manera segura y que la misma no afecte otras actividades diarias, y no nos afecte a nosotros mismos inclusive.El ejercicio es\u2026","rel":"","context":"Similar post","block_context":{"text":"Similar post","link":""},"img":{"alt_text":"","src":"https:\/\/i0.wp.com\/samhainlights.com.ar\/wp-content\/uploads\/2023\/09\/Asentado.png?resize=350%2C200&ssl=1","width":350,"height":200,"srcset":"https:\/\/i0.wp.com\/samhainlights.com.ar\/wp-content\/uploads\/2023\/09\/Asentado.png?resize=350%2C200&ssl=1 1x, https:\/\/i0.wp.com\/samhainlights.com.ar\/wp-content\/uploads\/2023\/09\/Asentado.png?resize=525%2C300&ssl=1 1.5x"},"classes":[]},{"id":371,"url":"https:\/\/samhainlights.com.ar\/en\/hechizos\/de-proteccion\/botella-de-bruja\/","url_meta":{"origin":297,"position":3},"title":"Witch bottle","author":"samhainlights","date":"September 10, 2023","format":false,"excerpt":"Una botella de bruja cumple la doble funci\u00f3n de recibir todo el da\u00f1o que sea enviado al brujo o bruja y al mismo tiempo act\u00faa como un artefacto que se encargar\u00e1 de devolver el mal autom\u00e1ticamente a la persona que nos lo envi\u00f3 Ingredientes * Una botella de vidrio\/cristal. La\u2026","rel":"","context":"Similar post","block_context":{"text":"Similar post","link":""},"img":{"alt_text":"","src":"https:\/\/i0.wp.com\/samhainlights.com.ar\/wp-content\/uploads\/2021\/03\/photo_2021-03-24_18-37-08-300x300.jpg?resize=350%2C200&ssl=1","width":350,"height":200},"classes":[]},{"id":232,"url":"https:\/\/samhainlights.com.ar\/en\/sabbats\/imbolc\/","url_meta":{"origin":297,"position":4},"title":"Imbolc","author":"samhainlights","date":"September 10, 2023","format":false,"excerpt":"IMBOLC \u00bfEs imbolc una festividad moderna?Si y no.\u00a0El nombre de la festividad fue popularizado por la Wicca pero las raices celtas se remontan hasta hace mas de 5.300 a\u00f1os. En Irlanda, en las afueras de Kells, condado de Meath, precisamente en un tumulo conocido como el Tumulo L se han\u2026","rel":"","context":"Similar post","block_context":{"text":"Similar post","link":""},"img":{"alt_text":"","src":"https:\/\/i0.wp.com\/samhainlights.com.ar\/wp-content\/uploads\/2023\/09\/Imbolc-1-300x300.jpg?resize=350%2C200&ssl=1","width":350,"height":200},"classes":[]},{"id":310,"url":"https:\/\/samhainlights.com.ar\/en\/sabbats\/beltane\/","url_meta":{"origin":297,"position":5},"title":"Beltane","author":"samhainlights","date":"September 10, 2023","format":false,"excerpt":"Beltane Beltane se celebra en el Hemisferio sur el 1 de noviembre, y en el hemisferio norte es el 1 de mayo. Se la conoce con varios nombres: Beltaine en ga\u00e9lico irland\u00e9s, Bealltainn en ga\u00e9lico escoces, Biakdyn en la isla de Man, Calan Mai en Gales, Kala Mae en Breton\u2026","rel":"","context":"Similar post","block_context":{"text":"Similar post","link":""},"img":{"alt_text":"","src":"https:\/\/i0.wp.com\/samhainlights.com.ar\/wp-content\/uploads\/2023\/09\/Beltane-1-300x288.jpg?resize=350%2C200&ssl=1","width":350,"height":200},"classes":[]}],"jetpack_sharing_enabled":true,"_links":{"self":[{"href":"https:\/\/samhainlights.com.ar\/en\/wp-json\/wp\/v2\/pages\/297","targetHints":{"allow":["GET"]}}],"collection":[{"href":"https:\/\/samhainlights.com.ar\/en\/wp-json\/wp\/v2\/pages"}],"about":[{"href":"https:\/\/samhainlights.com.ar\/en\/wp-json\/wp\/v2\/types\/page"}],"author":[{"embeddable":true,"href":"https:\/\/samhainlights.com.ar\/en\/wp-json\/wp\/v2\/users\/1"}],"replies":[{"embeddable":true,"href":"https:\/\/samhainlights.com.ar\/en\/wp-json\/wp\/v2\/comments?post=297"}],"version-history":[{"count":4,"href":"https:\/\/samhainlights.com.ar\/en\/wp-json\/wp\/v2\/pages\/297\/revisions"}],"predecessor-version":[{"id":303,"href":"https:\/\/samhainlights.com.ar\/en\/wp-json\/wp\/v2\/pages\/297\/revisions\/303"}],"up":[{"embeddable":true,"href":"https:\/\/samhainlights.com.ar\/en\/wp-json\/wp\/v2\/pages\/19"}],"wp:attachment":[{"href":"https:\/\/samhainlights.com.ar\/en\/wp-json\/wp\/v2\/media?parent=297"}],"curies":[{"name":"wp","href":"https:\/\/api.w.org\/{rel}","templated":true}]}}