{"id":290,"date":"2023-09-10T06:30:21","date_gmt":"2023-09-10T06:30:21","guid":{"rendered":"https:\/\/samhainlights.com.ar\/?page_id=290"},"modified":"2023-09-10T09:39:08","modified_gmt":"2023-09-10T09:39:08","slug":"ostara","status":"publish","type":"page","link":"https:\/\/samhainlights.com.ar\/en\/sabbats\/ostara\/","title":{"rendered":"Ostara"},"content":{"rendered":"<div data-elementor-type=\"wp-page\" data-elementor-id=\"290\" class=\"elementor elementor-290\">\n\t\t\t\t\t\t<section class=\"elementor-section elementor-top-section elementor-element elementor-element-1f17585 elementor-section-boxed elementor-section-height-default elementor-section-height-default\" data-id=\"1f17585\" data-element_type=\"section\" data-e-type=\"section\">\n\t\t\t\t\t\t<div class=\"elementor-container elementor-column-gap-default\">\n\t\t\t\t\t<div class=\"elementor-column elementor-col-100 elementor-top-column elementor-element elementor-element-2799186\" data-id=\"2799186\" data-element_type=\"column\" data-e-type=\"column\">\n\t\t\t<div class=\"elementor-widget-wrap elementor-element-populated\">\n\t\t\t\t\t\t<div class=\"elementor-element elementor-element-1925b66 elementor-widget elementor-widget-heading\" data-id=\"1925b66\" data-element_type=\"widget\" data-e-type=\"widget\" data-widget_type=\"heading.default\">\n\t\t\t\t<div class=\"elementor-widget-container\">\n\t\t\t\t\t<h2 class=\"elementor-heading-title elementor-size-default\">Ostara<\/h2>\t\t\t\t<\/div>\n\t\t\t\t<\/div>\n\t\t\t\t\t<\/div>\n\t\t<\/div>\n\t\t\t\t\t<\/div>\n\t\t<\/section>\n\t\t\t\t<section class=\"elementor-section elementor-top-section elementor-element elementor-element-2f628a5 elementor-section-boxed elementor-section-height-default elementor-section-height-default\" data-id=\"2f628a5\" data-element_type=\"section\" data-e-type=\"section\">\n\t\t\t\t\t\t<div class=\"elementor-container elementor-column-gap-default\">\n\t\t\t\t\t<div class=\"elementor-column elementor-col-100 elementor-top-column elementor-element elementor-element-5bd75cd\" data-id=\"5bd75cd\" data-element_type=\"column\" data-e-type=\"column\">\n\t\t\t<div class=\"elementor-widget-wrap elementor-element-populated\">\n\t\t\t\t\t\t<div class=\"elementor-element elementor-element-fd8cbbc elementor-widget elementor-widget-image\" data-id=\"fd8cbbc\" data-element_type=\"widget\" data-e-type=\"widget\" data-widget_type=\"image.default\">\n\t\t\t\t<div class=\"elementor-widget-container\">\n\t\t\t\t\t\t\t\t\t\t\t\t\t\t\t<img fetchpriority=\"high\" decoding=\"async\" width=\"300\" height=\"300\" src=\"https:\/\/i0.wp.com\/samhainlights.com.ar\/wp-content\/uploads\/2023\/09\/Ostara-1.jpg?fit=300%2C300&amp;ssl=1\" class=\"attachment-medium size-medium wp-image-291\" alt=\"\" srcset=\"https:\/\/i0.wp.com\/samhainlights.com.ar\/wp-content\/uploads\/2023\/09\/Ostara-1.jpg?w=1280&amp;ssl=1 1280w, https:\/\/i0.wp.com\/samhainlights.com.ar\/wp-content\/uploads\/2023\/09\/Ostara-1.jpg?resize=300%2C300&amp;ssl=1 300w, https:\/\/i0.wp.com\/samhainlights.com.ar\/wp-content\/uploads\/2023\/09\/Ostara-1.jpg?resize=1024%2C1024&amp;ssl=1 1024w, https:\/\/i0.wp.com\/samhainlights.com.ar\/wp-content\/uploads\/2023\/09\/Ostara-1.jpg?resize=150%2C150&amp;ssl=1 150w, https:\/\/i0.wp.com\/samhainlights.com.ar\/wp-content\/uploads\/2023\/09\/Ostara-1.jpg?resize=768%2C768&amp;ssl=1 768w, https:\/\/i0.wp.com\/samhainlights.com.ar\/wp-content\/uploads\/2023\/09\/Ostara-1.jpg?resize=324%2C324&amp;ssl=1 324w, https:\/\/i0.wp.com\/samhainlights.com.ar\/wp-content\/uploads\/2023\/09\/Ostara-1.jpg?resize=416%2C416&amp;ssl=1 416w, https:\/\/i0.wp.com\/samhainlights.com.ar\/wp-content\/uploads\/2023\/09\/Ostara-1.jpg?resize=100%2C100&amp;ssl=1 100w\" sizes=\"(max-width: 300px) 100vw, 300px\" \/>\t\t\t\t\t\t\t\t\t\t\t\t\t\t\t<\/div>\n\t\t\t\t<\/div>\n\t\t\t\t<div class=\"elementor-element elementor-element-61a2e82 elementor-widget elementor-widget-text-editor\" data-id=\"61a2e82\" data-element_type=\"widget\" data-e-type=\"widget\" data-widget_type=\"text-editor.default\">\n\t\t\t\t<div class=\"elementor-widget-container\">\n\t\t\t\t\t\t\t\t\t<p><img decoding=\"async\" class=\"emoji\" role=\"img\" draggable=\"false\" src=\"https:\/\/s.w.org\/images\/core\/emoji\/14.0.0\/svg\/269c.svg\" alt=\"\u269c\" \/> Todo nace en el Hemisferio Norte<img decoding=\"async\" class=\"emoji\" role=\"img\" draggable=\"false\" src=\"https:\/\/s.w.org\/images\/core\/emoji\/14.0.0\/svg\/269c.svg\" alt=\"\u269c\" \/><\/p><p>No es posible responder muchas cosas sobre Ostara si no seguimos una linea que nos haga comprender lo basico. Ostara es una celebracion del equinoccio de primavera, que los paganos europeos y nordicos celebraban cercano al 21 de marzo, siempre guiados por la posicion del sol y la luna llena.<\/p><p>Posteriormente la Iglesia Cat\u00f3lica, incluy\u00f3 esta celebracion como s\u00edmbolo de la resurreci\u00f3n de Jesucristo a traves del Primer Concilio de Nicea en el a\u00f1o 325 DC. All\u00ed se estableci\u00f3 que se celebraba el primer domingo despu\u00e9s de la primera luna llena posterior al 21 de marzo o ese mismo 21 de marzo si fuera luna llena. Esto sugiere un sincretismo religioso entre la figura de Cristo y las religiones mist\u00e9ricas, ligado a la fertilidad y a la adoraci\u00f3n del sol y la luna (a veces s\u00edmbolo de la diosa madre)<\/p><p>Asi llegamos al hemisferio sur, en el cual, nos corresponde una fecha cercana al 21 o 23 de septiembre. Todo ello porque las festividades de la cosecha y estacionales se corresponden con los ciclos de la naturaleza y no con caprichos administrativos de imponer un dia inamovible.<\/p><p>Hay un tema recurrente para quienes se preocupan por celebrar en fecha del equinoccio, y ante ello les aclaro: De acuerdo a las diversas corrientes paganas originalmente se celebraba el mismo dia del equinoccio y para ello se han elaborado diversas estructuras o incluso a traves de la observacion astron\u00f3mica directa. Por otro lado, tambien se ha celebrado en la primer luna llena cercana al equinoccio \u00bfCual es la mas acertada? De acuerdo a tu creencia. En mi opinion siempre es mejor el dia astronomico, porque es en ese dia que la noche y el dia tienen la misma duracion, pero cada quien puede celebrarlo cuando le resuene o pueda.<\/p><p>Con todo ello, y a grosso modo, estamos celebrando el renacimiento de la tierra, del sol, despues de haber pasado por los frios dias del invierno. La tierra se despierta, comienza a reverdecer, hay nuevamente fertilidad a nuestro alrededor.<\/p>\t\t\t\t\t\t\t\t<\/div>\n\t\t\t\t<\/div>\n\t\t\t\t\t<\/div>\n\t\t<\/div>\n\t\t\t\t\t<\/div>\n\t\t<\/section>\n\t\t\t\t<section class=\"elementor-section elementor-top-section elementor-element elementor-element-60ee516 elementor-section-boxed elementor-section-height-default elementor-section-height-default\" data-id=\"60ee516\" data-element_type=\"section\" data-e-type=\"section\">\n\t\t\t\t\t\t<div class=\"elementor-container elementor-column-gap-default\">\n\t\t\t\t\t<div class=\"elementor-column elementor-col-100 elementor-top-column elementor-element elementor-element-35da89c\" data-id=\"35da89c\" data-element_type=\"column\" data-e-type=\"column\">\n\t\t\t<div class=\"elementor-widget-wrap elementor-element-populated\">\n\t\t\t\t\t\t<div class=\"elementor-element elementor-element-f7f4cb9 elementor-widget elementor-widget-image\" data-id=\"f7f4cb9\" data-element_type=\"widget\" data-e-type=\"widget\" data-widget_type=\"image.default\">\n\t\t\t\t<div class=\"elementor-widget-container\">\n\t\t\t\t\t\t\t\t\t\t\t\t\t\t\t<img decoding=\"async\" width=\"300\" height=\"300\" src=\"https:\/\/i0.wp.com\/samhainlights.com.ar\/wp-content\/uploads\/2023\/09\/Ostara-2.jpg?fit=300%2C300&amp;ssl=1\" class=\"attachment-medium size-medium wp-image-292\" alt=\"\" srcset=\"https:\/\/i0.wp.com\/samhainlights.com.ar\/wp-content\/uploads\/2023\/09\/Ostara-2.jpg?w=1280&amp;ssl=1 1280w, https:\/\/i0.wp.com\/samhainlights.com.ar\/wp-content\/uploads\/2023\/09\/Ostara-2.jpg?resize=300%2C300&amp;ssl=1 300w, https:\/\/i0.wp.com\/samhainlights.com.ar\/wp-content\/uploads\/2023\/09\/Ostara-2.jpg?resize=1024%2C1024&amp;ssl=1 1024w, https:\/\/i0.wp.com\/samhainlights.com.ar\/wp-content\/uploads\/2023\/09\/Ostara-2.jpg?resize=150%2C150&amp;ssl=1 150w, https:\/\/i0.wp.com\/samhainlights.com.ar\/wp-content\/uploads\/2023\/09\/Ostara-2.jpg?resize=768%2C768&amp;ssl=1 768w, https:\/\/i0.wp.com\/samhainlights.com.ar\/wp-content\/uploads\/2023\/09\/Ostara-2.jpg?resize=324%2C324&amp;ssl=1 324w, https:\/\/i0.wp.com\/samhainlights.com.ar\/wp-content\/uploads\/2023\/09\/Ostara-2.jpg?resize=416%2C416&amp;ssl=1 416w, https:\/\/i0.wp.com\/samhainlights.com.ar\/wp-content\/uploads\/2023\/09\/Ostara-2.jpg?resize=100%2C100&amp;ssl=1 100w\" sizes=\"(max-width: 300px) 100vw, 300px\" \/>\t\t\t\t\t\t\t\t\t\t\t\t\t\t\t<\/div>\n\t\t\t\t<\/div>\n\t\t\t\t<div class=\"elementor-element elementor-element-e3a87e8 elementor-widget elementor-widget-text-editor\" data-id=\"e3a87e8\" data-element_type=\"widget\" data-e-type=\"widget\" data-widget_type=\"text-editor.default\">\n\t\t\t\t<div class=\"elementor-widget-container\">\n\t\t\t\t\t\t\t\t\t<p>La palabra \u00abEaster\u00bb, que parece provenir de la diosa Ostera o Eostre (la misma etimolog\u00eda que el Este), diosa del amanecer o de la primavera en la cultura anglosajona. Esta palabra est\u00e1 emparentada con la divinidad babil\u00f3nica Ishtar, adorada como Venus, ya que al ser la estrella del amanecer y\/o del atardecer \u00abparece amar la luz\u00bb, es decir es la consorte del dios de la luz, del dios masculino. Esto es importante ya que todas estas divinidades encarnan el principio primordial de la feminidad, de la Diosa Madre que, como Robert Graves sostiene en su libro La Diosa Blanca, es una deidad pr\u00edstina que se transforma de igual manera en madre como en amante. Ishtar ha sido tambi\u00e9n identificada con la Reina Sem\u00edramis, la esposa del poderoso rey rebelde Nemrod, que aparece en la Biblia y que habr\u00eda construido la Torre de Babel.<br \/><br \/>En Sumeria, Ishtar es Inanna, esposa de Rey Dumuzi, tambi\u00e9n llamado Tammuz. Existen variantes a esta historia pero seg\u00fan cuentan diferentes culturas Nemrod-Tammuz-Dumuzid habr\u00eda muerto (en algunas versiones, despedazado por un jabal\u00ed salvaje; en otras, matado por Shem, castigado por id\u00f3latra) y su esposa Ishtar-Inanna-Semiramis habr\u00eda descendido al inframundo para juntar sus partes y resucitarlo. Esta historia evidentemente evoca el mito de Osiris, que es asesinado por su hermano Set y su esposa Isis reconstruye su cuerpo \u2014al \u00faltimo labrando con su voz un falo de oro\u2014 para regresarlo a la vida y hacerlo rey de la vida despu\u00e9s de la muerte. Pero no s\u00f3lo Osiris tiene una relaci\u00f3n con Cristo, tambi\u00e9n al investigar el culto a la Virgen Mar\u00eda descubrimos que es una continuaci\u00f3n del culto a Isis y comparten una poderosa simbolog\u00eda, aquella del culto a la Diosa Madre, diosa de la fertilidad, canalizada dentro del proceso de evangelizaci\u00f3n de la Iglesia Cat\u00f3lica.<\/p>\t\t\t\t\t\t\t\t<\/div>\n\t\t\t\t<\/div>\n\t\t\t\t\t<\/div>\n\t\t<\/div>\n\t\t\t\t\t<\/div>\n\t\t<\/section>\n\t\t\t\t<section class=\"elementor-section elementor-top-section elementor-element elementor-element-49410a6 elementor-section-boxed elementor-section-height-default elementor-section-height-default\" data-id=\"49410a6\" data-element_type=\"section\" data-e-type=\"section\">\n\t\t\t\t\t\t<div class=\"elementor-container elementor-column-gap-default\">\n\t\t\t\t\t<div class=\"elementor-column elementor-col-100 elementor-top-column elementor-element elementor-element-e2e8f81\" data-id=\"e2e8f81\" data-element_type=\"column\" data-e-type=\"column\">\n\t\t\t<div class=\"elementor-widget-wrap elementor-element-populated\">\n\t\t\t\t\t\t<div class=\"elementor-element elementor-element-ec9445f elementor-widget elementor-widget-text-editor\" data-id=\"ec9445f\" data-element_type=\"widget\" data-e-type=\"widget\" data-widget_type=\"text-editor.default\">\n\t\t\t\t<div class=\"elementor-widget-container\">\n\t\t\t\t\t\t\t\t\t<p>Seg\u00fan Manly P. Hall: \u00abLa Virgen madre, dando a luz al dios solar que el cristianismo tan fielmente ha preservado, es un vestigio de la inscripci\u00f3n en honor a su prototipo egipcio, Isis, que apareci\u00f3 en el Templo de Sais: \u201cEl fruto que he tra\u00eddo es el Sol\u201d\u00bb. Isis, como Mar\u00eda, es la madre del sol o del hombre que lleva consigo los principios de la iluminaci\u00f3n.<br \/><br \/>A su vez, de acuerdo a las diferentes creencias paganas, cada quien se tendr\u00e1 sus dioses de la fertilidad (En la im\u00e1gen vemos a modo de ejemplo a Artemisa), pero es claro que al ser una festividad de fertilidad y de celebracion a la tierra en caso de que uno no trabaje o crea en dioses en particular, puede celebrar el cambio de estaci\u00f3n de la fecha, celebrar la primavera.<br \/><br \/>Lo principal es no volvernos locos, recordemos que es una celebracion de fertilidad en la que ansiamos que lleguen \u00e9pocas mejores para dejar atr\u00e1s el frio y yermo invierno. Celebra a los dioses que quieras y que se asocien a la fertilidad, celebra la naturaleza y su reverdecer, pero celebra.<\/p>\t\t\t\t\t\t\t\t<\/div>\n\t\t\t\t<\/div>\n\t\t\t\t\t<\/div>\n\t\t<\/div>\n\t\t\t\t\t<\/div>\n\t\t<\/section>\n\t\t\t\t<\/div>","protected":false},"excerpt":{"rendered":"<p>Ostara Todo nace en el Hemisferio Norte No es posible responder muchas cosas sobre Ostara si no seguimos una linea que nos haga comprender lo basico. Ostara es una celebracion del equinoccio de primavera, que los paganos europeos y nordicos celebraban cercano al 21 de marzo, siempre guiados por la posicion del sol y la [&hellip;]<\/p>\n","protected":false},"author":1,"featured_media":0,"parent":19,"menu_order":4,"comment_status":"closed","ping_status":"closed","template":"","meta":{"_eb_attr":"","om_disable_all_campaigns":false,"_monsterinsights_skip_tracking":false,"_monsterinsights_sitenote_active":false,"_monsterinsights_sitenote_note":"","_monsterinsights_sitenote_category":0,"footnotes":""},"class_list":["post-290","page","type-page","status-publish","hentry"],"aioseo_notices":[],"jetpack-related-posts":[{"id":334,"url":"https:\/\/samhainlights.com.ar\/en\/rituales\/basicos\/","url_meta":{"origin":290,"position":0},"title":"Basic","author":"samhainlights","date":"September 10, 2023","format":false,"excerpt":"Rituales B\u00e1sicos C\u00edrculo de protecci\u00f3n Ritual de Asentado","rel":"","context":"Similar post","block_context":{"text":"Similar post","link":""},"img":{"alt_text":"","src":"","width":0,"height":0},"classes":[]},{"id":327,"url":"https:\/\/samhainlights.com.ar\/en\/sabbats\/lughnasahd\/","url_meta":{"origin":290,"position":1},"title":"Lughnasahd","author":"samhainlights","date":"September 10, 2023","format":false,"excerpt":"Lughnasadh Arrancamos con la primera de las fiestas de la cosecha, con Lughnasadh. Aqu\u00ed en el hemisferio sur lo celebramos por calendario el 1 de febrero (1 de agosto en el HN), y quienes estamos mas orientados al calendario lunar, en la 2da luna llena posterior al solsticio de verano\u2026","rel":"","context":"Similar post","block_context":{"text":"Similar post","link":""},"img":{"alt_text":"","src":"https:\/\/i0.wp.com\/samhainlights.com.ar\/wp-content\/uploads\/2023\/09\/Lughnasadh-300x300.png?resize=350%2C200&ssl=1","width":350,"height":200},"classes":[]},{"id":339,"url":"https:\/\/samhainlights.com.ar\/en\/rituales\/basicos\/ritual-de-asentado\/","url_meta":{"origin":290,"position":2},"title":"Settling Ritual","author":"samhainlights","date":"September 10, 2023","format":false,"excerpt":"Ritual de asentado El ritual de asentado es una actividad post trabajos m\u00e1gicos en los cuales hemos levantado mucha energ\u00eda. Lo hacemos para liberar la energ\u00eda \"de sobra\" de manera segura y que la misma no afecte otras actividades diarias, y no nos afecte a nosotros mismos inclusive.El ejercicio es\u2026","rel":"","context":"Similar post","block_context":{"text":"Similar post","link":""},"img":{"alt_text":"","src":"https:\/\/i0.wp.com\/samhainlights.com.ar\/wp-content\/uploads\/2023\/09\/Asentado.png?resize=350%2C200&ssl=1","width":350,"height":200,"srcset":"https:\/\/i0.wp.com\/samhainlights.com.ar\/wp-content\/uploads\/2023\/09\/Asentado.png?resize=350%2C200&ssl=1 1x, https:\/\/i0.wp.com\/samhainlights.com.ar\/wp-content\/uploads\/2023\/09\/Asentado.png?resize=525%2C300&ssl=1 1.5x"},"classes":[]},{"id":371,"url":"https:\/\/samhainlights.com.ar\/en\/hechizos\/de-proteccion\/botella-de-bruja\/","url_meta":{"origin":290,"position":3},"title":"Witch bottle","author":"samhainlights","date":"September 10, 2023","format":false,"excerpt":"Una botella de bruja cumple la doble funci\u00f3n de recibir todo el da\u00f1o que sea enviado al brujo o bruja y al mismo tiempo act\u00faa como un artefacto que se encargar\u00e1 de devolver el mal autom\u00e1ticamente a la persona que nos lo envi\u00f3 Ingredientes * Una botella de vidrio\/cristal. La\u2026","rel":"","context":"Similar post","block_context":{"text":"Similar post","link":""},"img":{"alt_text":"","src":"https:\/\/i0.wp.com\/samhainlights.com.ar\/wp-content\/uploads\/2021\/03\/photo_2021-03-24_18-37-08-300x300.jpg?resize=350%2C200&ssl=1","width":350,"height":200},"classes":[]},{"id":232,"url":"https:\/\/samhainlights.com.ar\/en\/sabbats\/imbolc\/","url_meta":{"origin":290,"position":4},"title":"Imbolc","author":"samhainlights","date":"September 10, 2023","format":false,"excerpt":"IMBOLC \u00bfEs imbolc una festividad moderna?Si y no.\u00a0El nombre de la festividad fue popularizado por la Wicca pero las raices celtas se remontan hasta hace mas de 5.300 a\u00f1os. En Irlanda, en las afueras de Kells, condado de Meath, precisamente en un tumulo conocido como el Tumulo L se han\u2026","rel":"","context":"Similar post","block_context":{"text":"Similar post","link":""},"img":{"alt_text":"","src":"https:\/\/i0.wp.com\/samhainlights.com.ar\/wp-content\/uploads\/2023\/09\/Imbolc-1-300x300.jpg?resize=350%2C200&ssl=1","width":350,"height":200},"classes":[]},{"id":297,"url":"https:\/\/samhainlights.com.ar\/en\/sabbats\/yule\/","url_meta":{"origin":290,"position":5},"title":"Yule","author":"samhainlights","date":"September 10, 2023","format":false,"excerpt":"Yule Cuando los primeros cristianos llegaron al norte de Europa, descubrieron que sus habitantes celebraban el nacimiento de Frey, dios del Sol y la fertilidad, adornando un \u00e1rbol perenne, en la fecha pr\u00f3xima a la Navidad cristiana. Este \u00e1rbol simbolizaba al \u00e1rbol del Universo, llamado Yggdrasil, en cuya copa se\u2026","rel":"","context":"Similar post","block_context":{"text":"Similar post","link":""},"img":{"alt_text":"","src":"https:\/\/i0.wp.com\/samhainlights.com.ar\/wp-content\/uploads\/2023\/09\/Yule-1-300x300.jpg?resize=350%2C200&ssl=1","width":350,"height":200},"classes":[]}],"jetpack_sharing_enabled":true,"_links":{"self":[{"href":"https:\/\/samhainlights.com.ar\/en\/wp-json\/wp\/v2\/pages\/290","targetHints":{"allow":["GET"]}}],"collection":[{"href":"https:\/\/samhainlights.com.ar\/en\/wp-json\/wp\/v2\/pages"}],"about":[{"href":"https:\/\/samhainlights.com.ar\/en\/wp-json\/wp\/v2\/types\/page"}],"author":[{"embeddable":true,"href":"https:\/\/samhainlights.com.ar\/en\/wp-json\/wp\/v2\/users\/1"}],"replies":[{"embeddable":true,"href":"https:\/\/samhainlights.com.ar\/en\/wp-json\/wp\/v2\/comments?post=290"}],"version-history":[{"count":3,"href":"https:\/\/samhainlights.com.ar\/en\/wp-json\/wp\/v2\/pages\/290\/revisions"}],"predecessor-version":[{"id":295,"href":"https:\/\/samhainlights.com.ar\/en\/wp-json\/wp\/v2\/pages\/290\/revisions\/295"}],"up":[{"embeddable":true,"href":"https:\/\/samhainlights.com.ar\/en\/wp-json\/wp\/v2\/pages\/19"}],"wp:attachment":[{"href":"https:\/\/samhainlights.com.ar\/en\/wp-json\/wp\/v2\/media?parent=290"}],"curies":[{"name":"wp","href":"https:\/\/api.w.org\/{rel}","templated":true}]}}