{"id":232,"date":"2023-09-10T03:44:48","date_gmt":"2023-09-10T03:44:48","guid":{"rendered":"https:\/\/samhainlights.com.ar\/?page_id=232"},"modified":"2023-09-10T07:49:33","modified_gmt":"2023-09-10T07:49:33","slug":"imbolc","status":"publish","type":"page","link":"https:\/\/samhainlights.com.ar\/en\/sabbats\/imbolc\/","title":{"rendered":"Imbolc"},"content":{"rendered":"<div data-elementor-type=\"wp-page\" data-elementor-id=\"232\" class=\"elementor elementor-232\">\n\t\t\t\t\t\t<section class=\"elementor-section elementor-top-section elementor-element elementor-element-17ed2cb elementor-section-boxed elementor-section-height-default elementor-section-height-default\" data-id=\"17ed2cb\" data-element_type=\"section\" data-e-type=\"section\">\n\t\t\t\t\t\t<div class=\"elementor-container elementor-column-gap-default\">\n\t\t\t\t\t<div class=\"elementor-column elementor-col-100 elementor-top-column elementor-element elementor-element-892bb5a\" data-id=\"892bb5a\" data-element_type=\"column\" data-e-type=\"column\">\n\t\t\t<div class=\"elementor-widget-wrap elementor-element-populated\">\n\t\t\t\t\t\t<div class=\"elementor-element elementor-element-87fb3ea elementor-widget elementor-widget-heading\" data-id=\"87fb3ea\" data-element_type=\"widget\" data-e-type=\"widget\" data-widget_type=\"heading.default\">\n\t\t\t\t<div class=\"elementor-widget-container\">\n\t\t\t\t\t<h2 class=\"elementor-heading-title elementor-size-default\">IMBOLC<\/h2>\t\t\t\t<\/div>\n\t\t\t\t<\/div>\n\t\t\t\t\t<\/div>\n\t\t<\/div>\n\t\t\t\t\t<\/div>\n\t\t<\/section>\n\t\t\t\t<section class=\"elementor-section elementor-top-section elementor-element elementor-element-2566c3c elementor-section-boxed elementor-section-height-default elementor-section-height-default\" data-id=\"2566c3c\" data-element_type=\"section\" data-e-type=\"section\">\n\t\t\t\t\t\t<div class=\"elementor-container elementor-column-gap-default\">\n\t\t\t\t\t<div class=\"elementor-column elementor-col-100 elementor-top-column elementor-element elementor-element-757b313\" data-id=\"757b313\" data-element_type=\"column\" data-e-type=\"column\">\n\t\t\t<div class=\"elementor-widget-wrap elementor-element-populated\">\n\t\t\t\t\t\t<div class=\"elementor-element elementor-element-b9a1b1d elementor-widget elementor-widget-image\" data-id=\"b9a1b1d\" data-element_type=\"widget\" data-e-type=\"widget\" data-widget_type=\"image.default\">\n\t\t\t\t<div class=\"elementor-widget-container\">\n\t\t\t\t\t\t\t\t\t\t\t\t\t\t\t<img fetchpriority=\"high\" decoding=\"async\" width=\"300\" height=\"300\" src=\"https:\/\/i0.wp.com\/samhainlights.com.ar\/wp-content\/uploads\/2023\/09\/Imbolc-1-scaled.jpg?fit=300%2C300&amp;ssl=1\" class=\"attachment-medium size-medium wp-image-236\" alt=\"\" srcset=\"https:\/\/i0.wp.com\/samhainlights.com.ar\/wp-content\/uploads\/2023\/09\/Imbolc-1-scaled.jpg?w=2560&amp;ssl=1 2560w, https:\/\/i0.wp.com\/samhainlights.com.ar\/wp-content\/uploads\/2023\/09\/Imbolc-1-scaled.jpg?resize=300%2C300&amp;ssl=1 300w, https:\/\/i0.wp.com\/samhainlights.com.ar\/wp-content\/uploads\/2023\/09\/Imbolc-1-scaled.jpg?resize=1024%2C1024&amp;ssl=1 1024w, https:\/\/i0.wp.com\/samhainlights.com.ar\/wp-content\/uploads\/2023\/09\/Imbolc-1-scaled.jpg?resize=150%2C150&amp;ssl=1 150w, https:\/\/i0.wp.com\/samhainlights.com.ar\/wp-content\/uploads\/2023\/09\/Imbolc-1-scaled.jpg?resize=768%2C768&amp;ssl=1 768w, https:\/\/i0.wp.com\/samhainlights.com.ar\/wp-content\/uploads\/2023\/09\/Imbolc-1-scaled.jpg?resize=1536%2C1536&amp;ssl=1 1536w, https:\/\/i0.wp.com\/samhainlights.com.ar\/wp-content\/uploads\/2023\/09\/Imbolc-1-scaled.jpg?resize=2048%2C2048&amp;ssl=1 2048w, https:\/\/i0.wp.com\/samhainlights.com.ar\/wp-content\/uploads\/2023\/09\/Imbolc-1-scaled.jpg?resize=324%2C324&amp;ssl=1 324w, https:\/\/i0.wp.com\/samhainlights.com.ar\/wp-content\/uploads\/2023\/09\/Imbolc-1-scaled.jpg?resize=416%2C416&amp;ssl=1 416w, https:\/\/i0.wp.com\/samhainlights.com.ar\/wp-content\/uploads\/2023\/09\/Imbolc-1-scaled.jpg?resize=100%2C100&amp;ssl=1 100w, https:\/\/i0.wp.com\/samhainlights.com.ar\/wp-content\/uploads\/2023\/09\/Imbolc-1-scaled.jpg?w=1960&amp;ssl=1 1960w\" sizes=\"(max-width: 300px) 100vw, 300px\" \/>\t\t\t\t\t\t\t\t\t\t\t\t\t\t\t<\/div>\n\t\t\t\t<\/div>\n\t\t\t\t<div class=\"elementor-element elementor-element-e5a5cb7 elementor-widget elementor-widget-text-editor\" data-id=\"e5a5cb7\" data-element_type=\"widget\" data-e-type=\"widget\" data-widget_type=\"text-editor.default\">\n\t\t\t\t<div class=\"elementor-widget-container\">\n\t\t\t\t\t\t\t\t\t<p>\u00bfEs imbolc una festividad moderna?<\/p><p>Si y no.\u00a0<\/p><p><br \/>El nombre de la festividad fue popularizado por la Wicca pero las raices celtas se remontan hasta hace mas de 5.300 a\u00f1os. En Irlanda, en las afueras de Kells, condado de Meath, precisamente en un tumulo conocido como el Tumulo L se han encontrado grabados del a\u00f1o 3340 A.C. \u00bfY por qu\u00e9 ese t\u00famulo es tan importante? Porque la rec\u00e1mara del tumulo se ilumina con la luz del sol a traves de las aberturas en dos fechas importantes: Samhain (A\u00f1o nuevo celta) 1 de Noviembre en el HN y en Imbolc (Equinoccio de Primavera) el 2 de febrero tambien en el HN.<\/p><p>En el hemisferio sur Imbolc es celebrado como el punto medio entre el Solsticio de Invierno y el Equinoccio de Primavera, entre el 1 y el 2 agosto. Coincidentemente con las celebraciones nativo sudamericanas de La Pachamama.<\/p><p>Celebramos que los d\u00edas se van alargando poco a poco, el retorno de la vida es palpable, los dias son menos frios (Bueno, este punto hay que revisar con el cambio climatico), el frio invierno queda atr\u00e1s y se acerca la tibia primavera.<\/p><p>En las antiguas tradiciones, en esta noche de los agricultores veneraban a la diosa Brigid ofreciendo alrededor de las hogueras ofrendas de la tierra, danzando y pidiendo fertilidad y abundancia en sus cosechas. Es el momento ideal para la bendici\u00f3n de las semillas y para la consagraci\u00f3n de herramientas para la agricultura, de hecho, otro s\u00edmbolo tradicional de Imbolc es el arado.<\/p>\t\t\t\t\t\t\t\t<\/div>\n\t\t\t\t<\/div>\n\t\t\t\t\t<\/div>\n\t\t<\/div>\n\t\t\t\t\t<\/div>\n\t\t<\/section>\n\t\t\t\t<section class=\"elementor-section elementor-top-section elementor-element elementor-element-99ae748 elementor-section-boxed elementor-section-height-default elementor-section-height-default\" data-id=\"99ae748\" data-element_type=\"section\" data-e-type=\"section\">\n\t\t\t\t\t\t<div class=\"elementor-container elementor-column-gap-default\">\n\t\t\t\t\t<div class=\"elementor-column elementor-col-100 elementor-top-column elementor-element elementor-element-082719d\" data-id=\"082719d\" data-element_type=\"column\" data-e-type=\"column\">\n\t\t\t<div class=\"elementor-widget-wrap elementor-element-populated\">\n\t\t\t\t\t\t<div class=\"elementor-element elementor-element-6045e33 elementor-widget elementor-widget-image\" data-id=\"6045e33\" data-element_type=\"widget\" data-e-type=\"widget\" data-widget_type=\"image.default\">\n\t\t\t\t<div class=\"elementor-widget-container\">\n\t\t\t\t\t\t\t\t\t\t\t\t\t\t\t<img decoding=\"async\" width=\"300\" height=\"300\" src=\"https:\/\/i0.wp.com\/samhainlights.com.ar\/wp-content\/uploads\/2023\/09\/Imbolc-2-scaled.jpg?fit=300%2C300&amp;ssl=1\" class=\"attachment-medium size-medium wp-image-235\" alt=\"\" srcset=\"https:\/\/i0.wp.com\/samhainlights.com.ar\/wp-content\/uploads\/2023\/09\/Imbolc-2-scaled.jpg?w=2560&amp;ssl=1 2560w, https:\/\/i0.wp.com\/samhainlights.com.ar\/wp-content\/uploads\/2023\/09\/Imbolc-2-scaled.jpg?resize=300%2C300&amp;ssl=1 300w, https:\/\/i0.wp.com\/samhainlights.com.ar\/wp-content\/uploads\/2023\/09\/Imbolc-2-scaled.jpg?resize=1024%2C1024&amp;ssl=1 1024w, https:\/\/i0.wp.com\/samhainlights.com.ar\/wp-content\/uploads\/2023\/09\/Imbolc-2-scaled.jpg?resize=150%2C150&amp;ssl=1 150w, https:\/\/i0.wp.com\/samhainlights.com.ar\/wp-content\/uploads\/2023\/09\/Imbolc-2-scaled.jpg?resize=768%2C768&amp;ssl=1 768w, https:\/\/i0.wp.com\/samhainlights.com.ar\/wp-content\/uploads\/2023\/09\/Imbolc-2-scaled.jpg?resize=1536%2C1536&amp;ssl=1 1536w, https:\/\/i0.wp.com\/samhainlights.com.ar\/wp-content\/uploads\/2023\/09\/Imbolc-2-scaled.jpg?resize=2048%2C2048&amp;ssl=1 2048w, https:\/\/i0.wp.com\/samhainlights.com.ar\/wp-content\/uploads\/2023\/09\/Imbolc-2-scaled.jpg?resize=324%2C324&amp;ssl=1 324w, https:\/\/i0.wp.com\/samhainlights.com.ar\/wp-content\/uploads\/2023\/09\/Imbolc-2-scaled.jpg?resize=416%2C416&amp;ssl=1 416w, https:\/\/i0.wp.com\/samhainlights.com.ar\/wp-content\/uploads\/2023\/09\/Imbolc-2-scaled.jpg?resize=100%2C100&amp;ssl=1 100w, https:\/\/i0.wp.com\/samhainlights.com.ar\/wp-content\/uploads\/2023\/09\/Imbolc-2-scaled.jpg?w=1960&amp;ssl=1 1960w\" sizes=\"(max-width: 300px) 100vw, 300px\" \/>\t\t\t\t\t\t\t\t\t\t\t\t\t\t\t<\/div>\n\t\t\t\t<\/div>\n\t\t\t\t<div class=\"elementor-element elementor-element-880fe4d elementor-widget elementor-widget-text-editor\" data-id=\"880fe4d\" data-element_type=\"widget\" data-e-type=\"widget\" data-widget_type=\"text-editor.default\">\n\t\t\t\t<div class=\"elementor-widget-container\">\n\t\t\t\t\t\t\t\t\t<p>Brigid, seg\u00fan la mitolog\u00eda celta, es la diosa del fuego, de la transmutaci\u00f3n y de la inspiraci\u00f3n. Es la Diosa central de la celebracion de Imbolc junto al Dios Belennos.<\/p><p>Su nombre se traduce habitualmente como \u201cla exaltada\u201d, aunque tambi\u00e9n se ha dicho que significa \u201cflecha llameante\u201d.<\/p><p>Pero Brigid no es solo una, sino que son tres, es conocida como la diosa de la triple apariencia, siendo as\u00ed tambi\u00e9n diosa del fuego (con tres usos: sanaci\u00f3n, forja y la chispa de la inspiraci\u00f3n), de la medicina (entendida como el uso de las plantas para curar) y de la poes\u00eda (la antigua poes\u00eda oral, cantada y acompa\u00f1ada de m\u00fasica).<\/p><p>En la ilustraci\u00f3n la vemos con su apariencia triple, tambi\u00e9n conocida como Las tres Damas benditas de Britannia: en una con la lira (poes\u00eda), en la otra con flores (medicina) y en la otra con dos llamas en sus manos (fuego). Como fuego de la forja, Brigid es una fiera guerrera e implacable en la batalla: es por ello que resulta una muy buena divinidad protectora. Como fuego sanador, es capaz de curar todas las heridas de nuestro cuerpo y tambi\u00e9n de nuestra alma, aunque como todo fuego, siempre quema.<\/p>\t\t\t\t\t\t\t\t<\/div>\n\t\t\t\t<\/div>\n\t\t\t\t\t<\/div>\n\t\t<\/div>\n\t\t\t\t\t<\/div>\n\t\t<\/section>\n\t\t\t\t<section class=\"elementor-section elementor-top-section elementor-element elementor-element-1fefb1b elementor-section-boxed elementor-section-height-default elementor-section-height-default\" data-id=\"1fefb1b\" data-element_type=\"section\" data-e-type=\"section\">\n\t\t\t\t\t\t<div class=\"elementor-container elementor-column-gap-default\">\n\t\t\t\t\t<div class=\"elementor-column elementor-col-100 elementor-top-column elementor-element elementor-element-da083ff\" data-id=\"da083ff\" data-element_type=\"column\" data-e-type=\"column\">\n\t\t\t<div class=\"elementor-widget-wrap elementor-element-populated\">\n\t\t\t\t\t\t<div class=\"elementor-element elementor-element-6f19f3c elementor-widget elementor-widget-image\" data-id=\"6f19f3c\" data-element_type=\"widget\" data-e-type=\"widget\" data-widget_type=\"image.default\">\n\t\t\t\t<div class=\"elementor-widget-container\">\n\t\t\t\t\t\t\t\t\t\t\t\t\t\t\t<img decoding=\"async\" width=\"300\" height=\"300\" src=\"https:\/\/i0.wp.com\/samhainlights.com.ar\/wp-content\/uploads\/2023\/09\/Imbolc-3-scaled.jpg?fit=300%2C300&amp;ssl=1\" class=\"attachment-medium size-medium wp-image-234\" alt=\"\" srcset=\"https:\/\/i0.wp.com\/samhainlights.com.ar\/wp-content\/uploads\/2023\/09\/Imbolc-3-scaled.jpg?w=2560&amp;ssl=1 2560w, https:\/\/i0.wp.com\/samhainlights.com.ar\/wp-content\/uploads\/2023\/09\/Imbolc-3-scaled.jpg?resize=300%2C300&amp;ssl=1 300w, https:\/\/i0.wp.com\/samhainlights.com.ar\/wp-content\/uploads\/2023\/09\/Imbolc-3-scaled.jpg?resize=1024%2C1024&amp;ssl=1 1024w, https:\/\/i0.wp.com\/samhainlights.com.ar\/wp-content\/uploads\/2023\/09\/Imbolc-3-scaled.jpg?resize=150%2C150&amp;ssl=1 150w, https:\/\/i0.wp.com\/samhainlights.com.ar\/wp-content\/uploads\/2023\/09\/Imbolc-3-scaled.jpg?resize=768%2C768&amp;ssl=1 768w, https:\/\/i0.wp.com\/samhainlights.com.ar\/wp-content\/uploads\/2023\/09\/Imbolc-3-scaled.jpg?resize=1536%2C1536&amp;ssl=1 1536w, https:\/\/i0.wp.com\/samhainlights.com.ar\/wp-content\/uploads\/2023\/09\/Imbolc-3-scaled.jpg?resize=2048%2C2048&amp;ssl=1 2048w, https:\/\/i0.wp.com\/samhainlights.com.ar\/wp-content\/uploads\/2023\/09\/Imbolc-3-scaled.jpg?resize=324%2C324&amp;ssl=1 324w, https:\/\/i0.wp.com\/samhainlights.com.ar\/wp-content\/uploads\/2023\/09\/Imbolc-3-scaled.jpg?resize=416%2C416&amp;ssl=1 416w, https:\/\/i0.wp.com\/samhainlights.com.ar\/wp-content\/uploads\/2023\/09\/Imbolc-3-scaled.jpg?resize=100%2C100&amp;ssl=1 100w, https:\/\/i0.wp.com\/samhainlights.com.ar\/wp-content\/uploads\/2023\/09\/Imbolc-3-scaled.jpg?w=1960&amp;ssl=1 1960w\" sizes=\"(max-width: 300px) 100vw, 300px\" \/>\t\t\t\t\t\t\t\t\t\t\t\t\t\t\t<\/div>\n\t\t\t\t<\/div>\n\t\t\t\t<div class=\"elementor-element elementor-element-6f8f5eb elementor-widget elementor-widget-text-editor\" data-id=\"6f8f5eb\" data-element_type=\"widget\" data-e-type=\"widget\" data-widget_type=\"text-editor.default\">\n\t\t\t\t<div class=\"elementor-widget-container\">\n\t\t\t\t\t\t\t\t\t<p>El qu\u00e9 hacemos para celebrar es una pregunta habitual, as\u00ed que les comparto algunos de los rituales de Imbolc que pueden realizar en sus hogares:<br \/><br \/>\ud83d\udd18 Limpieza y purificaci\u00f3n de la casa<br \/>\ud83d\udd18 Poner velas en todas las ventanas de la casa, empezando la tarde de la v\u00edspera, dej\u00e1ndolas encendidas hasta el amanecer<br \/>\ud83d\udd18 Saltar la fogata (O el caldero si es indoor)- \u00a1Ojo con quemarse!<br \/>\ud83d\udd18 Honrar a las semillas y la vida que bajo Tierra empiezan a germinar<br \/>\ud83d\udd18 Pedir inspiracion y gu\u00eda para los nuevos planes y proyectos<br \/>\ud83d\udd18 Rituales de fertilidad o encontrar pareja<br \/><br \/>Lo importante es que conecten con la season, eso es lo que m\u00e1s importa, que tratemos de transmutar y empezar a plantar las semillas de nuestros proyectos o de los cambios en nuestros proyectos.<\/p>\t\t\t\t\t\t\t\t<\/div>\n\t\t\t\t<\/div>\n\t\t\t\t\t<\/div>\n\t\t<\/div>\n\t\t\t\t\t<\/div>\n\t\t<\/section>\n\t\t\t\t<\/div>","protected":false},"excerpt":{"rendered":"<p>IMBOLC \u00bfEs imbolc una festividad moderna? Si y no.\u00a0 El nombre de la festividad fue popularizado por la Wicca pero las raices celtas se remontan hasta hace mas de 5.300 a\u00f1os. En Irlanda, en las afueras de Kells, condado de Meath, precisamente en un tumulo conocido como el Tumulo L se han encontrado grabados del [&hellip;]<\/p>\n","protected":false},"author":1,"featured_media":0,"parent":19,"menu_order":3,"comment_status":"closed","ping_status":"closed","template":"","meta":{"_eb_attr":"","om_disable_all_campaigns":false,"_monsterinsights_skip_tracking":false,"_monsterinsights_sitenote_active":false,"_monsterinsights_sitenote_note":"","_monsterinsights_sitenote_category":0,"footnotes":""},"class_list":["post-232","page","type-page","status-publish","hentry"],"aioseo_notices":[],"jetpack-related-posts":[{"id":334,"url":"https:\/\/samhainlights.com.ar\/en\/rituales\/basicos\/","url_meta":{"origin":232,"position":0},"title":"Basic","author":"samhainlights","date":"September 10, 2023","format":false,"excerpt":"Rituales B\u00e1sicos C\u00edrculo de protecci\u00f3n Ritual de Asentado","rel":"","context":"Similar post","block_context":{"text":"Similar post","link":""},"img":{"alt_text":"","src":"","width":0,"height":0},"classes":[]},{"id":327,"url":"https:\/\/samhainlights.com.ar\/en\/sabbats\/lughnasahd\/","url_meta":{"origin":232,"position":1},"title":"Lughnasahd","author":"samhainlights","date":"September 10, 2023","format":false,"excerpt":"Lughnasadh Arrancamos con la primera de las fiestas de la cosecha, con Lughnasadh. Aqu\u00ed en el hemisferio sur lo celebramos por calendario el 1 de febrero (1 de agosto en el HN), y quienes estamos mas orientados al calendario lunar, en la 2da luna llena posterior al solsticio de verano\u2026","rel":"","context":"Similar post","block_context":{"text":"Similar post","link":""},"img":{"alt_text":"","src":"https:\/\/i0.wp.com\/samhainlights.com.ar\/wp-content\/uploads\/2023\/09\/Lughnasadh-300x300.png?resize=350%2C200&ssl=1","width":350,"height":200},"classes":[]},{"id":339,"url":"https:\/\/samhainlights.com.ar\/en\/rituales\/basicos\/ritual-de-asentado\/","url_meta":{"origin":232,"position":2},"title":"Settling Ritual","author":"samhainlights","date":"September 10, 2023","format":false,"excerpt":"Ritual de asentado El ritual de asentado es una actividad post trabajos m\u00e1gicos en los cuales hemos levantado mucha energ\u00eda. Lo hacemos para liberar la energ\u00eda \"de sobra\" de manera segura y que la misma no afecte otras actividades diarias, y no nos afecte a nosotros mismos inclusive.El ejercicio es\u2026","rel":"","context":"Similar post","block_context":{"text":"Similar post","link":""},"img":{"alt_text":"","src":"https:\/\/i0.wp.com\/samhainlights.com.ar\/wp-content\/uploads\/2023\/09\/Asentado.png?resize=350%2C200&ssl=1","width":350,"height":200,"srcset":"https:\/\/i0.wp.com\/samhainlights.com.ar\/wp-content\/uploads\/2023\/09\/Asentado.png?resize=350%2C200&ssl=1 1x, https:\/\/i0.wp.com\/samhainlights.com.ar\/wp-content\/uploads\/2023\/09\/Asentado.png?resize=525%2C300&ssl=1 1.5x"},"classes":[]},{"id":371,"url":"https:\/\/samhainlights.com.ar\/en\/hechizos\/de-proteccion\/botella-de-bruja\/","url_meta":{"origin":232,"position":3},"title":"Witch bottle","author":"samhainlights","date":"September 10, 2023","format":false,"excerpt":"Una botella de bruja cumple la doble funci\u00f3n de recibir todo el da\u00f1o que sea enviado al brujo o bruja y al mismo tiempo act\u00faa como un artefacto que se encargar\u00e1 de devolver el mal autom\u00e1ticamente a la persona que nos lo envi\u00f3 Ingredientes * Una botella de vidrio\/cristal. La\u2026","rel":"","context":"Similar post","block_context":{"text":"Similar post","link":""},"img":{"alt_text":"","src":"https:\/\/i0.wp.com\/samhainlights.com.ar\/wp-content\/uploads\/2021\/03\/photo_2021-03-24_18-37-08-300x300.jpg?resize=350%2C200&ssl=1","width":350,"height":200},"classes":[]},{"id":297,"url":"https:\/\/samhainlights.com.ar\/en\/sabbats\/yule\/","url_meta":{"origin":232,"position":4},"title":"Yule","author":"samhainlights","date":"September 10, 2023","format":false,"excerpt":"Yule Cuando los primeros cristianos llegaron al norte de Europa, descubrieron que sus habitantes celebraban el nacimiento de Frey, dios del Sol y la fertilidad, adornando un \u00e1rbol perenne, en la fecha pr\u00f3xima a la Navidad cristiana. Este \u00e1rbol simbolizaba al \u00e1rbol del Universo, llamado Yggdrasil, en cuya copa se\u2026","rel":"","context":"Similar post","block_context":{"text":"Similar post","link":""},"img":{"alt_text":"","src":"https:\/\/i0.wp.com\/samhainlights.com.ar\/wp-content\/uploads\/2023\/09\/Yule-1-300x300.jpg?resize=350%2C200&ssl=1","width":350,"height":200},"classes":[]},{"id":310,"url":"https:\/\/samhainlights.com.ar\/en\/sabbats\/beltane\/","url_meta":{"origin":232,"position":5},"title":"Beltane","author":"samhainlights","date":"September 10, 2023","format":false,"excerpt":"Beltane Beltane se celebra en el Hemisferio sur el 1 de noviembre, y en el hemisferio norte es el 1 de mayo. Se la conoce con varios nombres: Beltaine en ga\u00e9lico irland\u00e9s, Bealltainn en ga\u00e9lico escoces, Biakdyn en la isla de Man, Calan Mai en Gales, Kala Mae en Breton\u2026","rel":"","context":"Similar post","block_context":{"text":"Similar post","link":""},"img":{"alt_text":"","src":"https:\/\/i0.wp.com\/samhainlights.com.ar\/wp-content\/uploads\/2023\/09\/Beltane-1-300x288.jpg?resize=350%2C200&ssl=1","width":350,"height":200},"classes":[]}],"jetpack_sharing_enabled":true,"_links":{"self":[{"href":"https:\/\/samhainlights.com.ar\/en\/wp-json\/wp\/v2\/pages\/232","targetHints":{"allow":["GET"]}}],"collection":[{"href":"https:\/\/samhainlights.com.ar\/en\/wp-json\/wp\/v2\/pages"}],"about":[{"href":"https:\/\/samhainlights.com.ar\/en\/wp-json\/wp\/v2\/types\/page"}],"author":[{"embeddable":true,"href":"https:\/\/samhainlights.com.ar\/en\/wp-json\/wp\/v2\/users\/1"}],"replies":[{"embeddable":true,"href":"https:\/\/samhainlights.com.ar\/en\/wp-json\/wp\/v2\/comments?post=232"}],"version-history":[{"count":15,"href":"https:\/\/samhainlights.com.ar\/en\/wp-json\/wp\/v2\/pages\/232\/revisions"}],"predecessor-version":[{"id":250,"href":"https:\/\/samhainlights.com.ar\/en\/wp-json\/wp\/v2\/pages\/232\/revisions\/250"}],"up":[{"embeddable":true,"href":"https:\/\/samhainlights.com.ar\/en\/wp-json\/wp\/v2\/pages\/19"}],"wp:attachment":[{"href":"https:\/\/samhainlights.com.ar\/en\/wp-json\/wp\/v2\/media?parent=232"}],"curies":[{"name":"wp","href":"https:\/\/api.w.org\/{rel}","templated":true}]}}