{"id":22,"date":"2021-03-13T18:14:33","date_gmt":"2021-03-13T18:14:33","guid":{"rendered":"https:\/\/samhainlights.com.ar\/?page_id=22"},"modified":"2023-09-27T00:23:24","modified_gmt":"2023-09-27T00:23:24","slug":"sobre-mi","status":"publish","type":"page","link":"https:\/\/samhainlights.com.ar\/en\/sobre-mi\/","title":{"rendered":"About me"},"content":{"rendered":"<div class=\"wp-block-image is-style-rounded\">\n<figure class=\"alignleft size-large is-resized\"><img data-recalc-dims=\"1\" decoding=\"async\" src=\"https:\/\/i0.wp.com\/samhainlights.com.ar\/wp-content\/uploads\/2021\/03\/photo_2021-03-07_07-16-41.jpg?resize=187%2C187&#038;ssl=1\" alt=\"\" class=\"wp-image-54\" style=\"width:187px;height:187px\" width=\"187\" height=\"187\" srcset=\"https:\/\/i0.wp.com\/samhainlights.com.ar\/wp-content\/uploads\/2021\/03\/photo_2021-03-07_07-16-41.jpg?resize=1024%2C1024&amp;ssl=1 1024w, https:\/\/i0.wp.com\/samhainlights.com.ar\/wp-content\/uploads\/2021\/03\/photo_2021-03-07_07-16-41.jpg?resize=324%2C324&amp;ssl=1 324w, https:\/\/i0.wp.com\/samhainlights.com.ar\/wp-content\/uploads\/2021\/03\/photo_2021-03-07_07-16-41.jpg?resize=100%2C100&amp;ssl=1 100w, https:\/\/i0.wp.com\/samhainlights.com.ar\/wp-content\/uploads\/2021\/03\/photo_2021-03-07_07-16-41.jpg?resize=416%2C416&amp;ssl=1 416w, https:\/\/i0.wp.com\/samhainlights.com.ar\/wp-content\/uploads\/2021\/03\/photo_2021-03-07_07-16-41.jpg?resize=300%2C300&amp;ssl=1 300w, https:\/\/i0.wp.com\/samhainlights.com.ar\/wp-content\/uploads\/2021\/03\/photo_2021-03-07_07-16-41.jpg?resize=150%2C150&amp;ssl=1 150w, https:\/\/i0.wp.com\/samhainlights.com.ar\/wp-content\/uploads\/2021\/03\/photo_2021-03-07_07-16-41.jpg?resize=768%2C768&amp;ssl=1 768w, https:\/\/i0.wp.com\/samhainlights.com.ar\/wp-content\/uploads\/2021\/03\/photo_2021-03-07_07-16-41.jpg?w=1280&amp;ssl=1 1280w\" sizes=\"(max-width: 187px) 100vw, 187px\" \/><\/figure><\/div>\n\n\n<p class=\"has-black-color has-text-color\">I was born in the city of Corrientes, Argentina, back in 1983 when the internet did not yet exist. I grew up in a Christian family but not a practicing Catholic. All my childhood I went to a Catholic school of nuns and when I was 17 years old I decided that my spiritual path was different, I began to become a witch.<\/p>\n\n\n\n<p class=\"has-black-color has-text-color\">For many years, I dedicated myself to small Wiccan celebrations and the occasional isolated spell, exploring the world of witchcraft in my own way. In 2003, I met a beautiful group of people at the Playon Pagano created Fire Valkirja, one of the few ordained priestesses in South America.<\/p>\n\n\n\n<p><\/p>\n\n\n\n<p class=\"has-black-color has-text-color\">At 24 years old, I had the honor of celebrating a witch's friend handfasting, and as a self-dedicated witch for 20 years now, I can say that it was one of the best rites of passage that I have had to officiate.<\/p>\n\n\n<div class=\"wp-block-image is-style-default\">\n<figure class=\"alignleft size-large is-resized\"><img data-recalc-dims=\"1\" fetchpriority=\"high\" decoding=\"async\" src=\"https:\/\/i0.wp.com\/samhainlights.com.ar\/wp-content\/uploads\/2021\/03\/Snapshot_11.png?resize=316%2C177&#038;ssl=1\" alt=\"\" class=\"wp-image-56\" style=\"width:316px;height:177px\" width=\"316\" height=\"177\" srcset=\"https:\/\/i0.wp.com\/samhainlights.com.ar\/wp-content\/uploads\/2021\/03\/Snapshot_11.png?resize=1024%2C576&amp;ssl=1 1024w, https:\/\/i0.wp.com\/samhainlights.com.ar\/wp-content\/uploads\/2021\/03\/Snapshot_11.png?resize=416%2C234&amp;ssl=1 416w, https:\/\/i0.wp.com\/samhainlights.com.ar\/wp-content\/uploads\/2021\/03\/Snapshot_11.png?resize=300%2C169&amp;ssl=1 300w, https:\/\/i0.wp.com\/samhainlights.com.ar\/wp-content\/uploads\/2021\/03\/Snapshot_11.png?resize=768%2C432&amp;ssl=1 768w, https:\/\/i0.wp.com\/samhainlights.com.ar\/wp-content\/uploads\/2021\/03\/Snapshot_11.png?w=1280&amp;ssl=1 1280w\" sizes=\"(max-width: 316px) 100vw, 316px\" \/><\/figure><\/div>\n\n\n<p class=\"has-black-color has-text-color\">Because being a witch and being a pagan, in my life, go hand in hand. And that is why a couple of years ago I had the idea to go out into the world, to contribute, to teach and learn, to practice more and to protect.<\/p>\n\n\n\n<p class=\"has-black-color has-text-color translation-block\">Today I am 40 years old, I am an affiliated member of the <a href=\"https:\/\/cog.org\/\" target=\"_blank\" rel=\"noreferrer noopener\">Covenant of the Goddess<\/a>, I have a Muggle day job, and I am active as a witch, tarot reader, pagantuber and reikist in my free time.<\/p>\n\n\n\n<p class=\"has-black-color has-text-color\">This is who I am, and this is what I share with you every day.<\/p>","protected":false},"excerpt":{"rendered":"<p>Nac\u00ed en la ciudad de Corrientes, Argentina, all\u00e1 por 1983 cuando todav\u00eda no exist\u00eda el internet. Crec\u00ed dentro de una familia cristiana pero no cat\u00f3lica practicante. Toda mi infancia fui a una escuela cat\u00f3lica de monjas y cuando tuve 17 a\u00f1os decid\u00ed que mi camino espiritual era otro, empec\u00e9 a convertirme en un brujo. Por [&hellip;]<\/p>\n","protected":false},"author":1,"featured_media":0,"parent":0,"menu_order":0,"comment_status":"closed","ping_status":"closed","template":"","meta":{"_eb_attr":"","om_disable_all_campaigns":false,"_monsterinsights_skip_tracking":false,"_monsterinsights_sitenote_active":false,"_monsterinsights_sitenote_note":"","_monsterinsights_sitenote_category":0,"footnotes":""},"class_list":["post-22","page","type-page","status-publish","hentry"],"aioseo_notices":[],"jetpack-related-posts":[{"id":290,"url":"https:\/\/samhainlights.com.ar\/en\/sabbats\/ostara\/","url_meta":{"origin":22,"position":0},"title":"Ostara","author":"samhainlights","date":"September 10, 2023","format":false,"excerpt":"Ostara Todo nace en el Hemisferio NorteNo es posible responder muchas cosas sobre Ostara si no seguimos una linea que nos haga comprender lo basico. Ostara es una celebracion del equinoccio de primavera, que los paganos europeos y nordicos celebraban cercano al 21 de marzo, siempre guiados por la posicion\u2026","rel":"","context":"Similar post","block_context":{"text":"Similar post","link":""},"img":{"alt_text":"","src":"https:\/\/i0.wp.com\/samhainlights.com.ar\/wp-content\/uploads\/2023\/09\/Ostara-1-300x300.jpg?resize=350%2C200&ssl=1","width":350,"height":200},"classes":[]},{"id":377,"url":"https:\/\/samhainlights.com.ar\/en\/rituales\/basicos\/circulo-de-proteccion\/","url_meta":{"origin":22,"position":1},"title":"Circle of protection","author":"samhainlights","date":"September 10, 2023","format":false,"excerpt":"El c\u00edrculo de protecci\u00f3n es parte del ABC de la brujeria que conserva algunas reminiscencias de las pr\u00e1cticas de Alta Magia. En la wicca, para muchas celebraciones o actividades m\u00e1gicas se traza el circulo para protegernos de entidades o energ\u00edas que puedan llegar a interferir en nuestro prop\u00f3sito. No es\u2026","rel":"","context":"Similar post","block_context":{"text":"Similar post","link":""},"img":{"alt_text":"","src":"","width":0,"height":0},"classes":[]},{"id":232,"url":"https:\/\/samhainlights.com.ar\/en\/sabbats\/imbolc\/","url_meta":{"origin":22,"position":2},"title":"Imbolc","author":"samhainlights","date":"September 10, 2023","format":false,"excerpt":"IMBOLC \u00bfEs imbolc una festividad moderna?Si y no.\u00a0El nombre de la festividad fue popularizado por la Wicca pero las raices celtas se remontan hasta hace mas de 5.300 a\u00f1os. En Irlanda, en las afueras de Kells, condado de Meath, precisamente en un tumulo conocido como el Tumulo L se han\u2026","rel":"","context":"Similar post","block_context":{"text":"Similar post","link":""},"img":{"alt_text":"","src":"https:\/\/i0.wp.com\/samhainlights.com.ar\/wp-content\/uploads\/2023\/09\/Imbolc-1-300x300.jpg?resize=350%2C200&ssl=1","width":350,"height":200},"classes":[]},{"id":597,"url":"https:\/\/samhainlights.com.ar\/en\/sobre-mi\/pseudociencias-y-espiritualidad\/","url_meta":{"origin":22,"position":3},"title":"Pseudosciences and Spirituality","author":"samhainlights","date":"February 25, 2024","format":false,"excerpt":"Lo que aprendemos no es Pseudociencia De vez en cuando, casi como si fuera una batalla interminable, alguien sale en redes sociales a manifestar un pensamiento radical e invalidante sobre cualquier \u201cpseudociencia\u201d, y a veces un poco m\u00e1s all\u00e1 de ellas, en un ataque puntual sobre una determinada persona.Casi siempre\u2026","rel":"","context":"Similar post","block_context":{"text":"Similar post","link":""},"img":{"alt_text":"","src":"https:\/\/i0.wp.com\/samhainlights.com.ar\/wp-content\/uploads\/2024\/02\/pexels-mikhail-nilov-6932085-scaled.jpg?resize=350%2C200&ssl=1","width":350,"height":200,"srcset":"https:\/\/i0.wp.com\/samhainlights.com.ar\/wp-content\/uploads\/2024\/02\/pexels-mikhail-nilov-6932085-scaled.jpg?resize=350%2C200&ssl=1 1x, https:\/\/i0.wp.com\/samhainlights.com.ar\/wp-content\/uploads\/2024\/02\/pexels-mikhail-nilov-6932085-scaled.jpg?resize=525%2C300&ssl=1 1.5x, https:\/\/i0.wp.com\/samhainlights.com.ar\/wp-content\/uploads\/2024\/02\/pexels-mikhail-nilov-6932085-scaled.jpg?resize=700%2C400&ssl=1 2x, https:\/\/i0.wp.com\/samhainlights.com.ar\/wp-content\/uploads\/2024\/02\/pexels-mikhail-nilov-6932085-scaled.jpg?resize=1050%2C600&ssl=1 3x, https:\/\/i0.wp.com\/samhainlights.com.ar\/wp-content\/uploads\/2024\/02\/pexels-mikhail-nilov-6932085-scaled.jpg?resize=1400%2C800&ssl=1 4x"},"classes":[]},{"id":537,"url":"https:\/\/samhainlights.com.ar\/en\/wicca\/herramientas-magicas\/herramientas-principales\/la-varita-magica\/","url_meta":{"origin":22,"position":4},"title":"The magic wand","author":"samhainlights","date":"September 17, 2023","format":false,"excerpt":"Un poco de contexto Pocas herramientas m\u00e1gicas tienen tanta discusi\u00f3n como las varitas o varas m\u00e1gicas. El uso de la varita, algo que casi todos coinciden, proviene de la Magia Ceremonial, la cual viene utiliz\u00e1ndola hace cientos de a\u00f1os, por ende, no es exclusivo de la brujeria en sus m\u00faltiples\u2026","rel":"","context":"Similar post","block_context":{"text":"Similar post","link":""},"img":{"alt_text":"varita-herramientas-magicas-ritual-rituales-bruja-brujeria-magia-ba\u00f1os-poder-hechizos-proteccion-purificacion-abrecaminos-prosperidad-wicca-belleza","src":"https:\/\/i0.wp.com\/samhainlights.com.ar\/wp-content\/uploads\/2023\/09\/pexels-rdne-stock-project-7978837-768x512.jpg?resize=350%2C200&ssl=1","width":350,"height":200,"srcset":"https:\/\/i0.wp.com\/samhainlights.com.ar\/wp-content\/uploads\/2023\/09\/pexels-rdne-stock-project-7978837-768x512.jpg?resize=350%2C200&ssl=1 1x, https:\/\/i0.wp.com\/samhainlights.com.ar\/wp-content\/uploads\/2023\/09\/pexels-rdne-stock-project-7978837-768x512.jpg?resize=525%2C300&ssl=1 1.5x, https:\/\/i0.wp.com\/samhainlights.com.ar\/wp-content\/uploads\/2023\/09\/pexels-rdne-stock-project-7978837-768x512.jpg?resize=700%2C400&ssl=1 2x"},"classes":[]},{"id":489,"url":"https:\/\/samhainlights.com.ar\/en\/terminos-y-condiciones\/","url_meta":{"origin":22,"position":5},"title":"Terms and Conditions","author":"samhainlights","date":"September 16, 2023","format":false,"excerpt":"Alcance Los presentes\u00a0T\u00e9rminos y Condiciones son aplicables a los activos digitales y a otros productos y servicios relacionados que se ofrecen y\/o se ofrecer\u00e1n en www.SamhainLighs.com.ar (en adelante \"el sitio\")El registro y uso del sitio\u00a0 por parte de un usuario (en adelante el\/los \u201cUsuario\/s\u201d) indica la aceptaci\u00f3n absoluta de los\u2026","rel":"","context":"Similar post","block_context":{"text":"Similar post","link":""},"img":{"alt_text":"","src":"","width":0,"height":0},"classes":[]}],"jetpack_sharing_enabled":true,"_links":{"self":[{"href":"https:\/\/samhainlights.com.ar\/en\/wp-json\/wp\/v2\/pages\/22","targetHints":{"allow":["GET"]}}],"collection":[{"href":"https:\/\/samhainlights.com.ar\/en\/wp-json\/wp\/v2\/pages"}],"about":[{"href":"https:\/\/samhainlights.com.ar\/en\/wp-json\/wp\/v2\/types\/page"}],"author":[{"embeddable":true,"href":"https:\/\/samhainlights.com.ar\/en\/wp-json\/wp\/v2\/users\/1"}],"replies":[{"embeddable":true,"href":"https:\/\/samhainlights.com.ar\/en\/wp-json\/wp\/v2\/comments?post=22"}],"version-history":[{"count":6,"href":"https:\/\/samhainlights.com.ar\/en\/wp-json\/wp\/v2\/pages\/22\/revisions"}],"predecessor-version":[{"id":574,"href":"https:\/\/samhainlights.com.ar\/en\/wp-json\/wp\/v2\/pages\/22\/revisions\/574"}],"wp:attachment":[{"href":"https:\/\/samhainlights.com.ar\/en\/wp-json\/wp\/v2\/media?parent=22"}],"curies":[{"name":"wp","href":"https:\/\/api.w.org\/{rel}","templated":true}]}}