{"id":21,"date":"2021-03-13T18:14:33","date_gmt":"2021-03-13T18:14:33","guid":{"rendered":"https:\/\/samhainlights.com.ar\/?page_id=21"},"modified":"2023-09-10T01:07:49","modified_gmt":"2023-09-10T01:07:49","slug":"videos","status":"publish","type":"page","link":"https:\/\/samhainlights.com.ar\/en\/videos\/","title":{"rendered":"Videos"},"content":{"rendered":"<p class=\"translation-block\">Here is a selection of podcasts on topics that are proposed to me. Remember that you can access the <a rel=\"noreferrer noopener\" href=\"https:\/\/www.youtube.com\/channel\/UCoBjNG0RDZX-_gsH77QXqIQ\" target=\"_blank\">Youtube channel<\/a> so you don't miss any<\/p>\n\n\n\n<figure class=\"wp-block-embed is-type-video is-provider-youtube wp-block-embed-youtube wp-embed-aspect-16-9 wp-has-aspect-ratio\"><div class=\"wp-block-embed__wrapper\">\n<iframe title=\"Podcast Pagano: Carga de Cristales y Piedras\" width=\"980\" height=\"551\" src=\"https:\/\/www.youtube.com\/embed\/ZJbdleqGX08?feature=oembed\" frameborder=\"0\" allow=\"accelerometer; autoplay; clipboard-write; encrypted-media; gyroscope; picture-in-picture\" allowfullscreen><\/iframe>\n<\/div><\/figure>\n\n\n\n<figure class=\"wp-block-embed is-type-video is-provider-youtube wp-block-embed-youtube wp-embed-aspect-16-9 wp-has-aspect-ratio\"><div class=\"wp-block-embed__wrapper\">\n<iframe title=\"Podcast Pagano: Tarot Predicitvo o Tarot Evolutivo\" width=\"980\" height=\"551\" src=\"https:\/\/www.youtube.com\/embed\/L8Qe5e31lXQ?feature=oembed\" frameborder=\"0\" allow=\"accelerometer; autoplay; clipboard-write; encrypted-media; gyroscope; picture-in-picture\" allowfullscreen><\/iframe>\n<\/div><\/figure>\n\n\n\n<p><\/p>","protected":false},"excerpt":{"rendered":"<p class=\"translation-block\">Here is a selection of podcasts on topics that are proposed to me. Remember that you can access the <a rel=\"noreferrer noopener\" href=\"https:\/\/www.youtube.com\/channel\/UCoBjNG0RDZX-_gsH77QXqIQ\" target=\"_blank\">Youtube channel<\/a> so you don't miss any<\/p>","protected":false},"author":1,"featured_media":0,"parent":0,"menu_order":0,"comment_status":"closed","ping_status":"closed","template":"","meta":{"_eb_attr":"","om_disable_all_campaigns":false,"_monsterinsights_skip_tracking":false,"_monsterinsights_sitenote_active":false,"_monsterinsights_sitenote_note":"","_monsterinsights_sitenote_category":0,"footnotes":""},"class_list":["post-21","page","type-page","status-publish","hentry"],"aioseo_notices":[],"jetpack-related-posts":[{"id":609,"url":"https:\/\/samhainlights.com.ar\/en\/wicca\/herramientas-magicas\/herramientas-principales\/el-pentaculo\/","url_meta":{"origin":21,"position":0},"title":"The Pentacle","author":"samhainlights","date":"March 9, 2024","format":false,"excerpt":"El Pent\u00e1culo https:\/\/samhainlights.com.ar\/wp-content\/uploads\/2024\/03\/El-Pentaculo.mp4Ante todo, debemos comprender que el pent\u00e1culo es, en s\u00ed mismo, un s\u00edmbolo compuesto, integrado por un pentagrama cuyas 4 puntas que representan a los cuatro elementos (aire, tierra, fuego, agua) y la quinta punta superior representa el \u00e9ter (esp\u00edritu) dentro de un c\u00edrculo que evoca la perfecci\u00f3n,\u2026","rel":"","context":"Similar post","block_context":{"text":"Similar post","link":""},"img":{"alt_text":"","src":"","width":0,"height":0},"classes":[]},{"id":3,"url":"https:\/\/samhainlights.com.ar\/en\/privacy-policy\/","url_meta":{"origin":21,"position":1},"title":"Privacy Policy &amp; Cookies Policy","author":"samhainlights","date":"March 10, 2021","format":false,"excerpt":"Quienes Somos Nuestra direccion web es: https:\/\/samhainlights.com.ar. Comentarios Cuando los visitantes dejan comentarios en nuestra web, si el apartado est\u00e1 habilitado, recolectamos los datos mostrados en el formulario, como tambien, como as\u00ed tambien la direccion de IP del visitante, el navegador para ayudar en la detecci\u00f3n del spam. Media Si\u2026","rel":"","context":"Similar post","block_context":{"text":"Similar post","link":""},"img":{"alt_text":"","src":"","width":0,"height":0},"classes":[]},{"id":619,"url":"https:\/\/samhainlights.com.ar\/en\/wicca\/herramientas-magicas\/herramientas-principales\/el-athame-2\/","url_meta":{"origin":21,"position":2},"title":"The Athame","author":"samhainlights","date":"March 10, 2024","format":false,"excerpt":"El Athame https:\/\/samhainlights.com.ar\/wp-content\/uploads\/2024\/03\/El-Athame.mp4Es la herramienta principal de toda bruja, no importa su tradici\u00f3n, con ella cortar\u00e1, crear\u00e1 y se proteger\u00e1. Esta herramienta es una daga ritual de doble filo generalmente utilizada para consagrar durante los rituales, y para el cierre y apertura del c\u00edrculo de protecci\u00f3n.Con ella podemos consagrar el\u2026","rel":"","context":"Similar post","block_context":{"text":"Similar post","link":""},"img":{"alt_text":"","src":"","width":0,"height":0},"classes":[]}],"jetpack_sharing_enabled":true,"_links":{"self":[{"href":"https:\/\/samhainlights.com.ar\/en\/wp-json\/wp\/v2\/pages\/21","targetHints":{"allow":["GET"]}}],"collection":[{"href":"https:\/\/samhainlights.com.ar\/en\/wp-json\/wp\/v2\/pages"}],"about":[{"href":"https:\/\/samhainlights.com.ar\/en\/wp-json\/wp\/v2\/types\/page"}],"author":[{"embeddable":true,"href":"https:\/\/samhainlights.com.ar\/en\/wp-json\/wp\/v2\/users\/1"}],"replies":[{"embeddable":true,"href":"https:\/\/samhainlights.com.ar\/en\/wp-json\/wp\/v2\/comments?post=21"}],"version-history":[{"count":5,"href":"https:\/\/samhainlights.com.ar\/en\/wp-json\/wp\/v2\/pages\/21\/revisions"}],"predecessor-version":[{"id":91,"href":"https:\/\/samhainlights.com.ar\/en\/wp-json\/wp\/v2\/pages\/21\/revisions\/91"}],"wp:attachment":[{"href":"https:\/\/samhainlights.com.ar\/en\/wp-json\/wp\/v2\/media?parent=21"}],"curies":[{"name":"wp","href":"https:\/\/api.w.org\/{rel}","templated":true}]}}