{"id":19,"date":"2021-03-13T18:14:33","date_gmt":"2021-03-13T18:14:33","guid":{"rendered":"https:\/\/samhainlights.com.ar\/?page_id=19"},"modified":"2024-02-17T21:05:23","modified_gmt":"2024-02-17T21:05:23","slug":"sabbats","status":"publish","type":"page","link":"https:\/\/samhainlights.com.ar\/en\/sabbats\/","title":{"rendered":"Sabbats"},"content":{"rendered":"<h2 class=\"wp-block-heading has-text-align-center has-black-color has-text-color has-link-color wp-elements-4a7096b19ce3b15b81a8e4797f49283d\"><strong><mark style=\"background-color:rgba(0, 0, 0, 0)\" class=\"has-inline-color has-black-color\">It's almost time for the next Sabbat<\/mark><\/strong><\/h2>\n\n\n\n<h2 class=\"wp-block-heading has-text-align-center has-black-color has-text-color has-link-color wp-elements-9eca5eee62f78b4b12c4abdd15fa7d1f\"><strong><mark style=\"background-color:rgba(0, 0, 0, 0)\" class=\"has-inline-color has-black-color\">Mabon<\/mark><\/strong><\/h2>\n\n\n\n<div class=\"wp-block-countdown-block-countdown\"><div class=\"eb-parent-wrapper eb-parent-eb-countdown-5fm8t2t eb_animation eb___animated eb___flash\"><div class=\"eb-countdown-5fm8t2t eb-cd-wrapper preset1\"><div class=\"eb-cd-inner\" blockid=\"eb-countdown-5fm8t2t\" data-deadline-time=\"1710903960000\" data-is-evergreen-time=\"false\" data-evergreen-time-hours=\"11\" data-evergreen-time-minutes=\"59\" data-evergreen-recurring=\"false\" data-evergreen-restart-time=\"0\" data-evergreen-deadline-time=\"1694941749927\"><div class=\"box cd-box-day\"><span class=\"eb-cd-digit\">00<\/span><span class=\"eb-cd-label\">Days<\/span><\/div><div class=\"box cd-box-hour\"><span class=\"eb-cd-digit\">00<\/span><span class=\"eb-cd-label\">Hours<\/span><\/div><div class=\"box cd-box-minute\"><span class=\"eb-cd-digit\">00<\/span><span class=\"eb-cd-label\">Minutes<\/span><\/div><div class=\"box cd-box-second\"><span class=\"eb-cd-digit\">00<\/span><span class=\"eb-cd-label\">Seconds<\/span><\/div><\/div><\/div><\/div><\/div>\n\n\n\n<p><\/p>","protected":false},"excerpt":{"rendered":"<p>\u00a1Falta poco para el pr\u00f3ximo Sabbat! Mabon<\/p>","protected":false},"author":1,"featured_media":0,"parent":0,"menu_order":0,"comment_status":"closed","ping_status":"closed","template":"","meta":{"_eb_attr":"","om_disable_all_campaigns":false,"_monsterinsights_skip_tracking":false,"_monsterinsights_sitenote_active":false,"_monsterinsights_sitenote_note":"","_monsterinsights_sitenote_category":0,"footnotes":""},"class_list":["post-19","page","type-page","status-publish","hentry"],"aioseo_notices":[],"jetpack-related-posts":[{"id":269,"url":"https:\/\/samhainlights.com.ar\/en\/sabbats\/mabon\/","url_meta":{"origin":19,"position":0},"title":"Mabon","author":"samhainlights","date":"September 10, 2023","format":false,"excerpt":"Mab\u00f3n El significado de la celebraci\u00f3n Ya hemos hablado de todo lo que la cosecha representa para los pueblos antiguos pero \u00bfC\u00f3mo eso se ve reflejado en un mundo industrializado y cosmopolita? Si viv\u00eds en una gran ciudad es entendible que la \u00fanica conexi\u00f3n con los ciclos estacionales sea a\u2026","rel":"","context":"Similar post","block_context":{"text":"Similar post","link":""},"img":{"alt_text":"","src":"https:\/\/i0.wp.com\/samhainlights.com.ar\/wp-content\/uploads\/2021\/03\/mabon-225x300.jpg?resize=350%2C200&ssl=1","width":350,"height":200},"classes":[]},{"id":297,"url":"https:\/\/samhainlights.com.ar\/en\/sabbats\/yule\/","url_meta":{"origin":19,"position":1},"title":"Yule","author":"samhainlights","date":"September 10, 2023","format":false,"excerpt":"Yule Cuando los primeros cristianos llegaron al norte de Europa, descubrieron que sus habitantes celebraban el nacimiento de Frey, dios del Sol y la fertilidad, adornando un \u00e1rbol perenne, en la fecha pr\u00f3xima a la Navidad cristiana. Este \u00e1rbol simbolizaba al \u00e1rbol del Universo, llamado Yggdrasil, en cuya copa se\u2026","rel":"","context":"Similar post","block_context":{"text":"Similar post","link":""},"img":{"alt_text":"","src":"https:\/\/i0.wp.com\/samhainlights.com.ar\/wp-content\/uploads\/2023\/09\/Yule-1-300x300.jpg?resize=350%2C200&ssl=1","width":350,"height":200},"classes":[]},{"id":327,"url":"https:\/\/samhainlights.com.ar\/en\/sabbats\/lughnasahd\/","url_meta":{"origin":19,"position":2},"title":"Lughnasahd","author":"samhainlights","date":"September 10, 2023","format":false,"excerpt":"Lughnasadh Arrancamos con la primera de las fiestas de la cosecha, con Lughnasadh. Aqu\u00ed en el hemisferio sur lo celebramos por calendario el 1 de febrero (1 de agosto en el HN), y quienes estamos mas orientados al calendario lunar, en la 2da luna llena posterior al solsticio de verano\u2026","rel":"","context":"Similar post","block_context":{"text":"Similar post","link":""},"img":{"alt_text":"","src":"https:\/\/i0.wp.com\/samhainlights.com.ar\/wp-content\/uploads\/2023\/09\/Lughnasadh-300x300.png?resize=350%2C200&ssl=1","width":350,"height":200},"classes":[]},{"id":232,"url":"https:\/\/samhainlights.com.ar\/en\/sabbats\/imbolc\/","url_meta":{"origin":19,"position":3},"title":"Imbolc","author":"samhainlights","date":"September 10, 2023","format":false,"excerpt":"IMBOLC \u00bfEs imbolc una festividad moderna?Si y no.\u00a0El nombre de la festividad fue popularizado por la Wicca pero las raices celtas se remontan hasta hace mas de 5.300 a\u00f1os. En Irlanda, en las afueras de Kells, condado de Meath, precisamente en un tumulo conocido como el Tumulo L se han\u2026","rel":"","context":"Similar post","block_context":{"text":"Similar post","link":""},"img":{"alt_text":"","src":"https:\/\/i0.wp.com\/samhainlights.com.ar\/wp-content\/uploads\/2023\/09\/Imbolc-1-300x300.jpg?resize=350%2C200&ssl=1","width":350,"height":200},"classes":[]},{"id":310,"url":"https:\/\/samhainlights.com.ar\/en\/sabbats\/beltane\/","url_meta":{"origin":19,"position":4},"title":"Beltane","author":"samhainlights","date":"September 10, 2023","format":false,"excerpt":"Beltane Beltane se celebra en el Hemisferio sur el 1 de noviembre, y en el hemisferio norte es el 1 de mayo. Se la conoce con varios nombres: Beltaine en ga\u00e9lico irland\u00e9s, Bealltainn en ga\u00e9lico escoces, Biakdyn en la isla de Man, Calan Mai en Gales, Kala Mae en Breton\u2026","rel":"","context":"Similar post","block_context":{"text":"Similar post","link":""},"img":{"alt_text":"","src":"https:\/\/i0.wp.com\/samhainlights.com.ar\/wp-content\/uploads\/2023\/09\/Beltane-1-300x288.jpg?resize=350%2C200&ssl=1","width":350,"height":200},"classes":[]},{"id":318,"url":"https:\/\/samhainlights.com.ar\/en\/sabbats\/litha\/","url_meta":{"origin":19,"position":5},"title":"Litha","author":"samhainlights","date":"September 10, 2023","format":false,"excerpt":"Litha Litha es una celebraci\u00f3n neopagana que reconstruye, con ra\u00edces celtas, la celebraci\u00f3n del solsticio de verano. En el Hemisferio Norte esta fecha se marca en el calendario gregoriano el 21 de junio, y en el Hemisferio Sur, el 21 de diciembre. Es preciso recordar siempre que estas fechas son\u2026","rel":"","context":"Similar post","block_context":{"text":"Similar post","link":""},"img":{"alt_text":"","src":"https:\/\/i0.wp.com\/samhainlights.com.ar\/wp-content\/uploads\/2023\/09\/Litha-300x300.jpg?resize=350%2C200&ssl=1","width":350,"height":200},"classes":[]}],"jetpack_sharing_enabled":true,"_links":{"self":[{"href":"https:\/\/samhainlights.com.ar\/en\/wp-json\/wp\/v2\/pages\/19","targetHints":{"allow":["GET"]}}],"collection":[{"href":"https:\/\/samhainlights.com.ar\/en\/wp-json\/wp\/v2\/pages"}],"about":[{"href":"https:\/\/samhainlights.com.ar\/en\/wp-json\/wp\/v2\/types\/page"}],"author":[{"embeddable":true,"href":"https:\/\/samhainlights.com.ar\/en\/wp-json\/wp\/v2\/users\/1"}],"replies":[{"embeddable":true,"href":"https:\/\/samhainlights.com.ar\/en\/wp-json\/wp\/v2\/comments?post=19"}],"version-history":[{"count":14,"href":"https:\/\/samhainlights.com.ar\/en\/wp-json\/wp\/v2\/pages\/19\/revisions"}],"predecessor-version":[{"id":595,"href":"https:\/\/samhainlights.com.ar\/en\/wp-json\/wp\/v2\/pages\/19\/revisions\/595"}],"wp:attachment":[{"href":"https:\/\/samhainlights.com.ar\/en\/wp-json\/wp\/v2\/media?parent=19"}],"curies":[{"name":"wp","href":"https:\/\/api.w.org\/{rel}","templated":true}]}}