{"id":17,"date":"2021-03-13T18:14:33","date_gmt":"2021-03-13T18:14:33","guid":{"rendered":"https:\/\/samhainlights.com.ar\/?page_id=17"},"modified":"2023-09-10T01:07:49","modified_gmt":"2023-09-10T01:07:49","slug":"rituales","status":"publish","type":"page","link":"https:\/\/samhainlights.com.ar\/en\/rituales\/","title":{"rendered":"Rituals"},"content":{"rendered":"","protected":false},"excerpt":{"rendered":"","protected":false},"author":1,"featured_media":0,"parent":0,"menu_order":0,"comment_status":"closed","ping_status":"closed","template":"","meta":{"_eb_attr":"","om_disable_all_campaigns":false,"_monsterinsights_skip_tracking":false,"_monsterinsights_sitenote_active":false,"_monsterinsights_sitenote_note":"","_monsterinsights_sitenote_category":0,"footnotes":""},"class_list":["post-17","page","type-page","status-publish","hentry"],"aioseo_notices":[],"jetpack-related-posts":[{"id":339,"url":"https:\/\/samhainlights.com.ar\/en\/rituales\/basicos\/ritual-de-asentado\/","url_meta":{"origin":17,"position":0},"title":"Settling Ritual","author":"samhainlights","date":"September 10, 2023","format":false,"excerpt":"Ritual de asentado El ritual de asentado es una actividad post trabajos m\u00e1gicos en los cuales hemos levantado mucha energ\u00eda. Lo hacemos para liberar la energ\u00eda \"de sobra\" de manera segura y que la misma no afecte otras actividades diarias, y no nos afecte a nosotros mismos inclusive.El ejercicio es\u2026","rel":"","context":"Similar post","block_context":{"text":"Similar post","link":""},"img":{"alt_text":"","src":"https:\/\/i0.wp.com\/samhainlights.com.ar\/wp-content\/uploads\/2023\/09\/Asentado.png?resize=350%2C200&ssl=1","width":350,"height":200,"srcset":"https:\/\/i0.wp.com\/samhainlights.com.ar\/wp-content\/uploads\/2023\/09\/Asentado.png?resize=350%2C200&ssl=1 1x, https:\/\/i0.wp.com\/samhainlights.com.ar\/wp-content\/uploads\/2023\/09\/Asentado.png?resize=525%2C300&ssl=1 1.5x"},"classes":[]},{"id":334,"url":"https:\/\/samhainlights.com.ar\/en\/rituales\/basicos\/","url_meta":{"origin":17,"position":1},"title":"Basic","author":"samhainlights","date":"September 10, 2023","format":false,"excerpt":"Rituales B\u00e1sicos C\u00edrculo de protecci\u00f3n Ritual de Asentado","rel":"","context":"Similar post","block_context":{"text":"Similar post","link":""},"img":{"alt_text":"","src":"","width":0,"height":0},"classes":[]},{"id":631,"url":"https:\/\/samhainlights.com.ar\/en\/wicca\/herramientas-magicas\/herramientas-secundarias\/","url_meta":{"origin":17,"position":2},"title":"Secondary Tools","author":"samhainlights","date":"March 10, 2024","format":false,"excerpt":"Como ya adelant\u00e9 cuando habl\u00e9 sobre las herramientas principales, las herramientas secundarias tienen tambien una importancia central en nuestras practicas m\u00e1gicas.Dentro de esta categorizaci\u00f3n vamos a encontrar las cuerdas, el inciensario, nuestro bowl de agua y de sal, las velas del altar, piedras, hierbas, el bolline (cuchillo de mango blanco),\u2026","rel":"","context":"Similar post","block_context":{"text":"Similar post","link":""},"img":{"alt_text":"","src":"","width":0,"height":0},"classes":[]},{"id":97,"url":"https:\/\/samhainlights.com.ar\/en\/hechizos\/para-el-amor\/","url_meta":{"origin":17,"position":3},"title":"Love Spells","author":"samhainlights","date":"March 15, 2021","format":false,"excerpt":"En esta secci\u00f3n vas a encontrar hechizos simples para el amor propio y el de tu pareja. Aclaro que NO VAS ENCONTRAR HECHIZOS DE ATADURAS. En otro apartado hablo bien sobre el tema. Entonces, lo que vas a encontrar son hechizos que no requieren de un ritual ni realizarlos durante\u2026","rel":"","context":"Similar post","block_context":{"text":"Similar post","link":""},"img":{"alt_text":"","src":"https:\/\/i0.wp.com\/samhainlights.com.ar\/wp-content\/uploads\/2021\/03\/photo_2021-03-07_08-53-59-1024x1010.jpg?resize=350%2C200&ssl=1","width":350,"height":200,"srcset":"https:\/\/i0.wp.com\/samhainlights.com.ar\/wp-content\/uploads\/2021\/03\/photo_2021-03-07_08-53-59-1024x1010.jpg?resize=350%2C200&ssl=1 1x, https:\/\/i0.wp.com\/samhainlights.com.ar\/wp-content\/uploads\/2021\/03\/photo_2021-03-07_08-53-59-1024x1010.jpg?resize=525%2C300&ssl=1 1.5x, https:\/\/i0.wp.com\/samhainlights.com.ar\/wp-content\/uploads\/2021\/03\/photo_2021-03-07_08-53-59-1024x1010.jpg?resize=700%2C400&ssl=1 2x"},"classes":[]},{"id":377,"url":"https:\/\/samhainlights.com.ar\/en\/rituales\/basicos\/circulo-de-proteccion\/","url_meta":{"origin":17,"position":4},"title":"Circle of protection","author":"samhainlights","date":"September 10, 2023","format":false,"excerpt":"El c\u00edrculo de protecci\u00f3n es parte del ABC de la brujeria que conserva algunas reminiscencias de las pr\u00e1cticas de Alta Magia. En la wicca, para muchas celebraciones o actividades m\u00e1gicas se traza el circulo para protegernos de entidades o energ\u00edas que puedan llegar a interferir en nuestro prop\u00f3sito. No es\u2026","rel":"","context":"Similar post","block_context":{"text":"Similar post","link":""},"img":{"alt_text":"","src":"","width":0,"height":0},"classes":[]},{"id":625,"url":"https:\/\/samhainlights.com.ar\/en\/wicca\/herramientas-magicas\/herramientas-principales\/","url_meta":{"origin":17,"position":5},"title":"Primary Tools","author":"samhainlights","date":"March 10, 2024","format":false,"excerpt":"En las tradiciones Wiccanas existen herramientas principales y herramientas secundarias. La categorizaci\u00f3n depender\u00e1 casi exclusivamente a la tradici\u00f3n a la que pertenezca cada rama.Entonces \u00bfCu\u00e1l es el criterio que utilizar\u00e9 yo para clasificarlas? Utilizar\u00e9 un criterio muy simple: Ser\u00e1n principales aquellas que son estrictamente necesarias desde el trazado del circulo\u2026","rel":"","context":"Similar post","block_context":{"text":"Similar post","link":""},"img":{"alt_text":"","src":"","width":0,"height":0},"classes":[]}],"jetpack_sharing_enabled":true,"_links":{"self":[{"href":"https:\/\/samhainlights.com.ar\/en\/wp-json\/wp\/v2\/pages\/17","targetHints":{"allow":["GET"]}}],"collection":[{"href":"https:\/\/samhainlights.com.ar\/en\/wp-json\/wp\/v2\/pages"}],"about":[{"href":"https:\/\/samhainlights.com.ar\/en\/wp-json\/wp\/v2\/types\/page"}],"author":[{"embeddable":true,"href":"https:\/\/samhainlights.com.ar\/en\/wp-json\/wp\/v2\/users\/1"}],"replies":[{"embeddable":true,"href":"https:\/\/samhainlights.com.ar\/en\/wp-json\/wp\/v2\/comments?post=17"}],"version-history":[{"count":1,"href":"https:\/\/samhainlights.com.ar\/en\/wp-json\/wp\/v2\/pages\/17\/revisions"}],"predecessor-version":[{"id":25,"href":"https:\/\/samhainlights.com.ar\/en\/wp-json\/wp\/v2\/pages\/17\/revisions\/25"}],"wp:attachment":[{"href":"https:\/\/samhainlights.com.ar\/en\/wp-json\/wp\/v2\/media?parent=17"}],"curies":[{"name":"wp","href":"https:\/\/api.w.org\/{rel}","templated":true}]}}