{"id":15,"date":"2021-03-13T18:14:32","date_gmt":"2021-03-13T18:14:32","guid":{"rendered":"https:\/\/samhainlights.com.ar\/?page_id=15"},"modified":"2023-09-10T01:07:49","modified_gmt":"2023-09-10T01:07:49","slug":"wicca","status":"publish","type":"page","link":"https:\/\/samhainlights.com.ar\/en\/wicca\/","title":{"rendered":"Wicca"},"content":{"rendered":"","protected":false},"excerpt":{"rendered":"","protected":false},"author":1,"featured_media":0,"parent":0,"menu_order":0,"comment_status":"closed","ping_status":"closed","template":"","meta":{"_eb_attr":"","om_disable_all_campaigns":false,"_monsterinsights_skip_tracking":false,"_monsterinsights_sitenote_active":false,"_monsterinsights_sitenote_note":"","_monsterinsights_sitenote_category":0,"footnotes":""},"class_list":["post-15","page","type-page","status-publish","hentry"],"aioseo_notices":[],"jetpack-related-posts":[{"id":61,"url":"https:\/\/samhainlights.com.ar\/en\/wicca\/herramientas-magicas\/","url_meta":{"origin":15,"position":0},"title":"Magic tools","author":"samhainlights","date":"March 13, 2021","format":false,"excerpt":"","rel":"","context":"Similar post","block_context":{"text":"Similar post","link":""},"img":{"alt_text":"","src":"","width":0,"height":0},"classes":[]},{"id":625,"url":"https:\/\/samhainlights.com.ar\/en\/wicca\/herramientas-magicas\/herramientas-principales\/","url_meta":{"origin":15,"position":1},"title":"Primary Tools","author":"samhainlights","date":"March 10, 2024","format":false,"excerpt":"En las tradiciones Wiccanas existen herramientas principales y herramientas secundarias. La categorizaci\u00f3n depender\u00e1 casi exclusivamente a la tradici\u00f3n a la que pertenezca cada rama.Entonces \u00bfCu\u00e1l es el criterio que utilizar\u00e9 yo para clasificarlas? Utilizar\u00e9 un criterio muy simple: Ser\u00e1n principales aquellas que son estrictamente necesarias desde el trazado del circulo\u2026","rel":"","context":"Similar post","block_context":{"text":"Similar post","link":""},"img":{"alt_text":"","src":"","width":0,"height":0},"classes":[]},{"id":631,"url":"https:\/\/samhainlights.com.ar\/en\/wicca\/herramientas-magicas\/herramientas-secundarias\/","url_meta":{"origin":15,"position":2},"title":"Secondary Tools","author":"samhainlights","date":"March 10, 2024","format":false,"excerpt":"Como ya adelant\u00e9 cuando habl\u00e9 sobre las herramientas principales, las herramientas secundarias tienen tambien una importancia central en nuestras practicas m\u00e1gicas.Dentro de esta categorizaci\u00f3n vamos a encontrar las cuerdas, el inciensario, nuestro bowl de agua y de sal, las velas del altar, piedras, hierbas, el bolline (cuchillo de mango blanco),\u2026","rel":"","context":"Similar post","block_context":{"text":"Similar post","link":""},"img":{"alt_text":"","src":"","width":0,"height":0},"classes":[]},{"id":59,"url":"https:\/\/samhainlights.com.ar\/en\/wicca\/herramientas-magicas\/herramientas-principales\/el-caldero\/","url_meta":{"origin":15,"position":3},"title":"The Cauldron","author":"samhainlights","date":"March 13, 2021","format":false,"excerpt":"El caldero es\u00a0un recipiente de fondo c\u00f3ncavo y preferentemente met\u00e1lico, que utilizan las brujas y brujos para la transmutaci\u00f3n de los materiales que arrojan dentro de \u00e9l. Su funci\u00f3n de contenci\u00f3n est\u00e1 asociado al vientre materno, especificamente, es una herramienta asociada a las deidades femeninas en su aspecto de madre.\u2026","rel":"","context":"Similar post","block_context":{"text":"Similar post","link":""},"img":{"alt_text":"","src":"https:\/\/i0.wp.com\/samhainlights.com.ar\/wp-content\/uploads\/2021\/03\/photo_2021-03-09_07-13-37.jpg?resize=350%2C200&ssl=1","width":350,"height":200,"srcset":"https:\/\/i0.wp.com\/samhainlights.com.ar\/wp-content\/uploads\/2021\/03\/photo_2021-03-09_07-13-37.jpg?resize=350%2C200&ssl=1 1x, https:\/\/i0.wp.com\/samhainlights.com.ar\/wp-content\/uploads\/2021\/03\/photo_2021-03-09_07-13-37.jpg?resize=525%2C300&ssl=1 1.5x, https:\/\/i0.wp.com\/samhainlights.com.ar\/wp-content\/uploads\/2021\/03\/photo_2021-03-09_07-13-37.jpg?resize=700%2C400&ssl=1 2x"},"classes":[]},{"id":44,"url":"https:\/\/samhainlights.com.ar\/en\/","url_meta":{"origin":15,"position":4},"title":"The Online Book of Shadows you were looking for","author":"samhainlights","date":"March 13, 2021","format":false,"excerpt":"Todo lo que necesitas saber para iniciarte en el camino de la brujer\u00eda o aprender sobre las creencias wiccanas. Ya sea que vengas por hechizos o para conocer sobre Wicca, este es tu lugar. Todo el contenido tiene una fuente y trataremos de respetarla y citarla toda vez que sea\u2026","rel":"","context":"Similar post","block_context":{"text":"Similar post","link":""},"img":{"alt_text":"","src":"","width":0,"height":0},"classes":[]},{"id":619,"url":"https:\/\/samhainlights.com.ar\/en\/wicca\/herramientas-magicas\/herramientas-principales\/el-athame-2\/","url_meta":{"origin":15,"position":5},"title":"The Athame","author":"samhainlights","date":"March 10, 2024","format":false,"excerpt":"El Athame https:\/\/samhainlights.com.ar\/wp-content\/uploads\/2024\/03\/El-Athame.mp4Es la herramienta principal de toda bruja, no importa su tradici\u00f3n, con ella cortar\u00e1, crear\u00e1 y se proteger\u00e1. Esta herramienta es una daga ritual de doble filo generalmente utilizada para consagrar durante los rituales, y para el cierre y apertura del c\u00edrculo de protecci\u00f3n.Con ella podemos consagrar el\u2026","rel":"","context":"Similar post","block_context":{"text":"Similar post","link":""},"img":{"alt_text":"","src":"","width":0,"height":0},"classes":[]}],"jetpack_sharing_enabled":true,"_links":{"self":[{"href":"https:\/\/samhainlights.com.ar\/en\/wp-json\/wp\/v2\/pages\/15","targetHints":{"allow":["GET"]}}],"collection":[{"href":"https:\/\/samhainlights.com.ar\/en\/wp-json\/wp\/v2\/pages"}],"about":[{"href":"https:\/\/samhainlights.com.ar\/en\/wp-json\/wp\/v2\/types\/page"}],"author":[{"embeddable":true,"href":"https:\/\/samhainlights.com.ar\/en\/wp-json\/wp\/v2\/users\/1"}],"replies":[{"embeddable":true,"href":"https:\/\/samhainlights.com.ar\/en\/wp-json\/wp\/v2\/comments?post=15"}],"version-history":[{"count":1,"href":"https:\/\/samhainlights.com.ar\/en\/wp-json\/wp\/v2\/pages\/15\/revisions"}],"predecessor-version":[{"id":24,"href":"https:\/\/samhainlights.com.ar\/en\/wp-json\/wp\/v2\/pages\/15\/revisions\/24"}],"wp:attachment":[{"href":"https:\/\/samhainlights.com.ar\/en\/wp-json\/wp\/v2\/media?parent=15"}],"curies":[{"name":"wp","href":"https:\/\/api.w.org\/{rel}","templated":true}]}}