{"id":115,"date":"2021-03-15T10:07:38","date_gmt":"2021-03-15T10:07:38","guid":{"rendered":"https:\/\/samhainlights.com.ar\/?page_id=115"},"modified":"2023-09-10T01:07:49","modified_gmt":"2023-09-10T01:07:49","slug":"de-proteccion","status":"publish","type":"page","link":"https:\/\/samhainlights.com.ar\/en\/hechizos\/de-proteccion\/","title":{"rendered":"Protection Spells"},"content":{"rendered":"<p>En esta secci\u00f3n vas a encontrar hechizos sencillos para protecci\u00f3n, muchos de ellos van a incluir pociones o mix de hierbas.<\/p>\n\n\n\n<div class=\"wp-block-image\"><figure class=\"alignleft size-large is-resized\"><a href=\"https:\/\/samhainlights.com.ar\/en\/2021\/03\/15\/hechizo-de-proteccion-en-latin\/\"><img data-recalc-dims=\"1\" fetchpriority=\"high\" decoding=\"async\" src=\"https:\/\/i0.wp.com\/samhainlights.com.ar\/wp-content\/uploads\/2021\/03\/photo_2021-03-07_08-37-38.jpg?resize=281%2C266&#038;ssl=1\" alt=\"\" class=\"wp-image-121\" width=\"281\" height=\"266\" srcset=\"https:\/\/i0.wp.com\/samhainlights.com.ar\/wp-content\/uploads\/2021\/03\/photo_2021-03-07_08-37-38.jpg?resize=1024%2C971&amp;ssl=1 1024w, https:\/\/i0.wp.com\/samhainlights.com.ar\/wp-content\/uploads\/2021\/03\/photo_2021-03-07_08-37-38.jpg?resize=300%2C285&amp;ssl=1 300w, https:\/\/i0.wp.com\/samhainlights.com.ar\/wp-content\/uploads\/2021\/03\/photo_2021-03-07_08-37-38.jpg?resize=768%2C728&amp;ssl=1 768w, https:\/\/i0.wp.com\/samhainlights.com.ar\/wp-content\/uploads\/2021\/03\/photo_2021-03-07_08-37-38.jpg?resize=416%2C395&amp;ssl=1 416w, https:\/\/i0.wp.com\/samhainlights.com.ar\/wp-content\/uploads\/2021\/03\/photo_2021-03-07_08-37-38.jpg?w=1280&amp;ssl=1 1280w\" sizes=\"(max-width: 281px) 100vw, 281px\" \/><\/a><\/figure><\/div>\n\n\n\n<p><\/p>\n\n\n\n<p><\/p>\n\n\n\n<p>Este hechizo empez\u00f3 a moverse m\u00e1s con la serie de Sabrina y con ello empez\u00f3 el copy paste por todos lados. Pero aca te cuento lo que ten\u00e9s que saber. <a href=\"https:\/\/samhainlights.com.ar\/en\/2021\/03\/15\/hechizo-de-proteccion-en-latin\/\">Leer m\u00e1s&#8230;<\/a><\/p>\n\n\n\n<p><\/p>\n\n\n\n<p><\/p>\n\n\n\n<p><\/p>\n\n\n\n<div class=\"wp-block-image\"><figure class=\"alignleft size-large is-resized\"><img data-recalc-dims=\"1\" decoding=\"async\" src=\"https:\/\/i0.wp.com\/samhainlights.com.ar\/wp-content\/uploads\/2021\/03\/Botella-de-Bruja.jpg?resize=281%2C277&#038;ssl=1\" alt=\"\" class=\"wp-image-141\" width=\"281\" height=\"277\"\/><\/figure><\/div>\n\n\n\n<p><\/p>\n\n\n\n<p><\/p>\n\n\n\n<p>M\u00e1s que un hechizo es un artefacto que nos va a permitir protegernos ante el mal que nos env\u00eden.  No es dificil de realizar y se hace en un solo dia. <a href=\"https:\/\/samhainlights.com.ar\/en\/2021\/03\/24\/botella-de-bruja-version-principiantes\/\">Leer m\u00e1s&#8230;<\/a><\/p>","protected":false},"excerpt":{"rendered":"<p>En esta secci\u00f3n vas a encontrar hechizos sencillos para protecci\u00f3n, muchos de ellos van a incluir pociones o mix de hierbas. Este hechizo empez\u00f3 a moverse m\u00e1s con la serie de Sabrina y con ello empez\u00f3 el copy paste por todos lados. Pero aca te cuento lo que ten\u00e9s que saber. Leer m\u00e1s&#8230; M\u00e1s que [&hellip;]<\/p>\n","protected":false},"author":1,"featured_media":0,"parent":18,"menu_order":2,"comment_status":"closed","ping_status":"closed","template":"","meta":{"_eb_attr":"","om_disable_all_campaigns":false,"_monsterinsights_skip_tracking":false,"_monsterinsights_sitenote_active":false,"_monsterinsights_sitenote_note":"","_monsterinsights_sitenote_category":0,"footnotes":""},"class_list":["post-115","page","type-page","status-publish","hentry"],"aioseo_notices":[],"jetpack-related-posts":[{"id":391,"url":"https:\/\/samhainlights.com.ar\/en\/hechizos\/de-proteccion\/hechizo-de-proteccion-en-latin\/","url_meta":{"origin":115,"position":0},"title":"Latin Protection Spell","author":"samhainlights","date":"September 10, 2023","format":false,"excerpt":"Este hechizo empez\u00f3 a moverse mas con la serie de Sabrina y con ello empez\u00f3 el copy paste por todos lados. Pero aca te cuento lo que ten\u00e9s que saber.\ud83d\udccd No es necesario hacerlo a la luz de la luna llena. Es un hechizo de protecci\u00f3n que se usa para\u2026","rel":"","context":"Similar post","block_context":{"text":"Similar post","link":""},"img":{"alt_text":"","src":"https:\/\/i0.wp.com\/samhainlights.com.ar\/wp-content\/uploads\/2021\/03\/photo_2021-03-07_08-37-41-1024x971.jpg?resize=350%2C200&ssl=1","width":350,"height":200,"srcset":"https:\/\/i0.wp.com\/samhainlights.com.ar\/wp-content\/uploads\/2021\/03\/photo_2021-03-07_08-37-41-1024x971.jpg?resize=350%2C200&ssl=1 1x, https:\/\/i0.wp.com\/samhainlights.com.ar\/wp-content\/uploads\/2021\/03\/photo_2021-03-07_08-37-41-1024x971.jpg?resize=525%2C300&ssl=1 1.5x, https:\/\/i0.wp.com\/samhainlights.com.ar\/wp-content\/uploads\/2021\/03\/photo_2021-03-07_08-37-41-1024x971.jpg?resize=700%2C400&ssl=1 2x"},"classes":[]},{"id":362,"url":"https:\/\/samhainlights.com.ar\/en\/hechizos\/de-curacion\/hechizo-de-curacion-en-latin\/","url_meta":{"origin":115,"position":1},"title":"Latin Healing Spell","author":"samhainlights","date":"September 10, 2023","format":false,"excerpt":"\u00bfQuer\u00e9s ayudar a su recuperaci\u00f3n? \u00a1Pod\u00e9s hacerlo! Como lo hab\u00eda adelantado en un post de Instagram, este hechizo est\u00e1 destinado a coadyuvar la curaci\u00f3n de los enfermos. En ning\u00fan momento, y bajo ninguna circunstancia, recomiendo, sugiero ni aconsejo cortar los tratamientos m\u00e9dicos avalados por los profesionales de la salud. Para\u2026","rel":"","context":"Similar post","block_context":{"text":"Similar post","link":""},"img":{"alt_text":"","src":"https:\/\/i0.wp.com\/samhainlights.com.ar\/wp-content\/uploads\/2021\/04\/Hechizo-de-curacion-simple.jpg?resize=350%2C200&ssl=1","width":350,"height":200},"classes":[]},{"id":18,"url":"https:\/\/samhainlights.com.ar\/en\/hechizos\/","url_meta":{"origin":115,"position":2},"title":"Spells","author":"samhainlights","date":"March 13, 2021","format":false,"excerpt":"","rel":"","context":"Similar post","block_context":{"text":"Similar post","link":""},"img":{"alt_text":"","src":"","width":0,"height":0},"classes":[]},{"id":97,"url":"https:\/\/samhainlights.com.ar\/en\/hechizos\/para-el-amor\/","url_meta":{"origin":115,"position":3},"title":"Love Spells","author":"samhainlights","date":"March 15, 2021","format":false,"excerpt":"En esta secci\u00f3n vas a encontrar hechizos simples para el amor propio y el de tu pareja. Aclaro que NO VAS ENCONTRAR HECHIZOS DE ATADURAS. En otro apartado hablo bien sobre el tema. Entonces, lo que vas a encontrar son hechizos que no requieren de un ritual ni realizarlos durante\u2026","rel":"","context":"Similar post","block_context":{"text":"Similar post","link":""},"img":{"alt_text":"","src":"https:\/\/i0.wp.com\/samhainlights.com.ar\/wp-content\/uploads\/2021\/03\/photo_2021-03-07_08-53-59-1024x1010.jpg?resize=350%2C200&ssl=1","width":350,"height":200,"srcset":"https:\/\/i0.wp.com\/samhainlights.com.ar\/wp-content\/uploads\/2021\/03\/photo_2021-03-07_08-53-59-1024x1010.jpg?resize=350%2C200&ssl=1 1x, https:\/\/i0.wp.com\/samhainlights.com.ar\/wp-content\/uploads\/2021\/03\/photo_2021-03-07_08-53-59-1024x1010.jpg?resize=525%2C300&ssl=1 1.5x, https:\/\/i0.wp.com\/samhainlights.com.ar\/wp-content\/uploads\/2021\/03\/photo_2021-03-07_08-53-59-1024x1010.jpg?resize=700%2C400&ssl=1 2x"},"classes":[]},{"id":367,"url":"https:\/\/samhainlights.com.ar\/en\/hechizos\/de-curacion\/","url_meta":{"origin":115,"position":4},"title":"Healing Spells","author":"samhainlights","date":"September 10, 2023","format":false,"excerpt":"","rel":"","context":"Similar post","block_context":{"text":"Similar post","link":""},"img":{"alt_text":"","src":"","width":0,"height":0},"classes":[]},{"id":557,"url":"https:\/\/samhainlights.com.ar\/en\/wicca\/hierbas-magicas\/","url_meta":{"origin":115,"position":5},"title":"Magic Herbs","author":"samhainlights","date":"September 23, 2023","format":false,"excerpt":"Listado de hierbas y usos esot\u00e9ricos HierbaG\u00e9neroPlanetaElementoUsos esot\u00e9ricosAbedulFemeninoVenusAguaProtecci\u00f3n, purificaci\u00f3n y exorcismo.AguacateFemeninoVenusAguaAmor, deseo y belleza.AjenjoMasculinoMarteFuegoProtecci\u00f3n, amor, invocaci\u00f3n de esp\u00edritus y poderes ps\u00edquicos.AjoMasculino\u00a0FuegoProtecci\u00f3n, exorcismo, deseo, curaci\u00f3n y antirrobo.AlbahacaMasculinoMarteFuegoProtecci\u00f3n, exorcismo, amor y riqueza.AlcanforFemeninoLunaAguaCuraci\u00f3n, castidad y adivinaci\u00f3n.AlfalfaFemeninoVenusTierraRiquezaAlgod\u00f3nFemeninoLunaTierraProtecci\u00f3n, curaci\u00f3n, suerte y lluvia.AlmedraMasculinoMercurioAireDinero y sabidur\u00eda.AloeFemeninoLunaAguaProtecci\u00f3n y suerte.AmapolaFemeninoLunaAguaDeseo, dinero, fertilidad, sue\u00f1os e invisibilidad.An\u00edsMasculinoJupiterAireProtecci\u00f3n, purificaci\u00f3n y belleza.ApioMasculinoMercurioFuegoDeseos y\u2026","rel":"","context":"Similar post","block_context":{"text":"Similar post","link":""},"img":{"alt_text":"","src":"","width":0,"height":0},"classes":[]}],"jetpack_sharing_enabled":true,"_links":{"self":[{"href":"https:\/\/samhainlights.com.ar\/en\/wp-json\/wp\/v2\/pages\/115","targetHints":{"allow":["GET"]}}],"collection":[{"href":"https:\/\/samhainlights.com.ar\/en\/wp-json\/wp\/v2\/pages"}],"about":[{"href":"https:\/\/samhainlights.com.ar\/en\/wp-json\/wp\/v2\/types\/page"}],"author":[{"embeddable":true,"href":"https:\/\/samhainlights.com.ar\/en\/wp-json\/wp\/v2\/users\/1"}],"replies":[{"embeddable":true,"href":"https:\/\/samhainlights.com.ar\/en\/wp-json\/wp\/v2\/comments?post=115"}],"version-history":[{"count":3,"href":"https:\/\/samhainlights.com.ar\/en\/wp-json\/wp\/v2\/pages\/115\/revisions"}],"predecessor-version":[{"id":151,"href":"https:\/\/samhainlights.com.ar\/en\/wp-json\/wp\/v2\/pages\/115\/revisions\/151"}],"up":[{"embeddable":true,"href":"https:\/\/samhainlights.com.ar\/en\/wp-json\/wp\/v2\/pages\/18"}],"wp:attachment":[{"href":"https:\/\/samhainlights.com.ar\/en\/wp-json\/wp\/v2\/media?parent=115"}],"curies":[{"name":"wp","href":"https:\/\/api.w.org\/{rel}","templated":true}]}}